{"id":2540981,"date":"2026-04-24T12:28:05","date_gmt":"2026-04-24T10:28:05","guid":{"rendered":"https:\/\/thingstodoinamsterdam.com\/atracoes-amesterdao\/melhores-experiencias-de-vr-em-amesterdao\/"},"modified":"2026-04-24T12:28:19","modified_gmt":"2026-04-24T10:28:19","slug":"melhores-experiencias-de-vr-em-amesterdao","status":"publish","type":"page","link":"https:\/\/thingstodoinamsterdam.com\/pt-pt\/atracoes-amesterdao\/melhores-experiencias-de-vr-em-amesterdao\/","title":{"rendered":"Melhores experi\u00eancias de VR em Amesterd\u00e3o"},"content":{"rendered":"<div class=\"wpb-content-wrapper\"><p>[vc_row][vc_column][vc_column_text css=&#8221;&#8221;]<\/p>\n<p class=\"p1\">Para l\u00e1 dos canais sinuosos, das pontes encantadoras e das ruas hist\u00f3ricas, Amesterd\u00e3o tamb\u00e9m tem algumas das experi\u00eancias de realidade virtual (VR) mais inovadoras. Pela cidade, h\u00e1 centros de jogos onde criatividade, tecnologia e aventura se encontram. Quer escolhas um grande complexo com v\u00e1rias salas ou um est\u00fadio mais pequeno, quer estejas a resolver mist\u00e9rios ou a sobreviver a apocalipses, podes contar com experi\u00eancias de VR imersivas e emocionantes em Amesterd\u00e3o.  <\/p>\n<p class=\"p1\">Os centros de VR atraem turistas e equipas empresariais, fam\u00edlias, amigos e gamers apaixonados. Tecnologia de ponta, arenas free-roam e aventuras guiadas por hist\u00f3rias tornam a cena de VR de Amesterd\u00e3o t\u00e3o entusiasmante, quer sejas principiante ou aficionado. \u00c9 uma experi\u00eancia fresca e divertida que te vai deixar em alta quando voltares ao mundo real. Se adoras a experi\u00eancia de escape room ou tens curiosidade em perceber porque \u00e9 t\u00e3o popular, v\u00ea a nossa sele\u00e7\u00e3o das<a href=\"https:\/\/thingstodoinamsterdam.com\/amsterdam-attractions\/escape-room-amsterdam\/\"> melhores escape rooms de Amesterd\u00e3o.<\/a>   <\/p>\n<p class=\"p1\">Em baixo, reunimos os melhores s\u00edtios de VR em Amesterd\u00e3o para te ajudar a planear a tua pr\u00f3xima aventura. Escolhemo-los com base na oferta de VR, instala\u00e7\u00f5es, localiza\u00e7\u00e3o, qualidade e acessibilidade. <\/p>\n<p>[\/vc_column_text][\/vc_column][\/vc_row][vc_row][vc_column][promo_block style_var=&#8221;style2&#8243; el_id=&#8221;1635510990126-ab872e2a-205d&#8221;][promo link=&#8221;url:https%3A%2F%2Fthingstodoinamsterdam.com%2Fpt-pt%2Fatracoes-amesterdao%2Fmelhores-experiencias-de-vr-em-amesterdao%2Fadam-vr-game-race-park%2F|title:A%27DAM%20VR%20Game%20%26%20Race%20Park|&#8221; address=&#8221;JTNDYnIlM0UlMjBBJUUyJTgwJTk5REFNJTIwVlIlMjBHYW1lJTIwJTI2JTIwUmFjZSUyMFBhcmslMjAlM0NiciUzRSUwQU92ZXJob2Vrc3BsZWluJTIwMTUlMjAlM0NiciUzRSUwQTEwMzElMjBLUyUyMEFtc3RlcmRhbSUyMCUzQ2JyJTNFJTBB&#8221; text=&#8221;Situado dentro da ic\u00f3nica A\u2019DAM Tower, o A\u2019DAM VR Game Park oferece uma grande variedade de experi\u00eancias, desde shooters cheios de adrenalina a montanhas-russas e desafios em altura. O espa\u00e7o tem equipamento de VR de \u00faltima gera\u00e7\u00e3o e um ambiente cheio de energia, perfeito para sa\u00eddas em grupo ou desafios a solo. A localiza\u00e7\u00e3o central e a atmosfera \u00fanica tornam-no uma paragem obrigat\u00f3ria para locais e turistas que querem viver uma grande experi\u00eancia de VR com uma equipa super simp\u00e1tica, sempre pronta a ajudar.  &#8221; img=&#8221;2026684&#8243;][promo link=&#8221;url:https%3A%2F%2Fthingstodoinamsterdam.com%2Fpt-pt%2Fpasseios-de-barco%2Fpasseio-de-barco-vr-voyage%2F|title:VR%20Voyage%20Canal%20Tour|&#8221; address=&#8221;JTNDYnIlM0UlMjBWUiUyMFZveWFnZSUyMCUzQ2JyJTNFJTBBTGVpZHNla2FkZSUyMDEwMCUyMCUzQ2JyJTNFJTBBMTAxN1BQJTIwQW1zdGVyZGFtJTIwJTNDYnIlM0UlM0NiciUzRSUwQTEwJTI1JTIwb2ZmJTIwd2l0aCUyMGRpc2NvdW50JTIwY29kZSUzQ2JyJTNFJTIwVlJWLVRCLTEwJTBBJTBBJTIw&#8221; text=&#8221;Novo! Volta 400 anos no tempo com este passeio de barco em Realidade Virtual, onde podes ver o que te rodeia (360\u00b0) tal como era durante a Idade de Ouro neerlandesa. Um passeio pelos canais \u00e9 absolutamente obrigat\u00f3rio em Amesterd\u00e3o! Este novo tour em VR \u00e9 mais emocionante do que um passeio de barco normal. Durante o tour, podes viajar no tempo simplesmente ao colocares os teus \u00f3culos de VR.    &#8221; img=&#8221;2027208&#8243;][promo link=&#8221;title:VR%20Gamehouse%20%28VRGH%29|&#8221; address=&#8221;JTNDYnIlM0UlMjBWUiUyMEdhbWVob3VzZSUyMCUyOFZSR0glMjklMjAlM0NiciUzRSUwQUd5cm9zY29vcHdlZyUyMDEwMiUyMCUzQ2JyJTNFJTBBMTA0MiUyMEFYJTIwQW1zdGVyZGFtJTIwJTNDYnIlM0UlMEE=&#8221; text=&#8221;O VR GameHouse Amsterdam oferece um ambiente mais intimista, mas igualmente imersivo, pensado para jogos em grupo e desafios ao estilo escape room. Este espa\u00e7o combina uma atmosfera acolhedora com uma configura\u00e7\u00e3o moderna, ideal para experi\u00eancias multijogador. \u00c9 um \u00f3timo s\u00edtio para eventos ou festas, e podes juntar a divers\u00e3o em VR a bons DJs, bebidas e dan\u00e7a.  &#8221; img=&#8221;2026970&#8243;][promo link=&#8221;title:VR%20Experience%20Amsterdam|&#8221; address=&#8221;JTNDYnIlM0UlMjBWUiUyMEV4cGVyaWVuY2UlMjBBbXN0ZXJkYW0lMjAlM0NiciUzRSUwQVRvbSUyMFNjaHJldXJzd2VnJTIwMTAtRCUyMCUzQ2JyJTNFJTBBMTA2NyUyME1DJTIwQW1zdGVyZGFtJTIwJTNDYnIlM0UlMEElMEElMEE=&#8221; text=&#8221;Com foco em cen\u00e1rios imersivos de escape room e aventura, o VR Experience Amsterdam cria experi\u00eancias multissensoriais ideais para amigos e eventos corporativos, j\u00e1 que as experi\u00eancias s\u00e3o personalizadas para incentivar o trabalho de equipa e a resolu\u00e7\u00e3o de problemas. Os jogos dispon\u00edveis s\u00e3o Cops vs Robbers, um shooter emocionante para 2 a 6 jogadores, e Cook\u2019d UP, em que o objetivo \u00e9 servir os clientes impacientes o mais depressa poss\u00edvel. &#8221; img=&#8221;2026949&#8243;][promo link=&#8221;title:Lightning%20VR|&#8221; address=&#8221;JTNDYnIlM0UlMjBMaWdodG5pbmclMjBWUiUyMCUzQ2JyJTNFJTBBQXN0ZXJ3ZWclMjAxOUUxJTIwJTNDYnIlM0UlMEExMDMxJTIwSEwlMjBBbXN0ZXJkYW0lMjAlM0NiciUzRSUwQQ==&#8221; text=&#8221;O Lightning VR Amsterdam \u00e9 muito bem avaliado pelas suas emocionantes aventuras free-roam, com jogos criados especialmente no seu est\u00fadio. T\u00eam uma vasta cole\u00e7\u00e3o de t\u00edtulos imersivos, por isso podes contar com uma experi\u00eancia de VR intensa e cinematogr\u00e1fica. O espa\u00e7o est\u00e1 dividido em duas partes: uma \u00e9 uma sala de jogo de 200 m2 e a outra tem bar, mesas de bilhar e jogos de arcada. \u00c9 bom saber que tamb\u00e9m h\u00e1 shooters adequados para crian\u00e7as.   &#8221; img=&#8221;2026914&#8243;][promo link=&#8221;title:The%20Park%20Playground|&#8221; address=&#8221;JTNDYnIlM0UlMjBUaGUlMjBQYXJrJTIwUGxheWdyb3VuZCUyMCUzQ2JyJTNFJTBBUmlnYWthZGUlMjAxMCUwQTEwMTMlMjBCQyUyMEFtc3RlcmRhbSUyMCUzQ2JyJTNFJTBBJTBBJTBBJTBB&#8221; text=&#8221;O The Park Playground \u00e9 especializado em miss\u00f5es guiadas por hist\u00f3rias e arenas free-roam amplas, que convidam os jogadores a mergulhar em mundos fant\u00e1sticos. Adequado para principiantes e jogadores experientes, o espa\u00e7o tem jogos emocionantes como escape room, batalha VR, miss\u00e3o de resgate e uma batalha contra alien\u00edgenas. Cada jogo \u00e9 t\u00e3o pr\u00f3ximo da vida real quanto se pode esperar, e podes relaxar no bar depois de jogar para descontrair \u2014 e voltar \u00e0 realidade.  &#8221; img=&#8221;2026924&#8243;][promo link=&#8221;title:Zero%20Latency|&#8221; address=&#8221;JTNDYnIlM0UlMjBaZXJvJTIwTGF0ZW5jeSUyMCUzQ2JyJTNFJTBBTWVldXdlbmxhYW4lMjAxMjIlMjAlM0NiciUzRSUwQTEwMjElMjBKTiUyMEFtc3RlcmRhbSUyMCUzQ2JyJTNFJTBB&#8221; text=&#8221;O Zero Latency VR tem escala, velocidade e imers\u00e3o total. \u00c9 um espa\u00e7o de VR free-roam de refer\u00eancia, com grandes arenas sem cabos onde as equipas podem mover-se, tra\u00e7ar estrat\u00e9gias e lutar juntas em aventuras virtuais. Conta com miss\u00f5es intensas e r\u00e1pidas \u2014 desde sobreviver a um surto de v\u00edrus at\u00e9 combater alien\u00edgenas. O Zero Latency \u00e9 perfeito para quem procura emo\u00e7\u00f5es fortes, para quem gosta de jogar em equipa e para quem quer uma experi\u00eancia cheia de adrenalina.   &#8221; img=&#8221;2026954&#8243;][promo link=&#8221;title:VR%20Amsterdam|&#8221; address=&#8221;JTNDYnIlM0UlMjBWUiUyMEFtc3RlcmRhbSUyMCUzQ2JyJTNFJTBBRHVpdmVuZHJlY2h0c2VrYWRlJTIwMzYlMjAlM0NiciUzRSUwQTEwOTYlMjBBSCUyMEFtc3RlcmRhbSUyMCUwQQ==&#8221; text=&#8221;O VR Amsterdam tem uma grande variedade de jogos para jogadores casuais e entusiastas mais experientes. O espa\u00e7o tem uma biblioteca de jogos em constante mudan\u00e7a e um ambiente aberto, pensado para desafiar os teus reflexos e o teu pensamento estrat\u00e9gico. Com um ambiente simp\u00e1tico e descontra\u00eddo, o VR Amsterdam \u00e9 uma \u00f3tima op\u00e7\u00e3o para quem quer mergulhar no mundo da realidade virtual.  &#8221; img=&#8221;2026976&#8243;][promo link=&#8221;url:https%3A%2F%2Fthingstodoinamsterdam.com%2Faloha-bowling-minigolf-laser-tag-amsterdam%2F|title:Aloha%20VR|&#8221; address=&#8221;JTNDYnIlM0UlMjBBbG9oYSUyMFZSJTIwJTNDYnIlM0UlMEFEZSUyMFJ1eXRlcmthZGUlMjAxNTElMjAlM0NiciUzRSUwQTEwMTElMjBBQyUyMEFtc3RlcmRhbSUyMCUzQ2JyJTNFJTBBJTBBJTBBJTBBJTBB&#8221; text=&#8221;Inserido no animado centro de entretenimento Aloha, o Aloha VR d\u00e1 um toque divertido e festivo aos jogos em VR. Aqui, a emo\u00e7\u00e3o da realidade virtual combina-se com outras atividades como bowling, laser tag e refei\u00e7\u00f5es informais, tornando-se um \u00f3timo programa para fam\u00edlias, amigos ou grupos corporativos. A atmosfera vibrante e a oferta diversificada fazem dele o local ideal para quem quer juntar jogos de alta tecnologia a um ambiente de festa.  &#8221; img=&#8221;2026904&#8243;][\/promo_block][\/vc_column][\/vc_row][vc_row][vc_column][g_map heading=&#8221;VR experiences on the city map&#8221; el_id=&#8221;1744705770633-f9f2755d-21d7&#8243;]<iframe src=\"https:\/\/www.google.com\/maps\/d\/embed?mid=1iAAfz0HN0BgWlnFePzhqt5lVcmhgl0A&amp;ehbc=2E312F\"><\/iframe>[\/g_map][\/vc_column][\/vc_row][vc_row][vc_column][vc_column_text css=&#8221;&#8221;]<\/p>\n<h3>Dicas para visitar centros de VR em Amesterd\u00e3o<\/h3>\n<h4>1. Mant\u00e9m-te na tua zona de conforto em VR<\/h4>\n<p>A VR pode ser intensa; se \u00e9s principiante, escolhe experi\u00eancias que se adequem a isso. Fala com a equipa do espa\u00e7o para perceberes o que \u00e9 mais indicado para ti \u2014 normalmente h\u00e1 op\u00e7\u00f5es para todos. Se tens tend\u00eancia para enjoos de movimento, pergunta quais os jogos mais est\u00e1ticos ou menos desorientadores.  <\/p>\n<h4>2. Chega cedo<\/h4>\n<p>Muitos espa\u00e7os aconselham a chegar 10 a 15 minutos mais cedo para fazer o check-in e receber as instru\u00e7\u00f5es.<\/p>\n<h4>3. Veste-te de forma confort\u00e1vel<\/h4>\n<p>Usa roupa e cal\u00e7ado confort\u00e1veis que permitam liberdade de movimentos, especialmente nas \u00e1reas free-roam.<\/p>\n<h4>4. Respeita o limite de tempo<\/h4>\n<p>Tem aten\u00e7\u00e3o ao teu hor\u00e1rio para que o grupo seguinte possa come\u00e7ar a horas. Celebra a tua vit\u00f3ria fora da zona de jogo![\/vc_column_text][\/vc_column][\/vc_row][vc_row][vc_column][promo_block style_var=&#8221;style2&#8243; el_id=&#8221;1566375886183-4d56e822-4a99&#8243;][promo link=&#8221;url:https%3A%2F%2Fthingstodoinamsterdam.com%2Fpt-pt%2Fpasseios-de-barco%2F|title:Canal%20tours|&#8221; text=&#8221;Faz-te ao largo e v\u00ea Amesterd\u00e3o a partir dos encantadores canais num delicioso passeio de barco!&#8221; img=&#8221;1524317&#8243;][promo link=&#8221;url:https%3A%2F%2Fthingstodoinamsterdam.com%2Famsterdam-attractions%2Fescape-room-amsterdam%2F|title:Escape%20Rooms|&#8221; text=&#8221;P\u00f5e as tuas capacidades de colabora\u00e7\u00e3o \u00e0 prova com os teus melhores amigos numa das Escape Rooms em Amesterd\u00e3o!&#8221; img=&#8221;11503&#8243;][promo link=&#8221;url:https%3A%2F%2Fthingstodoinamsterdam.com%2Famsterdam-attractions%2Fbeer-bike-amsterdam%2F|title:Beer%20Bike%20experience|&#8221; text=&#8221;Uma \u00f3tima atividade de grupo para amigos, despedidas de solteiro(a) ou encontros de fam\u00edlia!&#8221; img=&#8221;1525817&#8243;][\/promo_block][\/vc_column][\/vc_row]<\/p>\n<\/div>","protected":false},"excerpt":{"rendered":"<p>[vc_row][vc_column][vc_column_text css=&#8221;&#8221;] Para l\u00e1 dos canais sinuosos, das pontes encantadoras e das ruas hist\u00f3ricas, Amesterd\u00e3o tamb\u00e9m tem algumas das experi\u00eancias de realidade virtual (VR) mais\u2026<\/p>\n","protected":false},"author":33,"featured_media":2540390,"parent":2539675,"menu_order":0,"comment_status":"closed","ping_status":"closed","template":"","meta":{"footnotes":""},"class_list":["post-2540981","page","type-page","status-publish","has-post-thumbnail","hentry"],"yoast_head":"<!-- This site is optimized with the Yoast SEO plugin v27.5 - https:\/\/yoast.com\/product\/yoast-seo-wordpress\/ -->\n<title>Melhores experi\u00eancias de VR em Amesterd\u00e3o - ThingstodoinAmsterdam.com<\/title>\n<meta name=\"description\" content=\"Descobre os melhores espa\u00e7os de jogos VR em Amesterd\u00e3o! De aventuras free-roam a jogos VR, explora onde jogar, competir e escapar \u00e0 realidade.\" \/>\n<meta name=\"robots\" content=\"index, follow, max-snippet:-1, max-image-preview:large, max-video-preview:-1\" \/>\n<link rel=\"canonical\" href=\"https:\/\/thingstodoinamsterdam.com\/pt-pt\/atracoes-amesterdao\/melhores-experiencias-de-vr-em-amesterdao\/\" \/>\n<meta property=\"og:locale\" content=\"pt_PT\" \/>\n<meta property=\"og:type\" content=\"article\" \/>\n<meta property=\"og:title\" content=\"Melhores experi\u00eancias de VR em Amesterd\u00e3o - ThingstodoinAmsterdam.com\" \/>\n<meta property=\"og:description\" content=\"Descobre os melhores espa\u00e7os de jogos VR em Amesterd\u00e3o! De aventuras free-roam a jogos VR, explora onde jogar, competir e escapar \u00e0 realidade.\" \/>\n<meta property=\"og:url\" content=\"https:\/\/thingstodoinamsterdam.com\/pt-pt\/atracoes-amesterdao\/melhores-experiencias-de-vr-em-amesterdao\/\" \/>\n<meta property=\"og:site_name\" content=\"ThingstodoinAmsterdam.com\" \/>\n<meta property=\"article:publisher\" content=\"https:\/\/www.facebook.com\/thingstodoinamsterdamcom\" \/>\n<meta property=\"article:modified_time\" content=\"2026-04-24T10:28:19+00:00\" \/>\n<meta property=\"og:image\" content=\"https:\/\/thingstodoinamsterdam.com\/wp-content\/uploads\/2025\/04\/ADAM-VR-2-1.jpg\" \/>\n\t<meta property=\"og:image:width\" content=\"1200\" \/>\n\t<meta property=\"og:image:height\" content=\"900\" \/>\n\t<meta property=\"og:image:type\" content=\"image\/jpeg\" \/>\n<meta name=\"twitter:card\" content=\"summary_large_image\" \/>\n<meta name=\"twitter:label1\" content=\"Tempo estimado de leitura\" \/>\n\t<meta name=\"twitter:data1\" content=\"7 minutos\" \/>\n<script type=\"application\/ld+json\" class=\"yoast-schema-graph\">{\"@context\":\"https:\\\/\\\/schema.org\",\"@graph\":[{\"@type\":\"WebPage\",\"@id\":\"https:\\\/\\\/thingstodoinamsterdam.com\\\/pt-pt\\\/atracoes-amesterdao\\\/melhores-experiencias-de-vr-em-amesterdao\\\/\",\"url\":\"https:\\\/\\\/thingstodoinamsterdam.com\\\/pt-pt\\\/atracoes-amesterdao\\\/melhores-experiencias-de-vr-em-amesterdao\\\/\",\"name\":\"Melhores experi\u00eancias de VR em Amesterd\u00e3o - ThingstodoinAmsterdam.com\",\"isPartOf\":{\"@id\":\"https:\\\/\\\/thingstodoinamsterdam.com\\\/pt-pt\\\/#website\"},\"primaryImageOfPage\":{\"@id\":\"https:\\\/\\\/thingstodoinamsterdam.com\\\/pt-pt\\\/atracoes-amesterdao\\\/melhores-experiencias-de-vr-em-amesterdao\\\/#primaryimage\"},\"image\":{\"@id\":\"https:\\\/\\\/thingstodoinamsterdam.com\\\/pt-pt\\\/atracoes-amesterdao\\\/melhores-experiencias-de-vr-em-amesterdao\\\/#primaryimage\"},\"thumbnailUrl\":\"https:\\\/\\\/thingstodoinamsterdam.com\\\/wp-content\\\/uploads\\\/2025\\\/04\\\/ADAM-VR-2-1.jpg\",\"datePublished\":\"2026-04-24T10:28:05+00:00\",\"dateModified\":\"2026-04-24T10:28:19+00:00\",\"description\":\"Descobre os melhores espa\u00e7os de jogos VR em Amesterd\u00e3o! De aventuras free-roam a jogos VR, explora onde jogar, competir e escapar \u00e0 realidade.\",\"breadcrumb\":{\"@id\":\"https:\\\/\\\/thingstodoinamsterdam.com\\\/pt-pt\\\/atracoes-amesterdao\\\/melhores-experiencias-de-vr-em-amesterdao\\\/#breadcrumb\"},\"inLanguage\":\"pt-PT\",\"potentialAction\":[{\"@type\":\"ReadAction\",\"target\":[\"https:\\\/\\\/thingstodoinamsterdam.com\\\/pt-pt\\\/atracoes-amesterdao\\\/melhores-experiencias-de-vr-em-amesterdao\\\/\"]}]},{\"@type\":\"ImageObject\",\"inLanguage\":\"pt-PT\",\"@id\":\"https:\\\/\\\/thingstodoinamsterdam.com\\\/pt-pt\\\/atracoes-amesterdao\\\/melhores-experiencias-de-vr-em-amesterdao\\\/#primaryimage\",\"url\":\"https:\\\/\\\/thingstodoinamsterdam.com\\\/wp-content\\\/uploads\\\/2025\\\/04\\\/ADAM-VR-2-1.jpg\",\"contentUrl\":\"https:\\\/\\\/thingstodoinamsterdam.com\\\/wp-content\\\/uploads\\\/2025\\\/04\\\/ADAM-VR-2-1.jpg\",\"width\":1200,\"height\":900,\"caption\":\"A\u2019DAM VR gaming Amesterd\u00e3o\"},{\"@type\":\"BreadcrumbList\",\"@id\":\"https:\\\/\\\/thingstodoinamsterdam.com\\\/pt-pt\\\/atracoes-amesterdao\\\/melhores-experiencias-de-vr-em-amesterdao\\\/#breadcrumb\",\"itemListElement\":[{\"@type\":\"ListItem\",\"position\":1,\"name\":\"Fazer em Amesterd\u00e3o\",\"item\":\"https:\\\/\\\/thingstodoinamsterdam.com\\\/pt-pt\\\/\"},{\"@type\":\"ListItem\",\"position\":2,\"name\":\"Principais atra\u00e7\u00f5es tur\u00edsticas em Amesterd\u00e3o\",\"item\":\"https:\\\/\\\/thingstodoinamsterdam.com\\\/pt-pt\\\/atracoes-amesterdao\\\/\"},{\"@type\":\"ListItem\",\"position\":3,\"name\":\"Melhores experi\u00eancias de VR em Amesterd\u00e3o\"}]},{\"@type\":\"WebSite\",\"@id\":\"https:\\\/\\\/thingstodoinamsterdam.com\\\/pt-pt\\\/#website\",\"url\":\"https:\\\/\\\/thingstodoinamsterdam.com\\\/pt-pt\\\/\",\"name\":\"ThingstodoinAmsterdam.com\",\"description\":\"Amsterdam&#039;s highlights and hidden secrets\",\"publisher\":{\"@id\":\"https:\\\/\\\/thingstodoinamsterdam.com\\\/pt-pt\\\/#organization\"},\"potentialAction\":[{\"@type\":\"SearchAction\",\"target\":{\"@type\":\"EntryPoint\",\"urlTemplate\":\"https:\\\/\\\/thingstodoinamsterdam.com\\\/pt-pt\\\/?s={search_term_string}\"},\"query-input\":{\"@type\":\"PropertyValueSpecification\",\"valueRequired\":true,\"valueName\":\"search_term_string\"}}],\"inLanguage\":\"pt-PT\"},{\"@type\":\"Organization\",\"@id\":\"https:\\\/\\\/thingstodoinamsterdam.com\\\/pt-pt\\\/#organization\",\"name\":\"Fazer em Amesterd\u00e3o\",\"url\":\"https:\\\/\\\/thingstodoinamsterdam.com\\\/pt-pt\\\/\",\"logo\":{\"@type\":\"ImageObject\",\"inLanguage\":\"pt-PT\",\"@id\":\"https:\\\/\\\/thingstodoinamsterdam.com\\\/pt-pt\\\/#\\\/schema\\\/logo\\\/image\\\/\",\"url\":\"https:\\\/\\\/thingstodoinamsterdam.com\\\/wp-content\\\/uploads\\\/2025\\\/02\\\/ThingsToDoInAmsterdam-Favicon-logo.png\",\"contentUrl\":\"https:\\\/\\\/thingstodoinamsterdam.com\\\/wp-content\\\/uploads\\\/2025\\\/02\\\/ThingsToDoInAmsterdam-Favicon-logo.png\",\"width\":512,\"height\":512,\"caption\":\"Fazer em Amesterd\u00e3o\"},\"image\":{\"@id\":\"https:\\\/\\\/thingstodoinamsterdam.com\\\/pt-pt\\\/#\\\/schema\\\/logo\\\/image\\\/\"},\"sameAs\":[\"https:\\\/\\\/www.facebook.com\\\/thingstodoinamsterdamcom\"]}]}<\/script>\n<!-- \/ Yoast SEO plugin. -->","yoast_head_json":{"title":"Melhores experi\u00eancias de VR em Amesterd\u00e3o - ThingstodoinAmsterdam.com","description":"Descobre os melhores espa\u00e7os de jogos VR em Amesterd\u00e3o! De aventuras free-roam a jogos VR, explora onde jogar, competir e escapar \u00e0 realidade.","robots":{"index":"index","follow":"follow","max-snippet":"max-snippet:-1","max-image-preview":"max-image-preview:large","max-video-preview":"max-video-preview:-1"},"canonical":"https:\/\/thingstodoinamsterdam.com\/pt-pt\/atracoes-amesterdao\/melhores-experiencias-de-vr-em-amesterdao\/","og_locale":"pt_PT","og_type":"article","og_title":"Melhores experi\u00eancias de VR em Amesterd\u00e3o - ThingstodoinAmsterdam.com","og_description":"Descobre os melhores espa\u00e7os de jogos VR em Amesterd\u00e3o! De aventuras free-roam a jogos VR, explora onde jogar, competir e escapar \u00e0 realidade.","og_url":"https:\/\/thingstodoinamsterdam.com\/pt-pt\/atracoes-amesterdao\/melhores-experiencias-de-vr-em-amesterdao\/","og_site_name":"ThingstodoinAmsterdam.com","article_publisher":"https:\/\/www.facebook.com\/thingstodoinamsterdamcom","article_modified_time":"2026-04-24T10:28:19+00:00","og_image":[{"width":1200,"height":900,"url":"https:\/\/thingstodoinamsterdam.com\/wp-content\/uploads\/2025\/04\/ADAM-VR-2-1.jpg","type":"image\/jpeg"}],"twitter_card":"summary_large_image","twitter_misc":{"Tempo estimado de leitura":"7 minutos"},"schema":{"@context":"https:\/\/schema.org","@graph":[{"@type":"WebPage","@id":"https:\/\/thingstodoinamsterdam.com\/pt-pt\/atracoes-amesterdao\/melhores-experiencias-de-vr-em-amesterdao\/","url":"https:\/\/thingstodoinamsterdam.com\/pt-pt\/atracoes-amesterdao\/melhores-experiencias-de-vr-em-amesterdao\/","name":"Melhores experi\u00eancias de VR em Amesterd\u00e3o - ThingstodoinAmsterdam.com","isPartOf":{"@id":"https:\/\/thingstodoinamsterdam.com\/pt-pt\/#website"},"primaryImageOfPage":{"@id":"https:\/\/thingstodoinamsterdam.com\/pt-pt\/atracoes-amesterdao\/melhores-experiencias-de-vr-em-amesterdao\/#primaryimage"},"image":{"@id":"https:\/\/thingstodoinamsterdam.com\/pt-pt\/atracoes-amesterdao\/melhores-experiencias-de-vr-em-amesterdao\/#primaryimage"},"thumbnailUrl":"https:\/\/thingstodoinamsterdam.com\/wp-content\/uploads\/2025\/04\/ADAM-VR-2-1.jpg","datePublished":"2026-04-24T10:28:05+00:00","dateModified":"2026-04-24T10:28:19+00:00","description":"Descobre os melhores espa\u00e7os de jogos VR em Amesterd\u00e3o! De aventuras free-roam a jogos VR, explora onde jogar, competir e escapar \u00e0 realidade.","breadcrumb":{"@id":"https:\/\/thingstodoinamsterdam.com\/pt-pt\/atracoes-amesterdao\/melhores-experiencias-de-vr-em-amesterdao\/#breadcrumb"},"inLanguage":"pt-PT","potentialAction":[{"@type":"ReadAction","target":["https:\/\/thingstodoinamsterdam.com\/pt-pt\/atracoes-amesterdao\/melhores-experiencias-de-vr-em-amesterdao\/"]}]},{"@type":"ImageObject","inLanguage":"pt-PT","@id":"https:\/\/thingstodoinamsterdam.com\/pt-pt\/atracoes-amesterdao\/melhores-experiencias-de-vr-em-amesterdao\/#primaryimage","url":"https:\/\/thingstodoinamsterdam.com\/wp-content\/uploads\/2025\/04\/ADAM-VR-2-1.jpg","contentUrl":"https:\/\/thingstodoinamsterdam.com\/wp-content\/uploads\/2025\/04\/ADAM-VR-2-1.jpg","width":1200,"height":900,"caption":"A\u2019DAM VR gaming Amesterd\u00e3o"},{"@type":"BreadcrumbList","@id":"https:\/\/thingstodoinamsterdam.com\/pt-pt\/atracoes-amesterdao\/melhores-experiencias-de-vr-em-amesterdao\/#breadcrumb","itemListElement":[{"@type":"ListItem","position":1,"name":"Fazer em Amesterd\u00e3o","item":"https:\/\/thingstodoinamsterdam.com\/pt-pt\/"},{"@type":"ListItem","position":2,"name":"Principais atra\u00e7\u00f5es tur\u00edsticas em Amesterd\u00e3o","item":"https:\/\/thingstodoinamsterdam.com\/pt-pt\/atracoes-amesterdao\/"},{"@type":"ListItem","position":3,"name":"Melhores experi\u00eancias de VR em Amesterd\u00e3o"}]},{"@type":"WebSite","@id":"https:\/\/thingstodoinamsterdam.com\/pt-pt\/#website","url":"https:\/\/thingstodoinamsterdam.com\/pt-pt\/","name":"ThingstodoinAmsterdam.com","description":"Amsterdam&#039;s highlights and hidden secrets","publisher":{"@id":"https:\/\/thingstodoinamsterdam.com\/pt-pt\/#organization"},"potentialAction":[{"@type":"SearchAction","target":{"@type":"EntryPoint","urlTemplate":"https:\/\/thingstodoinamsterdam.com\/pt-pt\/?s={search_term_string}"},"query-input":{"@type":"PropertyValueSpecification","valueRequired":true,"valueName":"search_term_string"}}],"inLanguage":"pt-PT"},{"@type":"Organization","@id":"https:\/\/thingstodoinamsterdam.com\/pt-pt\/#organization","name":"Fazer em Amesterd\u00e3o","url":"https:\/\/thingstodoinamsterdam.com\/pt-pt\/","logo":{"@type":"ImageObject","inLanguage":"pt-PT","@id":"https:\/\/thingstodoinamsterdam.com\/pt-pt\/#\/schema\/logo\/image\/","url":"https:\/\/thingstodoinamsterdam.com\/wp-content\/uploads\/2025\/02\/ThingsToDoInAmsterdam-Favicon-logo.png","contentUrl":"https:\/\/thingstodoinamsterdam.com\/wp-content\/uploads\/2025\/02\/ThingsToDoInAmsterdam-Favicon-logo.png","width":512,"height":512,"caption":"Fazer em Amesterd\u00e3o"},"image":{"@id":"https:\/\/thingstodoinamsterdam.com\/pt-pt\/#\/schema\/logo\/image\/"},"sameAs":["https:\/\/www.facebook.com\/thingstodoinamsterdamcom"]}]}},"_links":{"self":[{"href":"https:\/\/thingstodoinamsterdam.com\/pt-pt\/wp-json\/wp\/v2\/pages\/2540981","targetHints":{"allow":["GET"]}}],"collection":[{"href":"https:\/\/thingstodoinamsterdam.com\/pt-pt\/wp-json\/wp\/v2\/pages"}],"about":[{"href":"https:\/\/thingstodoinamsterdam.com\/pt-pt\/wp-json\/wp\/v2\/types\/page"}],"author":[{"embeddable":true,"href":"https:\/\/thingstodoinamsterdam.com\/pt-pt\/wp-json\/wp\/v2\/users\/33"}],"replies":[{"embeddable":true,"href":"https:\/\/thingstodoinamsterdam.com\/pt-pt\/wp-json\/wp\/v2\/comments?post=2540981"}],"version-history":[{"count":4,"href":"https:\/\/thingstodoinamsterdam.com\/pt-pt\/wp-json\/wp\/v2\/pages\/2540981\/revisions"}],"predecessor-version":[{"id":2540988,"href":"https:\/\/thingstodoinamsterdam.com\/pt-pt\/wp-json\/wp\/v2\/pages\/2540981\/revisions\/2540988"}],"up":[{"embeddable":true,"href":"https:\/\/thingstodoinamsterdam.com\/pt-pt\/wp-json\/wp\/v2\/pages\/2539675"}],"wp:featuredmedia":[{"embeddable":true,"href":"https:\/\/thingstodoinamsterdam.com\/pt-pt\/wp-json\/wp\/v2\/media\/2540390"}],"wp:attachment":[{"href":"https:\/\/thingstodoinamsterdam.com\/pt-pt\/wp-json\/wp\/v2\/media?parent=2540981"}],"curies":[{"name":"wp","href":"https:\/\/api.w.org\/{rel}","templated":true}]}}