{"id":2541184,"date":"2026-04-24T12:33:23","date_gmt":"2026-04-24T10:33:23","guid":{"rendered":"https:\/\/thingstodoinamsterdam.com\/museus-em-amesterdao\/stedelijk-museum\/"},"modified":"2026-04-28T13:10:46","modified_gmt":"2026-04-28T11:10:46","slug":"stedelijk-museum","status":"publish","type":"page","link":"https:\/\/thingstodoinamsterdam.com\/pt-pt\/museus-em-amesterdao\/stedelijk-museum\/","title":{"rendered":"Stedelijk Museum"},"content":{"rendered":"<div class=\"wpb-content-wrapper\"><p>[vc_row 0=&#8221;&#8221;][vc_column 0=&#8221;&#8221;][vc_column_text 0=&#8221;&#8221;]Inova\u00e7\u00e3o, arte moderna e arte contempor\u00e2nea s\u00e3o palavras-chave perfeitas para moldar as tuas expectativas sobre o Stedelijk Museum, tamb\u00e9m conhecido simplesmente como Stedelijk. O novo edif\u00edcio (2012), ligado ao edif\u00edcio hist\u00f3rico (1895), \u00e9 um reflexo perfeito da cole\u00e7\u00e3o: moderno, aberto, fluido e luminoso. T\u00e3o grande quanto \u00e9 o contraste entre os dois edif\u00edcios por fora, as semelhan\u00e7as encontram-se por dentro. O arquiteto fez um grande esfor\u00e7o para criar uma liga\u00e7\u00e3o perfeita entre os edif\u00edcios no interior. Na verdade, muitos visitantes nem sequer se apercebem da transi\u00e7\u00e3o de um edif\u00edcio para o outro. A cole\u00e7\u00e3o do museu \u00e9 atualizada regularmente, mas conta encontrar arte moderna de artistas como Karel Appel. Para al\u00e9m de pinturas, h\u00e1 espa\u00e7o para arte em qualquer forma: fotografias, mobili\u00e1rio e muito mais.[\/vc_column_text][button title=&#8221;Compra bilhetes para o Stedelijk Museum com c\u00f3digo de desconto em Tours-tickets.com&#8221; link=&#8221;https:\/\/thingstodoinamsterdam.com\/ticketlink-stedelijk-tours-std&#8221; icon=&#8221;&#8221; button_align=&#8221;center&#8221; target=&#8221;true&#8221; nofollow=&#8221;true&#8221; el_id=&#8221;1565164047449-d8cd876f-a8a6&#8243;][vc_column_text]<\/p><div id=\"ez-toc-container\" class=\"ez-toc-v2_0_82_2 counter-hierarchy ez-toc-counter ez-toc-custom ez-toc-container-direction\">\n<div class=\"ez-toc-title-container\">\n<span class=\"ez-toc-title-toggle\"><a href=\"#\" class=\"ez-toc-pull-right ez-toc-btn ez-toc-btn-xs ez-toc-btn-default ez-toc-toggle\" aria-label=\"Toggle Table of Content\"><span class=\"ez-toc-js-icon-con\"><span class=\"\"><span class=\"eztoc-hide\" style=\"display:none;\">Toggle<\/span><span class=\"ez-toc-icon-toggle-span\"><svg style=\"fill: #999;color:#999\" xmlns=\"http:\/\/www.w3.org\/2000\/svg\" class=\"list-377408\" width=\"20px\" height=\"20px\" viewBox=\"0 0 24 24\" fill=\"none\"><path d=\"M6 6H4v2h2V6zm14 0H8v2h12V6zM4 11h2v2H4v-2zm16 0H8v2h12v-2zM4 16h2v2H4v-2zm16 0H8v2h12v-2z\" fill=\"currentColor\"><\/path><\/svg><svg style=\"fill: #999;color:#999\" class=\"arrow-unsorted-368013\" xmlns=\"http:\/\/www.w3.org\/2000\/svg\" width=\"10px\" height=\"10px\" viewBox=\"0 0 24 24\" version=\"1.2\" baseProfile=\"tiny\"><path d=\"M18.2 9.3l-6.2-6.3-6.2 6.3c-.2.2-.3.4-.3.7s.1.5.3.7c.2.2.4.3.7.3h11c.3 0 .5-.1.7-.3.2-.2.3-.5.3-.7s-.1-.5-.3-.7zM5.8 14.7l6.2 6.3 6.2-6.3c.2-.2.3-.5.3-.7s-.1-.5-.3-.7c-.2-.2-.4-.3-.7-.3h-11c-.3 0-.5.1-.7.3-.2.2-.3.5-.3.7s.1.5.3.7z\"\/><\/svg><\/span><\/span><\/span><\/a><\/span><\/div>\n<nav><ul class='ez-toc-list ez-toc-list-level-1 ' ><li class='ez-toc-page-1 ez-toc-heading-level-2'><a class=\"ez-toc-link ez-toc-heading-1\" href=\"https:\/\/thingstodoinamsterdam.com\/pt-pt\/museus-em-amesterdao\/stedelijk-museum\/#horario-de-abertura\" >Hor\u00e1rio de abertura<\/a><\/li><li class='ez-toc-page-1 ez-toc-heading-level-2'><a class=\"ez-toc-link ez-toc-heading-2\" href=\"https:\/\/thingstodoinamsterdam.com\/pt-pt\/museus-em-amesterdao\/stedelijk-museum\/#bilhetes-e-precos\" >Bilhetes e pre\u00e7os<\/a><\/li><li class='ez-toc-page-1 ez-toc-heading-level-2'><a class=\"ez-toc-link ez-toc-heading-3\" href=\"https:\/\/thingstodoinamsterdam.com\/pt-pt\/museus-em-amesterdao\/stedelijk-museum\/#morada-contactos-e-como-chegar-ao-stedelijk-museum\" >Morada, contactos e como chegar ao Stedelijk Museum<\/a><\/li><li class='ez-toc-page-1 ez-toc-heading-level-2'><a class=\"ez-toc-link ez-toc-heading-4\" href=\"https:\/\/thingstodoinamsterdam.com\/pt-pt\/museus-em-amesterdao\/stedelijk-museum\/#impressao-fotografica-do-stedelijk-museum-de-arte-contemporanea\" >Impress\u00e3o fotogr\u00e1fica do Stedelijk Museum de arte contempor\u00e2nea<\/a><\/li><\/ul><\/nav><\/div>\n\n<p style=\"text-align: center;\">&#8211; Encomenda os teus bilhetes com o nosso <a href=\"https:\/\/thingstodoinamsterdam.com\/pt-pt\/tours-tickets-amesterdao\/#1497693870862-ae5f2f02-960ac0cd-5a7f\">c\u00f3digo de desconto exclusivo da Tours-tickets.com<\/a><strong> <mark>\u201cTHINGS10AMSTERDAM\u201d<\/mark><\/strong> e obt\u00e9m mais 10% de desconto &#8211;<\/p>\n<p>[\/vc_column_text][vc_video link=&#8221;https:\/\/youtu.be\/Ca_Lv7nW0oE&#8221; css=&#8221;.vc_custom_1461877023964{margin-right: 25px !important;margin-left: 25px !important;}&#8221; title=&#8221;V\u00eddeo de introdu\u00e7\u00e3o do: Stedelijk Museum&#8221;][vc_column_text]<\/p>\n<h2><span class=\"ez-toc-section\" id=\"horario-de-abertura\"><\/span>  Hor\u00e1rio de abertura<span class=\"ez-toc-section-end\"><\/span><\/h2>\n<p>O Stedelijk Museum est\u00e1 aberto 7 dias por semana, 365 dias por ano, incluindo feriados nacionais como o Dia do Rei, o Dia de Natal e o Dia de Ano Novo.<\/p>\n<table style=\"width: 100%;\">\n<tbody>\n<tr>\n<td>Diariamente<\/td>\n<td> 10:00 &#8211; 18:00<\/td>\n<\/tr>\n<tr>\n<td>Sexta-feira<\/td>\n<td> 10:00 &#8211; 10:00<\/td>\n<\/tr>\n<tr>\n<td>Abertura antecipada para escolas<\/td>\n<td> 10:00 &#8211; 18:00<\/td>\n<\/tr>\n<\/tbody>\n<\/table>\n<p>[\/vc_column_text][vc_column_text]<\/p>\n<h2><span class=\"ez-toc-section\" id=\"bilhetes-e-precos\"><\/span>Bilhetes e pre\u00e7os<span class=\"ez-toc-section-end\"><\/span><\/h2>\n<p>Os bilhetes para o Stedelijk Museum est\u00e3o dispon\u00edveis na entrada. O Stedelijk tamb\u00e9m \u00e9 uma atividade popular para muitas escolas. Com algum azar, a fila pode ser muito longa. Para evitar este problema, podes considerar pr\u00e9-encomendar o(s) teu(s) e-ticket(s) com anteced\u00eancia atrav\u00e9s do bot\u00e3o azul acima. Outra op\u00e7\u00e3o \u00e9 pedir um bilhete na rece\u00e7\u00e3o do teu hotel. A maioria dos funcion\u00e1rios do hotel consegue contar-te uma hist\u00f3ria pessoal sobre a pr\u00f3pria visita ao museu.     <\/p>\n<p>&nbsp;<\/p>\n<p>&nbsp;<\/p>\n<table style=\"width: 100%;\">\n<tbody>\n<tr>\n<td>Adultos<\/td>\n<td>\u20ac 22,50<\/td>\n<\/tr>\n<tr>\n<td>Menores de 18 anos<\/td>\n<td>Gr\u00e1tis<\/td>\n<\/tr>\n<tr>\n<td>Estudantes<\/td>\n<td>\u20ac 10,-<\/td>\n<\/tr>\n<tr>\n<td><a href=\"https:\/\/thingstodoinamsterdam.com\/pt-pt\/informacoes-praticas\/i-amsterdam-city-card\/\">I amsterdam city card<\/a><\/td>\n<td>Gr\u00e1tis<\/td>\n<\/tr>\n<\/tbody>\n<\/table>\n<p>[\/vc_column_text][button title=&#8221;Compra bilhetes para o Stedelijk Museum com c\u00f3digo de desconto em Tours-tickets.com&#8221; link=&#8221;https:\/\/thingstodoinamsterdam.com\/ticketlink-stedelijk-tours-std&#8221; icon=&#8221;&#8221; button_align=&#8221;center&#8221; target=&#8221;true&#8221; nofollow=&#8221;true&#8221; el_id=&#8221;1565164172109-a6b75946-a475&#8243;][vc_column_text]<\/p>\n<p style=\"text-align: center;\">&#8211; Encomenda os teus bilhetes com o nosso <a href=\"https:\/\/thingstodoinamsterdam.com\/pt-pt\/tours-tickets-amesterdao\/#1497693870862-ae5f2f02-960ac0cd-5a7f\">c\u00f3digo de desconto exclusivo da Tours-tickets.com<\/a><strong> <mark>\u201cTHINGS10AMSTERDAM\u201d<\/mark><\/strong> e obt\u00e9m mais 10% de desconto &#8211;<\/p>\n<p>[\/vc_column_text][vc_column_text 0=&#8221;&#8221;]<\/p>\n<h2><span class=\"ez-toc-section\" id=\"morada-contactos-e-como-chegar-ao-stedelijk-museum\"><\/span>Morada, contactos e como chegar ao Stedelijk Museum<span class=\"ez-toc-section-end\"><\/span><\/h2>\n<p>O museu fica em Museumplein 10, junto ao Museumplein. Tamb\u00e9m podes procurar por Paulus Potterstraat 20, que te deixa a cerca de 50 metros a p\u00e9 do museu. O museu fica na esquina e, sem querer ofender, mas \u00e9 dif\u00edcil n\u00e3o reparar neste edif\u00edcio extraordin\u00e1rio.  <\/p>\n<p><strong>Morada<br \/>\n<\/strong>Stedelijk Museum<br \/>\nMuseumplein 10<br \/>\n1071 DJ Amsterdam<br \/>\n+31 (0)20 573 2991<br \/>\n<a href=\"https:\/\/www.stedelijk.nl\/en\">https:\/\/stedelijk.nl\/<\/a><br \/>\ninfo@stedelijk.nl[\/vc_column_text][g_map heading=&#8221;Stedelijk Museum Amsterdam&#8221; el_id=&#8221;1565164241273-839e9cce-3ea3&#8243;]<iframe style=\"border: 0;\" src=\"https:\/\/www.google.com\/maps\/embed?pb=!1m18!1m12!1m3!1d2436.6841084199305!2d4.877566715627814!3d52.35801435597383!2m3!1f0!2f0!3f0!3m2!1i1024!2i768!4f13.1!3m3!1m2!1s0x47c609e567e9302b%3A0xec3c9aad1ccadbea!2sStedelijk+Museum+Amsterdam!5e0!3m2!1sen!2snl!4v1461090864952\" width=\"600\" height=\"450\" frameborder=\"0\" allowfullscreen=\"allowfullscreen\"><\/iframe>[\/g_map][vc_column_text 0=&#8221;&#8221;]<\/p>\n<h2><span class=\"ez-toc-section\" id=\"impressao-fotografica-do-stedelijk-museum-de-arte-contemporanea\"><\/span>Impress\u00e3o fotogr\u00e1fica do Stedelijk Museum de arte contempor\u00e2nea<span class=\"ez-toc-section-end\"><\/span><\/h2>\n<p>[\/vc_column_text][vc_single_image image=&#8221;2541185&#8243; img_size=&#8221;full&#8221; add_caption=&#8221;yes&#8221; alignment=&#8221;center&#8221;][vc_single_image image=&#8221;2541186&#8243; img_size=&#8221;full&#8221; add_caption=&#8221;yes&#8221; alignment=&#8221;center&#8221;][vc_single_image image=&#8221;2541187&#8243; img_size=&#8221;full&#8221; add_caption=&#8221;yes&#8221; alignment=&#8221;center&#8221;][vc_single_image image=&#8221;2541188&#8243; img_size=&#8221;full&#8221; add_caption=&#8221;yes&#8221; alignment=&#8221;center&#8221;][vc_column_text 0=&#8221;&#8221;]<\/p>\n<h3>Transportes p\u00fablicos<\/h3>\n<p>O Stedelijk Museum fica numa zona central de Amesterd\u00e3o. Isto significa que podes chegar a partir de muitos locais diferentes, como uma paragem de autocarro ou de el\u00e9trico. De qualquer uma das paragens, demoras 1 a 2 minutos a p\u00e9 at\u00e9 \u00e0 entrada em Museumplein 10. Os seguintes el\u00e9tricos e autocarros levam-te ao museu:   <\/p>\n<p><strong>Da Esta\u00e7\u00e3o Central de Amesterd\u00e3o:<\/strong><\/p>\n<ul>\n<li>El\u00e9trico 2, em dire\u00e7\u00e3o a Nieuw Sloten, paragem Van Baerlestraat<\/li>\n<li>El\u00e9trico 5, em dire\u00e7\u00e3o a Amstelveen Binnenhof, paragem Van Baerlestraat<\/li>\n<li>Autocarro 170, em dire\u00e7\u00e3o a Uithoorn, Amstelplein, paragem Museumplein<\/li>\n<li>Autocarro 172, em dire\u00e7\u00e3o a Kudelstaart, paragem Museumplein<\/li>\n<\/ul>\n<p><strong>De Amsterdam Sloterdijk:<\/strong><br \/>\nEl\u00e9trico 12, em dire\u00e7\u00e3o a Amsterdam Amstel, paragem Museumplein<\/p>\n<p><strong>De Amsterdam Amstel:<\/strong><br \/>\nEl\u00e9trico 12, em dire\u00e7\u00e3o \u00e0 Esta\u00e7\u00e3o Sloterdijk, paragem Museumplein<\/p>\n<p><strong>De Amsterdam Zuid WTC:<\/strong><br \/>\nEl\u00e9trico 5, em dire\u00e7\u00e3o \u00e0 Esta\u00e7\u00e3o Central de Amesterd\u00e3o, paragem Van Baerlestraat<\/p>\n<p><strong>Do Aeroporto de Amesterd\u00e3o Schiphol:<br \/>\n<\/strong>Autocarro 197 em dire\u00e7\u00e3o a Marnixstraat, paragem Museumplein<\/p>\n<p>Com o widget abaixo podes encontrar conselhos precisos para os tempos de viagem em tempo real com base na tua localiza\u00e7\u00e3o atual. Esta aplica\u00e7\u00e3o vai ajudar-te quando n\u00e3o tiveres a certeza de qual autocarro ou el\u00e9trico podes apanhar a partir da tua localiza\u00e7\u00e3o.<br \/>\n<a href=\"http:\/\/9292.nl\/en\/?to=amsterdam_stedelijk-museum\"><img decoding=\"async\" class=\"alignnone size-medium wp-image-3080\" src=\"https:\/\/thingstodoinamsterdam.com\/wp-content\/uploads\/2019\/07\/Button-Plan-mijn-OV-reis-EN-300x54.png\" alt=\"\" width=\"300\" height=\"54\"><\/a>[\/vc_column_text][\/vc_column][\/vc_row][vc_row 0=&#8221;&#8221;][vc_column 0=&#8221;&#8221;][reviews heading=&#8221;Avalia\u00e7\u00f5es do Stedelijk Museum&#8221; description=&#8221;Estamos sempre interessados em conhecer as experi\u00eancias dos nossos visitantes. Diz-nos o que achaste do Stedelijk Museum e ajuda outros viajantes! &#8221; item_name=&#8221;Stedelijk Museum&#8221; item_image=&#8221;1575&#8243; item_tel=&#8221;+31 (0)20 573 2991&#8243; item_web=&#8221;http:\/\/www.stedelijk.nl\/en&#8221; item_address=&#8221;Museumplein 10&#8243; item_city=&#8221;Amsterdam&#8221; item_country=&#8221;NL&#8221; el_id=&#8221;1565164566962-6f06e30f-53b7&#8243;][\/reviews][vc_column_text 0=&#8221;&#8221;]<strong>V\u00ea um dos seguintes museus abaixo ou volta \u00e0 p\u00e1gina geral de <a href=\"https:\/\/thingstodoinamsterdam.com\/pt-pt\/museus-em-amesterdao\/\">museus de Amesterd\u00e3o<\/a>.<\/strong>[\/vc_column_text][\/vc_column][\/vc_row][vc_row][vc_column][promo_block style_var=&#8221;style2&#8243; el_id=&#8221;1565164676547-8fbfc449-cf6f&#8221;][promo link=&#8221;url:https%3A%2F%2Fthingstodoinamsterdam.com%2Fpt-pt%2Fmuseus-em-amesterdao%2Frijksmuseum%2F|title:Rijksmuseum|&#8221; text=&#8221;Descobre a Ronda da Noite de Rembrandt e muitos mais artistas neerlandeses famosos&#8221; img=&#8221;1089&#8243;][promo link=&#8221;url:https%3A%2F%2Fthingstodoinamsterdam.com%2Fpt-pt%2Fmuseus-em-amesterdao%2Fmuseu-van-gogh%2F|title:Van%20Gogh%20Museum|&#8221; text=&#8221;Descobre as obras ic\u00f3nicas de Van Gogh&#8221; img=&#8221;591&#8243;][promo link=&#8221;url:https%3A%2F%2Fthingstodoinamsterdam.com%2Fmuseum-amsterdam%2Fmadame-tussauds-wax-museum-amsterdam%2F|title:Madame%20Tussauds|&#8221; text=&#8221;Tira uma selfie com a Fam\u00edlia Real neerlandesa ou com in\u00fameras outras celebridades (inter)nacionais!&#8221; img=&#8221;6328&#8243;][\/promo_block][\/vc_column][\/vc_row][vc_row][vc_column][buttonsticky title=&#8221;Consegue bilhetes com desconto online em Tours-tickets.com&#8221; link=&#8221;https:\/\/thingstodoinamsterdam.com\/ticketlink-stedelijk-tours-std&#8221; target=&#8221;true&#8221; nofollow=&#8221;true&#8221; el_id=&#8221;1601640275954-742095e7-8d3d&#8221;][\/vc_column][\/vc_row]<\/p>\n<\/div>","protected":false},"excerpt":{"rendered":"<p>[vc_row 0=&#8221;&#8221;][vc_column 0=&#8221;&#8221;][vc_column_text 0=&#8221;&#8221;]Inova\u00e7\u00e3o, arte moderna e arte contempor\u00e2nea s\u00e3o palavras-chave perfeitas para moldar as tuas expectativas sobre o Stedelijk Museum, tamb\u00e9m conhecido simplesmente como\u2026<\/p>\n","protected":false},"author":1,"featured_media":2541186,"parent":2539461,"menu_order":0,"comment_status":"closed","ping_status":"closed","template":"","meta":{"footnotes":""},"class_list":["post-2541184","page","type-page","status-publish","has-post-thumbnail","hentry"],"yoast_head":"<!-- This site is optimized with the Yoast SEO plugin v27.5 - https:\/\/yoast.com\/product\/yoast-seo-wordpress\/ -->\n<title>Stedelijk Museum Amsterdam \u2013 compra os teus bilhetes online com desconto<\/title>\n<meta name=\"description\" content=\"Onde a arte moderna e contempor\u00e2nea ganha vida. Compra os teus bilhetes com desconto. Aqui tamb\u00e9m encontras toda a informa\u00e7\u00e3o pr\u00e1tica sobre o Stedelijk Museum.\" \/>\n<meta name=\"robots\" content=\"index, follow, max-snippet:-1, max-image-preview:large, max-video-preview:-1\" \/>\n<link rel=\"canonical\" href=\"https:\/\/thingstodoinamsterdam.com\/pt-pt\/museus-em-amesterdao\/stedelijk-museum\/\" \/>\n<meta property=\"og:locale\" content=\"pt_PT\" \/>\n<meta property=\"og:type\" content=\"article\" \/>\n<meta property=\"og:title\" content=\"Stedelijk Museum Amsterdam \u2013 compra os teus bilhetes online com desconto\" \/>\n<meta property=\"og:description\" content=\"Onde a arte moderna e contempor\u00e2nea ganha vida. Compra os teus bilhetes com desconto. Aqui tamb\u00e9m encontras toda a informa\u00e7\u00e3o pr\u00e1tica sobre o Stedelijk Museum.\" \/>\n<meta property=\"og:url\" content=\"https:\/\/thingstodoinamsterdam.com\/pt-pt\/museus-em-amesterdao\/stedelijk-museum\/\" \/>\n<meta property=\"og:site_name\" content=\"ThingstodoinAmsterdam.com\" \/>\n<meta property=\"article:publisher\" content=\"https:\/\/www.facebook.com\/thingstodoinamsterdamcom\" \/>\n<meta property=\"article:modified_time\" content=\"2026-04-28T11:10:46+00:00\" \/>\n<meta property=\"og:image\" content=\"https:\/\/thingstodoinamsterdam.com\/wp-content\/uploads\/2019\/08\/Stedelijk-museum-Amsterdam-2.jpg\" \/>\n\t<meta property=\"og:image:width\" content=\"900\" \/>\n\t<meta property=\"og:image:height\" content=\"506\" \/>\n\t<meta property=\"og:image:type\" content=\"image\/jpeg\" \/>\n<meta name=\"twitter:card\" content=\"summary_large_image\" \/>\n<meta name=\"twitter:label1\" content=\"Tempo estimado de leitura\" \/>\n\t<meta name=\"twitter:data1\" content=\"5 minutos\" \/>\n<script type=\"application\/ld+json\" class=\"yoast-schema-graph\">{\"@context\":\"https:\\\/\\\/schema.org\",\"@graph\":[{\"@type\":\"WebPage\",\"@id\":\"https:\\\/\\\/thingstodoinamsterdam.com\\\/pt-pt\\\/museus-em-amesterdao\\\/stedelijk-museum\\\/\",\"url\":\"https:\\\/\\\/thingstodoinamsterdam.com\\\/pt-pt\\\/museus-em-amesterdao\\\/stedelijk-museum\\\/\",\"name\":\"Stedelijk Museum Amsterdam \u2013 compra os teus bilhetes online com desconto\",\"isPartOf\":{\"@id\":\"https:\\\/\\\/thingstodoinamsterdam.com\\\/pt-pt\\\/#website\"},\"primaryImageOfPage\":{\"@id\":\"https:\\\/\\\/thingstodoinamsterdam.com\\\/pt-pt\\\/museus-em-amesterdao\\\/stedelijk-museum\\\/#primaryimage\"},\"image\":{\"@id\":\"https:\\\/\\\/thingstodoinamsterdam.com\\\/pt-pt\\\/museus-em-amesterdao\\\/stedelijk-museum\\\/#primaryimage\"},\"thumbnailUrl\":\"https:\\\/\\\/thingstodoinamsterdam.com\\\/wp-content\\\/uploads\\\/2019\\\/08\\\/Stedelijk-museum-Amsterdam-2.jpg\",\"datePublished\":\"2026-04-24T10:33:23+00:00\",\"dateModified\":\"2026-04-28T11:10:46+00:00\",\"description\":\"Onde a arte moderna e contempor\u00e2nea ganha vida. Compra os teus bilhetes com desconto. Aqui tamb\u00e9m encontras toda a informa\u00e7\u00e3o pr\u00e1tica sobre o Stedelijk Museum.\",\"breadcrumb\":{\"@id\":\"https:\\\/\\\/thingstodoinamsterdam.com\\\/pt-pt\\\/museus-em-amesterdao\\\/stedelijk-museum\\\/#breadcrumb\"},\"inLanguage\":\"pt-PT\",\"potentialAction\":[{\"@type\":\"ReadAction\",\"target\":[\"https:\\\/\\\/thingstodoinamsterdam.com\\\/pt-pt\\\/museus-em-amesterdao\\\/stedelijk-museum\\\/\"]}]},{\"@type\":\"ImageObject\",\"inLanguage\":\"pt-PT\",\"@id\":\"https:\\\/\\\/thingstodoinamsterdam.com\\\/pt-pt\\\/museus-em-amesterdao\\\/stedelijk-museum\\\/#primaryimage\",\"url\":\"https:\\\/\\\/thingstodoinamsterdam.com\\\/wp-content\\\/uploads\\\/2019\\\/08\\\/Stedelijk-museum-Amsterdam-2.jpg\",\"contentUrl\":\"https:\\\/\\\/thingstodoinamsterdam.com\\\/wp-content\\\/uploads\\\/2019\\\/08\\\/Stedelijk-museum-Amsterdam-2.jpg\",\"width\":900,\"height\":506},{\"@type\":\"BreadcrumbList\",\"@id\":\"https:\\\/\\\/thingstodoinamsterdam.com\\\/pt-pt\\\/museus-em-amesterdao\\\/stedelijk-museum\\\/#breadcrumb\",\"itemListElement\":[{\"@type\":\"ListItem\",\"position\":1,\"name\":\"Fazer em Amesterd\u00e3o\",\"item\":\"https:\\\/\\\/thingstodoinamsterdam.com\\\/pt-pt\\\/\"},{\"@type\":\"ListItem\",\"position\":2,\"name\":\"Museus em Amesterd\u00e3o\",\"item\":\"https:\\\/\\\/thingstodoinamsterdam.com\\\/pt-pt\\\/museus-em-amesterdao\\\/\"},{\"@type\":\"ListItem\",\"position\":3,\"name\":\"Stedelijk Museum\"}]},{\"@type\":\"WebSite\",\"@id\":\"https:\\\/\\\/thingstodoinamsterdam.com\\\/pt-pt\\\/#website\",\"url\":\"https:\\\/\\\/thingstodoinamsterdam.com\\\/pt-pt\\\/\",\"name\":\"ThingstodoinAmsterdam.com\",\"description\":\"Amsterdam&#039;s highlights and hidden secrets\",\"publisher\":{\"@id\":\"https:\\\/\\\/thingstodoinamsterdam.com\\\/pt-pt\\\/#organization\"},\"potentialAction\":[{\"@type\":\"SearchAction\",\"target\":{\"@type\":\"EntryPoint\",\"urlTemplate\":\"https:\\\/\\\/thingstodoinamsterdam.com\\\/pt-pt\\\/?s={search_term_string}\"},\"query-input\":{\"@type\":\"PropertyValueSpecification\",\"valueRequired\":true,\"valueName\":\"search_term_string\"}}],\"inLanguage\":\"pt-PT\"},{\"@type\":\"Organization\",\"@id\":\"https:\\\/\\\/thingstodoinamsterdam.com\\\/pt-pt\\\/#organization\",\"name\":\"Fazer em Amesterd\u00e3o\",\"url\":\"https:\\\/\\\/thingstodoinamsterdam.com\\\/pt-pt\\\/\",\"logo\":{\"@type\":\"ImageObject\",\"inLanguage\":\"pt-PT\",\"@id\":\"https:\\\/\\\/thingstodoinamsterdam.com\\\/pt-pt\\\/#\\\/schema\\\/logo\\\/image\\\/\",\"url\":\"https:\\\/\\\/thingstodoinamsterdam.com\\\/wp-content\\\/uploads\\\/2025\\\/02\\\/ThingsToDoInAmsterdam-Favicon-logo.png\",\"contentUrl\":\"https:\\\/\\\/thingstodoinamsterdam.com\\\/wp-content\\\/uploads\\\/2025\\\/02\\\/ThingsToDoInAmsterdam-Favicon-logo.png\",\"width\":512,\"height\":512,\"caption\":\"Fazer em Amesterd\u00e3o\"},\"image\":{\"@id\":\"https:\\\/\\\/thingstodoinamsterdam.com\\\/pt-pt\\\/#\\\/schema\\\/logo\\\/image\\\/\"},\"sameAs\":[\"https:\\\/\\\/www.facebook.com\\\/thingstodoinamsterdamcom\"]}]}<\/script>\n<!-- \/ Yoast SEO plugin. -->","yoast_head_json":{"title":"Stedelijk Museum Amsterdam \u2013 compra os teus bilhetes online com desconto","description":"Onde a arte moderna e contempor\u00e2nea ganha vida. Compra os teus bilhetes com desconto. Aqui tamb\u00e9m encontras toda a informa\u00e7\u00e3o pr\u00e1tica sobre o Stedelijk Museum.","robots":{"index":"index","follow":"follow","max-snippet":"max-snippet:-1","max-image-preview":"max-image-preview:large","max-video-preview":"max-video-preview:-1"},"canonical":"https:\/\/thingstodoinamsterdam.com\/pt-pt\/museus-em-amesterdao\/stedelijk-museum\/","og_locale":"pt_PT","og_type":"article","og_title":"Stedelijk Museum Amsterdam \u2013 compra os teus bilhetes online com desconto","og_description":"Onde a arte moderna e contempor\u00e2nea ganha vida. Compra os teus bilhetes com desconto. Aqui tamb\u00e9m encontras toda a informa\u00e7\u00e3o pr\u00e1tica sobre o Stedelijk Museum.","og_url":"https:\/\/thingstodoinamsterdam.com\/pt-pt\/museus-em-amesterdao\/stedelijk-museum\/","og_site_name":"ThingstodoinAmsterdam.com","article_publisher":"https:\/\/www.facebook.com\/thingstodoinamsterdamcom","article_modified_time":"2026-04-28T11:10:46+00:00","og_image":[{"width":900,"height":506,"url":"https:\/\/thingstodoinamsterdam.com\/wp-content\/uploads\/2019\/08\/Stedelijk-museum-Amsterdam-2.jpg","type":"image\/jpeg"}],"twitter_card":"summary_large_image","twitter_misc":{"Tempo estimado de leitura":"5 minutos"},"schema":{"@context":"https:\/\/schema.org","@graph":[{"@type":"WebPage","@id":"https:\/\/thingstodoinamsterdam.com\/pt-pt\/museus-em-amesterdao\/stedelijk-museum\/","url":"https:\/\/thingstodoinamsterdam.com\/pt-pt\/museus-em-amesterdao\/stedelijk-museum\/","name":"Stedelijk Museum Amsterdam \u2013 compra os teus bilhetes online com desconto","isPartOf":{"@id":"https:\/\/thingstodoinamsterdam.com\/pt-pt\/#website"},"primaryImageOfPage":{"@id":"https:\/\/thingstodoinamsterdam.com\/pt-pt\/museus-em-amesterdao\/stedelijk-museum\/#primaryimage"},"image":{"@id":"https:\/\/thingstodoinamsterdam.com\/pt-pt\/museus-em-amesterdao\/stedelijk-museum\/#primaryimage"},"thumbnailUrl":"https:\/\/thingstodoinamsterdam.com\/wp-content\/uploads\/2019\/08\/Stedelijk-museum-Amsterdam-2.jpg","datePublished":"2026-04-24T10:33:23+00:00","dateModified":"2026-04-28T11:10:46+00:00","description":"Onde a arte moderna e contempor\u00e2nea ganha vida. Compra os teus bilhetes com desconto. Aqui tamb\u00e9m encontras toda a informa\u00e7\u00e3o pr\u00e1tica sobre o Stedelijk Museum.","breadcrumb":{"@id":"https:\/\/thingstodoinamsterdam.com\/pt-pt\/museus-em-amesterdao\/stedelijk-museum\/#breadcrumb"},"inLanguage":"pt-PT","potentialAction":[{"@type":"ReadAction","target":["https:\/\/thingstodoinamsterdam.com\/pt-pt\/museus-em-amesterdao\/stedelijk-museum\/"]}]},{"@type":"ImageObject","inLanguage":"pt-PT","@id":"https:\/\/thingstodoinamsterdam.com\/pt-pt\/museus-em-amesterdao\/stedelijk-museum\/#primaryimage","url":"https:\/\/thingstodoinamsterdam.com\/wp-content\/uploads\/2019\/08\/Stedelijk-museum-Amsterdam-2.jpg","contentUrl":"https:\/\/thingstodoinamsterdam.com\/wp-content\/uploads\/2019\/08\/Stedelijk-museum-Amsterdam-2.jpg","width":900,"height":506},{"@type":"BreadcrumbList","@id":"https:\/\/thingstodoinamsterdam.com\/pt-pt\/museus-em-amesterdao\/stedelijk-museum\/#breadcrumb","itemListElement":[{"@type":"ListItem","position":1,"name":"Fazer em Amesterd\u00e3o","item":"https:\/\/thingstodoinamsterdam.com\/pt-pt\/"},{"@type":"ListItem","position":2,"name":"Museus em Amesterd\u00e3o","item":"https:\/\/thingstodoinamsterdam.com\/pt-pt\/museus-em-amesterdao\/"},{"@type":"ListItem","position":3,"name":"Stedelijk Museum"}]},{"@type":"WebSite","@id":"https:\/\/thingstodoinamsterdam.com\/pt-pt\/#website","url":"https:\/\/thingstodoinamsterdam.com\/pt-pt\/","name":"ThingstodoinAmsterdam.com","description":"Amsterdam&#039;s highlights and hidden secrets","publisher":{"@id":"https:\/\/thingstodoinamsterdam.com\/pt-pt\/#organization"},"potentialAction":[{"@type":"SearchAction","target":{"@type":"EntryPoint","urlTemplate":"https:\/\/thingstodoinamsterdam.com\/pt-pt\/?s={search_term_string}"},"query-input":{"@type":"PropertyValueSpecification","valueRequired":true,"valueName":"search_term_string"}}],"inLanguage":"pt-PT"},{"@type":"Organization","@id":"https:\/\/thingstodoinamsterdam.com\/pt-pt\/#organization","name":"Fazer em Amesterd\u00e3o","url":"https:\/\/thingstodoinamsterdam.com\/pt-pt\/","logo":{"@type":"ImageObject","inLanguage":"pt-PT","@id":"https:\/\/thingstodoinamsterdam.com\/pt-pt\/#\/schema\/logo\/image\/","url":"https:\/\/thingstodoinamsterdam.com\/wp-content\/uploads\/2025\/02\/ThingsToDoInAmsterdam-Favicon-logo.png","contentUrl":"https:\/\/thingstodoinamsterdam.com\/wp-content\/uploads\/2025\/02\/ThingsToDoInAmsterdam-Favicon-logo.png","width":512,"height":512,"caption":"Fazer em Amesterd\u00e3o"},"image":{"@id":"https:\/\/thingstodoinamsterdam.com\/pt-pt\/#\/schema\/logo\/image\/"},"sameAs":["https:\/\/www.facebook.com\/thingstodoinamsterdamcom"]}]}},"_links":{"self":[{"href":"https:\/\/thingstodoinamsterdam.com\/pt-pt\/wp-json\/wp\/v2\/pages\/2541184","targetHints":{"allow":["GET"]}}],"collection":[{"href":"https:\/\/thingstodoinamsterdam.com\/pt-pt\/wp-json\/wp\/v2\/pages"}],"about":[{"href":"https:\/\/thingstodoinamsterdam.com\/pt-pt\/wp-json\/wp\/v2\/types\/page"}],"author":[{"embeddable":true,"href":"https:\/\/thingstodoinamsterdam.com\/pt-pt\/wp-json\/wp\/v2\/users\/1"}],"replies":[{"embeddable":true,"href":"https:\/\/thingstodoinamsterdam.com\/pt-pt\/wp-json\/wp\/v2\/comments?post=2541184"}],"version-history":[{"count":5,"href":"https:\/\/thingstodoinamsterdam.com\/pt-pt\/wp-json\/wp\/v2\/pages\/2541184\/revisions"}],"predecessor-version":[{"id":2542335,"href":"https:\/\/thingstodoinamsterdam.com\/pt-pt\/wp-json\/wp\/v2\/pages\/2541184\/revisions\/2542335"}],"up":[{"embeddable":true,"href":"https:\/\/thingstodoinamsterdam.com\/pt-pt\/wp-json\/wp\/v2\/pages\/2539461"}],"wp:featuredmedia":[{"embeddable":true,"href":"https:\/\/thingstodoinamsterdam.com\/pt-pt\/wp-json\/wp\/v2\/media\/2541186"}],"wp:attachment":[{"href":"https:\/\/thingstodoinamsterdam.com\/pt-pt\/wp-json\/wp\/v2\/media?parent=2541184"}],"curies":[{"name":"wp","href":"https:\/\/api.w.org\/{rel}","templated":true}]}}