{"id":2541242,"date":"2026-04-24T13:22:28","date_gmt":"2026-04-24T11:22:28","guid":{"rendered":"https:\/\/thingstodoinamsterdam.com\/adam-lookout\/"},"modified":"2026-04-25T17:44:11","modified_gmt":"2026-04-25T15:44:11","slug":"adam-lookout","status":"publish","type":"page","link":"https:\/\/thingstodoinamsterdam.com\/pt-pt\/adam-lookout\/","title":{"rendered":"A&#8217;DAM Lookout"},"content":{"rendered":"<div class=\"wpb-content-wrapper\"><p>[vc_row][vc_column][vc_column_text]O miradouro de Amesterd\u00e3o, ou A&#8217;DAM Lookout, oferece-te sem d\u00favida a vista mais magn\u00edfica sobre a cidade de Amesterd\u00e3o. Este \u00e9 provavelmente o melhor local da cidade para <a href=\"https:\/\/thingstodoinamsterdam.com\/pt-pt\/locais-a-visitar\/\">passear e fazer sightseeing em Amesterd\u00e3o<\/a>. A torre tem cerca de 100 metros de altura e fica no norte da cidade, ao lado do <a href=\"https:\/\/thingstodoinamsterdam.com\/pt-pt\/this-is-holland\/\">THIS IS HOLLAND<\/a>. Do miradouro de Amesterd\u00e3o vais conseguir ver o centro hist\u00f3rico de Amesterd\u00e3o do outro lado do rio IJ, a zona do porto e as \u00e1reas rurais a norte da cidade. Em dias limpos, at\u00e9 consegues avistar edif\u00edcios altos em cidades pr\u00f3ximas.    <\/p><div id=\"ez-toc-container\" class=\"ez-toc-v2_0_82_2 counter-hierarchy ez-toc-counter ez-toc-custom ez-toc-container-direction\">\n<div class=\"ez-toc-title-container\">\n<span class=\"ez-toc-title-toggle\"><a href=\"#\" class=\"ez-toc-pull-right ez-toc-btn ez-toc-btn-xs ez-toc-btn-default ez-toc-toggle\" aria-label=\"Toggle Table of Content\"><span class=\"ez-toc-js-icon-con\"><span class=\"\"><span class=\"eztoc-hide\" style=\"display:none;\">Toggle<\/span><span class=\"ez-toc-icon-toggle-span\"><svg style=\"fill: #999;color:#999\" xmlns=\"http:\/\/www.w3.org\/2000\/svg\" class=\"list-377408\" width=\"20px\" height=\"20px\" viewBox=\"0 0 24 24\" fill=\"none\"><path d=\"M6 6H4v2h2V6zm14 0H8v2h12V6zM4 11h2v2H4v-2zm16 0H8v2h12v-2zM4 16h2v2H4v-2zm16 0H8v2h12v-2z\" fill=\"currentColor\"><\/path><\/svg><svg style=\"fill: #999;color:#999\" class=\"arrow-unsorted-368013\" xmlns=\"http:\/\/www.w3.org\/2000\/svg\" width=\"10px\" height=\"10px\" viewBox=\"0 0 24 24\" version=\"1.2\" baseProfile=\"tiny\"><path d=\"M18.2 9.3l-6.2-6.3-6.2 6.3c-.2.2-.3.4-.3.7s.1.5.3.7c.2.2.4.3.7.3h11c.3 0 .5-.1.7-.3.2-.2.3-.5.3-.7s-.1-.5-.3-.7zM5.8 14.7l6.2 6.3 6.2-6.3c.2-.2.3-.5.3-.7s-.1-.5-.3-.7c-.2-.2-.4-.3-.7-.3h-11c-.3 0-.5.1-.7.3-.2.2-.3.5-.3.7s.1.5.3.7z\"\/><\/svg><\/span><\/span><\/span><\/a><\/span><\/div>\n<nav><ul class='ez-toc-list ez-toc-list-level-1 ' ><li class='ez-toc-page-1 ez-toc-heading-level-2'><a class=\"ez-toc-link ez-toc-heading-1\" href=\"https:\/\/thingstodoinamsterdam.com\/pt-pt\/adam-lookout\/#horario-de-funcionamento-da-torre-miradouro-de-amesterdao\" >Hor\u00e1rio de funcionamento da torre miradouro de Amesterd\u00e3o<\/a><\/li><li class='ez-toc-page-1 ez-toc-heading-level-2'><a class=\"ez-toc-link ez-toc-heading-2\" href=\"https:\/\/thingstodoinamsterdam.com\/pt-pt\/adam-lookout\/#precos-bilhetes-e-descontos-da-amsterdam-lookout-tower\" >Pre\u00e7os, bilhetes e descontos da Amsterdam Lookout Tower<\/a><\/li><li class='ez-toc-page-1 ez-toc-heading-level-2'><a class=\"ez-toc-link ez-toc-heading-3\" href=\"https:\/\/thingstodoinamsterdam.com\/pt-pt\/adam-lookout\/#impressao-fotografica-da-torre-miradouro-de-amesterdao\" >Impress\u00e3o fotogr\u00e1fica da torre miradouro de Amesterd\u00e3o<\/a><\/li><li class='ez-toc-page-1 ez-toc-heading-level-2'><a class=\"ez-toc-link ez-toc-heading-4\" href=\"https:\/\/thingstodoinamsterdam.com\/pt-pt\/adam-lookout\/#morada-contactos-e-como-chegar-ao-adam-lookout\" >Morada, contactos e como chegar ao A&#8217;DAM Lookout<\/a><\/li><li class='ez-toc-page-1 ez-toc-heading-level-2'><a class=\"ez-toc-link ez-toc-heading-5\" href=\"https:\/\/thingstodoinamsterdam.com\/pt-pt\/adam-lookout\/#transportes-publicos\" >Transportes p\u00fablicos<\/a><\/li><\/ul><\/nav><\/div>\n\n<p>Para quem procura adrenalina, h\u00e1 um baloi\u00e7o por cima da borda da torre. Assim, podes baloi\u00e7ar a 100 metros de altura enquanto aprecias o skyline de Amesterd\u00e3o. Este baloi\u00e7o, chamado OverTheEdge, \u00e9 o mais alto da Europa e custa apenas 7,50 \u20ac. Por isso, se nos perguntares, vale mesmo a pena experimentar!   <\/p>\n<p>Se tens medo de alturas, ou simplesmente n\u00e3o gostas da ideia de um baloi\u00e7o no topo de uma torre, tamb\u00e9m podes simplesmente desfrutar de uma bebida e de algo para comer, enquanto aprecias a vista, no restaurante.[\/vc_column_text][button title=&#8221;Reserva os teus bilhetes para o Amsterdam Lookout&#8221; link=&#8221;https:\/\/thingstodoinamsterdam.com\/ticketlink-lookout-tiqets-std&#8221; icon=&#8221;fa fa-solid fa-angles-right&#8221; button_align=&#8221;center&#8221; target=&#8221;true&#8221; nofollow=&#8221;true&#8221; el_id=&#8221;1728649084396-8f06a236-91ae&#8221;][vc_video link=&#8221;https:\/\/youtu.be\/LBDMRgj5EzQ&#8221; css=&#8221;.vc_custom_1490647146962{margin-right: 25px !important;margin-left: 25px !important;}&#8221; title=&#8221;A&apos;DAM Lookout: o que esperar&#8221;][vc_column_text]<\/p>\n<h2><span class=\"ez-toc-section\" id=\"horario-de-funcionamento-da-torre-miradouro-de-amesterdao\"><\/span>Hor\u00e1rio de funcionamento da torre miradouro de Amesterd\u00e3o<span class=\"ez-toc-section-end\"><\/span><\/h2>\n<p>O Amsterdam Lookout est\u00e1 aberto diariamente, 7 dias por semana. Sem exce\u00e7\u00f5es. A \u00faltima entrada \u00e9 permitida 1 hora antes do fecho. Certifica-te de estar na entrada antes das 20:00 para n\u00e3o ficares desiludido, pois n\u00e3o \u00e9 permitida a entrada depois das oito.   <\/p>\n<table style=\"width: 100%;\">\n<tbody>\n<tr>\n<td>Segunda-feira<\/td>\n<td>10:00 &#8211; 22:00<\/td>\n<\/tr>\n<tr>\n<td>Ter\u00e7a-feira<\/td>\n<td>10:00 &#8211; 22:00<\/td>\n<\/tr>\n<tr>\n<td>Quarta-feira<\/td>\n<td>10:00 &#8211; 22:00<\/td>\n<\/tr>\n<tr>\n<td>Quinta-feira<\/td>\n<td>10:00 &#8211; 22:00<\/td>\n<\/tr>\n<tr>\n<td>Sexta-feira<\/td>\n<td>10:00 &#8211; 22:00<\/td>\n<\/tr>\n<tr>\n<td>S\u00e1bado<\/td>\n<td>10:00 &#8211; 22:00<\/td>\n<\/tr>\n<tr>\n<td>Domingo<\/td>\n<td>10:00 &#8211; 22:00<\/td>\n<\/tr>\n<\/tbody>\n<\/table>\n<p>[\/vc_column_text][vc_column_text css=&#8221;&#8221;]<\/p>\n<h2><span class=\"ez-toc-section\" id=\"precos-bilhetes-e-descontos-da-amsterdam-lookout-tower\"><\/span>Pre\u00e7os, bilhetes e descontos da Amsterdam Lookout Tower<span class=\"ez-toc-section-end\"><\/span><\/h2>\n<p>O Amsterdam Lookout custa-te 18,50 \u20ac se comprares o bilhete na entrada. Este pre\u00e7o inclui uma fotografia digital gratuita e a utiliza\u00e7\u00e3o dos bin\u00f3culos. As reservas online t\u00eam desconto, n\u00e3o deixes passar!  <\/p>\n<table style=\"width: 100%;\">\n<tbody>\n<tr>\n<td>Adultos<\/td>\n<td>\u20ac 24,50<\/td>\n<\/tr>\n<tr>\n<td>Crian\u00e7as 4 &#8211; 12<\/td>\n<td>\u20ac 12,50<\/td>\n<\/tr>\n<tr>\n<td>Beb\u00e9s at\u00e9 aos 4<\/td>\n<td>Gr\u00e1tis<\/td>\n<\/tr>\n<\/tbody>\n<\/table>\n<div id=\"gtx-trans\" style=\"position: absolute; left: 1222px; top: 49.8125px;\">\n<div class=\"gtx-trans-icon\"><\/div>\n<\/div>\n<p>[\/vc_column_text][button title=&#8221;Reserva os teus bilhetes para o Amsterdam Lookout&#8221; link=&#8221;https:\/\/thingstodoinamsterdam.com\/ticketlink-lookout-tiqets-std&#8221; icon=&#8221;&#8221; button_align=&#8221;center&#8221; target=&#8221;true&#8221; nofollow=&#8221;true&#8221; el_id=&#8221;1728649341252-6871bcd3-ea2a&#8221;][vc_column_text]<\/p>\n<h2><span class=\"ez-toc-section\" id=\"impressao-fotografica-da-torre-miradouro-de-amesterdao\"><\/span>Impress\u00e3o fotogr\u00e1fica da torre miradouro de Amesterd\u00e3o<span class=\"ez-toc-section-end\"><\/span><\/h2>\n<p><a href=\"https:\/\/thingstodoinamsterdam.com\/wp-content\/uploads\/2019\/07\/adam-tower-elevator.jpg\"><img decoding=\"async\" class=\"size-full wp-image-6501 aligncenter\" src=\"https:\/\/thingstodoinamsterdam.com\/wp-content\/uploads\/2019\/07\/adam-tower-elevator.jpg\" alt=\"elevador da adam tower\" width=\"900\" height=\"600\"><\/a><br \/>\n<a href=\"https:\/\/thingstodoinamsterdam.com\/wp-content\/uploads\/2019\/07\/adam-swing.jpg\"><img decoding=\"async\" class=\"size-full wp-image-6505 aligncenter\" src=\"https:\/\/thingstodoinamsterdam.com\/wp-content\/uploads\/2019\/07\/adam-swing.jpg\" alt=\"baloi\u00e7o da adam\" width=\"900\" height=\"600\"><\/a><br \/>\n<a href=\"https:\/\/thingstodoinamsterdam.com\/wp-content\/uploads\/2019\/07\/view-adam-lookout-tower.jpg\"><img decoding=\"async\" class=\"size-full wp-image-6507 aligncenter\" src=\"https:\/\/thingstodoinamsterdam.com\/wp-content\/uploads\/2019\/07\/view-adam-lookout-tower.jpg\" alt=\"vista da torre miradouro adam lookout\" width=\"900\" height=\"384\"><\/a><br \/>\n<img decoding=\"async\" class=\"aligncenter size-full wp-image-2711\" src=\"https:\/\/thingstodoinamsterdam.com\/wp-content\/uploads\/2019\/07\/ADAM-Lookout-tower.jpg\" alt=\"\" width=\"900\" height=\"900\"><\/p>\n<p>&nbsp;<\/p>\n<p><img decoding=\"async\" class=\"aligncenter size-full wp-image-2712\" src=\"https:\/\/thingstodoinamsterdam.com\/wp-content\/uploads\/2019\/07\/ADAM-Lookout1.jpg\" alt=\"\" width=\"900\" height=\"900\">[\/vc_column_text][vc_column_text]<\/p>\n<h2><span class=\"ez-toc-section\" id=\"morada-contactos-e-como-chegar-ao-adam-lookout\"><\/span>Morada, contactos e como chegar ao A&#8217;DAM Lookout<span class=\"ez-toc-section-end\"><\/span><\/h2>\n<p>A torre miradouro de Amesterd\u00e3o fica no norte da cidade. A melhor forma de chegar a esta zona \u00e9 de ferry, que parte da parte de tr\u00e1s da Esta\u00e7\u00e3o Central de Amesterd\u00e3o. Certifica-te de apanhar o ferry para Buiksloterweg; este ferry leva-te para o outro lado do IJ em apenas dois minutos.  <\/p>\n<p><strong>Morada<\/strong><br \/>\nA&#8217;DAM Lookout<br \/>\nOverhoeksplein 5<br \/>\n1031 KS Amsterdam<br \/>\n+31 (0)20 242 0100[\/vc_column_text][g_map heading=&#8221;A&#8217;DAM Lookout on the city map&#8221; height=&#8221;&#8220;450&#8220;&#8221; style=&#8221;&#8220;border: 0&#8220;;&#8221; src=&#8221;&#8220;https:\/\/www.google.com\/maps\/embed?pb=!1m18!1m12!1m3!1d2435.2586145429696!2d4.89993381580237!3d52.38386197978867!2m3!1f0!2f0!3f0!3m2!1i1024!2i768!4f13.1!3m3!1m2!1s0x47c609b440714bbb%3A0xa6175c28f97a0af6!2zQeKAmURBTSBMb29rb3V0!5e0!3m2!1sen!2snl!4v1490647588855&#8220;&#8221; width=&#8221;&#8220;600&#8220;&#8221; frameborder=&#8221;&#8220;0&#8220;&#8221; el_id=&#8221;1564145656002-965c137f-5c5e&#8221;]<iframe style=\"border: 0;\" src=\"https:\/\/www.google.com\/maps\/embed?pb=!1m18!1m12!1m3!1d2435.2586145429696!2d4.89993381580237!3d52.38386197978867!2m3!1f0!2f0!3f0!3m2!1i1024!2i768!4f13.1!3m3!1m2!1s0x47c609b440714bbb%3A0xa6175c28f97a0af6!2zQeKAmURBTSBMb29rb3V0!5e0!3m2!1sen!2snl!4v1490647588855\" width=\"600\" height=\"450\" frameborder=\"0\" allowfullscreen=\"allowfullscreen\"><\/iframe>[\/g_map][vc_column_text]<\/p>\n<h2><span class=\"ez-toc-section\" id=\"transportes-publicos\"><\/span>Transportes p\u00fablicos<span class=\"ez-toc-section-end\"><\/span><\/h2>\n<p>Precisas de saber como chegar ao A&#8217;DAM Lookout de transportes p\u00fablicos? F\u00e1cil! Vai at\u00e9 \u00e0 Esta\u00e7\u00e3o Central de Amesterd\u00e3o. Atr\u00e1s da esta\u00e7\u00e3o, encontras ferries que seguem para o norte de Amesterd\u00e3o. Certifica-te de apanhar o ferry na dire\u00e7\u00e3o de Buiksloterweg. Este ferry leva-te l\u00e1 em 5 minutos. Assim que estiveres do outro lado da \u00e1gua, n\u00e3o h\u00e1 como n\u00e3o veres a torre. A A&#8217;DAM Tower desaconselha os visitantes a irem de bicicleta, pois h\u00e1 pouco estacionamento para bicicletas. Usa simplesmente o fi\u00e1vel sistema de <a href=\"https:\/\/thingstodoinamsterdam.com\/transport\/amsterdam-public-transport\/\">transportes p\u00fablicos <\/a>de Amesterd\u00e3o.        <\/p>\n<p><a href=\"http:\/\/9292.nl\/en\/?to=amsterdam_overhoeksplein-5\"><img decoding=\"async\" class=\"alignnone wp-image-3080 size-medium\" src=\"https:\/\/thingstodoinamsterdam.com\/wp-content\/uploads\/2019\/07\/Button-Plan-mijn-OV-reis-EN-300x54.png\" alt=\"\" width=\"300\" height=\"54\"><\/a>[\/vc_column_text][vc_column_text css=&#8221;&#8221;]<\/p>\n<h3>Mais coisas para fazer em Amesterd\u00e3o<\/h3>\n<p><a href=\"https:\/\/thingstodoinamsterdam.com\/pt-pt\/jardim-zoologico-artis-amesterdao\/\">Jardim Zool\u00f3gico Artis Amesterd\u00e3o<\/a><br \/>\n<a href=\"https:\/\/thingstodoinamsterdam.com\/museum-amsterdam\/amsterdam-dungeon\/\">Amsterdam Dungeon<\/a><br \/>\n<a href=\"https:\/\/thingstodoinamsterdam.com\/pt-pt\/museus-em-amesterdao\/body-worlds-the-happiness-project\/\">BODY WORLDS Amesterd\u00e3o<\/a><br \/>\n<a href=\"https:\/\/thingstodoinamsterdam.com\/pt-pt\/passeios-de-barco\/\">Cruzeiro pelos canais de Amesterd\u00e3o<\/a><br \/>\n<a href=\"https:\/\/thingstodoinamsterdam.com\/pt-pt\/bairro-vermelho\/teatro-erotico-casa-rosso-amesterdao\/\">Casa Rosso<\/a><br \/>\n<a href=\"https:\/\/thingstodoinamsterdam.com\/pt-pt\/museus-em-amesterdao\/heineken-experience-amesterdao\/\">Heineken Experience<\/a><br \/>\n<a href=\"https:\/\/thingstodoinamsterdam.com\/pt-pt\/this-is-holland\/\">THIS IS HOLLAND<\/a><br \/>\n<a href=\"https:\/\/thingstodoinamsterdam.com\/pt-pt\/museus-em-amesterdao\/moco-museum\/\">Moco Museum<\/a><br \/>\n<a href=\"https:\/\/thingstodoinamsterdam.com\/pt-pt\/museus-em-amesterdao\/museu-da-ciencia-nemo\/\">Museu da Ci\u00eancia NEMO<\/a><br \/>\n<a href=\"https:\/\/thingstodoinamsterdam.com\/powerzone-bowling-minigolf-laser-tag-amsterdam\/\">Powerzone<\/a><br \/>\n<a href=\"https:\/\/thingstodoinamsterdam.com\/pt-pt\/museus-em-amesterdao\/rijksmuseum\/\">Rijksmuseum<\/a><br \/>\n<a href=\"https:\/\/thingstodoinamsterdam.com\/pt-pt\/museus-em-amesterdao\/stedelijk-museum\/\">Stedelijk Museum<\/a><br \/>\n<a href=\"https:\/\/thingstodoinamsterdam.com\/museum-amsterdam\/tropenmuseum\/\">Tropenmuseum<\/a><br \/>\n<a href=\"https:\/\/thingstodoinamsterdam.com\/pt-pt\/museus-em-amesterdao\/museu-van-gogh\/\">Museu Van Gogh<\/a>[\/vc_column_text][\/vc_column][\/vc_row][vc_row][vc_column][reviews heading=&#8221;Avalia\u00e7\u00f5es do Amsterdam Lookout&#8221; description=&#8221;Conta-nos como foi a tua experi\u00eancia no Amsterdam Lookout! O que achaste da vista? Bebeste alguma coisa no bar ou chegaste a experimentar o baloi\u00e7o? Deixa uma avalia\u00e7\u00e3o abaixo e ajuda outros viajantes.   &#8221; el_id=&#8221;1564146067547-d2a95c14-a53b&#8221;][\/reviews][vc_column_text]<strong>V\u00ea abaixo uma das <a href=\"https:\/\/thingstodoinamsterdam.com\/pt-pt\/\">coisas para fazer em Amesterd\u00e3o<\/a> <\/strong>e encontra a tua pr\u00f3xima aventura.[\/vc_column_text][\/vc_column][\/vc_row][vc_row][vc_column][promo_block style_var=&#8221;style2&#8243; el_id=&#8221;1564146086475-94048365-c765&#8243;][promo link=&#8221;url:https%3A%2F%2Fthingstodoinamsterdam.com%2Fpt-pt%2Fmuseus-em-amesterdao%2Fheineken-experience-amesterdao%2F|title:Heineken%20Experience|&#8221; text=&#8221;Descobre tudo sobre a marca mundialmente famosa!&#8221; img=&#8221;87&#8243;][promo link=&#8221;url:https%3A%2F%2Fthingstodoinamsterdam.com%2Fpt-pt%2Fjardim-zoologico-artis-amesterdao%2F|title:Artis%20Royal%20Zoo|&#8221; text=&#8221;Sempre macaquices no zoo de Amesterd\u00e3o&#8221; img=&#8221;84&#8243;][promo link=&#8221;url:https%3A%2F%2Fthingstodoinamsterdam.com%2Fmuseum-amsterdam%2Fmadame-tussauds-wax-museum-amsterdam%2F|title:Madame%20Tussauds|&#8221; text=&#8221;Tira uma selfie com a fam\u00edlia real holandesa!&#8221; img=&#8221;632&#8243;][\/promo_block][\/vc_column][\/vc_row]<\/p>\n<\/div>","protected":false},"excerpt":{"rendered":"<p>[vc_row][vc_column][vc_column_text]O miradouro de Amesterd\u00e3o, ou A&#8217;DAM Lookout, oferece-te sem d\u00favida a vista mais magn\u00edfica sobre a cidade de Amesterd\u00e3o. Este \u00e9 provavelmente o melhor local\u2026<\/p>\n","protected":false},"author":1,"featured_media":2540416,"parent":0,"menu_order":0,"comment_status":"closed","ping_status":"closed","template":"","meta":{"footnotes":""},"class_list":["post-2541242","page","type-page","status-publish","has-post-thumbnail","hentry"],"yoast_head":"<!-- This site is optimized with the Yoast SEO plugin v27.5 - https:\/\/yoast.com\/product\/yoast-seo-wordpress\/ -->\n<title>A&#039;DAM Lookout - ThingstodoinAmsterdam.com<\/title>\n<meta name=\"description\" content=\"A torre miradouro de Amesterd\u00e3o oferece-te a vista mais magn\u00edfica sobre a cidade. V\u00ea as avalia\u00e7\u00f5es e compra aqui mesmo bilhetes sem filas com desconto!\" \/>\n<meta name=\"robots\" content=\"index, follow, max-snippet:-1, max-image-preview:large, max-video-preview:-1\" \/>\n<link rel=\"canonical\" href=\"https:\/\/thingstodoinamsterdam.com\/pt-pt\/adam-lookout\/\" \/>\n<meta property=\"og:locale\" content=\"pt_PT\" \/>\n<meta property=\"og:type\" content=\"article\" \/>\n<meta property=\"og:title\" content=\"A&#039;DAM Lookout - ThingstodoinAmsterdam.com\" \/>\n<meta property=\"og:description\" content=\"A torre miradouro de Amesterd\u00e3o oferece-te a vista mais magn\u00edfica sobre a cidade. V\u00ea as avalia\u00e7\u00f5es e compra aqui mesmo bilhetes sem filas com desconto!\" \/>\n<meta property=\"og:url\" content=\"https:\/\/thingstodoinamsterdam.com\/pt-pt\/adam-lookout\/\" \/>\n<meta property=\"og:site_name\" content=\"ThingstodoinAmsterdam.com\" \/>\n<meta property=\"article:publisher\" content=\"https:\/\/www.facebook.com\/thingstodoinamsterdamcom\" \/>\n<meta property=\"article:modified_time\" content=\"2026-04-25T15:44:11+00:00\" \/>\n<meta property=\"og:image\" content=\"https:\/\/thingstodoinamsterdam.com\/wp-content\/uploads\/2019\/07\/view-adam-lookout-tower.jpg\" \/>\n\t<meta property=\"og:image:width\" content=\"900\" \/>\n\t<meta property=\"og:image:height\" content=\"384\" \/>\n\t<meta property=\"og:image:type\" content=\"image\/jpeg\" \/>\n<meta name=\"twitter:card\" content=\"summary_large_image\" \/>\n<meta name=\"twitter:label1\" content=\"Tempo estimado de leitura\" \/>\n\t<meta name=\"twitter:data1\" content=\"5 minutos\" \/>\n<script type=\"application\/ld+json\" class=\"yoast-schema-graph\">{\"@context\":\"https:\\\/\\\/schema.org\",\"@graph\":[{\"@type\":\"WebPage\",\"@id\":\"https:\\\/\\\/thingstodoinamsterdam.com\\\/pt-pt\\\/adam-lookout\\\/\",\"url\":\"https:\\\/\\\/thingstodoinamsterdam.com\\\/pt-pt\\\/adam-lookout\\\/\",\"name\":\"A'DAM Lookout - ThingstodoinAmsterdam.com\",\"isPartOf\":{\"@id\":\"https:\\\/\\\/thingstodoinamsterdam.com\\\/pt-pt\\\/#website\"},\"primaryImageOfPage\":{\"@id\":\"https:\\\/\\\/thingstodoinamsterdam.com\\\/pt-pt\\\/adam-lookout\\\/#primaryimage\"},\"image\":{\"@id\":\"https:\\\/\\\/thingstodoinamsterdam.com\\\/pt-pt\\\/adam-lookout\\\/#primaryimage\"},\"thumbnailUrl\":\"https:\\\/\\\/thingstodoinamsterdam.com\\\/wp-content\\\/uploads\\\/2019\\\/07\\\/view-adam-lookout-tower.jpg\",\"datePublished\":\"2026-04-24T11:22:28+00:00\",\"dateModified\":\"2026-04-25T15:44:11+00:00\",\"description\":\"A torre miradouro de Amesterd\u00e3o oferece-te a vista mais magn\u00edfica sobre a cidade. V\u00ea as avalia\u00e7\u00f5es e compra aqui mesmo bilhetes sem filas com desconto!\",\"breadcrumb\":{\"@id\":\"https:\\\/\\\/thingstodoinamsterdam.com\\\/pt-pt\\\/adam-lookout\\\/#breadcrumb\"},\"inLanguage\":\"pt-PT\",\"potentialAction\":[{\"@type\":\"ReadAction\",\"target\":[\"https:\\\/\\\/thingstodoinamsterdam.com\\\/pt-pt\\\/adam-lookout\\\/\"]}]},{\"@type\":\"ImageObject\",\"inLanguage\":\"pt-PT\",\"@id\":\"https:\\\/\\\/thingstodoinamsterdam.com\\\/pt-pt\\\/adam-lookout\\\/#primaryimage\",\"url\":\"https:\\\/\\\/thingstodoinamsterdam.com\\\/wp-content\\\/uploads\\\/2019\\\/07\\\/view-adam-lookout-tower.jpg\",\"contentUrl\":\"https:\\\/\\\/thingstodoinamsterdam.com\\\/wp-content\\\/uploads\\\/2019\\\/07\\\/view-adam-lookout-tower.jpg\",\"width\":900,\"height\":384},{\"@type\":\"BreadcrumbList\",\"@id\":\"https:\\\/\\\/thingstodoinamsterdam.com\\\/pt-pt\\\/adam-lookout\\\/#breadcrumb\",\"itemListElement\":[{\"@type\":\"ListItem\",\"position\":1,\"name\":\"Fazer em Amesterd\u00e3o\",\"item\":\"https:\\\/\\\/thingstodoinamsterdam.com\\\/pt-pt\\\/\"},{\"@type\":\"ListItem\",\"position\":2,\"name\":\"A&#8217;DAM Lookout\"}]},{\"@type\":\"WebSite\",\"@id\":\"https:\\\/\\\/thingstodoinamsterdam.com\\\/pt-pt\\\/#website\",\"url\":\"https:\\\/\\\/thingstodoinamsterdam.com\\\/pt-pt\\\/\",\"name\":\"ThingstodoinAmsterdam.com\",\"description\":\"Amsterdam&#039;s highlights and hidden secrets\",\"publisher\":{\"@id\":\"https:\\\/\\\/thingstodoinamsterdam.com\\\/pt-pt\\\/#organization\"},\"potentialAction\":[{\"@type\":\"SearchAction\",\"target\":{\"@type\":\"EntryPoint\",\"urlTemplate\":\"https:\\\/\\\/thingstodoinamsterdam.com\\\/pt-pt\\\/?s={search_term_string}\"},\"query-input\":{\"@type\":\"PropertyValueSpecification\",\"valueRequired\":true,\"valueName\":\"search_term_string\"}}],\"inLanguage\":\"pt-PT\"},{\"@type\":\"Organization\",\"@id\":\"https:\\\/\\\/thingstodoinamsterdam.com\\\/pt-pt\\\/#organization\",\"name\":\"Fazer em Amesterd\u00e3o\",\"url\":\"https:\\\/\\\/thingstodoinamsterdam.com\\\/pt-pt\\\/\",\"logo\":{\"@type\":\"ImageObject\",\"inLanguage\":\"pt-PT\",\"@id\":\"https:\\\/\\\/thingstodoinamsterdam.com\\\/pt-pt\\\/#\\\/schema\\\/logo\\\/image\\\/\",\"url\":\"https:\\\/\\\/thingstodoinamsterdam.com\\\/wp-content\\\/uploads\\\/2025\\\/02\\\/ThingsToDoInAmsterdam-Favicon-logo.png\",\"contentUrl\":\"https:\\\/\\\/thingstodoinamsterdam.com\\\/wp-content\\\/uploads\\\/2025\\\/02\\\/ThingsToDoInAmsterdam-Favicon-logo.png\",\"width\":512,\"height\":512,\"caption\":\"Fazer em Amesterd\u00e3o\"},\"image\":{\"@id\":\"https:\\\/\\\/thingstodoinamsterdam.com\\\/pt-pt\\\/#\\\/schema\\\/logo\\\/image\\\/\"},\"sameAs\":[\"https:\\\/\\\/www.facebook.com\\\/thingstodoinamsterdamcom\"]}]}<\/script>\n<!-- \/ Yoast SEO plugin. -->","yoast_head_json":{"title":"A'DAM Lookout - ThingstodoinAmsterdam.com","description":"A torre miradouro de Amesterd\u00e3o oferece-te a vista mais magn\u00edfica sobre a cidade. V\u00ea as avalia\u00e7\u00f5es e compra aqui mesmo bilhetes sem filas com desconto!","robots":{"index":"index","follow":"follow","max-snippet":"max-snippet:-1","max-image-preview":"max-image-preview:large","max-video-preview":"max-video-preview:-1"},"canonical":"https:\/\/thingstodoinamsterdam.com\/pt-pt\/adam-lookout\/","og_locale":"pt_PT","og_type":"article","og_title":"A'DAM Lookout - ThingstodoinAmsterdam.com","og_description":"A torre miradouro de Amesterd\u00e3o oferece-te a vista mais magn\u00edfica sobre a cidade. V\u00ea as avalia\u00e7\u00f5es e compra aqui mesmo bilhetes sem filas com desconto!","og_url":"https:\/\/thingstodoinamsterdam.com\/pt-pt\/adam-lookout\/","og_site_name":"ThingstodoinAmsterdam.com","article_publisher":"https:\/\/www.facebook.com\/thingstodoinamsterdamcom","article_modified_time":"2026-04-25T15:44:11+00:00","og_image":[{"width":900,"height":384,"url":"https:\/\/thingstodoinamsterdam.com\/wp-content\/uploads\/2019\/07\/view-adam-lookout-tower.jpg","type":"image\/jpeg"}],"twitter_card":"summary_large_image","twitter_misc":{"Tempo estimado de leitura":"5 minutos"},"schema":{"@context":"https:\/\/schema.org","@graph":[{"@type":"WebPage","@id":"https:\/\/thingstodoinamsterdam.com\/pt-pt\/adam-lookout\/","url":"https:\/\/thingstodoinamsterdam.com\/pt-pt\/adam-lookout\/","name":"A'DAM Lookout - ThingstodoinAmsterdam.com","isPartOf":{"@id":"https:\/\/thingstodoinamsterdam.com\/pt-pt\/#website"},"primaryImageOfPage":{"@id":"https:\/\/thingstodoinamsterdam.com\/pt-pt\/adam-lookout\/#primaryimage"},"image":{"@id":"https:\/\/thingstodoinamsterdam.com\/pt-pt\/adam-lookout\/#primaryimage"},"thumbnailUrl":"https:\/\/thingstodoinamsterdam.com\/wp-content\/uploads\/2019\/07\/view-adam-lookout-tower.jpg","datePublished":"2026-04-24T11:22:28+00:00","dateModified":"2026-04-25T15:44:11+00:00","description":"A torre miradouro de Amesterd\u00e3o oferece-te a vista mais magn\u00edfica sobre a cidade. V\u00ea as avalia\u00e7\u00f5es e compra aqui mesmo bilhetes sem filas com desconto!","breadcrumb":{"@id":"https:\/\/thingstodoinamsterdam.com\/pt-pt\/adam-lookout\/#breadcrumb"},"inLanguage":"pt-PT","potentialAction":[{"@type":"ReadAction","target":["https:\/\/thingstodoinamsterdam.com\/pt-pt\/adam-lookout\/"]}]},{"@type":"ImageObject","inLanguage":"pt-PT","@id":"https:\/\/thingstodoinamsterdam.com\/pt-pt\/adam-lookout\/#primaryimage","url":"https:\/\/thingstodoinamsterdam.com\/wp-content\/uploads\/2019\/07\/view-adam-lookout-tower.jpg","contentUrl":"https:\/\/thingstodoinamsterdam.com\/wp-content\/uploads\/2019\/07\/view-adam-lookout-tower.jpg","width":900,"height":384},{"@type":"BreadcrumbList","@id":"https:\/\/thingstodoinamsterdam.com\/pt-pt\/adam-lookout\/#breadcrumb","itemListElement":[{"@type":"ListItem","position":1,"name":"Fazer em Amesterd\u00e3o","item":"https:\/\/thingstodoinamsterdam.com\/pt-pt\/"},{"@type":"ListItem","position":2,"name":"A&#8217;DAM Lookout"}]},{"@type":"WebSite","@id":"https:\/\/thingstodoinamsterdam.com\/pt-pt\/#website","url":"https:\/\/thingstodoinamsterdam.com\/pt-pt\/","name":"ThingstodoinAmsterdam.com","description":"Amsterdam&#039;s highlights and hidden secrets","publisher":{"@id":"https:\/\/thingstodoinamsterdam.com\/pt-pt\/#organization"},"potentialAction":[{"@type":"SearchAction","target":{"@type":"EntryPoint","urlTemplate":"https:\/\/thingstodoinamsterdam.com\/pt-pt\/?s={search_term_string}"},"query-input":{"@type":"PropertyValueSpecification","valueRequired":true,"valueName":"search_term_string"}}],"inLanguage":"pt-PT"},{"@type":"Organization","@id":"https:\/\/thingstodoinamsterdam.com\/pt-pt\/#organization","name":"Fazer em Amesterd\u00e3o","url":"https:\/\/thingstodoinamsterdam.com\/pt-pt\/","logo":{"@type":"ImageObject","inLanguage":"pt-PT","@id":"https:\/\/thingstodoinamsterdam.com\/pt-pt\/#\/schema\/logo\/image\/","url":"https:\/\/thingstodoinamsterdam.com\/wp-content\/uploads\/2025\/02\/ThingsToDoInAmsterdam-Favicon-logo.png","contentUrl":"https:\/\/thingstodoinamsterdam.com\/wp-content\/uploads\/2025\/02\/ThingsToDoInAmsterdam-Favicon-logo.png","width":512,"height":512,"caption":"Fazer em Amesterd\u00e3o"},"image":{"@id":"https:\/\/thingstodoinamsterdam.com\/pt-pt\/#\/schema\/logo\/image\/"},"sameAs":["https:\/\/www.facebook.com\/thingstodoinamsterdamcom"]}]}},"_links":{"self":[{"href":"https:\/\/thingstodoinamsterdam.com\/pt-pt\/wp-json\/wp\/v2\/pages\/2541242","targetHints":{"allow":["GET"]}}],"collection":[{"href":"https:\/\/thingstodoinamsterdam.com\/pt-pt\/wp-json\/wp\/v2\/pages"}],"about":[{"href":"https:\/\/thingstodoinamsterdam.com\/pt-pt\/wp-json\/wp\/v2\/types\/page"}],"author":[{"embeddable":true,"href":"https:\/\/thingstodoinamsterdam.com\/pt-pt\/wp-json\/wp\/v2\/users\/1"}],"replies":[{"embeddable":true,"href":"https:\/\/thingstodoinamsterdam.com\/pt-pt\/wp-json\/wp\/v2\/comments?post=2541242"}],"version-history":[{"count":5,"href":"https:\/\/thingstodoinamsterdam.com\/pt-pt\/wp-json\/wp\/v2\/pages\/2541242\/revisions"}],"predecessor-version":[{"id":2542030,"href":"https:\/\/thingstodoinamsterdam.com\/pt-pt\/wp-json\/wp\/v2\/pages\/2541242\/revisions\/2542030"}],"wp:featuredmedia":[{"embeddable":true,"href":"https:\/\/thingstodoinamsterdam.com\/pt-pt\/wp-json\/wp\/v2\/media\/2540416"}],"wp:attachment":[{"href":"https:\/\/thingstodoinamsterdam.com\/pt-pt\/wp-json\/wp\/v2\/media?parent=2541242"}],"curies":[{"name":"wp","href":"https:\/\/api.w.org\/{rel}","templated":true}]}}