{"id":2541728,"date":"2026-04-25T14:44:26","date_gmt":"2026-04-25T12:44:26","guid":{"rendered":"https:\/\/thingstodoinamsterdam.com\/hotel-em-amesterdao\/"},"modified":"2026-04-25T16:34:58","modified_gmt":"2026-04-25T14:34:58","slug":"hotel-em-amesterdao","status":"publish","type":"page","link":"https:\/\/thingstodoinamsterdam.com\/pt-pt\/hotel-em-amesterdao\/","title":{"rendered":"Hotel em Amesterd\u00e3o"},"content":{"rendered":"<div class=\"wpb-content-wrapper\"><p>[vc_row][vc_column][vc_column_text]Com mais de 10 milh\u00f5es de turistas a visitar Amesterd\u00e3o todos os anos, n\u00e3o falta quem procure um hotel na cidade. Para dar resposta a esta enorme procura de camas, Amesterd\u00e3o conta com mais de 400 hot\u00e9is. Apesar dos 400 hot\u00e9is em Amesterd\u00e3o com 55.000 camas, encontrar um s\u00edtio para dormir a um pre\u00e7o razo\u00e1vel pode continuar a ser um desafio. Especialmente na \u00e9poca alta, do final de abril at\u00e9 outubro, os pre\u00e7os de um quarto ou at\u00e9 de um dormit\u00f3rio podem disparar. Julho e agosto s\u00e3o os meses mais movimentados e caros. Tamb\u00e9m durante feriados como a P\u00e1scoa e o Natal, os pre\u00e7os atingem o seu pico. Por exemplo, o fim de semana da P\u00e1scoa pode ser duas vezes mais caro do que o fim de semana seguinte. Por isso, \u00e9 sensato planeares a tua viagem com cuidado se estiveres a viajar com um or\u00e7amento limitado. Reservar com anteced\u00eancia dar-te-\u00e1 uma maior escolha de hot\u00e9is e pre\u00e7os. Se procuras ficar num alojamento memor\u00e1vel e \u00fanico, como uma <a href=\"https:\/\/thingstodoinamsterdam.com\/pt-pt\/blogue\/os-melhores-alojamentos-em-casa-flutuante-nos-canais-de-amesterdao\/\">estadia numa casa-barco nos canais<\/a>, certifica-te de que reservas o mais cedo poss\u00edvel, pois esgotam depressa! Se procuras umas f\u00e9rias de luxo, n\u00e3o percas o nosso artigo sobre os <a href=\"https:\/\/thingstodoinamsterdam.com\/pt-pt\/blogue\/os-14-melhores-hoteis-de-luxo-em-amesterdao\/\">melhores hot\u00e9is de luxo em Amesterd\u00e3o<\/a>!          <\/p><div id=\"ez-toc-container\" class=\"ez-toc-v2_0_82_2 counter-hierarchy ez-toc-counter ez-toc-custom ez-toc-container-direction\">\n<div class=\"ez-toc-title-container\">\n<span class=\"ez-toc-title-toggle\"><a href=\"#\" class=\"ez-toc-pull-right ez-toc-btn ez-toc-btn-xs ez-toc-btn-default ez-toc-toggle\" aria-label=\"Toggle Table of Content\"><span class=\"ez-toc-js-icon-con\"><span class=\"\"><span class=\"eztoc-hide\" style=\"display:none;\">Toggle<\/span><span class=\"ez-toc-icon-toggle-span\"><svg style=\"fill: #999;color:#999\" xmlns=\"http:\/\/www.w3.org\/2000\/svg\" class=\"list-377408\" width=\"20px\" height=\"20px\" viewBox=\"0 0 24 24\" fill=\"none\"><path d=\"M6 6H4v2h2V6zm14 0H8v2h12V6zM4 11h2v2H4v-2zm16 0H8v2h12v-2zM4 16h2v2H4v-2zm16 0H8v2h12v-2z\" fill=\"currentColor\"><\/path><\/svg><svg style=\"fill: #999;color:#999\" class=\"arrow-unsorted-368013\" xmlns=\"http:\/\/www.w3.org\/2000\/svg\" width=\"10px\" height=\"10px\" viewBox=\"0 0 24 24\" version=\"1.2\" baseProfile=\"tiny\"><path d=\"M18.2 9.3l-6.2-6.3-6.2 6.3c-.2.2-.3.4-.3.7s.1.5.3.7c.2.2.4.3.7.3h11c.3 0 .5-.1.7-.3.2-.2.3-.5.3-.7s-.1-.5-.3-.7zM5.8 14.7l6.2 6.3 6.2-6.3c.2-.2.3-.5.3-.7s-.1-.5-.3-.7c-.2-.2-.4-.3-.7-.3h-11c-.3 0-.5.1-.7.3-.2.2-.3.5-.3.7s.1.5.3.7z\"\/><\/svg><\/span><\/span><\/span><\/a><\/span><\/div>\n<nav><ul class='ez-toc-list ez-toc-list-level-1 ' ><li class='ez-toc-page-1 ez-toc-heading-level-2'><a class=\"ez-toc-link ez-toc-heading-1\" href=\"https:\/\/thingstodoinamsterdam.com\/pt-pt\/hotel-em-amesterdao\/#como-encontrar-um-hotel-adequado-em-amesterdao\" >Como encontrar um hotel adequado em Amesterd\u00e3o<\/a><\/li><li class='ez-toc-page-1 ez-toc-heading-level-2'><a class=\"ez-toc-link ez-toc-heading-2\" href=\"https:\/\/thingstodoinamsterdam.com\/pt-pt\/hotel-em-amesterdao\/#melhores-hoteis-em-amesterdao\" >Melhores hot\u00e9is em Amesterd\u00e3o<\/a><\/li><li class='ez-toc-page-1 ez-toc-heading-level-2'><a class=\"ez-toc-link ez-toc-heading-3\" href=\"https:\/\/thingstodoinamsterdam.com\/pt-pt\/hotel-em-amesterdao\/#hotel-barato-em-amesterdao\" >Hotel barato em Amesterd\u00e3o<\/a><\/li><\/ul><\/nav><\/div>\n\n<div id=\"gtx-trans\" style=\"position: absolute; left: 146px; top: 110.667px;\">\n<div class=\"gtx-trans-icon\"><\/div>\n<\/div>\n<p>[\/vc_column_text][button title=&#8221;V\u00ea os hot\u00e9is recomendados em Amesterd\u00e3o no Booking.com&#8221; link=&#8221;https:\/\/thingstodoinamsterdam.com\/ticketlink-amsterdamhotel-booking-std&#8221; icon=&#8221;&#8221; button_align=&#8221;center&#8221; target=&#8221;true&#8221; nofollow=&#8221;true&#8221; el_id=&#8221;1661529258704-426fe517-a817&#8243;][vc_single_image image=&#8221;2541724&#8243; img_size=&#8221;full&#8221; alignment=&#8221;center&#8221; css=&#8221;&#8221;][vc_column_text]<\/p>\n<h2><span class=\"ez-toc-section\" id=\"como-encontrar-um-hotel-adequado-em-amesterdao\"><\/span>Como encontrar um hotel adequado em Amesterd\u00e3o<span class=\"ez-toc-section-end\"><\/span><\/h2>\n<p>Se est\u00e1s \u00e0 procura de um hotel, provavelmente estar\u00e1s a pesquisar por uma faixa de pre\u00e7o espec\u00edfica. Mas, al\u00e9m do pre\u00e7o, recomendamos que verifiques tamb\u00e9m outros aspetos. Deves ter em conta o que planeias fazer. Embora o <a href=\"https:\/\/thingstodoinamsterdam.com\/transport\/amsterdam-public-transport\/\">transporte p\u00fablico<\/a> esteja bem organizado, n\u00e3o h\u00e1 metros nem el\u00e9tricos durante a noite. Por isso, se planeias ir sair \u00e0 noite, podes considerar pagar um pouco mais por <a href=\"https:\/\/thingstodoinamsterdam.com\/hotel-amsterdam\/hotels-in-amsterdam-city-centre\/\">um hotel no centro<\/a> em vez de teres de gastar o dinheiro que poupaste em t\u00e1xis. Por outro lado, se n\u00e3o te importas com a vida noturna, podes poupar uns trocos e ficar num hotel agrad\u00e1vel e sossegado fora do centro da cidade.     <\/p>\n<p>Ao escolheres um hotel, tem em conta os seguintes aspetos:<\/p>\n<ul>\n<li>Localiza\u00e7\u00e3o do hotel: fora do centro encontrar\u00e1s uma melhor rela\u00e7\u00e3o qualidade-pre\u00e7o; isso enquadra-se nos teus planos? A desvantagem do centro \u00e9 que pode ser um pouco barulhento perto dos bares. <\/li>\n<li>Tipo de visitantes: alguns hot\u00e9is s\u00e3o mais adequados para pessoas em neg\u00f3cios, enquanto outros s\u00e3o melhores para jovens que gostam de sair. Se gostarias de conhecer outros viajantes, talvez um hostel seja uma boa alternativa. <\/li>\n<li>Instala\u00e7\u00f5es: planeias tomar o pequeno-almo\u00e7o no hotel? Gostarias de ter um bar no hotel? <\/li>\n<li>Avalia\u00e7\u00f5es: todos os hot\u00e9is se publicitam como limpos e confort\u00e1veis, mas a informa\u00e7\u00e3o mais sincera e \u00fatil pode ser encontrada nas avalia\u00e7\u00f5es.<\/li>\n<\/ul>\n<p>[\/vc_column_text][button title=&#8221;V\u00ea os hot\u00e9is recomendados em Amesterd\u00e3o no Booking.com&#8221; link=&#8221;https:\/\/thingstodoinamsterdam.com\/ticketlink-amsterdamhotel-booking-std&#8221; icon=&#8221;&#8221; button_align=&#8221;center&#8221; target=&#8221;true&#8221; nofollow=&#8221;true&#8221; el_id=&#8221;1757671093133-2c60190a-65a9&#8243;][vc_column_text css=&#8221;&#8221;]Tamb\u00e9m existem sites como o <a href=\"https:\/\/thingstodoinamsterdam.com\/hotel-amsterdam\/cozycozy\/\">CozyCozy<\/a>, que utilizam a base de dados de v\u00e1rios sites de reserva de alojamento. S\u00e3o especialistas em locais \u00fanicos![\/vc_column_text][\/vc_column][\/vc_row][vc_row][vc_column][vc_single_image image=&#8221;2541725&#8243; img_size=&#8221;full&#8221; alignment=&#8221;center&#8221; css=&#8221;&#8221;][vc_column_text]<\/p>\n<h2><span class=\"ez-toc-section\" id=\"melhores-hoteis-em-amesterdao\"><\/span>Melhores hot\u00e9is em Amesterd\u00e3o<span class=\"ez-toc-section-end\"><\/span><\/h2>\n<p>Provavelmente o hotel mais famoso e ic\u00f3nico de Amesterd\u00e3o \u00e9 o Amstel Hotel, atualmente parte do grupo hoteleiro Intercontinental. Os pre\u00e7os come\u00e7am em aproximadamente 500 \u20ac por noite. Com sorte na \u00e9poca baixa e reservando com muita anteced\u00eancia, \u00e9 poss\u00edvel encontrar um quarto por 400 \u20ac. Embora pare\u00e7a muito dinheiro, conta com uma excelente rela\u00e7\u00e3o qualidade-pre\u00e7o. Este hotel de cinco estrelas est\u00e1 situado num local \u00fanico com vista para o rio Amstel. O maravilhoso edif\u00edcio monumental foi inaugurado em 1867 e, desde ent\u00e3o, oferece todo o luxo que se pode desejar, incluindo um restaurante com estrela Michelin. Isto torna o Amstel Hotel a escolha perfeita para uma viagem de luxo a Amesterd\u00e3o, como uma lua de mel.      <\/p>\n<p>Descobre a nossa lista dos 14 melhores hot\u00e9is em Amesterd\u00e3o. Selecion\u00e1mos apenas os <a href=\"https:\/\/thingstodoinamsterdam.com\/pt-pt\/blogue\/os-14-melhores-hoteis-de-luxo-em-amesterdao\/\">melhores hot\u00e9is de luxo em Amesterd\u00e3o<\/a> para ti. <\/p>\n<h3>Outros hot\u00e9is de classe alta<\/h3>\n<p>Al\u00e9m do Amstel Hotel, existem mais hot\u00e9is de classe alta que oferecem os mesmos elevados padr\u00f5es de hospitalidade. Encontrar\u00e1s o mesmo tipo de luxo por um pre\u00e7o melhor. Por isso, se procuras uma boa rela\u00e7\u00e3o qualidade-pre\u00e7o, eles s\u00e3o uma excelente alternativa. V\u00ea estas alternativas excecionais ao Amstel Hotel:   <\/p>\n<ul>\n<li><strong>De L&#8217;europe Hotel<\/strong>: talvez t\u00e3o bonito como o Amstel Hotel. Situado no centro, perto da zona de vida noturna da Pra\u00e7a Rembrandt. O hotel disp\u00f5e de um terra\u00e7o maravilhoso \u00e0 beira-mar e de um restaurante com 2 estrelas Michelin. Al\u00e9m disso, encontrar\u00e1s um centro de bem-estar, spa, gin\u00e1sio e piscina.   <\/li>\n<li><strong>Conservatorium Hotel<\/strong>: hotel de luxo situado no centro, na Pra\u00e7a dos Museus. O mobili\u00e1rio do hotel \u00e9 moderno. As instala\u00e7\u00f5es incluem um spa, gin\u00e1sio, piscina e um excelente restaurante.  <\/li>\n<li><strong>Krasnapolsky Hotel<\/strong>: como a Pra\u00e7a Dam \u00e9 considerada o verdadeiro centro de Amesterd\u00e3o, o Krasnapolsky tem uma das melhores localiza\u00e7\u00f5es. Est\u00e1 situado mesmo na Pra\u00e7a Dam e disp\u00f5e de quartos espa\u00e7osos, um grand caf\u00e9 e um jardim de inverno no local. <\/li>\n<li><strong>Okura Hotel<\/strong>: o Okura Hotel est\u00e1 situado em De Pijp, um bairro moderno e relaxante nos arredores do centro da cidade. Depois de um longo dia, sentir-te-\u00e1s totalmente em descanso. Desfruta de um dos quatro restaurantes diferentes do hotel, todos premiados com uma estrela Michelin, um deles at\u00e9 com duas. Depois do jantar, podes tomar uma bebida no terra\u00e7o ou no spa japon\u00eas.   <\/li>\n<li><strong>Waldorf Astoria Hotel:<\/strong> n\u00e3o t\u00e3o famoso como o Amstel Hotel, mas definitivamente t\u00e3o fabuloso quanto ele. O Waldorf Astoria Hotel est\u00e1 situado num dos canais mais bonitos de Amesterd\u00e3o; o Herengracht. Fica a apenas algumas centenas de metros da zona de vida noturna da Pra\u00e7a Rembrandt, mas os quartos s\u00e3o agrad\u00e1veis e sossegados. As instala\u00e7\u00f5es incluem um grande jardim, spa e dois restaurantes com estrelas Michelin.   <\/li>\n<\/ul>\n<p>[\/vc_column_text][button title=&#8221;V\u00ea as melhores ofertas de hot\u00e9is de 4* e 5* em Amesterd\u00e3o&#8221; link=&#8221;https:\/\/thingstodoinamsterdam.com\/ticketlink-tophotel-booking-std&#8221; button_align=&#8221;center&#8221; target=&#8221;true&#8221; nofollow=&#8221;true&#8221; el_id=&#8221;1564747511197-6bf3dafc-86a1&#8243;][vc_column_text]<\/p>\n<h2><span class=\"ez-toc-section\" id=\"hotel-barato-em-amesterdao\"><\/span>Hotel barato em Amesterd\u00e3o<span class=\"ez-toc-section-end\"><\/span><\/h2>\n<p>Encontrar um hotel barato em Amesterd\u00e3o \u00e9 uma tarefa dif\u00edcil, e provavelmente perguntas-te <a href=\"https:\/\/thingstodoinamsterdam.com\/pt-pt\/onde-ficar-em-amesterdao\/\">onde ficar em Amesterd\u00e3o<\/a>? Se pretendes gastar menos de 90 \u20ac por quarto, por noite, prepara-te para ter de fazer algumas concess\u00f5es. O hotel estar\u00e1 provavelmente situado fora do centro, ter\u00e1 uma classifica\u00e7\u00e3o de uma a tr\u00eas estrelas e as tuas op\u00e7\u00f5es ser\u00e3o limitadas. Se tiveres um pouco mais para gastar, podes considerar pagar cerca de 120 \u20ac por noite, pois ter\u00e1s mais op\u00e7\u00f5es e melhores hot\u00e9is por onde escolher.[\/vc_column_text][button title=&#8221;V\u00ea as ofertas de hot\u00e9is mais baratos em Amesterd\u00e3o&#8221; link=&#8221;https:\/\/thingstodoinamsterdam.com\/ticketlink-cheaphotel-booking-std&#8221; icon=&#8221;&#8221; button_align=&#8221;center&#8221; target=&#8221;true&#8221; nofollow=&#8221;true&#8221; el_id=&#8221;1564747452850-0e0a2da1-c232&#8243;][vc_column_text]<\/p>\n<h3>Hot\u00e9is baratos recomendados<\/h3>\n<p>Como dissemos anteriormente, encontrar um hotel barato por menos de 90 \u20ac por noite \u00e9 bastante dif\u00edcil. No entanto, n\u00e3o \u00e9 imposs\u00edvel. Achamos que deves espreitar os seguintes hot\u00e9is se procuras um s\u00edtio relativamente barato para ficar:  <\/p>\n<ul>\n<li><strong>Amstel Botel<\/strong>: um hotel \u00fanico num barco. Os quartos s\u00e3o pequenos e simples, mas tamb\u00e9m limpos e baratos. O Amstel Botel est\u00e1 situado em Amesterd\u00e3o Norte e pode ser alcan\u00e7ado atrav\u00e9s de um ferry (gratuito) de 10 minutos a partir da Esta\u00e7\u00e3o Central de Amesterd\u00e3o. Durante a noite, o hotel oferece um servi\u00e7o de transporte gratuito a partir da Esta\u00e7\u00e3o Central. As instala\u00e7\u00f5es incluem um terra\u00e7o e um bar.    <\/li>\n<li><strong>ClinkNOORD Hostel<\/strong>: al\u00e9m de dormit\u00f3rios, este hostel tamb\u00e9m oferece quartos privados. \u00c9 um local ideal para jovens, pois existe um bar com m\u00fasica ao vivo regular, DJs e mesas de bilhar. \u00c9 um excelente local para conhecer outros jovens viajantes\/mochileiros.  <\/li>\n<li><strong>The Student Hotel:<\/strong> al\u00e9m de ser um hotel, este local tamb\u00e9m funciona como alojamento tempor\u00e1rio para expatriados. Est\u00e1 situado em Amesterd\u00e3o Oeste, mas tem uma liga\u00e7\u00e3o frequente de el\u00e9trico para v\u00e1rias partes de Amesterd\u00e3o a apenas algumas centenas de metros. O el\u00e9trico leva-te ao centro em vinte minutos. H\u00e1 um grande sal\u00e3o e gin\u00e1sio. \u00c9 tamb\u00e9m um local perfeito para conhecer outras pessoas.    <\/li>\n<\/ul>\n<p>Para mais dicas sobre alojamentos acess\u00edveis em Amesterd\u00e3o, n\u00e3o te esque\u00e7as de <a href=\"https:\/\/thingstodoinamsterdam.com\/blog\/best-hostels-amsterdam\/\">ler este artigo sobre os melhores hostels em Amesterd\u00e3o<\/a>.[\/vc_column_text][\/vc_column][\/vc_row][vc_row][vc_column][vc_single_image image=&#8221;2541726&#8243; img_size=&#8221;full&#8221; add_caption=&#8221;yes&#8221; alignment=&#8221;center&#8221;][\/vc_column][\/vc_row]<\/p>\n<\/div>","protected":false},"excerpt":{"rendered":"<p>[vc_row][vc_column][vc_column_text]Com mais de 10 milh\u00f5es de turistas a visitar Amesterd\u00e3o todos os anos, n\u00e3o falta quem procure um hotel na cidade. Para dar resposta a\u2026<\/p>\n","protected":false},"author":1,"featured_media":2541727,"parent":0,"menu_order":0,"comment_status":"closed","ping_status":"closed","template":"","meta":{"footnotes":""},"class_list":["post-2541728","page","type-page","status-publish","has-post-thumbnail","hentry"],"yoast_head":"<!-- This site is optimized with the Yoast SEO plugin v27.5 - https:\/\/yoast.com\/product\/yoast-seo-wordpress\/ -->\n<title>Hotel em Amesterd\u00e3o - ThingstodoinAmsterdam.com<\/title>\n<meta name=\"description\" content=\"\u00c0 procura de um hotel em Amesterd\u00e3o? Consulta esta p\u00e1gina para saberes mais sobre os melhores hot\u00e9is, hot\u00e9is baratos e alternativas. V\u00ea tamb\u00e9m as nossas recomenda\u00e7\u00f5es!\" \/>\n<meta name=\"robots\" content=\"index, follow, max-snippet:-1, max-image-preview:large, max-video-preview:-1\" \/>\n<link rel=\"canonical\" href=\"https:\/\/thingstodoinamsterdam.com\/pt-pt\/hotel-em-amesterdao\/\" \/>\n<meta property=\"og:locale\" content=\"pt_PT\" \/>\n<meta property=\"og:type\" content=\"article\" \/>\n<meta property=\"og:title\" content=\"Hotel em Amesterd\u00e3o - ThingstodoinAmsterdam.com\" \/>\n<meta property=\"og:description\" content=\"\u00c0 procura de um hotel em Amesterd\u00e3o? Consulta esta p\u00e1gina para saberes mais sobre os melhores hot\u00e9is, hot\u00e9is baratos e alternativas. V\u00ea tamb\u00e9m as nossas recomenda\u00e7\u00f5es!\" \/>\n<meta property=\"og:url\" content=\"https:\/\/thingstodoinamsterdam.com\/pt-pt\/hotel-em-amesterdao\/\" \/>\n<meta property=\"og:site_name\" content=\"ThingstodoinAmsterdam.com\" \/>\n<meta property=\"article:publisher\" content=\"https:\/\/www.facebook.com\/thingstodoinamsterdamcom\" \/>\n<meta property=\"article:modified_time\" content=\"2026-04-25T14:34:58+00:00\" \/>\n<meta property=\"og:image\" content=\"https:\/\/thingstodoinamsterdam.com\/wp-content\/uploads\/2019\/08\/Amstel-Hotel-Amsterdam-1.jpg\" \/>\n\t<meta property=\"og:image:width\" content=\"800\" \/>\n\t<meta property=\"og:image:height\" content=\"532\" \/>\n\t<meta property=\"og:image:type\" content=\"image\/jpeg\" \/>\n<meta name=\"twitter:card\" content=\"summary_large_image\" \/>\n<meta name=\"twitter:label1\" content=\"Tempo estimado de leitura\" \/>\n\t<meta name=\"twitter:data1\" content=\"8 minutos\" \/>\n<script type=\"application\/ld+json\" class=\"yoast-schema-graph\">{\"@context\":\"https:\\\/\\\/schema.org\",\"@graph\":[{\"@type\":\"WebPage\",\"@id\":\"https:\\\/\\\/thingstodoinamsterdam.com\\\/pt-pt\\\/hotel-em-amesterdao\\\/\",\"url\":\"https:\\\/\\\/thingstodoinamsterdam.com\\\/pt-pt\\\/hotel-em-amesterdao\\\/\",\"name\":\"Hotel em Amesterd\u00e3o - ThingstodoinAmsterdam.com\",\"isPartOf\":{\"@id\":\"https:\\\/\\\/thingstodoinamsterdam.com\\\/pt-pt\\\/#website\"},\"primaryImageOfPage\":{\"@id\":\"https:\\\/\\\/thingstodoinamsterdam.com\\\/pt-pt\\\/hotel-em-amesterdao\\\/#primaryimage\"},\"image\":{\"@id\":\"https:\\\/\\\/thingstodoinamsterdam.com\\\/pt-pt\\\/hotel-em-amesterdao\\\/#primaryimage\"},\"thumbnailUrl\":\"https:\\\/\\\/thingstodoinamsterdam.com\\\/wp-content\\\/uploads\\\/2019\\\/08\\\/Amstel-Hotel-Amsterdam-1.jpg\",\"datePublished\":\"2026-04-25T12:44:26+00:00\",\"dateModified\":\"2026-04-25T14:34:58+00:00\",\"description\":\"\u00c0 procura de um hotel em Amesterd\u00e3o? Consulta esta p\u00e1gina para saberes mais sobre os melhores hot\u00e9is, hot\u00e9is baratos e alternativas. V\u00ea tamb\u00e9m as nossas recomenda\u00e7\u00f5es!\",\"breadcrumb\":{\"@id\":\"https:\\\/\\\/thingstodoinamsterdam.com\\\/pt-pt\\\/hotel-em-amesterdao\\\/#breadcrumb\"},\"inLanguage\":\"pt-PT\",\"potentialAction\":[{\"@type\":\"ReadAction\",\"target\":[\"https:\\\/\\\/thingstodoinamsterdam.com\\\/pt-pt\\\/hotel-em-amesterdao\\\/\"]}]},{\"@type\":\"ImageObject\",\"inLanguage\":\"pt-PT\",\"@id\":\"https:\\\/\\\/thingstodoinamsterdam.com\\\/pt-pt\\\/hotel-em-amesterdao\\\/#primaryimage\",\"url\":\"https:\\\/\\\/thingstodoinamsterdam.com\\\/wp-content\\\/uploads\\\/2019\\\/08\\\/Amstel-Hotel-Amsterdam-1.jpg\",\"contentUrl\":\"https:\\\/\\\/thingstodoinamsterdam.com\\\/wp-content\\\/uploads\\\/2019\\\/08\\\/Amstel-Hotel-Amsterdam-1.jpg\",\"width\":800,\"height\":532},{\"@type\":\"BreadcrumbList\",\"@id\":\"https:\\\/\\\/thingstodoinamsterdam.com\\\/pt-pt\\\/hotel-em-amesterdao\\\/#breadcrumb\",\"itemListElement\":[{\"@type\":\"ListItem\",\"position\":1,\"name\":\"Fazer em Amesterd\u00e3o\",\"item\":\"https:\\\/\\\/thingstodoinamsterdam.com\\\/pt-pt\\\/\"},{\"@type\":\"ListItem\",\"position\":2,\"name\":\"Hotel em Amesterd\u00e3o\"}]},{\"@type\":\"WebSite\",\"@id\":\"https:\\\/\\\/thingstodoinamsterdam.com\\\/pt-pt\\\/#website\",\"url\":\"https:\\\/\\\/thingstodoinamsterdam.com\\\/pt-pt\\\/\",\"name\":\"ThingstodoinAmsterdam.com\",\"description\":\"Amsterdam&#039;s highlights and hidden secrets\",\"publisher\":{\"@id\":\"https:\\\/\\\/thingstodoinamsterdam.com\\\/pt-pt\\\/#organization\"},\"potentialAction\":[{\"@type\":\"SearchAction\",\"target\":{\"@type\":\"EntryPoint\",\"urlTemplate\":\"https:\\\/\\\/thingstodoinamsterdam.com\\\/pt-pt\\\/?s={search_term_string}\"},\"query-input\":{\"@type\":\"PropertyValueSpecification\",\"valueRequired\":true,\"valueName\":\"search_term_string\"}}],\"inLanguage\":\"pt-PT\"},{\"@type\":\"Organization\",\"@id\":\"https:\\\/\\\/thingstodoinamsterdam.com\\\/pt-pt\\\/#organization\",\"name\":\"Fazer em Amesterd\u00e3o\",\"url\":\"https:\\\/\\\/thingstodoinamsterdam.com\\\/pt-pt\\\/\",\"logo\":{\"@type\":\"ImageObject\",\"inLanguage\":\"pt-PT\",\"@id\":\"https:\\\/\\\/thingstodoinamsterdam.com\\\/pt-pt\\\/#\\\/schema\\\/logo\\\/image\\\/\",\"url\":\"https:\\\/\\\/thingstodoinamsterdam.com\\\/wp-content\\\/uploads\\\/2025\\\/02\\\/ThingsToDoInAmsterdam-Favicon-logo.png\",\"contentUrl\":\"https:\\\/\\\/thingstodoinamsterdam.com\\\/wp-content\\\/uploads\\\/2025\\\/02\\\/ThingsToDoInAmsterdam-Favicon-logo.png\",\"width\":512,\"height\":512,\"caption\":\"Fazer em Amesterd\u00e3o\"},\"image\":{\"@id\":\"https:\\\/\\\/thingstodoinamsterdam.com\\\/pt-pt\\\/#\\\/schema\\\/logo\\\/image\\\/\"},\"sameAs\":[\"https:\\\/\\\/www.facebook.com\\\/thingstodoinamsterdamcom\"]}]}<\/script>\n<!-- \/ Yoast SEO plugin. -->","yoast_head_json":{"title":"Hotel em Amesterd\u00e3o - ThingstodoinAmsterdam.com","description":"\u00c0 procura de um hotel em Amesterd\u00e3o? Consulta esta p\u00e1gina para saberes mais sobre os melhores hot\u00e9is, hot\u00e9is baratos e alternativas. V\u00ea tamb\u00e9m as nossas recomenda\u00e7\u00f5es!","robots":{"index":"index","follow":"follow","max-snippet":"max-snippet:-1","max-image-preview":"max-image-preview:large","max-video-preview":"max-video-preview:-1"},"canonical":"https:\/\/thingstodoinamsterdam.com\/pt-pt\/hotel-em-amesterdao\/","og_locale":"pt_PT","og_type":"article","og_title":"Hotel em Amesterd\u00e3o - ThingstodoinAmsterdam.com","og_description":"\u00c0 procura de um hotel em Amesterd\u00e3o? Consulta esta p\u00e1gina para saberes mais sobre os melhores hot\u00e9is, hot\u00e9is baratos e alternativas. V\u00ea tamb\u00e9m as nossas recomenda\u00e7\u00f5es!","og_url":"https:\/\/thingstodoinamsterdam.com\/pt-pt\/hotel-em-amesterdao\/","og_site_name":"ThingstodoinAmsterdam.com","article_publisher":"https:\/\/www.facebook.com\/thingstodoinamsterdamcom","article_modified_time":"2026-04-25T14:34:58+00:00","og_image":[{"width":800,"height":532,"url":"https:\/\/thingstodoinamsterdam.com\/wp-content\/uploads\/2019\/08\/Amstel-Hotel-Amsterdam-1.jpg","type":"image\/jpeg"}],"twitter_card":"summary_large_image","twitter_misc":{"Tempo estimado de leitura":"8 minutos"},"schema":{"@context":"https:\/\/schema.org","@graph":[{"@type":"WebPage","@id":"https:\/\/thingstodoinamsterdam.com\/pt-pt\/hotel-em-amesterdao\/","url":"https:\/\/thingstodoinamsterdam.com\/pt-pt\/hotel-em-amesterdao\/","name":"Hotel em Amesterd\u00e3o - ThingstodoinAmsterdam.com","isPartOf":{"@id":"https:\/\/thingstodoinamsterdam.com\/pt-pt\/#website"},"primaryImageOfPage":{"@id":"https:\/\/thingstodoinamsterdam.com\/pt-pt\/hotel-em-amesterdao\/#primaryimage"},"image":{"@id":"https:\/\/thingstodoinamsterdam.com\/pt-pt\/hotel-em-amesterdao\/#primaryimage"},"thumbnailUrl":"https:\/\/thingstodoinamsterdam.com\/wp-content\/uploads\/2019\/08\/Amstel-Hotel-Amsterdam-1.jpg","datePublished":"2026-04-25T12:44:26+00:00","dateModified":"2026-04-25T14:34:58+00:00","description":"\u00c0 procura de um hotel em Amesterd\u00e3o? Consulta esta p\u00e1gina para saberes mais sobre os melhores hot\u00e9is, hot\u00e9is baratos e alternativas. V\u00ea tamb\u00e9m as nossas recomenda\u00e7\u00f5es!","breadcrumb":{"@id":"https:\/\/thingstodoinamsterdam.com\/pt-pt\/hotel-em-amesterdao\/#breadcrumb"},"inLanguage":"pt-PT","potentialAction":[{"@type":"ReadAction","target":["https:\/\/thingstodoinamsterdam.com\/pt-pt\/hotel-em-amesterdao\/"]}]},{"@type":"ImageObject","inLanguage":"pt-PT","@id":"https:\/\/thingstodoinamsterdam.com\/pt-pt\/hotel-em-amesterdao\/#primaryimage","url":"https:\/\/thingstodoinamsterdam.com\/wp-content\/uploads\/2019\/08\/Amstel-Hotel-Amsterdam-1.jpg","contentUrl":"https:\/\/thingstodoinamsterdam.com\/wp-content\/uploads\/2019\/08\/Amstel-Hotel-Amsterdam-1.jpg","width":800,"height":532},{"@type":"BreadcrumbList","@id":"https:\/\/thingstodoinamsterdam.com\/pt-pt\/hotel-em-amesterdao\/#breadcrumb","itemListElement":[{"@type":"ListItem","position":1,"name":"Fazer em Amesterd\u00e3o","item":"https:\/\/thingstodoinamsterdam.com\/pt-pt\/"},{"@type":"ListItem","position":2,"name":"Hotel em Amesterd\u00e3o"}]},{"@type":"WebSite","@id":"https:\/\/thingstodoinamsterdam.com\/pt-pt\/#website","url":"https:\/\/thingstodoinamsterdam.com\/pt-pt\/","name":"ThingstodoinAmsterdam.com","description":"Amsterdam&#039;s highlights and hidden secrets","publisher":{"@id":"https:\/\/thingstodoinamsterdam.com\/pt-pt\/#organization"},"potentialAction":[{"@type":"SearchAction","target":{"@type":"EntryPoint","urlTemplate":"https:\/\/thingstodoinamsterdam.com\/pt-pt\/?s={search_term_string}"},"query-input":{"@type":"PropertyValueSpecification","valueRequired":true,"valueName":"search_term_string"}}],"inLanguage":"pt-PT"},{"@type":"Organization","@id":"https:\/\/thingstodoinamsterdam.com\/pt-pt\/#organization","name":"Fazer em Amesterd\u00e3o","url":"https:\/\/thingstodoinamsterdam.com\/pt-pt\/","logo":{"@type":"ImageObject","inLanguage":"pt-PT","@id":"https:\/\/thingstodoinamsterdam.com\/pt-pt\/#\/schema\/logo\/image\/","url":"https:\/\/thingstodoinamsterdam.com\/wp-content\/uploads\/2025\/02\/ThingsToDoInAmsterdam-Favicon-logo.png","contentUrl":"https:\/\/thingstodoinamsterdam.com\/wp-content\/uploads\/2025\/02\/ThingsToDoInAmsterdam-Favicon-logo.png","width":512,"height":512,"caption":"Fazer em Amesterd\u00e3o"},"image":{"@id":"https:\/\/thingstodoinamsterdam.com\/pt-pt\/#\/schema\/logo\/image\/"},"sameAs":["https:\/\/www.facebook.com\/thingstodoinamsterdamcom"]}]}},"_links":{"self":[{"href":"https:\/\/thingstodoinamsterdam.com\/pt-pt\/wp-json\/wp\/v2\/pages\/2541728","targetHints":{"allow":["GET"]}}],"collection":[{"href":"https:\/\/thingstodoinamsterdam.com\/pt-pt\/wp-json\/wp\/v2\/pages"}],"about":[{"href":"https:\/\/thingstodoinamsterdam.com\/pt-pt\/wp-json\/wp\/v2\/types\/page"}],"author":[{"embeddable":true,"href":"https:\/\/thingstodoinamsterdam.com\/pt-pt\/wp-json\/wp\/v2\/users\/1"}],"replies":[{"embeddable":true,"href":"https:\/\/thingstodoinamsterdam.com\/pt-pt\/wp-json\/wp\/v2\/comments?post=2541728"}],"version-history":[{"count":5,"href":"https:\/\/thingstodoinamsterdam.com\/pt-pt\/wp-json\/wp\/v2\/pages\/2541728\/revisions"}],"predecessor-version":[{"id":2541782,"href":"https:\/\/thingstodoinamsterdam.com\/pt-pt\/wp-json\/wp\/v2\/pages\/2541728\/revisions\/2541782"}],"wp:featuredmedia":[{"embeddable":true,"href":"https:\/\/thingstodoinamsterdam.com\/pt-pt\/wp-json\/wp\/v2\/media\/2541727"}],"wp:attachment":[{"href":"https:\/\/thingstodoinamsterdam.com\/pt-pt\/wp-json\/wp\/v2\/media?parent=2541728"}],"curies":[{"name":"wp","href":"https:\/\/api.w.org\/{rel}","templated":true}]}}