{"id":2542042,"date":"2026-04-25T17:48:51","date_gmt":"2026-04-25T15:48:51","guid":{"rendered":"https:\/\/thingstodoinamsterdam.com\/praca-dam\/"},"modified":"2026-04-25T17:49:03","modified_gmt":"2026-04-25T15:49:03","slug":"praca-dam","status":"publish","type":"page","link":"https:\/\/thingstodoinamsterdam.com\/pt-pt\/praca-dam\/","title":{"rendered":"Pra\u00e7a Dam"},"content":{"rendered":"<div class=\"wpb-content-wrapper\"><p>[vc_row][vc_column][vc_column_text]A Pra\u00e7a Dam \u00e9 considerada o cora\u00e7\u00e3o de Amesterd\u00e3o. Estima-se que a pra\u00e7a principal da cidade tenha 100 por 200 metros. Deve o seu nome \u00e0 barragem (dam) sobre a qual foi constru\u00edda. A barragem remonta a 1275, quando Amesterd\u00e3o ainda estava \u00e0 beira-mar e era uma cidade portu\u00e1ria. Os barcos podiam atracar perto da Pra\u00e7a Dam e costumava haver ali um mercado de peixe. Mais tarde, tornou-se o centro oficial da cidade e os Pa\u00e7os do Concelho foram ali constru\u00eddos. O edif\u00edcio original ardeu em 1652, tendo sido substitu\u00eddo pelo edif\u00edcio hoje conhecido como o Pal\u00e1cio Real. Est\u00e1 rodeado pela De Nieuwe Kerk (Igreja Nova) de 1408, pelo centro comercial Bijenkorf, pelo <a href=\"https:\/\/thingstodoinamsterdam.com\/museum-amsterdam\/madame-tussauds-wax-museum-amsterdam\/\">Madame Tussauds<\/a>, pelo Hotel Krasnapolsky e por v\u00e1rias outras lojas e restaurantes. Em frente ao Pal\u00e1cio Real, encontras o Monumento Nacional. A Pra\u00e7a Dam liga v\u00e1rias ruas:         <\/p><div id=\"ez-toc-container\" class=\"ez-toc-v2_0_82_2 counter-hierarchy ez-toc-counter ez-toc-custom ez-toc-container-direction\">\n<div class=\"ez-toc-title-container\">\n<span class=\"ez-toc-title-toggle\"><a href=\"#\" class=\"ez-toc-pull-right ez-toc-btn ez-toc-btn-xs ez-toc-btn-default ez-toc-toggle\" aria-label=\"Toggle Table of Content\"><span class=\"ez-toc-js-icon-con\"><span class=\"\"><span class=\"eztoc-hide\" style=\"display:none;\">Toggle<\/span><span class=\"ez-toc-icon-toggle-span\"><svg style=\"fill: #999;color:#999\" xmlns=\"http:\/\/www.w3.org\/2000\/svg\" class=\"list-377408\" width=\"20px\" height=\"20px\" viewBox=\"0 0 24 24\" fill=\"none\"><path d=\"M6 6H4v2h2V6zm14 0H8v2h12V6zM4 11h2v2H4v-2zm16 0H8v2h12v-2zM4 16h2v2H4v-2zm16 0H8v2h12v-2z\" fill=\"currentColor\"><\/path><\/svg><svg style=\"fill: #999;color:#999\" class=\"arrow-unsorted-368013\" xmlns=\"http:\/\/www.w3.org\/2000\/svg\" width=\"10px\" height=\"10px\" viewBox=\"0 0 24 24\" version=\"1.2\" baseProfile=\"tiny\"><path d=\"M18.2 9.3l-6.2-6.3-6.2 6.3c-.2.2-.3.4-.3.7s.1.5.3.7c.2.2.4.3.7.3h11c.3 0 .5-.1.7-.3.2-.2.3-.5.3-.7s-.1-.5-.3-.7zM5.8 14.7l6.2 6.3 6.2-6.3c.2-.2.3-.5.3-.7s-.1-.5-.3-.7c-.2-.2-.4-.3-.7-.3h-11c-.3 0-.5.1-.7.3-.2.2-.3.5-.3.7s.1.5.3.7z\"\/><\/svg><\/span><\/span><\/span><\/a><\/span><\/div>\n<nav><ul class='ez-toc-list ez-toc-list-level-1 ' ><li class='ez-toc-page-1 ez-toc-heading-level-2'><a class=\"ez-toc-link ez-toc-heading-1\" href=\"https:\/\/thingstodoinamsterdam.com\/pt-pt\/praca-dam\/#monumento-nacional\" >Monumento Nacional<\/a><\/li><li class='ez-toc-page-1 ez-toc-heading-level-2'><a class=\"ez-toc-link ez-toc-heading-2\" href=\"https:\/\/thingstodoinamsterdam.com\/pt-pt\/praca-dam\/#ofertas-de-hoteis-perto-da-praca-dam\" >Ofertas de hot\u00e9is perto da Pra\u00e7a Dam<\/a><\/li><li class='ez-toc-page-1 ez-toc-heading-level-2'><a class=\"ez-toc-link ez-toc-heading-3\" href=\"https:\/\/thingstodoinamsterdam.com\/pt-pt\/praca-dam\/#palacio-real-na-praca-dam\" >Pal\u00e1cio Real na Pra\u00e7a Dam<\/a><\/li><li class='ez-toc-page-1 ez-toc-heading-level-2'><a class=\"ez-toc-link ez-toc-heading-4\" href=\"https:\/\/thingstodoinamsterdam.com\/pt-pt\/praca-dam\/#nieuwe-kerk-igreja-nova\" >Nieuwe Kerk (Igreja Nova)<\/a><\/li><li class='ez-toc-page-1 ez-toc-heading-level-2'><a class=\"ez-toc-link ez-toc-heading-5\" href=\"https:\/\/thingstodoinamsterdam.com\/pt-pt\/praca-dam\/#ripleys-believe-it-or-not\" >Ripley&#8217;s Believe It or Not!<\/a><\/li><li class='ez-toc-page-1 ez-toc-heading-level-2'><a class=\"ez-toc-link ez-toc-heading-6\" href=\"https:\/\/thingstodoinamsterdam.com\/pt-pt\/praca-dam\/#madame-tussauds\" >Madame Tussauds<\/a><\/li><\/ul><\/nav><\/div>\n\n<ul>\n<li>De Damrak; a estrada principal para norte entre a Pra\u00e7a Dam e a <a href=\"https:\/\/thingstodoinamsterdam.com\/pt-pt\/transportes-em-amesterdao\/estacao-central-de-amesterdao\/\">Esta\u00e7\u00e3o Central de Amesterd\u00e3o<\/a>;<\/li>\n<li>As ruas comerciais De Nieuwendijk a norte e Kalverstraat a sul;<\/li>\n<li>Rokin a sul em dire\u00e7\u00e3o \u00e0 Pra\u00e7a Rembrandt;<\/li>\n<li>Damstraat a este em dire\u00e7\u00e3o ao <a href=\"https:\/\/thingstodoinamsterdam.com\/pt-pt\/bairro-vermelho\/\">Red Light District<\/a>;<\/li>\n<li>Paleisstraat e Mozes en A\u00e4ronstraat em dire\u00e7\u00e3o \u00e0 Magna Plaza, \u00e0 Westerkerk e \u00e0 <a href=\"https:\/\/thingstodoinamsterdam.com\/pt-pt\/locais-a-visitar\/nove-ruas\/\">zona comercial das nove ruas<\/a>, na <a href=\"https:\/\/thingstodoinamsterdam.com\/pt-pt\/locais-a-visitar\/cinturao-de-canais-de-amesterdao\/\">cintura de canais de Amesterd\u00e3o<\/a>.<\/li>\n<\/ul>\n<p><img decoding=\"async\" class=\"aligncenter size-full wp-image-1053\" src=\"https:\/\/thingstodoinamsterdam.com\/wp-content\/uploads\/2019\/07\/Royal-palace-dam-square.jpg\" alt=\"palacio-real-praca-dam\" width=\"800\" height=\"532\"><\/p>\n<div id=\"gtx-trans\" style=\"position: absolute; left: 1036px; top: 269.267px;\">\n<div class=\"gtx-trans-icon\"><\/div>\n<\/div>\n<p>[\/vc_column_text][\/vc_column][\/vc_row][vc_row][vc_column][vc_column_text]<\/p>\n<h2><span class=\"ez-toc-section\" id=\"monumento-nacional\"><\/span>Monumento Nacional<span class=\"ez-toc-section-end\"><\/span><\/h2>\n<p>O Monumento Nacional que v\u00eas hoje em dia na Pra\u00e7a Dam foi constru\u00eddo em 1956. Foi erguido para homenagear as v\u00edtimas da Segunda Guerra Mundial e de todos os conflitos desde ent\u00e3o. O monumento foi integrado na parede semicircular que foi constru\u00edda logo ap\u00f3s a guerra, em 1947. A parede cont\u00e9m urnas cheias de terra de locais onde as v\u00edtimas da guerra foram executadas ou enterradas.   <\/p>\n<p>Nos Pa\u00edses Baixos, o Dia da Mem\u00f3ria celebra-se anualmente a 4 de maio. Durante as cerim\u00f3nias que decorrem na Pra\u00e7a Dam em redor do Monumento Nacional, a Fam\u00edlia Real, ministros e representantes das for\u00e7as armadas depositam coroas de flores. Guardam-se dois minutos de sil\u00eancio pela perda de todas as vidas civis e militares durante e ap\u00f3s a Segunda Guerra Mundial.  <\/p>\n<figure id=\"attachment_1059\" aria-describedby=\"caption-attachment-1059\" style=\"width: 800px\" class=\"wp-caption aligncenter\"><a href=\"https:\/\/thingstodoinamsterdam.com\/wp-content\/uploads\/2019\/07\/National-Monument-Dam-Square-after-remembrance-day.jpg\"><img decoding=\"async\" class=\"wp-image-1059 size-full\" src=\"https:\/\/thingstodoinamsterdam.com\/wp-content\/uploads\/2019\/07\/National-Monument-Dam-Square-after-remembrance-day.jpg\" alt=\"Monumento Nacional na Pra\u00e7a Dam ap\u00f3s o dia da mem\u00f3ria\" width=\"800\" height=\"532\"><\/a><figcaption id=\"caption-attachment-1059\" class=\"wp-caption-text\">Monumento Nacional na Pra\u00e7a Dam ap\u00f3s o dia da mem\u00f3ria &#8211; maio de 2016<\/figcaption><\/figure>\n<p>[\/vc_column_text][\/vc_column][\/vc_row][vc_row][vc_column][vc_column_text]<\/p>\n<h2><span class=\"ez-toc-section\" id=\"ofertas-de-hoteis-perto-da-praca-dam\"><\/span>Ofertas de hot\u00e9is perto da Pra\u00e7a Dam<span class=\"ez-toc-section-end\"><\/span><\/h2>\n<p>Como a Pra\u00e7a Dam fica mesmo no centro da cidade, vais encontrar imensos hot\u00e9is na zona. Procuras um <a href=\"https:\/\/thingstodoinamsterdam.com\/pt-pt\/blogue\/os-14-melhores-hoteis-de-luxo-em-amesterdao\/\">hotel de luxo em Amesterd\u00e3o<\/a> ou est\u00e1s mais interessado num hotel familiar? Espreita as ofertas de hot\u00e9is abaixo para veres se h\u00e1 algum alojamento que se ajuste aos teus planos! Estas s\u00e3o as melhores ofertas da zona, fornecidas pelo Booking.com. Existem dois hot\u00e9is de luxo situados diretamente na Pra\u00e7a Dam: o Hotel Krasnapolsky e o Hotel TwentySeven. Ambos os hot\u00e9is t\u00eam quartos premium com vista para a Pra\u00e7a Dam.[\/vc_column_text][button title=&#8221;V\u00ea hot\u00e9is no Booking.com&#8221; link=&#8221;https:\/\/www.awin1.com\/cread.php?awinmid=18119&amp;awinaffid=373235&amp;ued=https%3A%2F%2Fwww.booking.com%2Fcity%2Fnl%2Famsterdam.en.html&#8221; icon=&#8221;&#8221; button_align=&#8221;center&#8221; target=&#8221;true&#8221; nofollow=&#8221;true&#8221; el_id=&#8221;1578434951680-956e0efe-9c0d&#8221;][\/vc_column][\/vc_row][vc_row][vc_column][vc_column_text]<\/p>\n<h2><span class=\"ez-toc-section\" id=\"palacio-real-na-praca-dam\"><\/span>Pal\u00e1cio Real na Pra\u00e7a Dam<span class=\"ez-toc-section-end\"><\/span><\/h2>\n<p>O Pal\u00e1cio Real foi constru\u00eddo inicialmente como Pa\u00e7os do Concelho entre 1648 e 1655. Em 1804, tornou-se o Pal\u00e1cio Real de Napole\u00e3o. Nessa altura, o nome da Pra\u00e7a Dam foi alterado para Pra\u00e7a Napole\u00e3o. Guilherme I, o primeiro rei dos Pa\u00edses Baixos, devolveu o Pal\u00e1cio Real \u00e0 c\u00e2mara municipal em 1813, mas esta preferiu que a fam\u00edlia real holandesa vivesse l\u00e1. Ap\u00f3s a Batalha de Waterloo em 1815, a fam\u00edlia real mudou-se para o edif\u00edcio.    <\/p>\n<p>Entre 2005 e junho de 2009, o Pal\u00e1cio Real passou por uma grande restaura\u00e7\u00e3o. Hoje em dia, o Pal\u00e1cio Real acolhe exposi\u00e7\u00f5es e est\u00e1 aberto ao p\u00fablico. Se quiseres ver este magn\u00edfico edif\u00edcio por dentro, n\u00e3o te esque\u00e7as de comprar os bilhetes online com anteced\u00eancia!  <\/p>\n<div id=\"gtx-trans\" style=\"position: absolute; left: 0px; top: 233.967px;\">\n<div class=\"gtx-trans-icon\"><\/div>\n<\/div>\n<p>[\/vc_column_text][button title=&#8221;Compra bilhetes para ver o interior do Pal\u00e1cio Real&#8221; link=&#8221;https:\/\/thingstodoinamsterdam.com\/ticketlink-royalpalace-tiqets-std&#8221; icon=&#8221;fas fa-angle-double-right&#8221; button_align=&#8221;center&#8221; target=&#8221;true&#8221; nofollow=&#8221;true&#8221; el_id=&#8221;1751640718049-8fda652a-dfd7&#8243;][vc_video link=&#8221;https:\/\/youtu.be\/Dk_xO1ZnJ_s&#8221; el_width=&#8221;80&#8243; align=&#8221;center&#8221; css=&#8221;.vc_custom_1462650530846{margin-right: 25px !important;margin-left: 25px !important;}&#8221;][vc_column_text]<\/p>\n<h2><span class=\"ez-toc-section\" id=\"nieuwe-kerk-igreja-nova\"><\/span>Nieuwe Kerk (Igreja Nova)<span class=\"ez-toc-section-end\"><\/span><\/h2>\n<p>A constru\u00e7\u00e3o da <a href=\"https:\/\/thingstodoinamsterdam.com\/places-sightseeing-amsterdam\/nieuwe-kerk\/\">Nieuwe Kerk<\/a> come\u00e7ou em 1408. Depois de ter ardido quase por completo em 1645, foi reconstru\u00edda em estilo g\u00f3tico. Atualmente, o edif\u00edcio j\u00e1 n\u00e3o \u00e9 utilizado como casa de ora\u00e7\u00e3o. A igreja \u00e9 agora usada para cerim\u00f3nias da Fam\u00edlia Real. Em 2013, o Rei Guilherme Alexandre foi entronizado na Nieuwe Kerk, onde casou com a Rainha M\u00e1xima em 2002.    <\/p>\n<p>Quando n\u00e3o est\u00e1 a ser utilizada pela Fam\u00edlia Real, a igreja acolhe exposi\u00e7\u00f5es como a World Press Photo.<\/p>\n<figure id=\"attachment_1064\" aria-describedby=\"caption-attachment-1064\" style=\"width: 768px\" class=\"wp-caption aligncenter\"><a href=\"https:\/\/thingstodoinamsterdam.com\/wp-content\/uploads\/2019\/07\/New-Church-Nieuwe-Kerk-Amsterdam.jpg\"><img decoding=\"async\" class=\"wp-image-1064 size-full\" src=\"https:\/\/thingstodoinamsterdam.com\/wp-content\/uploads\/2019\/07\/New-Church-Nieuwe-Kerk-Amsterdam.jpg\" alt=\"Igreja Nova Nieuwe Kerk Amesterd\u00e3o\" width=\"768\" height=\"596\"><\/a><figcaption id=\"caption-attachment-1064\" class=\"wp-caption-text\">Nieuwe Kerk Amesterd\u00e3o num dia de sol<\/figcaption><\/figure>\n<p>[\/vc_column_text][vc_column_text]<\/p>\n<h2><span class=\"ez-toc-section\" id=\"ripleys-believe-it-or-not\"><\/span>Ripley&#8217;s Believe It or Not!<span class=\"ez-toc-section-end\"><\/span><\/h2>\n<p>Uma das mais recentes <a href=\"https:\/\/thingstodoinamsterdam.com\/pt-pt\/atracoes-amesterdao\/\">atra\u00e7\u00f5es tur\u00edsticas<\/a> em Amesterd\u00e3o \u00e9 o <a href=\"https:\/\/thingstodoinamsterdam.com\/pt-pt\/museus-em-amesterdao\/ripleys-believe-it-or-not-amesterdao\/\">Ripley&#8217;s Believe It or Not!<\/a>. \u00c9 uma excelente experi\u00eancia interativa para toda a fam\u00edlia. Vais poder ver curiosidades de todo o mundo e objetos de arte extraordin\u00e1rios. Inclui uma sala de cinema 5D, alguns artefactos muito raros e interessantes, e poder\u00e1s ouvir as hist\u00f3rias por tr\u00e1s das raras pe\u00e7as de arte colecionadas pelo viajante mundial Robert Ripley.[\/vc_column_text][vc_column_text]<\/p>\n<figure id=\"attachment_1066\" aria-describedby=\"caption-attachment-1066\" style=\"width: 800px\" class=\"wp-caption aligncenter\"><a href=\"https:\/\/thingstodoinamsterdam.com\/wp-content\/uploads\/2019\/07\/Madamme-tussauds-dam-square.jpg\"><img decoding=\"async\" class=\"wp-image-1066 size-full\" src=\"https:\/\/thingstodoinamsterdam.com\/wp-content\/uploads\/2019\/07\/Madamme-tussauds-dam-square.jpg\" alt=\"Madame Tussauds Pra\u00e7a Dam\" width=\"800\" height=\"600\"><\/a><figcaption id=\"caption-attachment-1066\" class=\"wp-caption-text\">Madame Tussauds Pra\u00e7a Dam ao p\u00f4r do sol<\/figcaption><\/figure>\n<h2><span class=\"ez-toc-section\" id=\"madame-tussauds\"><\/span>Madame Tussauds<span class=\"ez-toc-section-end\"><\/span><\/h2>\n<p>O Madame Tussauds \u00e9 um conceito de museu com espa\u00e7os em todo o mundo. Os museus albergam est\u00e1tuas de cera de celebridades. A vers\u00e3o de Amesterd\u00e3o do <a href=\"https:\/\/thingstodoinamsterdam.com\/museum-amsterdam\/madame-tussauds-wax-museum-amsterdam\/\">Museu de Cera Madame Tussauds<\/a> conta com celebridades nacionais e internacionais. Prepara-te para tirar uma selfie com a Fam\u00edlia Real holandesa, o Johnny Depp ou o Lionel Messi. A fila para o museu pode ser longa, por isso, se quiseres evitar a espera, <a href=\"https:\/\/thingstodoinamsterdam.com\/museum-amsterdam\/madame-tussauds-wax-museum-amsterdam\/#1460488033423-ecadedbe-ba72\">compra os teus bilhetes online<\/a>.<\/p>\n<p>[\/vc_column_text][\/vc_column][\/vc_row]<\/p>\n<\/div>","protected":false},"excerpt":{"rendered":"<p>[vc_row][vc_column][vc_column_text]A Pra\u00e7a Dam \u00e9 considerada o cora\u00e7\u00e3o de Amesterd\u00e3o. Estima-se que a pra\u00e7a principal da cidade tenha 100 por 200 metros. Deve o seu nome\u2026<\/p>\n","protected":false},"author":1,"featured_media":2542039,"parent":0,"menu_order":0,"comment_status":"closed","ping_status":"closed","template":"","meta":{"footnotes":""},"class_list":["post-2542042","page","type-page","status-publish","has-post-thumbnail","hentry"],"yoast_head":"<!-- This site is optimized with the Yoast SEO plugin v27.5 - https:\/\/yoast.com\/product\/yoast-seo-wordpress\/ -->\n<title>Pra\u00e7a Dam; o cora\u00e7\u00e3o de Amesterd\u00e3o - thingstodoinamsterdam.com<\/title>\n<meta name=\"description\" content=\"Vem conhecer a Pra\u00e7a Dam, o cora\u00e7\u00e3o de Amesterd\u00e3o. Espreita as nossas fotografias fant\u00e1sticas do Monumento Nacional, do Pal\u00e1cio Real, do Madame Tussauds e da Igreja Nova.\" \/>\n<meta name=\"robots\" content=\"index, follow, max-snippet:-1, max-image-preview:large, max-video-preview:-1\" \/>\n<link rel=\"canonical\" href=\"https:\/\/thingstodoinamsterdam.com\/pt-pt\/praca-dam\/\" \/>\n<meta property=\"og:locale\" content=\"pt_PT\" \/>\n<meta property=\"og:type\" content=\"article\" \/>\n<meta property=\"og:title\" content=\"Pra\u00e7a Dam; o cora\u00e7\u00e3o de Amesterd\u00e3o - thingstodoinamsterdam.com\" \/>\n<meta property=\"og:description\" content=\"Vem conhecer a Pra\u00e7a Dam, o cora\u00e7\u00e3o de Amesterd\u00e3o. Espreita as nossas fotografias fant\u00e1sticas do Monumento Nacional, do Pal\u00e1cio Real, do Madame Tussauds e da Igreja Nova.\" \/>\n<meta property=\"og:url\" content=\"https:\/\/thingstodoinamsterdam.com\/pt-pt\/praca-dam\/\" \/>\n<meta property=\"og:site_name\" content=\"ThingstodoinAmsterdam.com\" \/>\n<meta property=\"article:publisher\" content=\"https:\/\/www.facebook.com\/thingstodoinamsterdamcom\" \/>\n<meta property=\"article:modified_time\" content=\"2026-04-25T15:49:03+00:00\" \/>\n<meta property=\"og:image\" content=\"https:\/\/thingstodoinamsterdam.com\/wp-content\/uploads\/2019\/07\/National-Monument-Dam-Square-after-remembrance-day.jpg\" \/>\n\t<meta property=\"og:image:width\" content=\"800\" \/>\n\t<meta property=\"og:image:height\" content=\"532\" \/>\n\t<meta property=\"og:image:type\" content=\"image\/jpeg\" \/>\n<meta name=\"twitter:card\" content=\"summary_large_image\" \/>\n<meta name=\"twitter:label1\" content=\"Tempo estimado de leitura\" \/>\n\t<meta name=\"twitter:data1\" content=\"6 minutos\" \/>\n<script type=\"application\/ld+json\" class=\"yoast-schema-graph\">{\"@context\":\"https:\\\/\\\/schema.org\",\"@graph\":[{\"@type\":\"WebPage\",\"@id\":\"https:\\\/\\\/thingstodoinamsterdam.com\\\/pt-pt\\\/praca-dam\\\/\",\"url\":\"https:\\\/\\\/thingstodoinamsterdam.com\\\/pt-pt\\\/praca-dam\\\/\",\"name\":\"Pra\u00e7a Dam; o cora\u00e7\u00e3o de Amesterd\u00e3o - thingstodoinamsterdam.com\",\"isPartOf\":{\"@id\":\"https:\\\/\\\/thingstodoinamsterdam.com\\\/pt-pt\\\/#website\"},\"primaryImageOfPage\":{\"@id\":\"https:\\\/\\\/thingstodoinamsterdam.com\\\/pt-pt\\\/praca-dam\\\/#primaryimage\"},\"image\":{\"@id\":\"https:\\\/\\\/thingstodoinamsterdam.com\\\/pt-pt\\\/praca-dam\\\/#primaryimage\"},\"thumbnailUrl\":\"https:\\\/\\\/thingstodoinamsterdam.com\\\/wp-content\\\/uploads\\\/2019\\\/07\\\/National-Monument-Dam-Square-after-remembrance-day.jpg\",\"datePublished\":\"2026-04-25T15:48:51+00:00\",\"dateModified\":\"2026-04-25T15:49:03+00:00\",\"description\":\"Vem conhecer a Pra\u00e7a Dam, o cora\u00e7\u00e3o de Amesterd\u00e3o. Espreita as nossas fotografias fant\u00e1sticas do Monumento Nacional, do Pal\u00e1cio Real, do Madame Tussauds e da Igreja Nova.\",\"breadcrumb\":{\"@id\":\"https:\\\/\\\/thingstodoinamsterdam.com\\\/pt-pt\\\/praca-dam\\\/#breadcrumb\"},\"inLanguage\":\"pt-PT\",\"potentialAction\":[{\"@type\":\"ReadAction\",\"target\":[\"https:\\\/\\\/thingstodoinamsterdam.com\\\/pt-pt\\\/praca-dam\\\/\"]}]},{\"@type\":\"ImageObject\",\"inLanguage\":\"pt-PT\",\"@id\":\"https:\\\/\\\/thingstodoinamsterdam.com\\\/pt-pt\\\/praca-dam\\\/#primaryimage\",\"url\":\"https:\\\/\\\/thingstodoinamsterdam.com\\\/wp-content\\\/uploads\\\/2019\\\/07\\\/National-Monument-Dam-Square-after-remembrance-day.jpg\",\"contentUrl\":\"https:\\\/\\\/thingstodoinamsterdam.com\\\/wp-content\\\/uploads\\\/2019\\\/07\\\/National-Monument-Dam-Square-after-remembrance-day.jpg\",\"width\":800,\"height\":532},{\"@type\":\"BreadcrumbList\",\"@id\":\"https:\\\/\\\/thingstodoinamsterdam.com\\\/pt-pt\\\/praca-dam\\\/#breadcrumb\",\"itemListElement\":[{\"@type\":\"ListItem\",\"position\":1,\"name\":\"Fazer em Amesterd\u00e3o\",\"item\":\"https:\\\/\\\/thingstodoinamsterdam.com\\\/pt-pt\\\/\"},{\"@type\":\"ListItem\",\"position\":2,\"name\":\"Pra\u00e7a Dam\"}]},{\"@type\":\"WebSite\",\"@id\":\"https:\\\/\\\/thingstodoinamsterdam.com\\\/pt-pt\\\/#website\",\"url\":\"https:\\\/\\\/thingstodoinamsterdam.com\\\/pt-pt\\\/\",\"name\":\"ThingstodoinAmsterdam.com\",\"description\":\"Amsterdam&#039;s highlights and hidden secrets\",\"publisher\":{\"@id\":\"https:\\\/\\\/thingstodoinamsterdam.com\\\/pt-pt\\\/#organization\"},\"potentialAction\":[{\"@type\":\"SearchAction\",\"target\":{\"@type\":\"EntryPoint\",\"urlTemplate\":\"https:\\\/\\\/thingstodoinamsterdam.com\\\/pt-pt\\\/?s={search_term_string}\"},\"query-input\":{\"@type\":\"PropertyValueSpecification\",\"valueRequired\":true,\"valueName\":\"search_term_string\"}}],\"inLanguage\":\"pt-PT\"},{\"@type\":\"Organization\",\"@id\":\"https:\\\/\\\/thingstodoinamsterdam.com\\\/pt-pt\\\/#organization\",\"name\":\"Fazer em Amesterd\u00e3o\",\"url\":\"https:\\\/\\\/thingstodoinamsterdam.com\\\/pt-pt\\\/\",\"logo\":{\"@type\":\"ImageObject\",\"inLanguage\":\"pt-PT\",\"@id\":\"https:\\\/\\\/thingstodoinamsterdam.com\\\/pt-pt\\\/#\\\/schema\\\/logo\\\/image\\\/\",\"url\":\"https:\\\/\\\/thingstodoinamsterdam.com\\\/wp-content\\\/uploads\\\/2025\\\/02\\\/ThingsToDoInAmsterdam-Favicon-logo.png\",\"contentUrl\":\"https:\\\/\\\/thingstodoinamsterdam.com\\\/wp-content\\\/uploads\\\/2025\\\/02\\\/ThingsToDoInAmsterdam-Favicon-logo.png\",\"width\":512,\"height\":512,\"caption\":\"Fazer em Amesterd\u00e3o\"},\"image\":{\"@id\":\"https:\\\/\\\/thingstodoinamsterdam.com\\\/pt-pt\\\/#\\\/schema\\\/logo\\\/image\\\/\"},\"sameAs\":[\"https:\\\/\\\/www.facebook.com\\\/thingstodoinamsterdamcom\"]}]}<\/script>\n<!-- \/ Yoast SEO plugin. -->","yoast_head_json":{"title":"Pra\u00e7a Dam; o cora\u00e7\u00e3o de Amesterd\u00e3o - thingstodoinamsterdam.com","description":"Vem conhecer a Pra\u00e7a Dam, o cora\u00e7\u00e3o de Amesterd\u00e3o. Espreita as nossas fotografias fant\u00e1sticas do Monumento Nacional, do Pal\u00e1cio Real, do Madame Tussauds e da Igreja Nova.","robots":{"index":"index","follow":"follow","max-snippet":"max-snippet:-1","max-image-preview":"max-image-preview:large","max-video-preview":"max-video-preview:-1"},"canonical":"https:\/\/thingstodoinamsterdam.com\/pt-pt\/praca-dam\/","og_locale":"pt_PT","og_type":"article","og_title":"Pra\u00e7a Dam; o cora\u00e7\u00e3o de Amesterd\u00e3o - thingstodoinamsterdam.com","og_description":"Vem conhecer a Pra\u00e7a Dam, o cora\u00e7\u00e3o de Amesterd\u00e3o. Espreita as nossas fotografias fant\u00e1sticas do Monumento Nacional, do Pal\u00e1cio Real, do Madame Tussauds e da Igreja Nova.","og_url":"https:\/\/thingstodoinamsterdam.com\/pt-pt\/praca-dam\/","og_site_name":"ThingstodoinAmsterdam.com","article_publisher":"https:\/\/www.facebook.com\/thingstodoinamsterdamcom","article_modified_time":"2026-04-25T15:49:03+00:00","og_image":[{"width":800,"height":532,"url":"https:\/\/thingstodoinamsterdam.com\/wp-content\/uploads\/2019\/07\/National-Monument-Dam-Square-after-remembrance-day.jpg","type":"image\/jpeg"}],"twitter_card":"summary_large_image","twitter_misc":{"Tempo estimado de leitura":"6 minutos"},"schema":{"@context":"https:\/\/schema.org","@graph":[{"@type":"WebPage","@id":"https:\/\/thingstodoinamsterdam.com\/pt-pt\/praca-dam\/","url":"https:\/\/thingstodoinamsterdam.com\/pt-pt\/praca-dam\/","name":"Pra\u00e7a Dam; o cora\u00e7\u00e3o de Amesterd\u00e3o - thingstodoinamsterdam.com","isPartOf":{"@id":"https:\/\/thingstodoinamsterdam.com\/pt-pt\/#website"},"primaryImageOfPage":{"@id":"https:\/\/thingstodoinamsterdam.com\/pt-pt\/praca-dam\/#primaryimage"},"image":{"@id":"https:\/\/thingstodoinamsterdam.com\/pt-pt\/praca-dam\/#primaryimage"},"thumbnailUrl":"https:\/\/thingstodoinamsterdam.com\/wp-content\/uploads\/2019\/07\/National-Monument-Dam-Square-after-remembrance-day.jpg","datePublished":"2026-04-25T15:48:51+00:00","dateModified":"2026-04-25T15:49:03+00:00","description":"Vem conhecer a Pra\u00e7a Dam, o cora\u00e7\u00e3o de Amesterd\u00e3o. Espreita as nossas fotografias fant\u00e1sticas do Monumento Nacional, do Pal\u00e1cio Real, do Madame Tussauds e da Igreja Nova.","breadcrumb":{"@id":"https:\/\/thingstodoinamsterdam.com\/pt-pt\/praca-dam\/#breadcrumb"},"inLanguage":"pt-PT","potentialAction":[{"@type":"ReadAction","target":["https:\/\/thingstodoinamsterdam.com\/pt-pt\/praca-dam\/"]}]},{"@type":"ImageObject","inLanguage":"pt-PT","@id":"https:\/\/thingstodoinamsterdam.com\/pt-pt\/praca-dam\/#primaryimage","url":"https:\/\/thingstodoinamsterdam.com\/wp-content\/uploads\/2019\/07\/National-Monument-Dam-Square-after-remembrance-day.jpg","contentUrl":"https:\/\/thingstodoinamsterdam.com\/wp-content\/uploads\/2019\/07\/National-Monument-Dam-Square-after-remembrance-day.jpg","width":800,"height":532},{"@type":"BreadcrumbList","@id":"https:\/\/thingstodoinamsterdam.com\/pt-pt\/praca-dam\/#breadcrumb","itemListElement":[{"@type":"ListItem","position":1,"name":"Fazer em Amesterd\u00e3o","item":"https:\/\/thingstodoinamsterdam.com\/pt-pt\/"},{"@type":"ListItem","position":2,"name":"Pra\u00e7a Dam"}]},{"@type":"WebSite","@id":"https:\/\/thingstodoinamsterdam.com\/pt-pt\/#website","url":"https:\/\/thingstodoinamsterdam.com\/pt-pt\/","name":"ThingstodoinAmsterdam.com","description":"Amsterdam&#039;s highlights and hidden secrets","publisher":{"@id":"https:\/\/thingstodoinamsterdam.com\/pt-pt\/#organization"},"potentialAction":[{"@type":"SearchAction","target":{"@type":"EntryPoint","urlTemplate":"https:\/\/thingstodoinamsterdam.com\/pt-pt\/?s={search_term_string}"},"query-input":{"@type":"PropertyValueSpecification","valueRequired":true,"valueName":"search_term_string"}}],"inLanguage":"pt-PT"},{"@type":"Organization","@id":"https:\/\/thingstodoinamsterdam.com\/pt-pt\/#organization","name":"Fazer em Amesterd\u00e3o","url":"https:\/\/thingstodoinamsterdam.com\/pt-pt\/","logo":{"@type":"ImageObject","inLanguage":"pt-PT","@id":"https:\/\/thingstodoinamsterdam.com\/pt-pt\/#\/schema\/logo\/image\/","url":"https:\/\/thingstodoinamsterdam.com\/wp-content\/uploads\/2025\/02\/ThingsToDoInAmsterdam-Favicon-logo.png","contentUrl":"https:\/\/thingstodoinamsterdam.com\/wp-content\/uploads\/2025\/02\/ThingsToDoInAmsterdam-Favicon-logo.png","width":512,"height":512,"caption":"Fazer em Amesterd\u00e3o"},"image":{"@id":"https:\/\/thingstodoinamsterdam.com\/pt-pt\/#\/schema\/logo\/image\/"},"sameAs":["https:\/\/www.facebook.com\/thingstodoinamsterdamcom"]}]}},"_links":{"self":[{"href":"https:\/\/thingstodoinamsterdam.com\/pt-pt\/wp-json\/wp\/v2\/pages\/2542042","targetHints":{"allow":["GET"]}}],"collection":[{"href":"https:\/\/thingstodoinamsterdam.com\/pt-pt\/wp-json\/wp\/v2\/pages"}],"about":[{"href":"https:\/\/thingstodoinamsterdam.com\/pt-pt\/wp-json\/wp\/v2\/types\/page"}],"author":[{"embeddable":true,"href":"https:\/\/thingstodoinamsterdam.com\/pt-pt\/wp-json\/wp\/v2\/users\/1"}],"replies":[{"embeddable":true,"href":"https:\/\/thingstodoinamsterdam.com\/pt-pt\/wp-json\/wp\/v2\/comments?post=2542042"}],"version-history":[{"count":4,"href":"https:\/\/thingstodoinamsterdam.com\/pt-pt\/wp-json\/wp\/v2\/pages\/2542042\/revisions"}],"predecessor-version":[{"id":2542047,"href":"https:\/\/thingstodoinamsterdam.com\/pt-pt\/wp-json\/wp\/v2\/pages\/2542042\/revisions\/2542047"}],"wp:featuredmedia":[{"embeddable":true,"href":"https:\/\/thingstodoinamsterdam.com\/pt-pt\/wp-json\/wp\/v2\/media\/2542039"}],"wp:attachment":[{"href":"https:\/\/thingstodoinamsterdam.com\/pt-pt\/wp-json\/wp\/v2\/media?parent=2542042"}],"curies":[{"name":"wp","href":"https:\/\/api.w.org\/{rel}","templated":true}]}}