{"id":2542253,"date":"2026-04-25T18:47:42","date_gmt":"2026-04-25T16:47:42","guid":{"rendered":"https:\/\/thingstodoinamsterdam.com\/anunciar\/"},"modified":"2026-04-25T18:47:48","modified_gmt":"2026-04-25T16:47:48","slug":"anunciar","status":"publish","type":"page","link":"https:\/\/thingstodoinamsterdam.com\/pt-pt\/anunciar\/","title":{"rendered":"Anunciar"},"content":{"rendered":"<div class=\"wpb-content-wrapper\"><p>[vc_row][vc_column][vc_column_text css=&#8221;&#8221;]<\/p><div id=\"ez-toc-container\" class=\"ez-toc-v2_0_82_2 counter-hierarchy ez-toc-counter ez-toc-custom ez-toc-container-direction\">\n<div class=\"ez-toc-title-container\">\n<span class=\"ez-toc-title-toggle\"><a href=\"#\" class=\"ez-toc-pull-right ez-toc-btn ez-toc-btn-xs ez-toc-btn-default ez-toc-toggle\" aria-label=\"Toggle Table of Content\"><span class=\"ez-toc-js-icon-con\"><span class=\"\"><span class=\"eztoc-hide\" style=\"display:none;\">Toggle<\/span><span class=\"ez-toc-icon-toggle-span\"><svg style=\"fill: #999;color:#999\" xmlns=\"http:\/\/www.w3.org\/2000\/svg\" class=\"list-377408\" width=\"20px\" height=\"20px\" viewBox=\"0 0 24 24\" fill=\"none\"><path d=\"M6 6H4v2h2V6zm14 0H8v2h12V6zM4 11h2v2H4v-2zm16 0H8v2h12v-2zM4 16h2v2H4v-2zm16 0H8v2h12v-2z\" fill=\"currentColor\"><\/path><\/svg><svg style=\"fill: #999;color:#999\" class=\"arrow-unsorted-368013\" xmlns=\"http:\/\/www.w3.org\/2000\/svg\" width=\"10px\" height=\"10px\" viewBox=\"0 0 24 24\" version=\"1.2\" baseProfile=\"tiny\"><path d=\"M18.2 9.3l-6.2-6.3-6.2 6.3c-.2.2-.3.4-.3.7s.1.5.3.7c.2.2.4.3.7.3h11c.3 0 .5-.1.7-.3.2-.2.3-.5.3-.7s-.1-.5-.3-.7zM5.8 14.7l6.2 6.3 6.2-6.3c.2-.2.3-.5.3-.7s-.1-.5-.3-.7c-.2-.2-.4-.3-.7-.3h-11c-.3 0-.5.1-.7.3-.2.2-.3.5-.3.7s.1.5.3.7z\"\/><\/svg><\/span><\/span><\/span><\/a><\/span><\/div>\n<nav><ul class='ez-toc-list ez-toc-list-level-1 ' ><li class='ez-toc-page-1 ez-toc-heading-level-2'><a class=\"ez-toc-link ez-toc-heading-1\" href=\"https:\/\/thingstodoinamsterdam.com\/pt-pt\/anunciar\/#colabora-com-thingstodoinamsterdam\" >Colabora com ThingstodoinAmsterdam<\/a><\/li><li class='ez-toc-page-1 ez-toc-heading-level-2'><a class=\"ez-toc-link ez-toc-heading-2\" href=\"https:\/\/thingstodoinamsterdam.com\/pt-pt\/anunciar\/#pagina-da-empresa\" >P\u00e1gina da empresa<\/a><\/li><li class='ez-toc-page-1 ez-toc-heading-level-2'><a class=\"ez-toc-link ez-toc-heading-3\" href=\"https:\/\/thingstodoinamsterdam.com\/pt-pt\/anunciar\/#contacta-nos-para-uma-proposta-de-conteudo-de-marca-personalizada\" >Contacta-nos para uma proposta de conte\u00fado de marca personalizada<\/a><\/li><li class='ez-toc-page-1 ez-toc-heading-level-2'><a class=\"ez-toc-link ez-toc-heading-4\" href=\"https:\/\/thingstodoinamsterdam.com\/pt-pt\/anunciar\/#queres-saber-mais\" >Queres saber mais?<\/a><\/li><li class='ez-toc-page-1 ez-toc-heading-level-2'><a class=\"ez-toc-link ez-toc-heading-5\" href=\"https:\/\/thingstodoinamsterdam.com\/pt-pt\/anunciar\/#contacta-nos\" >Contacta-nos<\/a><\/li><\/ul><\/nav><\/div>\n\n<h2 id=\"collaborate-with-thingstodoinamsterdam\"><span class=\"ez-toc-section\" id=\"colabora-com-thingstodoinamsterdam\"><\/span>Colabora com ThingstodoinAmsterdam<span class=\"ez-toc-section-end\"><\/span><\/h2>\n<p>Que \u00f3timo que est\u00e1s interessado numa <strong>colabora\u00e7\u00e3o<\/strong> com ThingstodoinAmsterdam.com, Dani e Floris. O que come\u00e7ou no final de 2017 como escrever a partir de caf\u00e9s e s\u00f3t\u00e3os tornou-se agora o guia digital da cidade de Amesterd\u00e3o. Todos os meses, mais de <strong>54.589 visitantes \u00fanicos<\/strong> visitam ThingstodoinAmsterdam, e juntos <strong>visualizam 829.789 p\u00e1ginas<\/strong> (medido atrav\u00e9s do Google Analytics 2025).  <\/p>\n<p>Consulta j\u00e1 o nosso <a href=\"https:\/\/thingstodoinamsterdam.com\/wp-content\/uploads\/2026\/01\/ThingsToDo_Presentation_2026.pptx.pdf\">media kit para 2026<\/a>. Existem muitas possibilidades feitas \u00e0 medida. <\/p>\n<p>Colaborar connosco proporciona-te:<\/p>\n<ul>\n<li>Notoriedade da marca<\/li>\n<li>Novos visitantes relevantes<\/li>\n<li>Posi\u00e7\u00f5es mais elevadas no Google<\/li>\n<li>Mais receita.<\/li>\n<\/ul>\n<p>[\/vc_column_text][vc_single_image image=&#8221;2542251&#8243; img_size=&#8221;full&#8221; alignment=&#8221;center&#8221;][vc_column_text css=&#8221;&#8221;]<\/p>\n<h2 id=\"company-page\"><span class=\"ez-toc-section\" id=\"pagina-da-empresa\"><\/span>P\u00e1gina da empresa<span class=\"ez-toc-section-end\"><\/span><\/h2>\n<p>As p\u00e1ginas que melhor correspondem ao nosso p\u00fablico-alvo s\u00e3o as p\u00e1ginas de empresas. Nestas p\u00e1ginas, contamos a hist\u00f3ria sobre a tua empresa e podes facilmente entrar em contacto com o teu p\u00fablico-alvo. Estas p\u00e1ginas t\u00eam um bom desempenho no motor de busca, o que significa que, para al\u00e9m dos visitantes do nosso site, haver\u00e1 tamb\u00e9m tr\u00e1fego proveniente do motor de busca. Estas p\u00e1ginas s\u00e3o otimizadas e enriquecidas com fotografias, material de v\u00eddeo e dados estruturados.   <\/p>\n<p>Contacta-nos ou consulta o <a href=\"https:\/\/thingstodoinamsterdam.com\/wp-content\/uploads\/2026\/01\/ThingsToDo_Presentation_2026.pptx.pdf\">media kit de 2026<\/a> para mais informa\u00e7\u00f5es sobre p\u00e1ginas de empresas.<\/p>\n<h2 id=\"contact-us-for-a-customized-branded-content-proposal\"><span class=\"ez-toc-section\" id=\"contacta-nos-para-uma-proposta-de-conteudo-de-marca-personalizada\"><\/span>Contacta-nos para uma proposta de conte\u00fado de marca personalizada<span class=\"ez-toc-section-end\"><\/span><\/h2>\n<p>Para manter o conte\u00fado \u00fanico e envolvente para os nossos leitores, (quase) todas as colabora\u00e7\u00f5es com ThingstodoinAmsterdam s\u00e3o feitas \u00e0 medida. Por isso, preferimos sentar-nos contigo pessoalmente ou podemos agendar uma conversa para discutir uma estrat\u00e9gia. Mantemos um <strong>tom de voz claro<\/strong> no ThingstodoinAmsterdam, que tanto n\u00f3s como os nossos escritores habituais seguimos. Com <strong>mais de 19 anos de experi\u00eancia em marketing online<\/strong> nas \u00e1reas de SEO, Consultoria e Marketing de Afiliados, Dani e Floris conseguem rapidamente perceber como converter os teus objetivos de comunica\u00e7\u00e3o e marketing em conte\u00fado atrativo que gera resultados. Para oportunidades de publicidade, podes enviar um e-mail para bookings@thingstodoinamsterdam.com.    <\/p>\n<h2 id=\"want-to-know-more-\"><span class=\"ez-toc-section\" id=\"queres-saber-mais\"><\/span>Queres saber mais?<span class=\"ez-toc-section-end\"><\/span><\/h2>\n<p>Queres saber o que podemos fazer pela tua empresa e quais s\u00e3o os custos de anunciar no Things to do in Amsterdam? Ent\u00e3o envia um e-mail para bookings@thingstodoinamsterdam.com.[\/vc_column_text][\/vc_column][\/vc_row][vc_row equal_height=&#8221;yes&#8221;][vc_column width=&#8221;1\/2&#8243;][vc_single_image image=&#8221;2542214&#8243; img_size=&#8221;large&#8221; alignment=&#8221;center&#8221; style=&#8221;vc_box_circle_2&#8243;][vc_column_text]<\/p>\n<p style=\"text-align: center;\"><strong>Floris Broekmeulen<\/strong><\/p>\n<p>[\/vc_column_text][\/vc_column][vc_column width=&#8221;1\/2&#8243;][vc_single_image image=&#8221;2542213&#8243; img_size=&#8221;large&#8221; alignment=&#8221;center&#8221; style=&#8221;vc_box_circle_2&#8243;][vc_column_text]<\/p>\n<p style=\"text-align: center;\"><strong>Dani van Rooij<\/strong><\/p>\n<p>[\/vc_column_text][\/vc_column][\/vc_row][vc_row][vc_column][vc_column_text]<\/p>\n<h2><span class=\"ez-toc-section\" id=\"contacta-nos\"><\/span>Contacta-nos<span class=\"ez-toc-section-end\"><\/span><\/h2>\n<p>Para contacto direto, utiliza o formul\u00e1rio de contacto abaixo ou envia-nos um e-mail atrav\u00e9s de bookings[at]thingstodoinamsterdam.com e deixa-nos os teus dados de contacto. Entraremos em contacto contigo o mais rapidamente poss\u00edvel!<\/p>\n<div class=\"wpcf7 no-js\" id=\"wpcf7-f895-o1\" lang=\"\" dir=\"ltr\" data-wpcf7-id=\"895\">\n<div class=\"screen-reader-response\"><p role=\"status\" aria-live=\"polite\" aria-atomic=\"true\"><\/p> <ul><\/ul><\/div>\n<form action=\"\/pt-pt\/wp-json\/wp\/v2\/pages\/2542253#wpcf7-f895-o1\" method=\"post\" class=\"wpcf7-form init\" aria-label=\"Formul\u00e1rio de contacto\" novalidate=\"novalidate\" data-status=\"init\">\n<fieldset class=\"hidden-fields-container\"><input type=\"hidden\" name=\"_wpcf7\" value=\"895\" \/><input type=\"hidden\" name=\"_wpcf7_version\" value=\"6.1.5\" \/><input type=\"hidden\" name=\"_wpcf7_locale\" value=\"\" \/><input type=\"hidden\" name=\"_wpcf7_unit_tag\" value=\"wpcf7-f895-o1\" \/><input type=\"hidden\" name=\"_wpcf7_container_post\" value=\"0\" \/><input type=\"hidden\" name=\"_wpcf7_posted_data_hash\" value=\"\" \/>\n<\/fieldset>\n<p><label> Name:<br \/>\n<span class=\"wpcf7-form-control-wrap\" data-name=\"your-name\"><input size=\"40\" maxlength=\"400\" class=\"wpcf7-form-control wpcf7-text wpcf7-validates-as-required\" aria-required=\"true\" aria-invalid=\"false\" placeholder=\"Your Name\" value=\"\" type=\"text\" name=\"your-name\" \/><\/span> <\/label>\n<\/p>\n<p><label> Email Adress:<br \/>\n<span class=\"wpcf7-form-control-wrap\" data-name=\"your-email\"><input size=\"40\" maxlength=\"400\" class=\"wpcf7-form-control wpcf7-email wpcf7-validates-as-required wpcf7-text wpcf7-validates-as-email\" aria-required=\"true\" aria-invalid=\"false\" value=\"Your Email Adress\" type=\"email\" name=\"your-email\" \/><\/span> <\/label>\n<\/p>\n<p><label> Message:<br \/>\n<span class=\"wpcf7-form-control-wrap\" data-name=\"your-subject\"><input size=\"40\" maxlength=\"400\" class=\"wpcf7-form-control wpcf7-text\" aria-invalid=\"false\" placeholder=\"Your Message\" value=\"\" type=\"text\" name=\"your-subject\" \/><\/span> <\/label>\n<\/p>\n<p><label> Your Message<br \/>\n<span class=\"wpcf7-form-control-wrap\" data-name=\"your-message\"><textarea cols=\"40\" rows=\"10\" maxlength=\"2000\" class=\"wpcf7-form-control wpcf7-textarea wpcf7-validates-as-required\" aria-required=\"true\" aria-invalid=\"false\" name=\"your-message\"><\/textarea><\/span> <\/label>\n<\/p>\n<p><span class=\"wpcf7-form-control-wrap\" data-name=\"acceptance-433\"><span class=\"wpcf7-form-control wpcf7-acceptance\"><span class=\"wpcf7-list-item\"><label><input type=\"checkbox\" name=\"acceptance-433\" value=\"1\" aria-invalid=\"false\" \/><span class=\"wpcf7-list-item-label\">I accept the processing of my personal data and would like ThingstodoinAmsterdam.com to contact me<\/span><\/label><\/span><\/span><\/span>\n<\/p>\n<p><input class=\"wpcf7-form-control wpcf7-submit has-spinner\" type=\"submit\" value=\"Send Message\" \/>\n<\/p><p style=\"display: none !important;\" class=\"akismet-fields-container\" data-prefix=\"_wpcf7_ak_\"><label>&#916;<textarea name=\"_wpcf7_ak_hp_textarea\" cols=\"45\" rows=\"8\" maxlength=\"100\"><\/textarea><\/label><input type=\"hidden\" id=\"ak_js_1\" name=\"_wpcf7_ak_js\" value=\"25\"\/><script type=\"text\/javascript\">\n\/* <![CDATA[ *\/\ndocument.getElementById( \"ak_js_1\" ).setAttribute( \"value\", ( new Date() ).getTime() );\n\/* ]]> *\/\n<\/script>\n<\/p><div class=\"wpcf7-response-output\" aria-hidden=\"true\"><\/div>\n<\/form>\n<\/div>\n[\/vc_column_text][\/vc_column][\/vc_row][vc_row][vc_column][buttonsticky title=&#8221;e-mail para bookings@thingstodoinamsterdam.com&#8221; el_id=&#8221;1699002149496-6cf28cc4-67a5&#8243;][\/vc_column][\/vc_row]<\/p>\n<\/div>","protected":false},"excerpt":{"rendered":"<p>[vc_row][vc_column][vc_column_text css=&#8221;&#8221;] Colabora com ThingstodoinAmsterdam Que \u00f3timo que est\u00e1s interessado numa colabora\u00e7\u00e3o com ThingstodoinAmsterdam.com, Dani e Floris. O que come\u00e7ou no final de 2017 como\u2026<\/p>\n","protected":false},"author":33,"featured_media":2542252,"parent":0,"menu_order":0,"comment_status":"closed","ping_status":"closed","template":"","meta":{"footnotes":""},"class_list":["post-2542253","page","type-page","status-publish","has-post-thumbnail","hentry"],"yoast_head":"<!-- This site is optimized with the Yoast SEO plugin v27.5 - https:\/\/yoast.com\/product\/yoast-seo-wordpress\/ -->\n<title>Anunciar - ThingstodoinAmsterdam.com<\/title>\n<meta name=\"description\" content=\"Colabora connosco. Temos muitas op\u00e7\u00f5es para promover o teu neg\u00f3cio junto de milhares de pessoas que visitam Amesterd\u00e3o.\" \/>\n<meta name=\"robots\" content=\"index, follow, max-snippet:-1, max-image-preview:large, max-video-preview:-1\" \/>\n<link rel=\"canonical\" href=\"https:\/\/thingstodoinamsterdam.com\/pt-pt\/anunciar\/\" \/>\n<meta property=\"og:locale\" content=\"pt_PT\" \/>\n<meta property=\"og:type\" content=\"article\" \/>\n<meta property=\"og:title\" content=\"Anunciar - ThingstodoinAmsterdam.com\" \/>\n<meta property=\"og:description\" content=\"Colabora connosco. Temos muitas op\u00e7\u00f5es para promover o teu neg\u00f3cio junto de milhares de pessoas que visitam Amesterd\u00e3o.\" \/>\n<meta property=\"og:url\" content=\"https:\/\/thingstodoinamsterdam.com\/pt-pt\/anunciar\/\" \/>\n<meta property=\"og:site_name\" content=\"ThingstodoinAmsterdam.com\" \/>\n<meta property=\"article:publisher\" content=\"https:\/\/www.facebook.com\/thingstodoinamsterdamcom\" \/>\n<meta property=\"article:modified_time\" content=\"2026-04-25T16:47:48+00:00\" \/>\n<meta property=\"og:image\" content=\"https:\/\/thingstodoinamsterdam.com\/wp-content\/uploads\/2023\/08\/cropped-ThingsToDo_favicon.png\" \/>\n\t<meta property=\"og:image:width\" content=\"512\" \/>\n\t<meta property=\"og:image:height\" content=\"512\" \/>\n\t<meta property=\"og:image:type\" content=\"image\/png\" \/>\n<meta name=\"twitter:card\" content=\"summary_large_image\" \/>\n<meta name=\"twitter:label1\" content=\"Tempo estimado de leitura\" \/>\n\t<meta name=\"twitter:data1\" content=\"3 minutos\" \/>\n<script type=\"application\/ld+json\" class=\"yoast-schema-graph\">{\"@context\":\"https:\\\/\\\/schema.org\",\"@graph\":[{\"@type\":\"WebPage\",\"@id\":\"https:\\\/\\\/thingstodoinamsterdam.com\\\/pt-pt\\\/anunciar\\\/\",\"url\":\"https:\\\/\\\/thingstodoinamsterdam.com\\\/pt-pt\\\/anunciar\\\/\",\"name\":\"Anunciar - ThingstodoinAmsterdam.com\",\"isPartOf\":{\"@id\":\"https:\\\/\\\/thingstodoinamsterdam.com\\\/pt-pt\\\/#website\"},\"primaryImageOfPage\":{\"@id\":\"https:\\\/\\\/thingstodoinamsterdam.com\\\/pt-pt\\\/anunciar\\\/#primaryimage\"},\"image\":{\"@id\":\"https:\\\/\\\/thingstodoinamsterdam.com\\\/pt-pt\\\/anunciar\\\/#primaryimage\"},\"thumbnailUrl\":\"https:\\\/\\\/thingstodoinamsterdam.com\\\/wp-content\\\/uploads\\\/2023\\\/08\\\/cropped-ThingsToDo_favicon.png\",\"datePublished\":\"2026-04-25T16:47:42+00:00\",\"dateModified\":\"2026-04-25T16:47:48+00:00\",\"description\":\"Colabora connosco. Temos muitas op\u00e7\u00f5es para promover o teu neg\u00f3cio junto de milhares de pessoas que visitam Amesterd\u00e3o.\",\"breadcrumb\":{\"@id\":\"https:\\\/\\\/thingstodoinamsterdam.com\\\/pt-pt\\\/anunciar\\\/#breadcrumb\"},\"inLanguage\":\"pt-PT\",\"potentialAction\":[{\"@type\":\"ReadAction\",\"target\":[\"https:\\\/\\\/thingstodoinamsterdam.com\\\/pt-pt\\\/anunciar\\\/\"]}]},{\"@type\":\"ImageObject\",\"inLanguage\":\"pt-PT\",\"@id\":\"https:\\\/\\\/thingstodoinamsterdam.com\\\/pt-pt\\\/anunciar\\\/#primaryimage\",\"url\":\"https:\\\/\\\/thingstodoinamsterdam.com\\\/wp-content\\\/uploads\\\/2023\\\/08\\\/cropped-ThingsToDo_favicon.png\",\"contentUrl\":\"https:\\\/\\\/thingstodoinamsterdam.com\\\/wp-content\\\/uploads\\\/2023\\\/08\\\/cropped-ThingsToDo_favicon.png\",\"width\":512,\"height\":512},{\"@type\":\"BreadcrumbList\",\"@id\":\"https:\\\/\\\/thingstodoinamsterdam.com\\\/pt-pt\\\/anunciar\\\/#breadcrumb\",\"itemListElement\":[{\"@type\":\"ListItem\",\"position\":1,\"name\":\"Fazer em Amesterd\u00e3o\",\"item\":\"https:\\\/\\\/thingstodoinamsterdam.com\\\/pt-pt\\\/\"},{\"@type\":\"ListItem\",\"position\":2,\"name\":\"Anunciar\"}]},{\"@type\":\"WebSite\",\"@id\":\"https:\\\/\\\/thingstodoinamsterdam.com\\\/pt-pt\\\/#website\",\"url\":\"https:\\\/\\\/thingstodoinamsterdam.com\\\/pt-pt\\\/\",\"name\":\"ThingstodoinAmsterdam.com\",\"description\":\"Amsterdam&#039;s highlights and hidden secrets\",\"publisher\":{\"@id\":\"https:\\\/\\\/thingstodoinamsterdam.com\\\/pt-pt\\\/#organization\"},\"potentialAction\":[{\"@type\":\"SearchAction\",\"target\":{\"@type\":\"EntryPoint\",\"urlTemplate\":\"https:\\\/\\\/thingstodoinamsterdam.com\\\/pt-pt\\\/?s={search_term_string}\"},\"query-input\":{\"@type\":\"PropertyValueSpecification\",\"valueRequired\":true,\"valueName\":\"search_term_string\"}}],\"inLanguage\":\"pt-PT\"},{\"@type\":\"Organization\",\"@id\":\"https:\\\/\\\/thingstodoinamsterdam.com\\\/pt-pt\\\/#organization\",\"name\":\"Fazer em Amesterd\u00e3o\",\"url\":\"https:\\\/\\\/thingstodoinamsterdam.com\\\/pt-pt\\\/\",\"logo\":{\"@type\":\"ImageObject\",\"inLanguage\":\"pt-PT\",\"@id\":\"https:\\\/\\\/thingstodoinamsterdam.com\\\/pt-pt\\\/#\\\/schema\\\/logo\\\/image\\\/\",\"url\":\"https:\\\/\\\/thingstodoinamsterdam.com\\\/wp-content\\\/uploads\\\/2025\\\/02\\\/ThingsToDoInAmsterdam-Favicon-logo.png\",\"contentUrl\":\"https:\\\/\\\/thingstodoinamsterdam.com\\\/wp-content\\\/uploads\\\/2025\\\/02\\\/ThingsToDoInAmsterdam-Favicon-logo.png\",\"width\":512,\"height\":512,\"caption\":\"Fazer em Amesterd\u00e3o\"},\"image\":{\"@id\":\"https:\\\/\\\/thingstodoinamsterdam.com\\\/pt-pt\\\/#\\\/schema\\\/logo\\\/image\\\/\"},\"sameAs\":[\"https:\\\/\\\/www.facebook.com\\\/thingstodoinamsterdamcom\"]}]}<\/script>\n<!-- \/ Yoast SEO plugin. -->","yoast_head_json":{"title":"Anunciar - ThingstodoinAmsterdam.com","description":"Colabora connosco. Temos muitas op\u00e7\u00f5es para promover o teu neg\u00f3cio junto de milhares de pessoas que visitam Amesterd\u00e3o.","robots":{"index":"index","follow":"follow","max-snippet":"max-snippet:-1","max-image-preview":"max-image-preview:large","max-video-preview":"max-video-preview:-1"},"canonical":"https:\/\/thingstodoinamsterdam.com\/pt-pt\/anunciar\/","og_locale":"pt_PT","og_type":"article","og_title":"Anunciar - ThingstodoinAmsterdam.com","og_description":"Colabora connosco. Temos muitas op\u00e7\u00f5es para promover o teu neg\u00f3cio junto de milhares de pessoas que visitam Amesterd\u00e3o.","og_url":"https:\/\/thingstodoinamsterdam.com\/pt-pt\/anunciar\/","og_site_name":"ThingstodoinAmsterdam.com","article_publisher":"https:\/\/www.facebook.com\/thingstodoinamsterdamcom","article_modified_time":"2026-04-25T16:47:48+00:00","og_image":[{"width":512,"height":512,"url":"https:\/\/thingstodoinamsterdam.com\/wp-content\/uploads\/2023\/08\/cropped-ThingsToDo_favicon.png","type":"image\/png"}],"twitter_card":"summary_large_image","twitter_misc":{"Tempo estimado de leitura":"3 minutos"},"schema":{"@context":"https:\/\/schema.org","@graph":[{"@type":"WebPage","@id":"https:\/\/thingstodoinamsterdam.com\/pt-pt\/anunciar\/","url":"https:\/\/thingstodoinamsterdam.com\/pt-pt\/anunciar\/","name":"Anunciar - ThingstodoinAmsterdam.com","isPartOf":{"@id":"https:\/\/thingstodoinamsterdam.com\/pt-pt\/#website"},"primaryImageOfPage":{"@id":"https:\/\/thingstodoinamsterdam.com\/pt-pt\/anunciar\/#primaryimage"},"image":{"@id":"https:\/\/thingstodoinamsterdam.com\/pt-pt\/anunciar\/#primaryimage"},"thumbnailUrl":"https:\/\/thingstodoinamsterdam.com\/wp-content\/uploads\/2023\/08\/cropped-ThingsToDo_favicon.png","datePublished":"2026-04-25T16:47:42+00:00","dateModified":"2026-04-25T16:47:48+00:00","description":"Colabora connosco. Temos muitas op\u00e7\u00f5es para promover o teu neg\u00f3cio junto de milhares de pessoas que visitam Amesterd\u00e3o.","breadcrumb":{"@id":"https:\/\/thingstodoinamsterdam.com\/pt-pt\/anunciar\/#breadcrumb"},"inLanguage":"pt-PT","potentialAction":[{"@type":"ReadAction","target":["https:\/\/thingstodoinamsterdam.com\/pt-pt\/anunciar\/"]}]},{"@type":"ImageObject","inLanguage":"pt-PT","@id":"https:\/\/thingstodoinamsterdam.com\/pt-pt\/anunciar\/#primaryimage","url":"https:\/\/thingstodoinamsterdam.com\/wp-content\/uploads\/2023\/08\/cropped-ThingsToDo_favicon.png","contentUrl":"https:\/\/thingstodoinamsterdam.com\/wp-content\/uploads\/2023\/08\/cropped-ThingsToDo_favicon.png","width":512,"height":512},{"@type":"BreadcrumbList","@id":"https:\/\/thingstodoinamsterdam.com\/pt-pt\/anunciar\/#breadcrumb","itemListElement":[{"@type":"ListItem","position":1,"name":"Fazer em Amesterd\u00e3o","item":"https:\/\/thingstodoinamsterdam.com\/pt-pt\/"},{"@type":"ListItem","position":2,"name":"Anunciar"}]},{"@type":"WebSite","@id":"https:\/\/thingstodoinamsterdam.com\/pt-pt\/#website","url":"https:\/\/thingstodoinamsterdam.com\/pt-pt\/","name":"ThingstodoinAmsterdam.com","description":"Amsterdam&#039;s highlights and hidden secrets","publisher":{"@id":"https:\/\/thingstodoinamsterdam.com\/pt-pt\/#organization"},"potentialAction":[{"@type":"SearchAction","target":{"@type":"EntryPoint","urlTemplate":"https:\/\/thingstodoinamsterdam.com\/pt-pt\/?s={search_term_string}"},"query-input":{"@type":"PropertyValueSpecification","valueRequired":true,"valueName":"search_term_string"}}],"inLanguage":"pt-PT"},{"@type":"Organization","@id":"https:\/\/thingstodoinamsterdam.com\/pt-pt\/#organization","name":"Fazer em Amesterd\u00e3o","url":"https:\/\/thingstodoinamsterdam.com\/pt-pt\/","logo":{"@type":"ImageObject","inLanguage":"pt-PT","@id":"https:\/\/thingstodoinamsterdam.com\/pt-pt\/#\/schema\/logo\/image\/","url":"https:\/\/thingstodoinamsterdam.com\/wp-content\/uploads\/2025\/02\/ThingsToDoInAmsterdam-Favicon-logo.png","contentUrl":"https:\/\/thingstodoinamsterdam.com\/wp-content\/uploads\/2025\/02\/ThingsToDoInAmsterdam-Favicon-logo.png","width":512,"height":512,"caption":"Fazer em Amesterd\u00e3o"},"image":{"@id":"https:\/\/thingstodoinamsterdam.com\/pt-pt\/#\/schema\/logo\/image\/"},"sameAs":["https:\/\/www.facebook.com\/thingstodoinamsterdamcom"]}]}},"_links":{"self":[{"href":"https:\/\/thingstodoinamsterdam.com\/pt-pt\/wp-json\/wp\/v2\/pages\/2542253","targetHints":{"allow":["GET"]}}],"collection":[{"href":"https:\/\/thingstodoinamsterdam.com\/pt-pt\/wp-json\/wp\/v2\/pages"}],"about":[{"href":"https:\/\/thingstodoinamsterdam.com\/pt-pt\/wp-json\/wp\/v2\/types\/page"}],"author":[{"embeddable":true,"href":"https:\/\/thingstodoinamsterdam.com\/pt-pt\/wp-json\/wp\/v2\/users\/33"}],"replies":[{"embeddable":true,"href":"https:\/\/thingstodoinamsterdam.com\/pt-pt\/wp-json\/wp\/v2\/comments?post=2542253"}],"version-history":[{"count":5,"href":"https:\/\/thingstodoinamsterdam.com\/pt-pt\/wp-json\/wp\/v2\/pages\/2542253\/revisions"}],"predecessor-version":[{"id":2542259,"href":"https:\/\/thingstodoinamsterdam.com\/pt-pt\/wp-json\/wp\/v2\/pages\/2542253\/revisions\/2542259"}],"wp:featuredmedia":[{"embeddable":true,"href":"https:\/\/thingstodoinamsterdam.com\/pt-pt\/wp-json\/wp\/v2\/media\/2542252"}],"wp:attachment":[{"href":"https:\/\/thingstodoinamsterdam.com\/pt-pt\/wp-json\/wp\/v2\/media?parent=2542253"}],"curies":[{"name":"wp","href":"https:\/\/api.w.org\/{rel}","templated":true}]}}