{"id":2542547,"date":"2026-05-08T14:26:08","date_gmt":"2026-05-08T12:26:08","guid":{"rendered":"https:\/\/thingstodoinamsterdam.com\/de-poezenboot-o-barco-dos-gatos\/"},"modified":"2026-05-08T14:26:11","modified_gmt":"2026-05-08T12:26:11","slug":"de-poezenboot-o-barco-dos-gatos","status":"publish","type":"page","link":"https:\/\/thingstodoinamsterdam.com\/pt-pt\/de-poezenboot-o-barco-dos-gatos\/","title":{"rendered":"De poezenboot (O Barco dos Gatos)"},"content":{"rendered":"<div class=\"wpb-content-wrapper\"><p>[vc_row][vc_column width=&#8221;2\/3&#8243;][vc_column_text]Quem j\u00e1 esteve em Amesterd\u00e3o sabe que a cidade gira em torno de canais e casas flutuantes. O De Poezenboot \u00e9 uma casa flutuante \u00fanica que foi transformada num abrigo de animais. \u00c9 gerido por volunt\u00e1rios com um grande amor pelos animais e pelos gatos. Como deves imaginar, nem vamos perder tempo a explicar qu\u00e3o \u00fanico \u00e9 um para\u00edso flutuante para gatos. O melhor de tudo \u00e9 que o De Poezenboot est\u00e1 aberto ao p\u00fablico. Por isso, se \u00e9s um amante de gatos de visita a Amesterd\u00e3o e procuras um momento relaxante longe da agita\u00e7\u00e3o da cidade, visita o De Poezenboot Catboat. N\u00e3o existe taxa de entrada, mas, claro, vais querer deixar um donativo para manter os gatos secos e felizes!      <\/p><div id=\"ez-toc-container\" class=\"ez-toc-v2_0_82_2 counter-hierarchy ez-toc-counter ez-toc-custom ez-toc-container-direction\">\n<div class=\"ez-toc-title-container\">\n<span class=\"ez-toc-title-toggle\"><a href=\"#\" class=\"ez-toc-pull-right ez-toc-btn ez-toc-btn-xs ez-toc-btn-default ez-toc-toggle\" aria-label=\"Toggle Table of Content\"><span class=\"ez-toc-js-icon-con\"><span class=\"\"><span class=\"eztoc-hide\" style=\"display:none;\">Toggle<\/span><span class=\"ez-toc-icon-toggle-span\"><svg style=\"fill: #999;color:#999\" xmlns=\"http:\/\/www.w3.org\/2000\/svg\" class=\"list-377408\" width=\"20px\" height=\"20px\" viewBox=\"0 0 24 24\" fill=\"none\"><path d=\"M6 6H4v2h2V6zm14 0H8v2h12V6zM4 11h2v2H4v-2zm16 0H8v2h12v-2zM4 16h2v2H4v-2zm16 0H8v2h12v-2z\" fill=\"currentColor\"><\/path><\/svg><svg style=\"fill: #999;color:#999\" class=\"arrow-unsorted-368013\" xmlns=\"http:\/\/www.w3.org\/2000\/svg\" width=\"10px\" height=\"10px\" viewBox=\"0 0 24 24\" version=\"1.2\" baseProfile=\"tiny\"><path d=\"M18.2 9.3l-6.2-6.3-6.2 6.3c-.2.2-.3.4-.3.7s.1.5.3.7c.2.2.4.3.7.3h11c.3 0 .5-.1.7-.3.2-.2.3-.5.3-.7s-.1-.5-.3-.7zM5.8 14.7l6.2 6.3 6.2-6.3c.2-.2.3-.5.3-.7s-.1-.5-.3-.7c-.2-.2-.4-.3-.7-.3h-11c-.3 0-.5.1-.7.3-.2.2-.3.5-.3.7s.1.5.3.7z\"\/><\/svg><\/span><\/span><\/span><\/a><\/span><\/div>\n<nav><ul class='ez-toc-list ez-toc-list-level-1 ' ><li class='ez-toc-page-1 ez-toc-heading-level-2'><a class=\"ez-toc-link ez-toc-heading-1\" href=\"https:\/\/thingstodoinamsterdam.com\/pt-pt\/de-poezenboot-o-barco-dos-gatos\/#historia-do-de-poezenboot\" >Hist\u00f3ria do De Poezenboot<\/a><\/li><li class='ez-toc-page-1 ez-toc-heading-level-2'><a class=\"ez-toc-link ez-toc-heading-2\" href=\"https:\/\/thingstodoinamsterdam.com\/pt-pt\/de-poezenboot-o-barco-dos-gatos\/#horario-de-funcionamento-do-poezenboot\" >Hor\u00e1rio de funcionamento do Poezenboot<\/a><\/li><li class='ez-toc-page-1 ez-toc-heading-level-2'><a class=\"ez-toc-link ez-toc-heading-3\" href=\"https:\/\/thingstodoinamsterdam.com\/pt-pt\/de-poezenboot-o-barco-dos-gatos\/#bilhetes-e-precos\" >Bilhetes e pre\u00e7os<\/a><\/li><li class='ez-toc-page-1 ez-toc-heading-level-2'><a class=\"ez-toc-link ez-toc-heading-4\" href=\"https:\/\/thingstodoinamsterdam.com\/pt-pt\/de-poezenboot-o-barco-dos-gatos\/#morada-informacoes-de-contacto-e-rota\" >Morada, informa\u00e7\u00f5es de contacto e rota<\/a><\/li><\/ul><\/nav><\/div>\n\n<p><em><strong>Atualiza\u00e7\u00e3o: ap\u00f3s 45 anos de servi\u00e7o, o antigo Poezenboot vai reformar-se. Com a ajuda de volunt\u00e1rios e donativos, est\u00e1 a ser constru\u00eddo um novo abrigo flutuante. Como podes imaginar, isto custa muito dinheiro e esfor\u00e7o. Qualquer <a href=\"https:\/\/www.denieuwepoezenboot.nl\/the-new-amsterdam-catboat\/\">apoio \u00e9 bem-vindo, consulta este site para ajudar<\/a>.   <\/strong><\/em>[\/vc_column_text][\/vc_column][vc_column width=&#8221;1\/3&#8243;][vc_single_image image=&#8221;2542545&#8243; img_size=&#8221;full&#8221; alignment=&#8221;center&#8221; onclick=&#8221;link_image&#8221;][\/vc_column][\/vc_row][vc_row][vc_column][vc_column_text css=&#8221;&#8221;]<\/p>\n<h2><span class=\"ez-toc-section\" id=\"historia-do-de-poezenboot\"><\/span>Hist\u00f3ria do De Poezenboot<span class=\"ez-toc-section-end\"><\/span><\/h2>\n<p>A hist\u00f3ria do \u201cDe Poezenboot\u201d ou O Barco dos Gatos remonta a 1966, quando a fundadora Henriette van Weelde encontrou uma fam\u00edlia de gatos sem abrigo a procurar ref\u00fagio debaixo de uma \u00e1rvore. Decidiu levar os gatos consigo e cuidar deles na sua casa no Herengracht. Pouco depois dessa primeira fam\u00edlia de gatos, seguiu-se outro gato vadio. Antes que Henriette se desse conta, os boatos espalharam-se e as pessoas come\u00e7aram a levar-lhe gatos de que j\u00e1 n\u00e3o podiam cuidar. Em 1968, Henriette j\u00e1 era conhecida como \u201ca senhora dos gatos\u201d e precisava de cada canto da sua casa para alojar todos os felinos. A certa altura, toda a sua casa, jardim e terra\u00e7o estavam repletos de gatos, e as pessoas continuavam a trazer novos. Henriette precisava de uma solu\u00e7\u00e3o, e encontrou-a apenas ao olhar pela janela. Ao observar uma casa flutuante no Herengracht, surgiu a ideia de usar uma como abrigo para os seus gatos. Foi adquirida uma antiga barca\u00e7a \u00e0 vela holandesa e, com a ajuda de volunt\u00e1rios, o interior foi reconstru\u00eddo para se adaptar \u00e0 sua nova fun\u00e7\u00e3o: um abrigo flutuante para gatos.         O barco serviu este prop\u00f3sito durante mais de uma d\u00e9cada at\u00e9 ser substitu\u00eddo em 1979.<\/p>\n<p>Infelizmente, Henriette faleceu em 2005. No entanto, o seu trabalho continua a ser realizado por alguns volunt\u00e1rios leais sob a lideran\u00e7a da amiga pr\u00f3xima de Henriette, Judith. Um grande aplauso para eles!  <\/p>\n<p><img decoding=\"async\" class=\"wp-image-2794 size-full aligncenter\" src=\"https:\/\/thingstodoinamsterdam.com\/wp-content\/uploads\/2019\/08\/The-Catboat-judith-300x225.jpg\" alt=\"\" width=\"300\" height=\"225\">[\/vc_column_text][vc_column_text]<img decoding=\"async\" class=\"size-full wp-image-2609 aligncenter\" src=\"https:\/\/thingstodoinamsterdam.com\/wp-content\/uploads\/2019\/08\/The-Catboat-rebel.jpg\" alt=\"\" width=\"900\" height=\"600\"><\/p>\n<p style=\"text-align: center;\">\u00c9 uma vida dif\u00edcil no The Catboat!<\/p>\n<p style=\"text-align: center;\"><img decoding=\"async\" class=\"aligncenter size-full wp-image-2610\" src=\"https:\/\/thingstodoinamsterdam.com\/wp-content\/uploads\/2019\/08\/The-Catboat-rooie.jpg\" alt=\"\" width=\"900\" height=\"675\"><\/p>\n<p style=\"text-align: center;\">Apenas a relaxar<\/p>\n<p style=\"text-align: center;\"><img decoding=\"async\" class=\"aligncenter size-full wp-image-2579\" src=\"https:\/\/thingstodoinamsterdam.com\/wp-content\/uploads\/2019\/08\/Catboat-feeding.jpg\" alt=\"\" width=\"900\" height=\"675\"><\/p>\n<p style=\"text-align: center;\">Aquela hora do dia em que todos os gatos acordam por um momento<\/p>\n<p style=\"text-align: center;\"><img decoding=\"async\" class=\"aligncenter size-full wp-image-2608\" src=\"https:\/\/thingstodoinamsterdam.com\/wp-content\/uploads\/2019\/08\/The-Catboat-mr-big.jpg\" alt=\"\" width=\"900\" height=\"675\">O Mr. Big adora relaxar ao sol!<\/p>\n<p>[\/vc_column_text][vc_column_text]<\/p>\n<h2><span class=\"ez-toc-section\" id=\"horario-de-funcionamento-do-poezenboot\"><\/span>Hor\u00e1rio de funcionamento do Poezenboot<span class=\"ez-toc-section-end\"><\/span><\/h2>\n<p>O The Catboat est\u00e1 aberto a visitas tr\u00eas dias por semana. No entanto, o seu hor\u00e1rio de funcionamento \u00e9 limitado porque depende inteiramente de volunt\u00e1rios. <\/p>\n<table style=\"width: 100%;\">\n<tbody>\n<tr>\n<td>Segunda-feira<\/td>\n<td>Encerrado<\/td>\n<\/tr>\n<tr>\n<td>Ter\u00e7a-feira<\/td>\n<td>13:00 &#8211; 15:00<\/td>\n<\/tr>\n<tr>\n<td>Quarta-feira<\/td>\n<td>Encerrado<\/td>\n<\/tr>\n<tr>\n<td>Quinta-feira<\/td>\n<td>Encerrado<\/td>\n<\/tr>\n<tr>\n<td>Sexta-feira<\/td>\n<td>13:00 &#8211; 15:00<\/td>\n<\/tr>\n<tr>\n<td>S\u00e1bado<\/td>\n<td>13:00 &#8211; 15:00<\/td>\n<\/tr>\n<tr>\n<td>Domingo<\/td>\n<td>Encerrado<\/td>\n<\/tr>\n<\/tbody>\n<\/table>\n<p>[\/vc_column_text][vc_column_text]<\/p>\n<h2><span class=\"ez-toc-section\" id=\"bilhetes-e-precos\"><\/span>Bilhetes e pre\u00e7os<span class=\"ez-toc-section-end\"><\/span><\/h2>\n<p>Visitar o The Catboat (De Poezenboot) \u00e9 completamente gratuito. No entanto, sabemos que vais deixar um<strong> donativo generoso, <\/strong>tal como n\u00f3s fizemos, para que os volunt\u00e1rios possam continuar o bom trabalho! <\/p>\n<p>Outras atividades relacionadas com animais em Amesterd\u00e3o incluem uma <a href=\"https:\/\/thingstodoinamsterdam.com\/artis-zoo\/\">visita ao Artis<\/a> ou ao <a href=\"https:\/\/thingstodoinamsterdam.com\/museum-amsterdam\/kattenkabinet\/\">Kattenkabinet<\/a>.[\/vc_column_text][vc_column_text]<\/p>\n<h2><span class=\"ez-toc-section\" id=\"morada-informacoes-de-contacto-e-rota\"><\/span>Morada, informa\u00e7\u00f5es de contacto e rota<span class=\"ez-toc-section-end\"><\/span><\/h2>\n<p>O The Catboat situa-se logo no in\u00edcio do Singel. Podes caminhar at\u00e9 l\u00e1 a partir da Esta\u00e7\u00e3o Central em poucos minutos. Se sa\u00edres da <a href=\"https:\/\/thingstodoinamsterdam.com\/transport\/amsterdam-central-station\/\">Esta\u00e7\u00e3o Central<\/a> pela parte da frente, basta manteres-te \u00e0 direita at\u00e9 chegares ao primeiro canal. O barco dos gatos localiza-se no lado direito da \u00e1gua.   <\/p>\n<p><strong>Morada<\/strong><br \/>\nDe Poezenboot &#8211; The Catboat<br \/>\nSingel 38.G<br \/>\n1015 AB Amesterd\u00e3o<br \/>\nPa\u00edses Baixos<br \/>\n+31 (0) 20 625 8794<br \/>\n<a href=\"http:\/\/depoezenboot.nl\/en\/\">http:\/\/depoezenboot.nl\/en\/<\/a>[\/vc_column_text][g_map heading=&#8221;The Catboat Amsterdam&#8221; el_id=&#8221;1565338426982-f62d40ab-f6d7&#8243;]<iframe style=\"border: 0;\" src=\"https:\/\/www.google.com\/maps\/embed?pb=!1m18!1m12!1m3!1d2435.57417675237!2d4.8909062155863126!3d52.378140854485345!2m3!1f0!2f0!3f0!3m2!1i1024!2i768!4f13.1!3m3!1m2!1s0x47c609c889013aad%3A0x22fbd4af1537b2e6!2sPoezenboot!5e0!3m2!1sen!2snl!4v1487438763120\" width=\"600\" height=\"450\" frameborder=\"0\" allowfullscreen=\"allowfullscreen\"><\/iframe>[\/g_map][\/vc_column][\/vc_row][vc_row][vc_column][reviews heading=&#8221;Avalia\u00e7\u00f5es do De Poezenboot&#8221; description=&#8221;Gostaste de conhecer o \u00fanico abrigo flutuante para gatos do mundo? Recomendarias uma visita enquanto estiveres em Amesterd\u00e3o? Deixa a tua avalia\u00e7\u00e3o abaixo.  &#8221; item_name=&#8221;Poezenboot&#8221; item_image=&#8221;1575&#8243; item_web=&#8221;http:\/\/depoezenboot.nl\/&#8221; item_address=&#8221;Singel 38G&#8221; item_city=&#8221;Amsterdam&#8221; item_postal_code=&#8221;1015 AB&#8221; item_country=&#8221;NL&#8221; el_id=&#8221;1565340080872-32660518-7713&#8243;][\/reviews][vc_column_text]<strong>D\u00e1 uma vista de olhos a um dos seguintes museus abaixo ou volta \u00e0 p\u00e1gina geral de <a href=\"https:\/\/thingstodoinamsterdam.com\/museum-amsterdam\/\">museus de Amesterd\u00e3o<\/a>.<\/strong>[\/vc_column_text][\/vc_column][\/vc_row][vc_row][vc_column][promo_block style_var=&#8221;style2&#8243; el_id=&#8221;1565340218783-2884dd7c-107e&#8221;][promo link=&#8221;url:https%3A%2F%2Fthingstodoinamsterdam.com%2Fartis-zoo%2F|title:Jardim%20Zool%C3%B3gico%20Artis|&#8221; text=&#8221;Visita um dos jardins zool\u00f3gicos mais antigos e charmosos da Europa!&#8221; img=&#8221;84&#8243;][promo link=&#8221;url:https%3A%2F%2Fthingstodoinamsterdam.com%2Fcanal-cruise%2F|title:Cruzeiros%20pelos%20canais|&#8221; text=&#8221;Admira Amesterd\u00e3o a partir dos seus belos canais&#8221; img=&#8221;13723&#8243;][promo link=&#8221;url:https%3A%2F%2Fthingstodoinamsterdam.com%2Fmuseum-amsterdam%2Fvan-gogh-museum%2F|title:Museu%20Van%20Gogh|&#8221; text=&#8221;Descobre as obras ic\u00f3nicas de Van Gogh&#8221; img=&#8221;591&#8243;][\/promo_block][\/vc_column][\/vc_row]<\/p>\n<\/div>","protected":false},"excerpt":{"rendered":"<p>[vc_row][vc_column width=&#8221;2\/3&#8243;][vc_column_text]Quem j\u00e1 esteve em Amesterd\u00e3o sabe que a cidade gira em torno de canais e casas flutuantes. O De Poezenboot \u00e9 uma casa flutuante\u2026<\/p>\n","protected":false},"author":1,"featured_media":2542546,"parent":0,"menu_order":0,"comment_status":"closed","ping_status":"closed","template":"","meta":{"footnotes":""},"class_list":["post-2542547","page","type-page","status-publish","has-post-thumbnail","hentry"],"yoast_head":"<!-- This site is optimized with the Yoast SEO plugin v27.5 - https:\/\/yoast.com\/product\/yoast-seo-wordpress\/ -->\n<title>The Catboat - De Poezenboot em Amesterd\u00e3o - thingstodoinamsterdam.com<\/title>\n<meta name=\"description\" content=\"Visita o The Catboat em Amesterd\u00e3o. O \u00fanico abrigo flutuante para gatos no mundo. V\u00ea aqui fotos, hor\u00e1rios de funcionamento e avalia\u00e7\u00f5es!\" \/>\n<meta name=\"robots\" content=\"index, follow, max-snippet:-1, max-image-preview:large, max-video-preview:-1\" \/>\n<link rel=\"canonical\" href=\"https:\/\/thingstodoinamsterdam.com\/pt-pt\/de-poezenboot-o-barco-dos-gatos\/\" \/>\n<meta property=\"og:locale\" content=\"pt_PT\" \/>\n<meta property=\"og:type\" content=\"article\" \/>\n<meta property=\"og:title\" content=\"The Catboat - De Poezenboot em Amesterd\u00e3o - thingstodoinamsterdam.com\" \/>\n<meta property=\"og:description\" content=\"Visita o The Catboat em Amesterd\u00e3o. O \u00fanico abrigo flutuante para gatos no mundo. V\u00ea aqui fotos, hor\u00e1rios de funcionamento e avalia\u00e7\u00f5es!\" \/>\n<meta property=\"og:url\" content=\"https:\/\/thingstodoinamsterdam.com\/pt-pt\/de-poezenboot-o-barco-dos-gatos\/\" \/>\n<meta property=\"og:site_name\" content=\"ThingstodoinAmsterdam.com\" \/>\n<meta property=\"article:publisher\" content=\"https:\/\/www.facebook.com\/thingstodoinamsterdamcom\" \/>\n<meta property=\"article:modified_time\" content=\"2026-05-08T12:26:11+00:00\" \/>\n<meta property=\"og:image\" content=\"https:\/\/thingstodoinamsterdam.com\/wp-content\/uploads\/2019\/08\/The-Catboat-judith-300x225.jpg\" \/>\n\t<meta property=\"og:image:width\" content=\"300\" \/>\n\t<meta property=\"og:image:height\" content=\"225\" \/>\n\t<meta property=\"og:image:type\" content=\"image\/jpeg\" \/>\n<meta name=\"twitter:card\" content=\"summary_large_image\" \/>\n<meta name=\"twitter:label1\" content=\"Tempo estimado de leitura\" \/>\n\t<meta name=\"twitter:data1\" content=\"5 minutos\" \/>\n<script type=\"application\/ld+json\" class=\"yoast-schema-graph\">{\"@context\":\"https:\\\/\\\/schema.org\",\"@graph\":[{\"@type\":\"WebPage\",\"@id\":\"https:\\\/\\\/thingstodoinamsterdam.com\\\/pt-pt\\\/de-poezenboot-o-barco-dos-gatos\\\/\",\"url\":\"https:\\\/\\\/thingstodoinamsterdam.com\\\/pt-pt\\\/de-poezenboot-o-barco-dos-gatos\\\/\",\"name\":\"The Catboat - De Poezenboot em Amesterd\u00e3o - thingstodoinamsterdam.com\",\"isPartOf\":{\"@id\":\"https:\\\/\\\/thingstodoinamsterdam.com\\\/pt-pt\\\/#website\"},\"primaryImageOfPage\":{\"@id\":\"https:\\\/\\\/thingstodoinamsterdam.com\\\/pt-pt\\\/de-poezenboot-o-barco-dos-gatos\\\/#primaryimage\"},\"image\":{\"@id\":\"https:\\\/\\\/thingstodoinamsterdam.com\\\/pt-pt\\\/de-poezenboot-o-barco-dos-gatos\\\/#primaryimage\"},\"thumbnailUrl\":\"https:\\\/\\\/thingstodoinamsterdam.com\\\/wp-content\\\/uploads\\\/2019\\\/08\\\/The-Catboat-judith-300x225.jpg\",\"datePublished\":\"2026-05-08T12:26:08+00:00\",\"dateModified\":\"2026-05-08T12:26:11+00:00\",\"description\":\"Visita o The Catboat em Amesterd\u00e3o. O \u00fanico abrigo flutuante para gatos no mundo. V\u00ea aqui fotos, hor\u00e1rios de funcionamento e avalia\u00e7\u00f5es!\",\"breadcrumb\":{\"@id\":\"https:\\\/\\\/thingstodoinamsterdam.com\\\/pt-pt\\\/de-poezenboot-o-barco-dos-gatos\\\/#breadcrumb\"},\"inLanguage\":\"pt-PT\",\"potentialAction\":[{\"@type\":\"ReadAction\",\"target\":[\"https:\\\/\\\/thingstodoinamsterdam.com\\\/pt-pt\\\/de-poezenboot-o-barco-dos-gatos\\\/\"]}]},{\"@type\":\"ImageObject\",\"inLanguage\":\"pt-PT\",\"@id\":\"https:\\\/\\\/thingstodoinamsterdam.com\\\/pt-pt\\\/de-poezenboot-o-barco-dos-gatos\\\/#primaryimage\",\"url\":\"https:\\\/\\\/thingstodoinamsterdam.com\\\/wp-content\\\/uploads\\\/2019\\\/08\\\/The-Catboat-judith-300x225.jpg\",\"contentUrl\":\"https:\\\/\\\/thingstodoinamsterdam.com\\\/wp-content\\\/uploads\\\/2019\\\/08\\\/The-Catboat-judith-300x225.jpg\",\"width\":300,\"height\":225},{\"@type\":\"BreadcrumbList\",\"@id\":\"https:\\\/\\\/thingstodoinamsterdam.com\\\/pt-pt\\\/de-poezenboot-o-barco-dos-gatos\\\/#breadcrumb\",\"itemListElement\":[{\"@type\":\"ListItem\",\"position\":1,\"name\":\"Fazer em Amesterd\u00e3o\",\"item\":\"https:\\\/\\\/thingstodoinamsterdam.com\\\/pt-pt\\\/\"},{\"@type\":\"ListItem\",\"position\":2,\"name\":\"De poezenboot (O Barco dos Gatos)\"}]},{\"@type\":\"WebSite\",\"@id\":\"https:\\\/\\\/thingstodoinamsterdam.com\\\/pt-pt\\\/#website\",\"url\":\"https:\\\/\\\/thingstodoinamsterdam.com\\\/pt-pt\\\/\",\"name\":\"ThingstodoinAmsterdam.com\",\"description\":\"Amsterdam&#039;s highlights and hidden secrets\",\"publisher\":{\"@id\":\"https:\\\/\\\/thingstodoinamsterdam.com\\\/pt-pt\\\/#organization\"},\"potentialAction\":[{\"@type\":\"SearchAction\",\"target\":{\"@type\":\"EntryPoint\",\"urlTemplate\":\"https:\\\/\\\/thingstodoinamsterdam.com\\\/pt-pt\\\/?s={search_term_string}\"},\"query-input\":{\"@type\":\"PropertyValueSpecification\",\"valueRequired\":true,\"valueName\":\"search_term_string\"}}],\"inLanguage\":\"pt-PT\"},{\"@type\":\"Organization\",\"@id\":\"https:\\\/\\\/thingstodoinamsterdam.com\\\/pt-pt\\\/#organization\",\"name\":\"Fazer em Amesterd\u00e3o\",\"url\":\"https:\\\/\\\/thingstodoinamsterdam.com\\\/pt-pt\\\/\",\"logo\":{\"@type\":\"ImageObject\",\"inLanguage\":\"pt-PT\",\"@id\":\"https:\\\/\\\/thingstodoinamsterdam.com\\\/pt-pt\\\/#\\\/schema\\\/logo\\\/image\\\/\",\"url\":\"https:\\\/\\\/thingstodoinamsterdam.com\\\/wp-content\\\/uploads\\\/2025\\\/02\\\/ThingsToDoInAmsterdam-Favicon-logo.png\",\"contentUrl\":\"https:\\\/\\\/thingstodoinamsterdam.com\\\/wp-content\\\/uploads\\\/2025\\\/02\\\/ThingsToDoInAmsterdam-Favicon-logo.png\",\"width\":512,\"height\":512,\"caption\":\"Fazer em Amesterd\u00e3o\"},\"image\":{\"@id\":\"https:\\\/\\\/thingstodoinamsterdam.com\\\/pt-pt\\\/#\\\/schema\\\/logo\\\/image\\\/\"},\"sameAs\":[\"https:\\\/\\\/www.facebook.com\\\/thingstodoinamsterdamcom\"]}]}<\/script>\n<!-- \/ Yoast SEO plugin. -->","yoast_head_json":{"title":"The Catboat - De Poezenboot em Amesterd\u00e3o - thingstodoinamsterdam.com","description":"Visita o The Catboat em Amesterd\u00e3o. O \u00fanico abrigo flutuante para gatos no mundo. V\u00ea aqui fotos, hor\u00e1rios de funcionamento e avalia\u00e7\u00f5es!","robots":{"index":"index","follow":"follow","max-snippet":"max-snippet:-1","max-image-preview":"max-image-preview:large","max-video-preview":"max-video-preview:-1"},"canonical":"https:\/\/thingstodoinamsterdam.com\/pt-pt\/de-poezenboot-o-barco-dos-gatos\/","og_locale":"pt_PT","og_type":"article","og_title":"The Catboat - De Poezenboot em Amesterd\u00e3o - thingstodoinamsterdam.com","og_description":"Visita o The Catboat em Amesterd\u00e3o. O \u00fanico abrigo flutuante para gatos no mundo. V\u00ea aqui fotos, hor\u00e1rios de funcionamento e avalia\u00e7\u00f5es!","og_url":"https:\/\/thingstodoinamsterdam.com\/pt-pt\/de-poezenboot-o-barco-dos-gatos\/","og_site_name":"ThingstodoinAmsterdam.com","article_publisher":"https:\/\/www.facebook.com\/thingstodoinamsterdamcom","article_modified_time":"2026-05-08T12:26:11+00:00","og_image":[{"width":300,"height":225,"url":"https:\/\/thingstodoinamsterdam.com\/wp-content\/uploads\/2019\/08\/The-Catboat-judith-300x225.jpg","type":"image\/jpeg"}],"twitter_card":"summary_large_image","twitter_misc":{"Tempo estimado de leitura":"5 minutos"},"schema":{"@context":"https:\/\/schema.org","@graph":[{"@type":"WebPage","@id":"https:\/\/thingstodoinamsterdam.com\/pt-pt\/de-poezenboot-o-barco-dos-gatos\/","url":"https:\/\/thingstodoinamsterdam.com\/pt-pt\/de-poezenboot-o-barco-dos-gatos\/","name":"The Catboat - De Poezenboot em Amesterd\u00e3o - thingstodoinamsterdam.com","isPartOf":{"@id":"https:\/\/thingstodoinamsterdam.com\/pt-pt\/#website"},"primaryImageOfPage":{"@id":"https:\/\/thingstodoinamsterdam.com\/pt-pt\/de-poezenboot-o-barco-dos-gatos\/#primaryimage"},"image":{"@id":"https:\/\/thingstodoinamsterdam.com\/pt-pt\/de-poezenboot-o-barco-dos-gatos\/#primaryimage"},"thumbnailUrl":"https:\/\/thingstodoinamsterdam.com\/wp-content\/uploads\/2019\/08\/The-Catboat-judith-300x225.jpg","datePublished":"2026-05-08T12:26:08+00:00","dateModified":"2026-05-08T12:26:11+00:00","description":"Visita o The Catboat em Amesterd\u00e3o. O \u00fanico abrigo flutuante para gatos no mundo. V\u00ea aqui fotos, hor\u00e1rios de funcionamento e avalia\u00e7\u00f5es!","breadcrumb":{"@id":"https:\/\/thingstodoinamsterdam.com\/pt-pt\/de-poezenboot-o-barco-dos-gatos\/#breadcrumb"},"inLanguage":"pt-PT","potentialAction":[{"@type":"ReadAction","target":["https:\/\/thingstodoinamsterdam.com\/pt-pt\/de-poezenboot-o-barco-dos-gatos\/"]}]},{"@type":"ImageObject","inLanguage":"pt-PT","@id":"https:\/\/thingstodoinamsterdam.com\/pt-pt\/de-poezenboot-o-barco-dos-gatos\/#primaryimage","url":"https:\/\/thingstodoinamsterdam.com\/wp-content\/uploads\/2019\/08\/The-Catboat-judith-300x225.jpg","contentUrl":"https:\/\/thingstodoinamsterdam.com\/wp-content\/uploads\/2019\/08\/The-Catboat-judith-300x225.jpg","width":300,"height":225},{"@type":"BreadcrumbList","@id":"https:\/\/thingstodoinamsterdam.com\/pt-pt\/de-poezenboot-o-barco-dos-gatos\/#breadcrumb","itemListElement":[{"@type":"ListItem","position":1,"name":"Fazer em Amesterd\u00e3o","item":"https:\/\/thingstodoinamsterdam.com\/pt-pt\/"},{"@type":"ListItem","position":2,"name":"De poezenboot (O Barco dos Gatos)"}]},{"@type":"WebSite","@id":"https:\/\/thingstodoinamsterdam.com\/pt-pt\/#website","url":"https:\/\/thingstodoinamsterdam.com\/pt-pt\/","name":"ThingstodoinAmsterdam.com","description":"Amsterdam&#039;s highlights and hidden secrets","publisher":{"@id":"https:\/\/thingstodoinamsterdam.com\/pt-pt\/#organization"},"potentialAction":[{"@type":"SearchAction","target":{"@type":"EntryPoint","urlTemplate":"https:\/\/thingstodoinamsterdam.com\/pt-pt\/?s={search_term_string}"},"query-input":{"@type":"PropertyValueSpecification","valueRequired":true,"valueName":"search_term_string"}}],"inLanguage":"pt-PT"},{"@type":"Organization","@id":"https:\/\/thingstodoinamsterdam.com\/pt-pt\/#organization","name":"Fazer em Amesterd\u00e3o","url":"https:\/\/thingstodoinamsterdam.com\/pt-pt\/","logo":{"@type":"ImageObject","inLanguage":"pt-PT","@id":"https:\/\/thingstodoinamsterdam.com\/pt-pt\/#\/schema\/logo\/image\/","url":"https:\/\/thingstodoinamsterdam.com\/wp-content\/uploads\/2025\/02\/ThingsToDoInAmsterdam-Favicon-logo.png","contentUrl":"https:\/\/thingstodoinamsterdam.com\/wp-content\/uploads\/2025\/02\/ThingsToDoInAmsterdam-Favicon-logo.png","width":512,"height":512,"caption":"Fazer em Amesterd\u00e3o"},"image":{"@id":"https:\/\/thingstodoinamsterdam.com\/pt-pt\/#\/schema\/logo\/image\/"},"sameAs":["https:\/\/www.facebook.com\/thingstodoinamsterdamcom"]}]}},"_links":{"self":[{"href":"https:\/\/thingstodoinamsterdam.com\/pt-pt\/wp-json\/wp\/v2\/pages\/2542547","targetHints":{"allow":["GET"]}}],"collection":[{"href":"https:\/\/thingstodoinamsterdam.com\/pt-pt\/wp-json\/wp\/v2\/pages"}],"about":[{"href":"https:\/\/thingstodoinamsterdam.com\/pt-pt\/wp-json\/wp\/v2\/types\/page"}],"author":[{"embeddable":true,"href":"https:\/\/thingstodoinamsterdam.com\/pt-pt\/wp-json\/wp\/v2\/users\/1"}],"replies":[{"embeddable":true,"href":"https:\/\/thingstodoinamsterdam.com\/pt-pt\/wp-json\/wp\/v2\/comments?post=2542547"}],"version-history":[{"count":3,"href":"https:\/\/thingstodoinamsterdam.com\/pt-pt\/wp-json\/wp\/v2\/pages\/2542547\/revisions"}],"predecessor-version":[{"id":2542552,"href":"https:\/\/thingstodoinamsterdam.com\/pt-pt\/wp-json\/wp\/v2\/pages\/2542547\/revisions\/2542552"}],"wp:featuredmedia":[{"embeddable":true,"href":"https:\/\/thingstodoinamsterdam.com\/pt-pt\/wp-json\/wp\/v2\/media\/2542546"}],"wp:attachment":[{"href":"https:\/\/thingstodoinamsterdam.com\/pt-pt\/wp-json\/wp\/v2\/media?parent=2542547"}],"curies":[{"name":"wp","href":"https:\/\/api.w.org\/{rel}","templated":true}]}}