{"id":2535302,"date":"2026-03-13T14:32:58","date_gmt":"2026-03-13T13:32:58","guid":{"rendered":"https:\/\/thingstodoinamsterdam.com\/amsterdamda-gezilecek-yerler-gorulecek-noktalar\/"},"modified":"2026-03-30T16:52:58","modified_gmt":"2026-03-30T14:52:58","slug":"gezilecek-yerler","status":"publish","type":"page","link":"https:\/\/thingstodoinamsterdam.com\/tr\/gezilecek-yerler\/","title":{"rendered":"Amsterdam&#8217;da Gezilecek Yerler &amp; G\u00f6r\u00fclecek Noktalar"},"content":{"rendered":"<div class=\"wpb-content-wrapper\"><p>[vc_row][vc_column][vc_column_text css=&#8221;&#8221;]Amsterdam&#8217;\u0131 ziyaret ediyor ve hangi yerleri gezece\u011fini mi merak ediyorsun? Harika, plan yap\u0131yorsun \u00e7\u00fcnk\u00fc g\u00f6r\u00fclecek ve yap\u0131lacak \u00e7ok \u015fey var! Bu sayfada, gezi turun i\u00e7in <a href=\"https:\/\/thingstodoinamsterdam.com\/\">Amsterdam&#8217;\u0131n \u00f6nemli noktalar\u0131n\u0131<\/a> ve gizli s\u0131rlar\u0131n\u0131 g\u00f6sterece\u011fiz. Amsterdam&#8217;\u0131n \u00e7evresindeki b\u00f6lgeleri daha fazla deneyimlemeni ve g\u00f6rmeni \u015fiddetle tavsiye ederiz. <a href=\"https:\/\/thingstodoinamsterdam.com\/tr\/amsterdamdan-gunubirlik-gezi\/\">Amsterdam&#8217;dan g\u00fcn\u00fcbirlik gezilerini<\/a> planla. Tavsiyemiz, 2 g\u00fcn\u00fcn veya daha fazla zaman\u0131n varsa bunu yapman. Ancak \u00e7o\u011fu ziyaret\u00e7i Amsterdam&#8217;da birka\u00e7 g\u00fcn geziyor, bu y\u00fczden iyi \u015feyleri ka\u00e7\u0131rmamak i\u00e7in zaman\u0131n\u0131 ak\u0131ll\u0131ca planla!      <\/p>\n<p><a href=\"https:\/\/thingstodoinamsterdam.com\/tr\/amsterdam-hava-durumu-ve-iklimi\/\" target=\"_blank\" rel=\"noopener\">Amsterdam&#8217;da hava<\/a> her zaman <span style=\"box-sizing: border-box; margin: 0px; padding: 0px;\">gezi i\u00e7in uygun olmad\u0131\u011f\u0131ndan, otob\u00fcs veya tekneyle hava ko\u015fullar\u0131ndan korunarak gezilecek yerleri g\u00f6rmek i\u00e7in <a href=\"https:\/\/thingstodoinamsterdam.com\/tr\/amsterdam-hop-on-hop-off-otobus-ve-tekne-turlari\/\" target=\"_blank\" rel=\"noopener\">\u00fcst\u00fc a\u00e7\u0131k otob\u00fcs turu<\/a> rezervasyonu yapabilirsin<\/span>. E\u011fer \u015fansl\u0131ysan ve hava g\u00fczelse<span style=\"box-sizing: border-box; margin: 0px; padding: 0px;\">, <a href=\"https:\/\/thingstodoinamsterdam.com\/tr\/amsterdam-bisiklet-turlari\/\" target=\"_blank\" rel=\"noopener\">bisikletle gezi turu<\/a> da d\u00fc\u015f\u00fcnebilirsin<\/span>.[\/vc_column_text][vc_column_text css=&#8221;&#8221;]<\/p>\n<h2>Amsterdam gezisinin \u00f6nemli noktalar\u0131 ve gizli s\u0131rlar\u0131<\/h2>\n<p>Mottomuz, Amsterdam gezinizde ka\u00e7\u0131r\u0131lmamas\u0131 gereken hem \u00f6nemli noktalar\u0131 hem de gizli s\u0131rlar\u0131 g\u00f6stermektir. Ama ayn\u0131 zamanda baz\u0131 gizli s\u0131rlar\u0131 da payla\u015fmak isteriz: Amsterdam&#8217;da \u00e7ok iyi bilinmeyen ama kesinlikle g\u00f6r\u00fclmeye de\u011fer yerler. Yani Amsterdam i\u00e7inde ve \u00e7evresinde al\u0131\u015f\u0131lm\u0131\u015f\u0131n d\u0131\u015f\u0131nda bir gezi yapmak istiyorsan, okumaya devam et!  <\/p>\n<p>Ger\u00e7ek yerliler olarak, bu kadar kompakt bir \u015fehir merkezinde dola\u015fmak i\u00e7in uygun bir yol oldu\u011fu i\u00e7in <a href=\"https:\/\/thingstodoinamsterdam.com\/transport\/cycling-bike-rental-tours\/\" target=\"_blank\" rel=\"noopener\">bisiklet kiralaman\u0131<\/a> tavsiye ederiz. Alternatif olarak, <a href=\"https:\/\/thingstodoinamsterdam.com\/transport\/amsterdam-public-transport\/\">Amsterdam&#8217;da toplu ta\u015f\u0131ma<\/a> ile y\u00fcr\u00fcy\u00fc\u015f\u00fc birle\u015ftirmek de Amsterdam&#8217;\u0131 gezmek i\u00e7in harika bir yoldur. <\/p>\n<h3>Amsterdam&#8217;da mutlaka g\u00f6r\u00fclmesi gerekenler:<\/h3>\n<p>[\/vc_column_text][\/vc_column][\/vc_row][vc_row][vc_column][promo_block style_var=&#8221;style3&#8243; el_id=&#8221;1565184574520-4eec6a0b-9a3a&#8221;][promo link=&#8221;url:https%3A%2F%2Fthingstodoinamsterdam.com%2Ftr%2Fgezilecek-yerler%2Famsterdam-kanal-kusagi%2F|title:Amsterdam%20Kanal%20Ku%C5%9Fa%C4%9F%C4%B1|&#8221; text=&#8221;Amsterdam&apos;\u0131n romantik Kanal Ku\u015fa\u011f\u0131 UNESCO D\u00fcnya Miras\u0131 Listesi&apos;ndedir. An\u0131tsal kanal evleri ve tipik Amsterdam mimarisiyle doludur. Etrafta dola\u015fmak i\u00e7in zaman ay\u0131rabilir veya bir kanal gezisi s\u0131ras\u0131nda ke\u015ffedebilirsin.  &#8221; img=&#8221;2498&#8243;][promo link=&#8221;url:https%3A%2F%2Fthingstodoinamsterdam.com%2Ftr%2Fgezilecek-yerler%2Falbert-cuyp-pazari%2F|title:Albert%20Cuyp%20Pazar%C4%B1|&#8221; text=&#8221;\u00dc\u00e7 y\u00fczden fazla pazar tezgah\u0131n\u0131n bulundu\u011fu Albert Cuyp Pazar\u0131&apos;nda dola\u015f. Bal\u0131k, k\u00fcmes hayvanlar\u0131, peynir, sebze ve meyve gibi \u00fcr\u00fcnler satan yiyecek tezgahlar\u0131yla \u00e7evrelen. Ayr\u0131ca giyim, kozmetik ve daha fazlas\u0131n\u0131 satan tezgahlar bulacaks\u0131n. Hepsinden iyisi; fiyatlar Amsterdam&apos;daki en ucuzlar aras\u0131nda. Albert Cuyp Caddesi&apos;nin kendisi, g\u00f6steri\u015fli ve \u015fenlikli pazar atmosferine katk\u0131da bulunan say\u0131s\u0131z egzotik d\u00fckkan, st\u00fcdyo, \u015firin kafe ve restoranla \u00e7evrilidir.     &#8221; img=&#8221;2496&#8243;][promo link=&#8221;url:https%3A%2F%2Fthingstodoinamsterdam.com%2Ftr%2Fgezilecek-yerler%2Famsterdamin-dokuz-sokagina-hos-geldiniz-amsterdamin-9-straatjes%2F|title:Dokuz%20Sokak|&#8221; text=&#8221;Amsterdam Kanal Ku\u015fa\u011f\u0131&apos;n\u0131n bu \u00f6zel k\u0131sm\u0131, bir\u00e7ok ma\u011fazas\u0131 ve teras\u0131yla bilinir. Hediyelik e\u015fya al\u0131\u015fveri\u015fi yapmak ve belki bir terasta bir \u015feyler i\u00e7mek i\u00e7in harika bir yerdir. &#8221; img=&#8221;2500&#8243;][promo link=&#8221;url:https%3A%2F%2Fthingstodoinamsterdam.com%2Ftr%2Fkirmizi-fener-sokagi%2F|title:K%C4%B1rm%C4%B1z%C4%B1%20Fener%20Soka%C4%9F%C4%B1|&#8221; text=&#8221;K\u0131rm\u0131z\u0131 Fener Soka\u011f\u0131 veya Hollandaca &apos;De Wallen&apos;, d\u00fcnyan\u0131n en eski mesleklerinden birine ev sahipli\u011fi yapar. B\u00f6lgede dola\u015f ve Amsterdam&apos;\u0131n en eski erotik tiyatrosu Casa Rosso&apos;yu veya peepshow&apos;lardan birini ziyaret et! &#8221; img=&#8221;2516&#8243;][promo link=&#8221;url:https%3A%2F%2Fthingstodoinamsterdam.com%2Ftr%2Fgezilecek-yerler%2Fbegijnhof%2F|title:Begijnhof|&#8221; text=&#8221;Begijnhof, Amsterdam&apos;\u0131n en iyi saklanan s\u0131rlar\u0131ndan biri olabilir. \u015eehir merkezinde, hareketli al\u0131\u015fveri\u015f caddesi Kalverstraat&apos;\u0131n hemen arkas\u0131nda yer alan bu k\u00fclt\u00fcrel miras\u0131 bulacaks\u0131n. \u00dccretsiz olarak ziyaret edilebilir.  &#8221; img=&#8221;2502&#8243;][promo link=&#8221;url:https%3A%2F%2Fthingstodoinamsterdam.com%2Ftr%2Fgezilecek-yerler%2Fleidseplein%2F|title:Leidseplein|&#8221; text=&#8221;Hareketli Leidseplein b\u00f6lgesini ke\u015ffet. Leidseplein, Amsterdam&apos;\u0131n en i\u015flek caddelerinden biri olan Leidsetraat&apos;a bakar. Leidsestraat, farkl\u0131 Amsterdam kanallar\u0131n\u0131 birbirine ba\u011flar ve seni Leidseplein&apos;den Koningsplein&apos;e ve Bloemenmarkt&apos;a (Y\u00fczen \u00c7i\u00e7ek Pazar\u0131) g\u00f6t\u00fcr\u00fcr. Leidseplein&apos;in kendisi barlar\u0131, kul\u00fcpleri ve gece hayat\u0131yla bilinir. \u00dcnl\u00fc Melkweg ve Paradiso bulvarlar\u0131, \u00e7e\u015fitli pub&apos;larla birlikte orada bulunur ve bir\u00e7o\u011funun meydanda teraslar\u0131 vard\u0131r! Hollandal\u0131lar\u0131n &apos;Leidse&apos; dedi\u011fi yerde e\u011flence miktar\u0131n\u0131 kendin deneyimle!     &#8221; img=&#8221;2510&#8243;][promo link=&#8221;url:https%3A%2F%2Fthingstodoinamsterdam.com%2Ftr%2Fgezilecek-yerler%2Famsterdam-johan-cruijff-arena-stadyum-turu%2F|title:Amsterdam%20ArenA|&#8221; text=&#8221;Amsterdam Arena, kul\u00fcp ikonu Johan Cruijff&apos;un ad\u0131n\u0131 alarak Johan Cruijff Arena oldu. Hollanda&apos;n\u0131n en \u00fcnl\u00fc (ve en iyi) futbol kul\u00fcb\u00fcn\u00fc incele ve Ajax&apos;\u0131n evini ziyaret et. &#8221; img=&#8221;2512&#8243;][promo link=&#8221;url:https%3A%2F%2Fthingstodoinamsterdam.com%2Ftr%2Fdam-meydani%2F|title:Dam%20Meydan%C4%B1|&#8221; text=&#8221;\u015eehrin kalbi olarak kabul edilen meydan\u0131 incele. &apos;Damrak&apos; caddesi arac\u0131l\u0131\u011f\u0131yla Amsterdam Merkez \u0130stasyonu&apos;na ba\u011fl\u0131d\u0131r. Dam Meydan\u0131&apos;nda De Grote Kerk, Madame Tussauds, Kraliyet Saray\u0131 ve Ripley&apos;s Believe it or not gibi bir\u00e7ok pop\u00fcler g\u00f6r\u00fclecek yer ve cazibe merkezi bulacaks\u0131n.  &#8221; img=&#8221;2506&#8243;][promo link=&#8221;url:https%3A%2F%2Fthingstodoinamsterdam.com%2Ftr%2Famsterdamdan-gunubirlik-gezi%2F|title:Amsterdam%27dan%20g%C3%BCn%C3%BCbirlik%20gezi|&#8221; text=&#8221;Biraz daha zaman\u0131n varsa, \u015fehir s\u0131n\u0131rlar\u0131n\u0131n d\u0131\u015f\u0131na \u00e7\u0131kman\u0131 \u015fiddetle tavsiye ederiz. Amsterdam&apos;\u0131n hemen d\u0131\u015f\u0131nda ger\u00e7ekten g\u00f6r\u00fclmeye de\u011fer bir\u00e7ok yer var! &#8221; img=&#8221;2531733&#8243;][promo link=&#8221;url:https%3A%2F%2Fthingstodoinamsterdam.com%2Ftr%2Fde-poezenboot-kedi-teknesi%2F|title:Kedi%20Teknesi|&#8221; text=&#8221;D\u00fcnyadaki tek y\u00fczen hayvan bar\u0131na\u011f\u0131n\u0131 ziyaret et! Her kedi dostu i\u00e7in mutlaka yap\u0131lmas\u0131 gereken bir \u015fey. Poezenboot&apos;u ziyaret etmek tamamen \u00fccretsizdir, ancak ba\u011f\u0131\u015flar takdir edilir.  &#8221; img=&#8221;2518&#8243;][promo link=&#8221;url:https%3A%2F%2Fthingstodoinamsterdam.com%2Fplaces-sightseeing-amsterdam%2Fnieuwe-kerk%2F|title:Nieuwe%20Kerk|&#8221; text=&#8221;Her \u015fehrin kiliseleri vard\u0131r. Ancak tek fark, Amsterdam&apos;dakinin \u00fclke tarihinde \u00e7ok \u00f6zel bir anlam\u0131 olmas\u0131d\u0131r. Buras\u0131, 1814&apos;te Kral I. William&apos;dan bu yana t\u00fcm Hollandal\u0131 prens ve prenseslerin tahta \u00e7\u0131kt\u0131klar\u0131nda (2013&apos;te Kral Willem-Alexander da dahil) ta\u00e7 giydirildi\u011fi kilisedir.  &#8221; img=&#8221;2508&#8243;][promo link=&#8221;url:https%3A%2F%2Fthingstodoinamsterdam.com%2Fplaces-sightseeing-amsterdam%2Fconcertgebouw-amsterdam%2F|title:Concertgebouw%20Amsterdam|&#8221; text=&#8221;Concertgebouw, Gustav Mahler, Richard Strauss, Bernard Haitink, Yehudi Menuhin, Jessye Norman, Louis Armstrong, Sting ve di\u011ferleri gibi b\u00fcy\u00fck isimlerin efsanevi konserlerini d\u00fczenleme konusunda harika bir gelene\u011fe sahiptir. Di\u011fer orkestralarla birlikte, Kraliyet Concertgebouw Orkestras\u0131 en iyi performanslardan baz\u0131lar\u0131n\u0131 sergiler. Bir\u00e7ok uzmana g\u00f6re d\u00fcnyan\u0131n en iyi orkestras\u0131. Binay\u0131 ziyaret et ve d\u00fcnyan\u0131n en iyi m\u00fczisyenleriyle \u00e7evrili olarak kulaklar\u0131n\u0131n bir orkestra taraf\u0131ndan masaj yap\u0131lmas\u0131na izin ver.   &#8221; img=&#8221;2504&#8243;][promo link=&#8221;url:https%3A%2F%2Fthingstodoinamsterdam.com%2Ftr%2Fgezilecek-yerler%2Fmuseumplein%2F|title:Museumplein|&#8221; text=&#8221;Museumplein, d\u00fcnyaca \u00fcnl\u00fc Rijksmuseum ve Van Gogh M\u00fczesi de dahil olmak \u00fczere \u00e7ok \u00e7e\u015fitli m\u00fczelere ev sahipli\u011fi yapar. Ayr\u0131ca dinlenmek veya \u00f6rne\u011fin piknik yapmak i\u00e7in de alan sunar ve Amsterdam gezinizde ka\u00e7\u0131r\u0131lmamas\u0131 gereken bir yerdir. &#8221; img=&#8221;2514&#8243;][promo link=&#8221;url:https%3A%2F%2Fthingstodoinamsterdam.com%2Ftr%2Fgezilecek-yerler%2Famsterdam-noord%2F|title:Amsterdam-Noord|&#8221; text=&#8221;Amsterdam Noord, b\u00fcy\u00fck kalabal\u0131klar taraf\u0131ndan daha az ke\u015ffedilmi\u015f bir \u015fehir b\u00f6lgesidir. Ancak yine de kesinlikle g\u00f6r\u00fclmeye de\u011fer! \u015eehrin bu daha end\u00fcstriyel k\u0131sm\u0131, merkeze g\u00f6re daha ham, daha az cilal\u0131 hissettirir. \u00dccretsiz feribot ge\u00e7i\u015fini kullanarak yo\u011fun merkezden bir mola ver ve \u015fehrin Kuzey k\u0131sm\u0131n\u0131n neler sunabilece\u011fini ke\u015ffet.   &#8221; img=&#8221;3169&#8243;][promo link=&#8221;url:https%3A%2F%2Fthingstodoinamsterdam.com%2Fplaces-sightseeing-amsterdam%2Fde-oude-kerk%2F|title:Amsterdam%27%C4%B1n%20Oude%20Kerk%27ine%20ho%C5%9F%20geldin%20%E2%80%93%20Amsterdam%20burada%20ba%C5%9Flad%C4%B1%21|&#8221; text=&#8221;K\u0131rm\u0131z\u0131 Fener Soka\u011f\u0131&apos;ndaki Oude Kerk, kelimenin tam anlam\u0131yla Eski Kilise, \u015fehrin do\u011fu\u015fundan beri var olmu\u015ftur. Amsterdam hala denizde bir liman \u015fehriyken bile oradayd\u0131. Daha fazlas\u0131n\u0131 buradan \u00f6\u011fren!  &#8221; img=&#8221;8921&#8243;][\/promo_block][\/vc_column][\/vc_row]<\/p>\n<\/div>","protected":false},"excerpt":{"rendered":"<p>[vc_row][vc_column][vc_column_text css=&#8221;&#8221;]Amsterdam&#8217;\u0131 ziyaret ediyor ve hangi yerleri gezece\u011fini mi merak ediyorsun? Harika, plan yap\u0131yorsun \u00e7\u00fcnk\u00fc g\u00f6r\u00fclecek ve yap\u0131lacak \u00e7ok \u015fey var! Bu sayfada, gezi turun\u2026<\/p>\n","protected":false},"author":1,"featured_media":2535316,"parent":0,"menu_order":0,"comment_status":"closed","ping_status":"closed","template":"","meta":{"footnotes":""},"class_list":["post-2535302","page","type-page","status-publish","has-post-thumbnail","hentry"],"yoast_head":"<!-- This site is optimized with the Yoast SEO plugin v27.4 - https:\/\/yoast.com\/product\/yoast-seo-wordpress\/ -->\n<title>Amsterdam&#039;da Gezilecek Yerler &amp; G\u00f6r\u00fclecek Noktalar - ThingstodoinAmsterdam.com<\/title>\n<meta name=\"description\" content=\"Amsterdam gezinizde hangi yerleri ka\u00e7\u0131rmamal\u0131s\u0131n? Onlara buradan g\u00f6z at ve en iyi gezi deneyimini ya\u015fa! \u00d6nemli noktalardan gizli s\u0131rlara kadar.\" \/>\n<meta name=\"robots\" content=\"index, follow, max-snippet:-1, max-image-preview:large, max-video-preview:-1\" \/>\n<link rel=\"canonical\" href=\"https:\/\/thingstodoinamsterdam.com\/tr\/gezilecek-yerler\/\" \/>\n<meta property=\"og:locale\" content=\"tr_TR\" \/>\n<meta property=\"og:type\" content=\"article\" \/>\n<meta property=\"og:title\" content=\"Amsterdam&#039;da Gezilecek Yerler &amp; G\u00f6r\u00fclecek Noktalar - ThingstodoinAmsterdam.com\" \/>\n<meta property=\"og:description\" content=\"Amsterdam gezinizde hangi yerleri ka\u00e7\u0131rmamal\u0131s\u0131n? Onlara buradan g\u00f6z at ve en iyi gezi deneyimini ya\u015fa! \u00d6nemli noktalardan gizli s\u0131rlara kadar.\" \/>\n<meta property=\"og:url\" content=\"https:\/\/thingstodoinamsterdam.com\/tr\/gezilecek-yerler\/\" \/>\n<meta property=\"og:site_name\" content=\"ThingstodoinAmsterdam.com\" \/>\n<meta property=\"article:publisher\" content=\"https:\/\/www.facebook.com\/thingstodoinamsterdamcom\" \/>\n<meta property=\"article:modified_time\" content=\"2026-03-30T14:52:58+00:00\" \/>\n<meta property=\"og:image\" content=\"https:\/\/thingstodoinamsterdam.com\/wp-content\/uploads\/2019\/08\/Amsterdam-Canal-Belt-map-by-Unesco-300x300-2.png\" \/>\n\t<meta property=\"og:image:width\" content=\"300\" \/>\n\t<meta property=\"og:image:height\" content=\"300\" \/>\n\t<meta property=\"og:image:type\" content=\"image\/png\" \/>\n<meta name=\"twitter:card\" content=\"summary_large_image\" \/>\n<meta name=\"twitter:label1\" content=\"Tahmini okuma s\u00fcresi\" \/>\n\t<meta name=\"twitter:data1\" content=\"4 dakika\" \/>\n<script type=\"application\/ld+json\" class=\"yoast-schema-graph\">{\"@context\":\"https:\\\/\\\/schema.org\",\"@graph\":[{\"@type\":\"WebPage\",\"@id\":\"https:\\\/\\\/thingstodoinamsterdam.com\\\/tr\\\/gezilecek-yerler\\\/\",\"url\":\"https:\\\/\\\/thingstodoinamsterdam.com\\\/tr\\\/gezilecek-yerler\\\/\",\"name\":\"Amsterdam'da Gezilecek Yerler &amp; G\u00f6r\u00fclecek Noktalar - ThingstodoinAmsterdam.com\",\"isPartOf\":{\"@id\":\"https:\\\/\\\/thingstodoinamsterdam.com\\\/tr\\\/#website\"},\"primaryImageOfPage\":{\"@id\":\"https:\\\/\\\/thingstodoinamsterdam.com\\\/tr\\\/gezilecek-yerler\\\/#primaryimage\"},\"image\":{\"@id\":\"https:\\\/\\\/thingstodoinamsterdam.com\\\/tr\\\/gezilecek-yerler\\\/#primaryimage\"},\"thumbnailUrl\":\"https:\\\/\\\/thingstodoinamsterdam.com\\\/wp-content\\\/uploads\\\/2019\\\/08\\\/Amsterdam-Canal-Belt-map-by-Unesco-300x300-2.png\",\"datePublished\":\"2026-03-13T13:32:58+00:00\",\"dateModified\":\"2026-03-30T14:52:58+00:00\",\"description\":\"Amsterdam gezinizde hangi yerleri ka\u00e7\u0131rmamal\u0131s\u0131n? Onlara buradan g\u00f6z at ve en iyi gezi deneyimini ya\u015fa! \u00d6nemli noktalardan gizli s\u0131rlara kadar.\",\"breadcrumb\":{\"@id\":\"https:\\\/\\\/thingstodoinamsterdam.com\\\/tr\\\/gezilecek-yerler\\\/#breadcrumb\"},\"inLanguage\":\"tr\",\"potentialAction\":[{\"@type\":\"ReadAction\",\"target\":[\"https:\\\/\\\/thingstodoinamsterdam.com\\\/tr\\\/gezilecek-yerler\\\/\"]}]},{\"@type\":\"ImageObject\",\"inLanguage\":\"tr\",\"@id\":\"https:\\\/\\\/thingstodoinamsterdam.com\\\/tr\\\/gezilecek-yerler\\\/#primaryimage\",\"url\":\"https:\\\/\\\/thingstodoinamsterdam.com\\\/wp-content\\\/uploads\\\/2019\\\/08\\\/Amsterdam-Canal-Belt-map-by-Unesco-300x300-2.png\",\"contentUrl\":\"https:\\\/\\\/thingstodoinamsterdam.com\\\/wp-content\\\/uploads\\\/2019\\\/08\\\/Amsterdam-Canal-Belt-map-by-Unesco-300x300-2.png\",\"width\":300,\"height\":300,\"caption\":\"Canal Belt\"},{\"@type\":\"BreadcrumbList\",\"@id\":\"https:\\\/\\\/thingstodoinamsterdam.com\\\/tr\\\/gezilecek-yerler\\\/#breadcrumb\",\"itemListElement\":[{\"@type\":\"ListItem\",\"position\":1,\"name\":\"Amsterdam\u2019da yap\u0131lacak \u015feyler\",\"item\":\"https:\\\/\\\/thingstodoinamsterdam.com\\\/tr\\\/\"},{\"@type\":\"ListItem\",\"position\":2,\"name\":\"Amsterdam&#8217;da Gezilecek Yerler &amp; G\u00f6r\u00fclecek Noktalar\"}]},{\"@type\":\"WebSite\",\"@id\":\"https:\\\/\\\/thingstodoinamsterdam.com\\\/tr\\\/#website\",\"url\":\"https:\\\/\\\/thingstodoinamsterdam.com\\\/tr\\\/\",\"name\":\"ThingstodoinAmsterdam.com\",\"description\":\"Amsterdam&#039;s highlights and hidden secrets\",\"publisher\":{\"@id\":\"https:\\\/\\\/thingstodoinamsterdam.com\\\/tr\\\/#organization\"},\"potentialAction\":[{\"@type\":\"SearchAction\",\"target\":{\"@type\":\"EntryPoint\",\"urlTemplate\":\"https:\\\/\\\/thingstodoinamsterdam.com\\\/tr\\\/?s={search_term_string}\"},\"query-input\":{\"@type\":\"PropertyValueSpecification\",\"valueRequired\":true,\"valueName\":\"search_term_string\"}}],\"inLanguage\":\"tr\"},{\"@type\":\"Organization\",\"@id\":\"https:\\\/\\\/thingstodoinamsterdam.com\\\/tr\\\/#organization\",\"name\":\"Amsterdam\u2019da yap\u0131lacak \u015feyler\",\"url\":\"https:\\\/\\\/thingstodoinamsterdam.com\\\/tr\\\/\",\"logo\":{\"@type\":\"ImageObject\",\"inLanguage\":\"tr\",\"@id\":\"https:\\\/\\\/thingstodoinamsterdam.com\\\/tr\\\/#\\\/schema\\\/logo\\\/image\\\/\",\"url\":\"https:\\\/\\\/thingstodoinamsterdam.com\\\/wp-content\\\/uploads\\\/2025\\\/02\\\/ThingsToDoInAmsterdam-Favicon-logo.png\",\"contentUrl\":\"https:\\\/\\\/thingstodoinamsterdam.com\\\/wp-content\\\/uploads\\\/2025\\\/02\\\/ThingsToDoInAmsterdam-Favicon-logo.png\",\"width\":512,\"height\":512,\"caption\":\"Amsterdam\u2019da yap\u0131lacak \u015feyler\"},\"image\":{\"@id\":\"https:\\\/\\\/thingstodoinamsterdam.com\\\/tr\\\/#\\\/schema\\\/logo\\\/image\\\/\"},\"sameAs\":[\"https:\\\/\\\/www.facebook.com\\\/thingstodoinamsterdamcom\"]}]}<\/script>\n<!-- \/ Yoast SEO plugin. -->","yoast_head_json":{"title":"Amsterdam'da Gezilecek Yerler &amp; G\u00f6r\u00fclecek Noktalar - ThingstodoinAmsterdam.com","description":"Amsterdam gezinizde hangi yerleri ka\u00e7\u0131rmamal\u0131s\u0131n? Onlara buradan g\u00f6z at ve en iyi gezi deneyimini ya\u015fa! \u00d6nemli noktalardan gizli s\u0131rlara kadar.","robots":{"index":"index","follow":"follow","max-snippet":"max-snippet:-1","max-image-preview":"max-image-preview:large","max-video-preview":"max-video-preview:-1"},"canonical":"https:\/\/thingstodoinamsterdam.com\/tr\/gezilecek-yerler\/","og_locale":"tr_TR","og_type":"article","og_title":"Amsterdam'da Gezilecek Yerler &amp; G\u00f6r\u00fclecek Noktalar - ThingstodoinAmsterdam.com","og_description":"Amsterdam gezinizde hangi yerleri ka\u00e7\u0131rmamal\u0131s\u0131n? Onlara buradan g\u00f6z at ve en iyi gezi deneyimini ya\u015fa! \u00d6nemli noktalardan gizli s\u0131rlara kadar.","og_url":"https:\/\/thingstodoinamsterdam.com\/tr\/gezilecek-yerler\/","og_site_name":"ThingstodoinAmsterdam.com","article_publisher":"https:\/\/www.facebook.com\/thingstodoinamsterdamcom","article_modified_time":"2026-03-30T14:52:58+00:00","og_image":[{"width":300,"height":300,"url":"https:\/\/thingstodoinamsterdam.com\/wp-content\/uploads\/2019\/08\/Amsterdam-Canal-Belt-map-by-Unesco-300x300-2.png","type":"image\/png"}],"twitter_card":"summary_large_image","twitter_misc":{"Tahmini okuma s\u00fcresi":"4 dakika"},"schema":{"@context":"https:\/\/schema.org","@graph":[{"@type":"WebPage","@id":"https:\/\/thingstodoinamsterdam.com\/tr\/gezilecek-yerler\/","url":"https:\/\/thingstodoinamsterdam.com\/tr\/gezilecek-yerler\/","name":"Amsterdam'da Gezilecek Yerler &amp; G\u00f6r\u00fclecek Noktalar - ThingstodoinAmsterdam.com","isPartOf":{"@id":"https:\/\/thingstodoinamsterdam.com\/tr\/#website"},"primaryImageOfPage":{"@id":"https:\/\/thingstodoinamsterdam.com\/tr\/gezilecek-yerler\/#primaryimage"},"image":{"@id":"https:\/\/thingstodoinamsterdam.com\/tr\/gezilecek-yerler\/#primaryimage"},"thumbnailUrl":"https:\/\/thingstodoinamsterdam.com\/wp-content\/uploads\/2019\/08\/Amsterdam-Canal-Belt-map-by-Unesco-300x300-2.png","datePublished":"2026-03-13T13:32:58+00:00","dateModified":"2026-03-30T14:52:58+00:00","description":"Amsterdam gezinizde hangi yerleri ka\u00e7\u0131rmamal\u0131s\u0131n? Onlara buradan g\u00f6z at ve en iyi gezi deneyimini ya\u015fa! \u00d6nemli noktalardan gizli s\u0131rlara kadar.","breadcrumb":{"@id":"https:\/\/thingstodoinamsterdam.com\/tr\/gezilecek-yerler\/#breadcrumb"},"inLanguage":"tr","potentialAction":[{"@type":"ReadAction","target":["https:\/\/thingstodoinamsterdam.com\/tr\/gezilecek-yerler\/"]}]},{"@type":"ImageObject","inLanguage":"tr","@id":"https:\/\/thingstodoinamsterdam.com\/tr\/gezilecek-yerler\/#primaryimage","url":"https:\/\/thingstodoinamsterdam.com\/wp-content\/uploads\/2019\/08\/Amsterdam-Canal-Belt-map-by-Unesco-300x300-2.png","contentUrl":"https:\/\/thingstodoinamsterdam.com\/wp-content\/uploads\/2019\/08\/Amsterdam-Canal-Belt-map-by-Unesco-300x300-2.png","width":300,"height":300,"caption":"Canal Belt"},{"@type":"BreadcrumbList","@id":"https:\/\/thingstodoinamsterdam.com\/tr\/gezilecek-yerler\/#breadcrumb","itemListElement":[{"@type":"ListItem","position":1,"name":"Amsterdam\u2019da yap\u0131lacak \u015feyler","item":"https:\/\/thingstodoinamsterdam.com\/tr\/"},{"@type":"ListItem","position":2,"name":"Amsterdam&#8217;da Gezilecek Yerler &amp; G\u00f6r\u00fclecek Noktalar"}]},{"@type":"WebSite","@id":"https:\/\/thingstodoinamsterdam.com\/tr\/#website","url":"https:\/\/thingstodoinamsterdam.com\/tr\/","name":"ThingstodoinAmsterdam.com","description":"Amsterdam&#039;s highlights and hidden secrets","publisher":{"@id":"https:\/\/thingstodoinamsterdam.com\/tr\/#organization"},"potentialAction":[{"@type":"SearchAction","target":{"@type":"EntryPoint","urlTemplate":"https:\/\/thingstodoinamsterdam.com\/tr\/?s={search_term_string}"},"query-input":{"@type":"PropertyValueSpecification","valueRequired":true,"valueName":"search_term_string"}}],"inLanguage":"tr"},{"@type":"Organization","@id":"https:\/\/thingstodoinamsterdam.com\/tr\/#organization","name":"Amsterdam\u2019da yap\u0131lacak \u015feyler","url":"https:\/\/thingstodoinamsterdam.com\/tr\/","logo":{"@type":"ImageObject","inLanguage":"tr","@id":"https:\/\/thingstodoinamsterdam.com\/tr\/#\/schema\/logo\/image\/","url":"https:\/\/thingstodoinamsterdam.com\/wp-content\/uploads\/2025\/02\/ThingsToDoInAmsterdam-Favicon-logo.png","contentUrl":"https:\/\/thingstodoinamsterdam.com\/wp-content\/uploads\/2025\/02\/ThingsToDoInAmsterdam-Favicon-logo.png","width":512,"height":512,"caption":"Amsterdam\u2019da yap\u0131lacak \u015feyler"},"image":{"@id":"https:\/\/thingstodoinamsterdam.com\/tr\/#\/schema\/logo\/image\/"},"sameAs":["https:\/\/www.facebook.com\/thingstodoinamsterdamcom"]}]}},"_links":{"self":[{"href":"https:\/\/thingstodoinamsterdam.com\/tr\/wp-json\/wp\/v2\/pages\/2535302","targetHints":{"allow":["GET"]}}],"collection":[{"href":"https:\/\/thingstodoinamsterdam.com\/tr\/wp-json\/wp\/v2\/pages"}],"about":[{"href":"https:\/\/thingstodoinamsterdam.com\/tr\/wp-json\/wp\/v2\/types\/page"}],"author":[{"embeddable":true,"href":"https:\/\/thingstodoinamsterdam.com\/tr\/wp-json\/wp\/v2\/users\/1"}],"replies":[{"embeddable":true,"href":"https:\/\/thingstodoinamsterdam.com\/tr\/wp-json\/wp\/v2\/comments?post=2535302"}],"version-history":[{"count":5,"href":"https:\/\/thingstodoinamsterdam.com\/tr\/wp-json\/wp\/v2\/pages\/2535302\/revisions"}],"predecessor-version":[{"id":2538668,"href":"https:\/\/thingstodoinamsterdam.com\/tr\/wp-json\/wp\/v2\/pages\/2535302\/revisions\/2538668"}],"wp:featuredmedia":[{"embeddable":true,"href":"https:\/\/thingstodoinamsterdam.com\/tr\/wp-json\/wp\/v2\/media\/2535316"}],"wp:attachment":[{"href":"https:\/\/thingstodoinamsterdam.com\/tr\/wp-json\/wp\/v2\/media?parent=2535302"}],"curies":[{"name":"wp","href":"https:\/\/api.w.org\/{rel}","templated":true}]}}