{"id":2537093,"date":"2026-03-27T20:53:51","date_gmt":"2026-03-27T19:53:51","guid":{"rendered":"https:\/\/thingstodoinamsterdam.com\/amsterdamdaki-muzeler\/micropia\/"},"modified":"2026-03-28T12:30:51","modified_gmt":"2026-03-28T11:30:51","slug":"micropia","status":"publish","type":"page","link":"https:\/\/thingstodoinamsterdam.com\/tr\/amsterdamdaki-muzeler\/micropia\/","title":{"rendered":"Micropia"},"content":{"rendered":"<div class=\"wpb-content-wrapper\"><p>[vc_row][vc_column][buttonsticky title=&#8221;S\u0131ra beklemeden Micropia biletlerini Tours-tickets.com \u00fczerinden sat\u0131n al&#8221; link=&#8221;https:\/\/thingstodoinamsterdam.com\/ticketlink-micropia-tours-std&#8221; target=&#8221;true&#8221; nofollow=&#8221;true&#8221; el_id=&#8221;1743170173798-2725c12a-4f7a&#8221;][\/vc_column][\/vc_row][vc_row][vc_column][vc_column_text]<span style=\"font-weight: 400;\">Micropia, Amsterdam Do\u011fu (Oost) yak\u0131nlar\u0131nda, <a href=\"https:\/\/thingstodoinamsterdam.com\/tr\/artis-hayvanat-bahcesi-amsterdam\/\">Artis-Amsterdam Kraliyet Hayvanat Bah\u00e7esi<\/a>&#8216;nin bir par\u00e7as\u0131 olarak yer alan \u00f6d\u00fcll\u00fc bir m\u00fczedir. 2014&#8217;te a\u00e7\u0131lan Micropia, t\u00fcr\u00fcn\u00fcn tek mikrop m\u00fczesidir. Galeri, her yerde ve her \u015feyde bulunan milyarlarca canl\u0131 organizman\u0131n, yani mikroplar\u0131n, her zaman k\u00f6t\u00fc ve korkutucu \u015feyler olmad\u0131\u011f\u0131n\u0131, aksine insan sa\u011fl\u0131\u011f\u0131 da dahil olmak \u00fczere g\u00fcnl\u00fck ya\u015fam\u0131n i\u015fleyi\u015fine yard\u0131mc\u0131 olmak amac\u0131yla da \u00fcretildi\u011fini g\u00f6stermek amac\u0131yla a\u00e7\u0131lm\u0131\u015ft\u0131r.   <\/span><\/p>\n<p><span style=\"font-weight: 400;\">M\u00fczenin ziyaret\u00e7ileri, bitkileri, hayvanlar\u0131 ve di\u011fer g\u00fcnl\u00fck nesneleri, hepsi bir mikroskop merce\u011fi alt\u0131nda \u00e7ekilmi\u015f g\u00f6r\u00fcnt\u00fcler arac\u0131l\u0131\u011f\u0131yla g\u00f6rebilirler. Modern mikroskop, Antonie van Leeuwenhoek&#8217;un tasar\u0131m\u0131 ve b\u00fcy\u00fctmeyi geli\u015ftirerek, g\u00fcn\u00fcm\u00fczde mikrobiyoloji olarak bildi\u011fimiz \u015feye zemin haz\u0131rlamas\u0131yla ba\u015fl\u0131 ba\u015f\u0131na \u00e7o\u011funlukla Hollanda icad\u0131d\u0131r. <\/span><\/p>\n<p><span style=\"font-weight: 400;\">M\u00fcze alan\u0131nda gezinirken, bilim ve g\u00fcnl\u00fck ya\u015fam aras\u0131ndaki anlay\u0131\u015f\u0131n\u0131 geli\u015ftirecek yeni \u015feyler \u00f6\u011frenebilirsin. Laboratuvarda, laboratuvar teknisyenleri her ya\u015ftan ziyaret\u00e7iye mikroplar, bilim, biyoloji ve antibiyotikler hakk\u0131nda bilgi verebilir. <\/span><\/p>\n<p><span style=\"font-weight: 400;\">Ziyaretinden sonra, bilet gerektirmeyen, Amsterdam&#8217;\u0131n sundu\u011fu <a href=\"https:\/\/thingstodoinamsterdam.com\/tr\/amsterdamdaki-parklar\/\">bir\u00e7ok parktan biri<\/a> olan Artisplein&#8217;i de ke\u015ffedebilirsin.<\/span>[\/vc_column_text][button title=&#8221;S\u0131ra beklemeden Micropia biletlerini Tours-tickets.com \u00fczerinden sat\u0131n al&#8221; link=&#8221;https:\/\/thingstodoinamsterdam.com\/ticketlink-micropia-tours-std&#8221; icon=&#8221;&#8221; button_align=&#8221;center&#8221; target=&#8221;true&#8221; nofollow=&#8221;true&#8221; el_id=&#8221;1565086818620-a8075830-1296&#8243;][vc_video link=&#8221;https:\/\/youtu.be\/mc8rZQRQycE?t=8&#8243; align=&#8221;center&#8221; css=&#8221;.vc_custom_1543494689691{margin-right: 25px !important;margin-left: 25px !important;}&#8221; title=&#8221;Micropia Tan\u0131t\u0131m Videosu &#8211; Euronews&#8221;][vc_column_text]<\/p>\n<h3>A\u00e7\u0131l\u0131\u015f Saatleri<\/h3>\n<p>Micropia y\u0131l\u0131n her g\u00fcn\u00fc a\u00e7\u0131k!<\/p>\n<table style=\"width: 100%;\">\n<tbody>\n<tr>\n<td>Pazartesiden \u00c7ar\u015fambaya ve Pazar<\/td>\n<td> 09:00 &#8211; 18:00<\/td>\n<\/tr>\n<tr>\n<td>Per\u015fembeden Cumartesiye<\/td>\n<td> 09:00 &#8211; 20:00<\/td>\n<\/tr>\n<\/tbody>\n<\/table>\n<p>[\/vc_column_text][vc_column_text css=&#8221;&#8221;]<\/p>\n<h2>Bilet Fiyatlar\u0131 ve \u0130ndirimler<\/h2>\n<p>Biletler Micropia giri\u015finden, web sitelerinden veya bilet ortaklar\u0131 arac\u0131l\u0131\u011f\u0131yla temin edilebilir.<\/p>\n<h3>Normal giri\u015f fiyatlar\u0131<\/h3>\n<table style=\"width: 100%;\">\n<tbody>\n<tr>\n<td><b>Bilet kategorileri<\/b><\/td>\n<td><strong>Micropia<\/strong><\/td>\n<td><strong>Artis Kraliyet Hayvanat Bah\u00e7esi &amp; Micropia<br \/>\n<\/strong><\/td>\n<\/tr>\n<tr>\n<td>Yeti\u015fkinler (10+ ya\u015f)<\/td>\n<td>17,5\u20ac<\/td>\n<td>35,-\u20ac<\/td>\n<\/tr>\n<tr>\n<td>Micropia&#8217;y\u0131 ziyaret etmek i\u00e7in \u00f6nerilen ya\u015f 8 veya \u00fczeridir<\/td>\n<td><\/td>\n<td><\/td>\n<\/tr>\n<\/tbody>\n<\/table>\n<p>[\/vc_column_text][button title=&#8221;S\u0131ra beklemeden Micropia biletlerini Tours-tickets.com \u00fczerinden sat\u0131n al&#8221; link=&#8221;https:\/\/thingstodoinamsterdam.com\/ticketlink-micropia-tours-std&#8221; icon=&#8221;&#8221; button_align=&#8221;center&#8221; target=&#8221;true&#8221; nofollow=&#8221;true&#8221; el_id=&#8221;1565087001959-1eb87a56-c274&#8243;][vc_column_text]<script type=\"application\/ld+json\">{\n  \"@context\": \"http:\/\/schema.org\/\", \n  \"@type\": \"Product\", \n  \"name\": \"Micropia entrance ticket\",\n  \"image\": \"https:\/\/thingstodoinamsterdam.com\/wp-content\/uploads\/2019\/08\/micropia.jpg\",\n  \"description\": \"Micropia museum of microbes entrance tickets\",\n  \"offers\": {\n    \"@type\": \"Offer\",\n    \"priceCurrency\": \"EUR\",\n    \"price\": \"16\",\n    \"priceValidUntil\": \"2022-12-01\",\n    \"availability\": \"http:\/\/schema.org\/LimitedAvailability\",\n    \"itemCondition\": \"http:\/\/schema.org\/NewCondition\"\n  }\n}\n<\/script>[\/vc_column_text][vc_column_text]<\/p>\n<h3>ARTIS Hayvanat Bah\u00e7esi &amp; Micropia kombine bileti<\/h3>\n<p>Micropia, (\u00e7ok k\u00fc\u00e7\u00fck) hayvanlar hakk\u0131nda ba\u011f\u0131ms\u0131z bir m\u00fczedir ve bu y\u00fczden ARTIS Hayvanat Bah\u00e7esi&#8217;nde yer almaktad\u0131r. Hem ARTIS hem de Micropia i\u00e7in kombine bilet almay\u0131 se\u00e7ersen, %20 indirim al\u0131rs\u0131n. Bir\u00e7ok ki\u015fi kombine bileti tercih eder, \u00e7\u00fcnk\u00fc ziyaret\u00e7iler her iki etkinli\u011fi de yar\u0131m g\u00fcn i\u00e7inde kolayca deneyimleyebilir. Biletleri Tours &amp; Tickets \u00fczerinden almak i\u00e7in a\u015fa\u011f\u0131daki d\u00fc\u011fmeye t\u0131kla.[\/vc_column_text][button title=&#8221;Artis &amp; Micropia kombine biletlerini Tours-tickets.com \u00fczerinden sat\u0131n al&#8221; link=&#8221;https:\/\/thingstodoinamsterdam.com\/ticketlink-artis-tours-combi-micropia&#8221; icon=&#8221;&#8221; button_align=&#8221;center&#8221; target=&#8221;true&#8221; nofollow=&#8221;true&#8221; el_id=&#8221;1565087055906-d04ac109-d243&#8243;][vc_column_text]Adres &amp; \u0130leti\u015fim Bilgileri<a href=\"https:\/\/thingstodoinamsterdam.com\/wp-content\/uploads\/2019\/08\/micropes-at-micropia.jpg\"><img decoding=\"async\" class=\"alignright wp-image-6339 size-medium\" src=\"https:\/\/thingstodoinamsterdam.com\/wp-content\/uploads\/2019\/08\/micropes-at-micropia-300x169-1.jpg\" alt=\"micropia'daki mikroplar\" width=\"300\" height=\"169\"><\/a><\/p>\n<p><strong>Adres<br \/>\n<\/strong>Artisplein<br \/>\nPlantage Kerklaan 38-40<br \/>\nAmsterdam<br \/>\nTel: +31 20 52 33 671<\/p>\n<div class=\"mceTemp\"><\/div>\n<p>[\/vc_column_text][g_map heading=&#8221;Micropia on the city map&#8221; el_id=&#8221;1565087154444-5750a414-59fa&#8221;]<iframe style=\"border: 0;\" src=\"https:\/\/www.google.com\/maps\/embed?pb=!1m18!1m12!1m3!1d2436.193670874274!2d4.910381951239059!3d52.36690817968628!2m3!1f0!2f0!3f0!3m2!1i1024!2i768!4f13.1!3m3!1m2!1s0x47c609a26c702645%3A0x85e9e582ae50dc6c!2sMicropia!5e0!3m2!1sen!2sus!4v1543461814115\" width=\"600\" height=\"450\" frameborder=\"0\" allowfullscreen=\"allowfullscreen\"><\/iframe>[\/g_map][vc_column_text]<\/p>\n<h3>Micropia Hakk\u0131nda S\u0131k\u00e7a Sorulan Sorular<\/h3>\n<ol>\n<li style=\"list-style-type: none;\">\n<ol>\n<li><strong>M\u00fcze tekerlekli sandalye eri\u015fimine uygun mu?<\/strong><br \/>\nEvet! Tekerlekli sandalyeye uygun asans\u00f6rler ve tuvaletler bulunmaktad\u0131r. <\/li>\n<li><strong>Yak\u0131nlarda yemek yenecek yer var m\u0131?<br \/>\n<\/strong>Evet, ARTIS-caf\u00e9 restaurant de Plantage m\u00fczenin hemen yak\u0131n\u0131nda yer almaktad\u0131r.<\/li>\n<li><strong><a href=\"https:\/\/thingstodoinamsterdam.com\/tr\/pratik-bilgiler\/i-amsterdam-city-card\/\">I amsterdam kart\u0131m\u0131<\/a> \u00fccretsiz giri\u015f i\u00e7in kullanabilir miyim?<\/strong><br \/>\nEvet! Micropia, kart\u0131n\u0131 kullanarak \u00fccretsiz giri\u015f imkan\u0131 sunar. <\/li>\n<\/ol>\n<\/li>\n<\/ol>\n<p>[\/vc_column_text][vc_column_text css=&#8221;&#8221;]<\/p>\n<h3>Daha fazla yap\u0131lacak \u015fey<\/h3>\n<p><a href=\"https:\/\/thingstodoinamsterdam.com\/museum-amsterdam\/amsterdam-dungeon\/\">Amsterdam Zindan\u0131<\/a><br \/>\n<a href=\"https:\/\/thingstodoinamsterdam.com\/tr\/amsterdamdaki-muzeler\/body-worlds-mutluluk-projesi\/\">BODY WORLDS Amsterdam<\/a><br \/>\n<a href=\"https:\/\/thingstodoinamsterdam.com\/tr\/kanal-turu\/\">Amsterdam Kanal Turu<\/a><br \/>\n<a href=\"https:\/\/thingstodoinamsterdam.com\/tr\/amsterdamdaki-muzeler\/heineken-deneyimi-amsterdam\/\">Heineken Deneyimi<\/a><br \/>\n<a href=\"https:\/\/thingstodoinamsterdam.com\/tr\/buz-bar-amsterdam\/\">Buz Bar Amsterdam<\/a><br \/>\n<a href=\"https:\/\/thingstodoinamsterdam.com\/tr\/this-is-holland-5d-ucus-deneyimi-amsterdam\/\">\u0130\u015eTE HOLLANDA<\/a><br \/>\n<a href=\"https:\/\/thingstodoinamsterdam.com\/tr\/amsterdamdaki-muzeler\/moco-muzesi\/\">Moco M\u00fczesi<\/a><br \/>\n<a href=\"https:\/\/thingstodoinamsterdam.com\/tr\/amsterdamdaki-muzeler\/nemo-bilim-muzesi\/\">NEMO Bilim M\u00fczesi<\/a><br \/>\n<a href=\"https:\/\/thingstodoinamsterdam.com\/tr\/madurodam-mini-hollanda-tema-parki\/\">Madurodam<\/a><br \/>\n<a href=\"https:\/\/thingstodoinamsterdam.com\/aloha-bowling-minigolf-laser-tag-amsterdam\/#glowgolf\">Aloha &#8211; karanl\u0131kta parlayan minigolf<\/a><br \/>\n<a href=\"https:\/\/thingstodoinamsterdam.com\/tr\/amsterdamdaki-muzeler\/rijksmuseum\/\">Rijksmuseum<\/a><br \/>\n<a href=\"https:\/\/thingstodoinamsterdam.com\/museum-amsterdam\/stedelijk-museum\/\">Stedelijk M\u00fczesi<\/a><br \/>\n<a href=\"https:\/\/thingstodoinamsterdam.com\/museum-amsterdam\/tropenmuseum\/\">Tropenmuseum<\/a><br \/>\n<a href=\"https:\/\/thingstodoinamsterdam.com\/tr\/amsterdamdaki-muzeler\/van-gogh-muzesi\/\">Van Gogh M\u00fczesi<\/a>[\/vc_column_text][vc_row_inner][vc_column_inner][reviews heading=&#8221;Micropia Yorumlar\u0131&#8221; description=&#8221;Ziyaret\u00e7ilerimizin deneyimlerini \u00f6\u011frenmekten her zaman mutluluk duyar\u0131z. L\u00fctfen Micropia yorumunu a\u015fa\u011f\u0131ya b\u0131rak ve di\u011fer gezginlere yard\u0131mc\u0131 ol! M\u00fcze hakk\u0131nda ne d\u00fc\u015f\u00fcnd\u00fcn? Arkada\u015flar\u0131na tavsiye eder miydin? Giri\u015fte uzun s\u00fcre beklemek zorunda kald\u0131n m\u0131? Yorumuna istedi\u011fin her \u015feyi ekle. T\u00fcm yorumlar\u0131 manuel olarak kontrol etti\u011fimiz i\u00e7in l\u00fctfen sab\u0131rl\u0131 ol &#8212; yak\u0131nda yay\u0131nlanacakt\u0131r!      &#8221; item_name=&#8221;Micropia&#8221; item_image=&#8221;1575&#8243; item_tel=&#8221;+31 20 523 3670&#8243; item_web=&#8221;https:\/\/www.micropia.nl\/en\/&#8221; item_address=&#8221;Plantage Kerklaan 38-40&#8243; item_city=&#8221;Amsterdam&#8221; item_postal_code=&#8221;1018 CZ&#8221; item_country=&#8221;NL&#8221; el_id=&#8221;1565087228076-c673ae21-b207&#8243;][\/reviews][vc_column_text]<strong>A\u015fa\u011f\u0131daki m\u00fczelerden birine g\u00f6z at veya genel <a href=\"https:\/\/thingstodoinamsterdam.com\/tr\/amsterdamdaki-muzeler\/\">Amsterdam m\u00fczeleri<\/a> sayfas\u0131na geri d\u00f6n.<\/strong>[\/vc_column_text][\/vc_column_inner][\/vc_row_inner][\/vc_column][\/vc_row][vc_row][vc_column][promo_block style_var=&#8221;style2&#8243; el_id=&#8221;1565087298437-653801d9-5d12&#8243;][promo link=&#8221;url:https%3A%2F%2Fthingstodoinamsterdam.com%2Fbest-time-visit-amsterdam%2F|title:Best%20time%20to%20visit%20Amsterdam|&#8221; text=&#8221;Amsterdam&apos;\u0131 y\u0131l\u0131n hangi zaman\u0131nda ziyaret etmen gerekti\u011fini \u00f6\u011fren. \u00d6nceden kendini haz\u0131rla. &#8221; img=&#8221;1087&#8243;][promo link=&#8221;url:https%3A%2F%2Fthingstodoinamsterdam.com%2Ftr%2Famsterdamdaki-muzeler%2F|title:Museums%20in%20Amsterdam|&#8221; text=&#8221;D\u00fcnyaca \u00fcnl\u00fc m\u00fczeleri ke\u015ffet, ayn\u0131 zamanda daha az bilinen m\u00fczeleri de tan\u0131&#8221; img=&#8221;1089&#8243;][promo link=&#8221;url:https%3A%2F%2Fthingstodoinamsterdam.com%2Ftransport%2Famsterdam-public-transport%2F|title:Public%20transport|&#8221; text=&#8221;Toplu ta\u015f\u0131ma, d\u00fcnyan\u0131n en d\u00fczenli olanlar\u0131ndan biridir. Nas\u0131l \u00e7al\u0131\u015ft\u0131\u011f\u0131n\u0131 \u00f6\u011fren. &#8221; img=&#8221;1082&#8243;][\/promo_block][\/vc_column][\/vc_row]<\/p>\n<\/div>","protected":false},"excerpt":{"rendered":"<p>[vc_row][vc_column][buttonsticky title=&#8221;S\u0131ra beklemeden Micropia biletlerini Tours-tickets.com \u00fczerinden sat\u0131n al&#8221; link=&#8221;https:\/\/thingstodoinamsterdam.com\/ticketlink-micropia-tours-std&#8221; target=&#8221;true&#8221; nofollow=&#8221;true&#8221; el_id=&#8221;1743170173798-2725c12a-4f7a&#8221;][\/vc_column][\/vc_row][vc_row][vc_column][vc_column_text]Micropia, Amsterdam Do\u011fu (Oost) yak\u0131nlar\u0131nda, Artis-Amsterdam Kraliyet Hayvanat Bah\u00e7esi&#8216;nin bir par\u00e7as\u0131 olarak yer\u2026<\/p>\n","protected":false},"author":4,"featured_media":2537095,"parent":2536031,"menu_order":0,"comment_status":"closed","ping_status":"closed","template":"","meta":{"footnotes":""},"class_list":["post-2537093","page","type-page","status-publish","has-post-thumbnail","hentry"],"yoast_head":"<!-- This site is optimized with the Yoast SEO plugin v27.4 - https:\/\/yoast.com\/product\/yoast-seo-wordpress\/ -->\n<title>Micropia - mikroplar m\u00fczesi. Online biletlerini buradan al!<\/title>\n<meta name=\"description\" content=\"Micropia, \u00f6d\u00fcll\u00fc bir m\u00fcze ve t\u00fcr\u00fcn\u00fcn tek mikrop m\u00fczesidir. Mikrobiyoloji hakk\u0131nda bilgi edin ve bilim ile sanat aras\u0131ndaki bo\u015flu\u011fu doldur.\" \/>\n<meta name=\"robots\" content=\"index, follow, max-snippet:-1, max-image-preview:large, max-video-preview:-1\" \/>\n<link rel=\"canonical\" href=\"https:\/\/thingstodoinamsterdam.com\/tr\/amsterdamdaki-muzeler\/micropia\/\" \/>\n<meta property=\"og:locale\" content=\"tr_TR\" \/>\n<meta property=\"og:type\" content=\"article\" \/>\n<meta property=\"og:title\" content=\"Micropia - mikroplar m\u00fczesi. Online biletlerini buradan al!\" \/>\n<meta property=\"og:description\" content=\"Micropia, \u00f6d\u00fcll\u00fc bir m\u00fcze ve t\u00fcr\u00fcn\u00fcn tek mikrop m\u00fczesidir. Mikrobiyoloji hakk\u0131nda bilgi edin ve bilim ile sanat aras\u0131ndaki bo\u015flu\u011fu doldur.\" \/>\n<meta property=\"og:url\" content=\"https:\/\/thingstodoinamsterdam.com\/tr\/amsterdamdaki-muzeler\/micropia\/\" \/>\n<meta property=\"og:site_name\" content=\"ThingstodoinAmsterdam.com\" \/>\n<meta property=\"article:publisher\" content=\"https:\/\/www.facebook.com\/thingstodoinamsterdamcom\" \/>\n<meta property=\"article:modified_time\" content=\"2026-03-28T11:30:51+00:00\" \/>\n<meta property=\"og:image\" content=\"https:\/\/thingstodoinamsterdam.com\/wp-content\/uploads\/2019\/08\/micropia.jpg\" \/>\n\t<meta property=\"og:image:width\" content=\"1536\" \/>\n\t<meta property=\"og:image:height\" content=\"2048\" \/>\n\t<meta property=\"og:image:type\" content=\"image\/jpeg\" \/>\n<meta name=\"twitter:card\" content=\"summary_large_image\" \/>\n<meta name=\"twitter:label1\" content=\"Tahmini okuma s\u00fcresi\" \/>\n\t<meta name=\"twitter:data1\" content=\"5 dakika\" \/>\n<script type=\"application\/ld+json\" class=\"yoast-schema-graph\">{\"@context\":\"https:\\\/\\\/schema.org\",\"@graph\":[{\"@type\":\"WebPage\",\"@id\":\"https:\\\/\\\/thingstodoinamsterdam.com\\\/tr\\\/amsterdamdaki-muzeler\\\/micropia\\\/\",\"url\":\"https:\\\/\\\/thingstodoinamsterdam.com\\\/tr\\\/amsterdamdaki-muzeler\\\/micropia\\\/\",\"name\":\"Micropia - mikroplar m\u00fczesi. Online biletlerini buradan al!\",\"isPartOf\":{\"@id\":\"https:\\\/\\\/thingstodoinamsterdam.com\\\/tr\\\/#website\"},\"primaryImageOfPage\":{\"@id\":\"https:\\\/\\\/thingstodoinamsterdam.com\\\/tr\\\/amsterdamdaki-muzeler\\\/micropia\\\/#primaryimage\"},\"image\":{\"@id\":\"https:\\\/\\\/thingstodoinamsterdam.com\\\/tr\\\/amsterdamdaki-muzeler\\\/micropia\\\/#primaryimage\"},\"thumbnailUrl\":\"https:\\\/\\\/thingstodoinamsterdam.com\\\/wp-content\\\/uploads\\\/2019\\\/08\\\/micropia.jpg\",\"datePublished\":\"2026-03-27T19:53:51+00:00\",\"dateModified\":\"2026-03-28T11:30:51+00:00\",\"description\":\"Micropia, \u00f6d\u00fcll\u00fc bir m\u00fcze ve t\u00fcr\u00fcn\u00fcn tek mikrop m\u00fczesidir. Mikrobiyoloji hakk\u0131nda bilgi edin ve bilim ile sanat aras\u0131ndaki bo\u015flu\u011fu doldur.\",\"breadcrumb\":{\"@id\":\"https:\\\/\\\/thingstodoinamsterdam.com\\\/tr\\\/amsterdamdaki-muzeler\\\/micropia\\\/#breadcrumb\"},\"inLanguage\":\"tr\",\"potentialAction\":[{\"@type\":\"ReadAction\",\"target\":[\"https:\\\/\\\/thingstodoinamsterdam.com\\\/tr\\\/amsterdamdaki-muzeler\\\/micropia\\\/\"]}]},{\"@type\":\"ImageObject\",\"inLanguage\":\"tr\",\"@id\":\"https:\\\/\\\/thingstodoinamsterdam.com\\\/tr\\\/amsterdamdaki-muzeler\\\/micropia\\\/#primaryimage\",\"url\":\"https:\\\/\\\/thingstodoinamsterdam.com\\\/wp-content\\\/uploads\\\/2019\\\/08\\\/micropia.jpg\",\"contentUrl\":\"https:\\\/\\\/thingstodoinamsterdam.com\\\/wp-content\\\/uploads\\\/2019\\\/08\\\/micropia.jpg\",\"width\":1536,\"height\":2048},{\"@type\":\"BreadcrumbList\",\"@id\":\"https:\\\/\\\/thingstodoinamsterdam.com\\\/tr\\\/amsterdamdaki-muzeler\\\/micropia\\\/#breadcrumb\",\"itemListElement\":[{\"@type\":\"ListItem\",\"position\":1,\"name\":\"Amsterdam\u2019da yap\u0131lacak \u015feyler\",\"item\":\"https:\\\/\\\/thingstodoinamsterdam.com\\\/tr\\\/\"},{\"@type\":\"ListItem\",\"position\":2,\"name\":\"Amsterdam&#8217;daki M\u00fczeler\",\"item\":\"https:\\\/\\\/thingstodoinamsterdam.com\\\/tr\\\/museos-amsterdam\\\/\"},{\"@type\":\"ListItem\",\"position\":3,\"name\":\"Micropia\"}]},{\"@type\":\"WebSite\",\"@id\":\"https:\\\/\\\/thingstodoinamsterdam.com\\\/tr\\\/#website\",\"url\":\"https:\\\/\\\/thingstodoinamsterdam.com\\\/tr\\\/\",\"name\":\"ThingstodoinAmsterdam.com\",\"description\":\"Amsterdam&#039;s highlights and hidden secrets\",\"publisher\":{\"@id\":\"https:\\\/\\\/thingstodoinamsterdam.com\\\/tr\\\/#organization\"},\"potentialAction\":[{\"@type\":\"SearchAction\",\"target\":{\"@type\":\"EntryPoint\",\"urlTemplate\":\"https:\\\/\\\/thingstodoinamsterdam.com\\\/tr\\\/?s={search_term_string}\"},\"query-input\":{\"@type\":\"PropertyValueSpecification\",\"valueRequired\":true,\"valueName\":\"search_term_string\"}}],\"inLanguage\":\"tr\"},{\"@type\":\"Organization\",\"@id\":\"https:\\\/\\\/thingstodoinamsterdam.com\\\/tr\\\/#organization\",\"name\":\"Amsterdam\u2019da yap\u0131lacak \u015feyler\",\"url\":\"https:\\\/\\\/thingstodoinamsterdam.com\\\/tr\\\/\",\"logo\":{\"@type\":\"ImageObject\",\"inLanguage\":\"tr\",\"@id\":\"https:\\\/\\\/thingstodoinamsterdam.com\\\/tr\\\/#\\\/schema\\\/logo\\\/image\\\/\",\"url\":\"https:\\\/\\\/thingstodoinamsterdam.com\\\/wp-content\\\/uploads\\\/2025\\\/02\\\/ThingsToDoInAmsterdam-Favicon-logo.png\",\"contentUrl\":\"https:\\\/\\\/thingstodoinamsterdam.com\\\/wp-content\\\/uploads\\\/2025\\\/02\\\/ThingsToDoInAmsterdam-Favicon-logo.png\",\"width\":512,\"height\":512,\"caption\":\"Amsterdam\u2019da yap\u0131lacak \u015feyler\"},\"image\":{\"@id\":\"https:\\\/\\\/thingstodoinamsterdam.com\\\/tr\\\/#\\\/schema\\\/logo\\\/image\\\/\"},\"sameAs\":[\"https:\\\/\\\/www.facebook.com\\\/thingstodoinamsterdamcom\"]}]}<\/script>\n<!-- \/ Yoast SEO plugin. -->","yoast_head_json":{"title":"Micropia - mikroplar m\u00fczesi. Online biletlerini buradan al!","description":"Micropia, \u00f6d\u00fcll\u00fc bir m\u00fcze ve t\u00fcr\u00fcn\u00fcn tek mikrop m\u00fczesidir. Mikrobiyoloji hakk\u0131nda bilgi edin ve bilim ile sanat aras\u0131ndaki bo\u015flu\u011fu doldur.","robots":{"index":"index","follow":"follow","max-snippet":"max-snippet:-1","max-image-preview":"max-image-preview:large","max-video-preview":"max-video-preview:-1"},"canonical":"https:\/\/thingstodoinamsterdam.com\/tr\/amsterdamdaki-muzeler\/micropia\/","og_locale":"tr_TR","og_type":"article","og_title":"Micropia - mikroplar m\u00fczesi. Online biletlerini buradan al!","og_description":"Micropia, \u00f6d\u00fcll\u00fc bir m\u00fcze ve t\u00fcr\u00fcn\u00fcn tek mikrop m\u00fczesidir. Mikrobiyoloji hakk\u0131nda bilgi edin ve bilim ile sanat aras\u0131ndaki bo\u015flu\u011fu doldur.","og_url":"https:\/\/thingstodoinamsterdam.com\/tr\/amsterdamdaki-muzeler\/micropia\/","og_site_name":"ThingstodoinAmsterdam.com","article_publisher":"https:\/\/www.facebook.com\/thingstodoinamsterdamcom","article_modified_time":"2026-03-28T11:30:51+00:00","og_image":[{"width":1536,"height":2048,"url":"https:\/\/thingstodoinamsterdam.com\/wp-content\/uploads\/2019\/08\/micropia.jpg","type":"image\/jpeg"}],"twitter_card":"summary_large_image","twitter_misc":{"Tahmini okuma s\u00fcresi":"5 dakika"},"schema":{"@context":"https:\/\/schema.org","@graph":[{"@type":"WebPage","@id":"https:\/\/thingstodoinamsterdam.com\/tr\/amsterdamdaki-muzeler\/micropia\/","url":"https:\/\/thingstodoinamsterdam.com\/tr\/amsterdamdaki-muzeler\/micropia\/","name":"Micropia - mikroplar m\u00fczesi. Online biletlerini buradan al!","isPartOf":{"@id":"https:\/\/thingstodoinamsterdam.com\/tr\/#website"},"primaryImageOfPage":{"@id":"https:\/\/thingstodoinamsterdam.com\/tr\/amsterdamdaki-muzeler\/micropia\/#primaryimage"},"image":{"@id":"https:\/\/thingstodoinamsterdam.com\/tr\/amsterdamdaki-muzeler\/micropia\/#primaryimage"},"thumbnailUrl":"https:\/\/thingstodoinamsterdam.com\/wp-content\/uploads\/2019\/08\/micropia.jpg","datePublished":"2026-03-27T19:53:51+00:00","dateModified":"2026-03-28T11:30:51+00:00","description":"Micropia, \u00f6d\u00fcll\u00fc bir m\u00fcze ve t\u00fcr\u00fcn\u00fcn tek mikrop m\u00fczesidir. Mikrobiyoloji hakk\u0131nda bilgi edin ve bilim ile sanat aras\u0131ndaki bo\u015flu\u011fu doldur.","breadcrumb":{"@id":"https:\/\/thingstodoinamsterdam.com\/tr\/amsterdamdaki-muzeler\/micropia\/#breadcrumb"},"inLanguage":"tr","potentialAction":[{"@type":"ReadAction","target":["https:\/\/thingstodoinamsterdam.com\/tr\/amsterdamdaki-muzeler\/micropia\/"]}]},{"@type":"ImageObject","inLanguage":"tr","@id":"https:\/\/thingstodoinamsterdam.com\/tr\/amsterdamdaki-muzeler\/micropia\/#primaryimage","url":"https:\/\/thingstodoinamsterdam.com\/wp-content\/uploads\/2019\/08\/micropia.jpg","contentUrl":"https:\/\/thingstodoinamsterdam.com\/wp-content\/uploads\/2019\/08\/micropia.jpg","width":1536,"height":2048},{"@type":"BreadcrumbList","@id":"https:\/\/thingstodoinamsterdam.com\/tr\/amsterdamdaki-muzeler\/micropia\/#breadcrumb","itemListElement":[{"@type":"ListItem","position":1,"name":"Amsterdam\u2019da yap\u0131lacak \u015feyler","item":"https:\/\/thingstodoinamsterdam.com\/tr\/"},{"@type":"ListItem","position":2,"name":"Amsterdam&#8217;daki M\u00fczeler","item":"https:\/\/thingstodoinamsterdam.com\/tr\/museos-amsterdam\/"},{"@type":"ListItem","position":3,"name":"Micropia"}]},{"@type":"WebSite","@id":"https:\/\/thingstodoinamsterdam.com\/tr\/#website","url":"https:\/\/thingstodoinamsterdam.com\/tr\/","name":"ThingstodoinAmsterdam.com","description":"Amsterdam&#039;s highlights and hidden secrets","publisher":{"@id":"https:\/\/thingstodoinamsterdam.com\/tr\/#organization"},"potentialAction":[{"@type":"SearchAction","target":{"@type":"EntryPoint","urlTemplate":"https:\/\/thingstodoinamsterdam.com\/tr\/?s={search_term_string}"},"query-input":{"@type":"PropertyValueSpecification","valueRequired":true,"valueName":"search_term_string"}}],"inLanguage":"tr"},{"@type":"Organization","@id":"https:\/\/thingstodoinamsterdam.com\/tr\/#organization","name":"Amsterdam\u2019da yap\u0131lacak \u015feyler","url":"https:\/\/thingstodoinamsterdam.com\/tr\/","logo":{"@type":"ImageObject","inLanguage":"tr","@id":"https:\/\/thingstodoinamsterdam.com\/tr\/#\/schema\/logo\/image\/","url":"https:\/\/thingstodoinamsterdam.com\/wp-content\/uploads\/2025\/02\/ThingsToDoInAmsterdam-Favicon-logo.png","contentUrl":"https:\/\/thingstodoinamsterdam.com\/wp-content\/uploads\/2025\/02\/ThingsToDoInAmsterdam-Favicon-logo.png","width":512,"height":512,"caption":"Amsterdam\u2019da yap\u0131lacak \u015feyler"},"image":{"@id":"https:\/\/thingstodoinamsterdam.com\/tr\/#\/schema\/logo\/image\/"},"sameAs":["https:\/\/www.facebook.com\/thingstodoinamsterdamcom"]}]}},"_links":{"self":[{"href":"https:\/\/thingstodoinamsterdam.com\/tr\/wp-json\/wp\/v2\/pages\/2537093","targetHints":{"allow":["GET"]}}],"collection":[{"href":"https:\/\/thingstodoinamsterdam.com\/tr\/wp-json\/wp\/v2\/pages"}],"about":[{"href":"https:\/\/thingstodoinamsterdam.com\/tr\/wp-json\/wp\/v2\/types\/page"}],"author":[{"embeddable":true,"href":"https:\/\/thingstodoinamsterdam.com\/tr\/wp-json\/wp\/v2\/users\/4"}],"replies":[{"embeddable":true,"href":"https:\/\/thingstodoinamsterdam.com\/tr\/wp-json\/wp\/v2\/comments?post=2537093"}],"version-history":[{"count":5,"href":"https:\/\/thingstodoinamsterdam.com\/tr\/wp-json\/wp\/v2\/pages\/2537093\/revisions"}],"predecessor-version":[{"id":2538464,"href":"https:\/\/thingstodoinamsterdam.com\/tr\/wp-json\/wp\/v2\/pages\/2537093\/revisions\/2538464"}],"up":[{"embeddable":true,"href":"https:\/\/thingstodoinamsterdam.com\/tr\/wp-json\/wp\/v2\/pages\/2536031"}],"wp:featuredmedia":[{"embeddable":true,"href":"https:\/\/thingstodoinamsterdam.com\/tr\/wp-json\/wp\/v2\/media\/2537095"}],"wp:attachment":[{"href":"https:\/\/thingstodoinamsterdam.com\/tr\/wp-json\/wp\/v2\/media?parent=2537093"}],"curies":[{"name":"wp","href":"https:\/\/api.w.org\/{rel}","templated":true}]}}