{"id":2537416,"date":"2026-03-27T21:18:12","date_gmt":"2026-03-27T20:18:12","guid":{"rendered":"https:\/\/thingstodoinamsterdam.com\/amsterdamdaki-aktiviteler\/amsterdamdaki-en-iyi-vr-deneyimleri\/"},"modified":"2026-03-28T01:40:19","modified_gmt":"2026-03-28T00:40:19","slug":"amsterdamdaki-en-iyi-vr-deneyimleri","status":"publish","type":"page","link":"https:\/\/thingstodoinamsterdam.com\/tr\/amsterdamdaki-aktiviteler\/amsterdamdaki-en-iyi-vr-deneyimleri\/","title":{"rendered":"Amsterdam&#8217;daki en iyi VR deneyimleri"},"content":{"rendered":"<div class=\"wpb-content-wrapper\"><p>[vc_row][vc_column][vc_column_text css=&#8221;&#8221;]<\/p>\n<p class=\"p1\">K\u0131vr\u0131ml\u0131 kanallar\u0131n, b\u00fcy\u00fcleyici k\u00f6pr\u00fclerin ve tarihi sokaklar\u0131n \u00f6tesinde, Amsterdam ayn\u0131 zamanda en son teknoloji sanal ger\u00e7eklik (VR) deneyimlerinden baz\u0131lar\u0131na da ev sahipli\u011fi yap\u0131yor. \u015eehrin d\u00f6rt bir yan\u0131nda yarat\u0131c\u0131l\u0131\u011f\u0131n, teknolojinin ve maceran\u0131n bulu\u015ftu\u011fu oyun merkezleri bulunuyor. \u0130ster b\u00fcy\u00fck \u00e7ok odal\u0131 bir kompleks, ister daha k\u00fc\u00e7\u00fck bir st\u00fcdyo se\u00e7, ister gizemleri \u00e7\u00f6z ister k\u0131yametlerden sa\u011f \u00e7\u0131k, Amsterdam&#8217;da s\u00fcr\u00fckleyici ve heyecan verici VR deneyimleri seni bekliyor.  <\/p>\n<p class=\"p1\">VR merkezleri turistleri ve kurumsal ekipleri, aileleri, arkada\u015flar\u0131 ve hevesli oyuncular\u0131 cezbediyor. \u0130ster acemi ister uzman ol, son teknoloji, serbest dola\u015f\u0131m arenalar\u0131 ve hikaye odakl\u0131 maceralar Amsterdam&#8217;\u0131n VR sahnesini \u00e7ok heyecan verici k\u0131l\u0131yor. Ger\u00e7ek d\u00fcnyaya d\u00f6nd\u00fc\u011f\u00fcnde seni enerji dolu b\u0131rakacak taze ve e\u011flenceli bir deneyim. Ka\u00e7\u0131\u015f odas\u0131 deneyimini seviyorsan veya neden bu kadar pop\u00fcler oldu\u011funu merak ediyorsan, <a href=\"https:\/\/thingstodoinamsterdam.com\/amsterdam-attractions\/escape-room-amsterdam\/\">Amsterdam&#8217;\u0131n en iyi ka\u00e7\u0131\u015f odalar\u0131<\/a> derlememize g\u00f6z at.   <\/p>\n<p class=\"p1\">A\u015fa\u011f\u0131da, bir sonraki maceran\u0131 planlamana yard\u0131mc\u0131 olmak i\u00e7in Amsterdam&#8217;daki en iyi VR mekanlar\u0131n\u0131 derledik. Onlar\u0131 VR tekliflerine, tesislerine, konumlar\u0131na, kalitelerine ve eri\u015filebilirliklerine g\u00f6re se\u00e7tik. <\/p>\n<p>[\/vc_column_text][\/vc_column][\/vc_row][vc_row][vc_column][promo_block style_var=&#8221;style2&#8243; el_id=&#8221;1635510990126-ab872e2a-205d&#8221;][promo link=&#8221;url:https%3A%2F%2Fthingstodoinamsterdam.com%2Ftr%2Famsterdamdaki-aktiviteler%2Famsterdamdaki-en-iyi-vr-deneyimleri%2Fadam-vr-game-race-park-nihai-sanal-gerceklik-eglencesi%2F|title:A%27DAM%20VR%20Game%20%26%20Race%20Park|&#8221; address=&#8221;JTNDYnIlM0UlMjBBJUUyJTgwJTk5REFNJTIwVlIlMjBHYW1lJTIwJTI2JTIwUmFjZSUyMFBhcmslMjAlM0NiciUzRSUwQU92ZXJob2Vrc3BsZWluJTIwMTUlMjAlM0NiciUzRSUwQTEwMzElMjBLUyUyMEFtc3RlcmRhbSUyMCUzQ2JyJTNFJTBB&#8221; text=&#8221;\u0130konik A&apos;DAM Kulesi&apos;nin i\u00e7inde yer alan A&apos;DAM VR Oyun Park\u0131, adrenalin pompalayan ni\u015fanc\u0131 oyunlar\u0131ndan h\u0131z trenlerine binmeye ve y\u00fcksekliklere t\u0131rmanmaya kadar \u00e7e\u015fitli deneyimler sunuyor. Mekan, son teknoloji VR ekipmanlar\u0131na ve grup gezileri veya solo m\u00fccadeleler i\u00e7in m\u00fckemmel olan y\u00fcksek enerjili bir ortama sahip. Merkezi konumu ve e\u015fsiz atmosferi, harika VR deneyimini ger\u00e7ekten samimi ve her zaman yard\u0131ma haz\u0131r bir ekiple ya\u015famak isteyen yerel halk ve turistler i\u00e7in buray\u0131 mutlaka ziyaret edilmesi gereken bir yer haline getiriyor.  &#8221; img=&#8221;2026684&#8243;][promo link=&#8221;url:https%3A%2F%2Fthingstodoinamsterdam.com%2Ftr%2Fkanal-turu%2Fvr-voyage-tekne-turu%2F|title:VR%20Voyage%20Canal%20Tour|&#8221; address=&#8221;JTNDYnIlM0UlMjBWUiUyMFZveWFnZSUyMCUzQ2JyJTNFJTBBTGVpZHNla2FkZSUyMDEwMCUyMCUzQ2JyJTNFJTBBMTAxN1BQJTIwQW1zdGVyZGFtJTIwJTNDYnIlM0UlM0NiciUzRSUwQTEwJTI1JTIwb2ZmJTIwd2l0aCUyMGRpc2NvdW50JTIwY29kZSUzQ2JyJTNFJTIwVlJWLVRCLTEwJTBBJTBBJTIw&#8221; text=&#8221;Yeni! Hollanda Alt\u0131n \u00c7a\u011f\u0131&apos;nda oldu\u011fu gibi yak\u0131n \u00e7evreni (360\u00b0) deneyimleyebilece\u011fin bu Sanal Ger\u00e7eklik tekne turuyla 400 y\u0131l geriye git. Kanal turu Amsterdam&apos;da mutlaka yap\u0131lmas\u0131 gereken bir \u015fey! Bu yeni VR turu, ortalama tekne turundan daha heyecan verici. Tur s\u0131ras\u0131nda VR g\u00f6zl\u00fc\u011f\u00fcn\u00fc takarak kolayca zamanda geriye gidebilirsin.    &#8221; img=&#8221;2027208&#8243;][promo link=&#8221;title:VR%20Gamehouse%20%28VRGH%29|&#8221; address=&#8221;JTNDYnIlM0UlMjBWUiUyMEdhbWVob3VzZSUyMCUyOFZSR0glMjklMjAlM0NiciUzRSUwQUd5cm9zY29vcHdlZyUyMDEwMiUyMCUzQ2JyJTNFJTBBMTA0MiUyMEFYJTIwQW1zdGVyZGFtJTIwJTNDYnIlM0UlMEE=&#8221; text=&#8221;VR GameHouse Amsterdam, grup oyunlar\u0131na ve ka\u00e7\u0131\u015f odas\u0131 tarz\u0131 m\u00fccadelelere \u00f6zel, daha samimi ama bir o kadar da s\u00fcr\u00fckleyici bir ortam sunuyor. Bu mekan, \u00e7ok oyunculu deneyimler i\u00e7in ideal, rahat bir atmosferi ve \u015f\u0131k bir kurulumu bir araya getiriyor. Etkinlikler veya partiler i\u00e7in harika bir yer ve VR e\u011flenceni en iyi DJ&apos;ler, i\u00e7ecekler ve dansla birle\u015ftirebilirsin.  &#8221; img=&#8221;2026970&#8243;][promo link=&#8221;title:VR%20Experience%20Amsterdam|&#8221; address=&#8221;JTNDYnIlM0UlMjBWUiUyMEV4cGVyaWVuY2UlMjBBbXN0ZXJkYW0lMjAlM0NiciUzRSUwQVRvbSUyMFNjaHJldXJzd2VnJTIwMTAtRCUyMCUzQ2JyJTNFJTBBMTA2NyUyME1DJTIwQW1zdGVyZGFtJTIwJTNDYnIlM0UlMEElMEElMEE=&#8221; text=&#8221;S\u00fcr\u00fckleyici ka\u00e7\u0131\u015f odas\u0131 ve macera senaryolar\u0131na odaklanan VR Experience Amsterdam, ekip \u00e7al\u0131\u015fmas\u0131n\u0131 ve problem \u00e7\u00f6zmeyi te\u015fvik etmek i\u00e7in deneyimlerin ki\u015fiselle\u015ftirildi\u011fi, arkada\u015flar ve kurumsal etkinlikler i\u00e7in ideal \u00e7ok duyusal deneyimler yarat\u0131yor. Sunulan oyunlar aras\u0131nda 2 ila 6 oyuncu i\u00e7in heyecan verici bir ni\u015fanc\u0131 oyunu olan Cops vs Robbers ve ama\u00e7 sab\u0131rs\u0131z m\u00fc\u015fterilere m\u00fcmk\u00fcn oldu\u011funca h\u0131zl\u0131 hizmet vermek olan Cook&apos;d UP bulunuyor. &#8221; img=&#8221;2026949&#8243;][promo link=&#8221;title:Lightning%20VR|&#8221; address=&#8221;JTNDYnIlM0UlMjBMaWdodG5pbmclMjBWUiUyMCUzQ2JyJTNFJTBBQXN0ZXJ3ZWclMjAxOUUxJTIwJTNDYnIlM0UlMEExMDMxJTIwSEwlMjBBbXN0ZXJkYW0lMjAlM0NiciUzRSUwQQ==&#8221; text=&#8221;Lightning VR Amsterdam, st\u00fcdyolar\u0131nda \u00f6zel olarak olu\u015fturulmu\u015f oyunlarla heyecan verici serbest dola\u015f\u0131m maceralar\u0131 i\u00e7in y\u00fcksek puan al\u0131yor. Geni\u015f bir s\u00fcr\u00fckleyici oyun koleksiyonuna sahipler, bu nedenle y\u00fcksek yo\u011funluklu, sinematik bir VR deneyimi bekleyebilirsin. Mekan iki b\u00f6l\u00fcme ayr\u0131lm\u0131\u015f durumda &#8211; biri 200m2&apos;lik bir oyun odas\u0131, di\u011feri ise bir bar, bilardo masalar\u0131 ve atari oyunlar\u0131 i\u00e7eriyor. \u00c7ocuk dostu ni\u015fanc\u0131 oyunlar\u0131n\u0131n da oldu\u011funu bilmek g\u00fczel.   &#8221; img=&#8221;2026914&#8243;][promo link=&#8221;title:The%20Park%20Playground|&#8221; address=&#8221;JTNDYnIlM0UlMjBUaGUlMjBQYXJrJTIwUGxheWdyb3VuZCUyMCUzQ2JyJTNFJTBBUmlnYWthZGUlMjAxMCUwQTEwMTMlMjBCQyUyMEFtc3RlcmRhbSUyMCUzQ2JyJTNFJTBBJTBBJTBBJTBB&#8221; text=&#8221;The Park Playground, oyuncular\u0131 fantastik d\u00fcnyalara dalmaya davet eden hikaye odakl\u0131 g\u00f6revler ve geni\u015f serbest dola\u015f\u0131m arenalar\u0131 konusunda uzmanla\u015fm\u0131\u015ft\u0131r. Hem yeni ba\u015flayanlar hem de deneyimli oyuncular i\u00e7in uygun olan mekanda ka\u00e7\u0131\u015f odas\u0131, VR sava\u015f\u0131, kurtarma g\u00f6revi ve uzayl\u0131 sava\u015f\u0131 gibi heyecan verici oyunlar bulunuyor. Her oyun ger\u00e7ek hayata olabildi\u011fince yak\u0131n ve oyun sonras\u0131 rahatlamak ve ger\u00e7ekli\u011fe geri d\u00f6nmek i\u00e7in barda dinlenebilirsin.  &#8221; img=&#8221;2026924&#8243;][promo link=&#8221;title:Zero%20Latency|&#8221; address=&#8221;JTNDYnIlM0UlMjBaZXJvJTIwTGF0ZW5jeSUyMCUzQ2JyJTNFJTBBTWVldXdlbmxhYW4lMjAxMjIlMjAlM0NiciUzRSUwQTEwMjElMjBKTiUyMEFtc3RlcmRhbSUyMCUzQ2JyJTNFJTBB&#8221; text=&#8221;Zero Latency VR \u00f6l\u00e7ek, h\u0131z ve tam s\u00fcr\u00fckleyicilik sunar. Tak\u0131mlar\u0131n sanal maceralarda birlikte hareket edebilece\u011fi, strateji geli\u015ftirebilece\u011fi ve sava\u015fabilece\u011fi b\u00fcy\u00fck, kablosuz arenalara sahip birinci s\u0131n\u0131f bir serbest dola\u015f\u0131m VR mekan\u0131d\u0131r. Bir vir\u00fcs salg\u0131n\u0131ndan sa\u011f \u00e7\u0131kmaktan uzayl\u0131larla sava\u015fmaya kadar yo\u011fun ve h\u0131zl\u0131 tempolu g\u00f6revler bekleyebilirsin. Zero Latency, heyecan arayanlar, tak\u0131m oyuncular\u0131 ve adrenalin dolu bir deneyim isteyen herkes i\u00e7in m\u00fckemmeldir.   &#8221; img=&#8221;2026954&#8243;][promo link=&#8221;title:VR%20Amsterdam|&#8221; address=&#8221;JTNDYnIlM0UlMjBWUiUyMEFtc3RlcmRhbSUyMCUzQ2JyJTNFJTBBRHVpdmVuZHJlY2h0c2VrYWRlJTIwMzYlMjAlM0NiciUzRSUwQTEwOTYlMjBBSCUyMEFtc3RlcmRhbSUyMCUwQQ==&#8221; text=&#8221;VR Amsterdam, s\u0131radan oyunculardan deneyimli merakl\u0131lara kadar geni\u015f bir kitleye hitap eden \u00e7e\u015fitli oyunlara sahiptir. Mekan, s\u00fcrekli de\u011fi\u015fen bir oyun k\u00fct\u00fcphanesi ve reflekslerini ve stratejik d\u00fc\u015f\u00fcnmeni zorlamak i\u00e7in tasarlanm\u0131\u015f a\u00e7\u0131k bir ortama sahiptir. Samimi ve rahat bir atmosfere sahip VR Amsterdam, sanal ger\u00e7eklik d\u00fcnyas\u0131na dalmak isteyen herkes i\u00e7in harika bir se\u00e7enektir.  &#8221; img=&#8221;2026976&#8243;][promo link=&#8221;url:https%3A%2F%2Fthingstodoinamsterdam.com%2Faloha-bowling-minigolf-laser-tag-amsterdam%2F|title:Aloha%20VR|&#8221; address=&#8221;JTNDYnIlM0UlMjBBbG9oYSUyMFZSJTIwJTNDYnIlM0UlMEFEZSUyMFJ1eXRlcmthZGUlMjAxNTElMjAlM0NiciUzRSUwQTEwMTElMjBBQyUyMEFtc3RlcmRhbSUyMCUzQ2JyJTNFJTBBJTBBJTBBJTBBJTBB&#8221; text=&#8221;Hareketli Aloha e\u011flence merkezinde yer alan Aloha VR, VR oyunlar\u0131na e\u011flenceli ve \u015fenlikli bir dokunu\u015f kat\u0131yor. Burada, sanal ger\u00e7ekli\u011fin heyecan\u0131 bowling, lazer etiketi ve rahat yemek gibi di\u011fer aktivitelerle birle\u015ferek aileler, arkada\u015flar veya kurumsal gruplar i\u00e7in e\u011flenceli bir gezi haline geliyor. Canl\u0131 atmosferi ve \u00e7e\u015fitli teklifleri, y\u00fcksek teknolojili oyunlar\u0131 parti havas\u0131yla birle\u015ftirmek isteyenler i\u00e7in ideal bir yer olmas\u0131n\u0131 sa\u011fl\u0131yor.  &#8221; img=&#8221;2026904&#8243;][\/promo_block][\/vc_column][\/vc_row][vc_row][vc_column][g_map heading=&#8221;VR experiences on the city map&#8221; el_id=&#8221;1744705770633-f9f2755d-21d7&#8243;]<iframe src=\"https:\/\/www.google.com\/maps\/d\/embed?mid=1iAAfz0HN0BgWlnFePzhqt5lVcmhgl0A&amp;ehbc=2E312F\"><\/iframe>[\/g_map][\/vc_column][\/vc_row][vc_row][vc_column][vc_column_text css=&#8221;&#8221;]<\/p>\n<h3>Amsterdam&#8217;daki VR merkezlerini ziyaret etmek i\u00e7in ipu\u00e7lar\u0131<\/h3>\n<h4>1. VR konfor alan\u0131na sad\u0131k kal<\/h4>\n<p>VR yo\u011fun olabilir; e\u011fer yeniysen, buna uygun deneyimler se\u00e7. Sana neyin daha uygun oldu\u011funu \u00f6\u011frenmek i\u00e7in mekandaki personelle konu\u015f \u2014 genellikle herkes i\u00e7in bir \u015feyler vard\u0131r. Hareket hastal\u0131\u011f\u0131na yatk\u0131nsan, personele hangi oyunlar\u0131n daha sabit veya daha az ba\u015f d\u00f6nd\u00fcr\u00fcc\u00fc oldu\u011funu sor.  <\/p>\n<h4>2. Erken gel<\/h4>\n<p>Bir\u00e7ok mekan, giri\u015f yapmak ve bilgilendirilmek i\u00e7in 10 ila 15 dakika erken gelmeni tavsiye eder.<\/p>\n<h4>3. Rahat giyin<\/h4>\n<p>\u00d6zellikle serbest dola\u015f\u0131m alanlar\u0131nda hareket \u00f6zg\u00fcrl\u00fc\u011f\u00fc sa\u011flayan rahat k\u0131yafetler ve ayakkab\u0131lar giy.<\/p>\n<h4>4. Zaman s\u0131n\u0131r\u0131na uy<\/h4>\n<p>Zaman dilimine dikkat et ki bir sonraki grup programa uygun ba\u015flayabilsin. Kazanc\u0131n\u0131 oyun alan\u0131n\u0131n d\u0131\u015f\u0131nda kutla![\/vc_column_text][\/vc_column][\/vc_row][vc_row][vc_column][promo_block style_var=&#8221;style2&#8243; el_id=&#8221;1566375886183-4d56e822-4a99&#8243;][promo link=&#8221;url:https%3A%2F%2Fthingstodoinamsterdam.com%2Ftr%2Fkanal-turu%2F|title:Canal%20tours|&#8221; text=&#8221;Yelken a\u00e7 ve b\u00fcy\u00fcleyici bir kanal turu s\u0131ras\u0131nda Amsterdam&apos;\u0131 b\u00fcy\u00fcleyici kanallar\u0131ndan g\u00f6r!&#8221; img=&#8221;1524317&#8243;][promo link=&#8221;url:https%3A%2F%2Fthingstodoinamsterdam.com%2Famsterdam-attractions%2Fescape-room-amsterdam%2F|title:Escape%20Rooms|&#8221; text=&#8221;Amsterdam&apos;daki Ka\u00e7\u0131\u015f Odalar\u0131ndan birinde en yak\u0131n arkada\u015flar\u0131nla i\u015fbirli\u011fi becerilerini test et!&#8221; img=&#8221;11503&#8243;][promo link=&#8221;url:https%3A%2F%2Fthingstodoinamsterdam.com%2Famsterdam-attractions%2Fbeer-bike-amsterdam%2F|title:Beer%20Bike%20experience|&#8221; text=&#8221;Arkada\u015flar, bekarl\u0131\u011fa veda partileri veya aile toplant\u0131lar\u0131 i\u00e7in harika bir grup etkinli\u011fi!&#8221; img=&#8221;1525817&#8243;][\/promo_block][\/vc_column][\/vc_row]<\/p>\n<\/div>","protected":false},"excerpt":{"rendered":"<p>[vc_row][vc_column][vc_column_text css=&#8221;&#8221;] K\u0131vr\u0131ml\u0131 kanallar\u0131n, b\u00fcy\u00fcleyici k\u00f6pr\u00fclerin ve tarihi sokaklar\u0131n \u00f6tesinde, Amsterdam ayn\u0131 zamanda en son teknoloji sanal ger\u00e7eklik (VR) deneyimlerinden baz\u0131lar\u0131na da ev sahipli\u011fi yap\u0131yor.\u2026<\/p>\n","protected":false},"author":33,"featured_media":2537420,"parent":2536009,"menu_order":0,"comment_status":"closed","ping_status":"closed","template":"","meta":{"footnotes":""},"class_list":["post-2537416","page","type-page","status-publish","has-post-thumbnail","hentry"],"yoast_head":"<!-- This site is optimized with the Yoast SEO plugin v27.4 - https:\/\/yoast.com\/product\/yoast-seo-wordpress\/ -->\n<title>Amsterdam&#039;daki en iyi VR deneyimleri - ThingstodoinAmsterdam.com<\/title>\n<meta name=\"description\" content=\"Amsterdam&#039;daki en iyi VR oyun mekanlar\u0131n\u0131 ke\u015ffet! Serbest dola\u015f\u0131m maceralar\u0131ndan VR oyunlar\u0131na kadar, nerede oynayaca\u011f\u0131n\u0131, rekabet edece\u011fini ve ger\u00e7eklikten ka\u00e7aca\u011f\u0131n\u0131 ke\u015ffet.\" \/>\n<meta name=\"robots\" content=\"index, follow, max-snippet:-1, max-image-preview:large, max-video-preview:-1\" \/>\n<link rel=\"canonical\" href=\"https:\/\/thingstodoinamsterdam.com\/tr\/amsterdamdaki-aktiviteler\/amsterdamdaki-en-iyi-vr-deneyimleri\/\" \/>\n<meta property=\"og:locale\" content=\"tr_TR\" \/>\n<meta property=\"og:type\" content=\"article\" \/>\n<meta property=\"og:title\" content=\"Amsterdam&#039;daki en iyi VR deneyimleri - ThingstodoinAmsterdam.com\" \/>\n<meta property=\"og:description\" content=\"Amsterdam&#039;daki en iyi VR oyun mekanlar\u0131n\u0131 ke\u015ffet! Serbest dola\u015f\u0131m maceralar\u0131ndan VR oyunlar\u0131na kadar, nerede oynayaca\u011f\u0131n\u0131, rekabet edece\u011fini ve ger\u00e7eklikten ka\u00e7aca\u011f\u0131n\u0131 ke\u015ffet.\" \/>\n<meta property=\"og:url\" content=\"https:\/\/thingstodoinamsterdam.com\/tr\/amsterdamdaki-aktiviteler\/amsterdamdaki-en-iyi-vr-deneyimleri\/\" \/>\n<meta property=\"og:site_name\" content=\"ThingstodoinAmsterdam.com\" \/>\n<meta property=\"article:publisher\" content=\"https:\/\/www.facebook.com\/thingstodoinamsterdamcom\" \/>\n<meta property=\"article:modified_time\" content=\"2026-03-28T00:40:19+00:00\" \/>\n<meta property=\"og:image\" content=\"https:\/\/thingstodoinamsterdam.com\/wp-content\/uploads\/2025\/04\/ADAM-VR-2-1.jpg\" \/>\n\t<meta property=\"og:image:width\" content=\"1200\" \/>\n\t<meta property=\"og:image:height\" content=\"900\" \/>\n\t<meta property=\"og:image:type\" content=\"image\/jpeg\" \/>\n<meta name=\"twitter:card\" content=\"summary_large_image\" \/>\n<meta name=\"twitter:label1\" content=\"Tahmini okuma s\u00fcresi\" \/>\n\t<meta name=\"twitter:data1\" content=\"7 dakika\" \/>\n<script type=\"application\/ld+json\" class=\"yoast-schema-graph\">{\"@context\":\"https:\\\/\\\/schema.org\",\"@graph\":[{\"@type\":\"WebPage\",\"@id\":\"https:\\\/\\\/thingstodoinamsterdam.com\\\/tr\\\/amsterdamdaki-aktiviteler\\\/amsterdamdaki-en-iyi-vr-deneyimleri\\\/\",\"url\":\"https:\\\/\\\/thingstodoinamsterdam.com\\\/tr\\\/amsterdamdaki-aktiviteler\\\/amsterdamdaki-en-iyi-vr-deneyimleri\\\/\",\"name\":\"Amsterdam'daki en iyi VR deneyimleri - ThingstodoinAmsterdam.com\",\"isPartOf\":{\"@id\":\"https:\\\/\\\/thingstodoinamsterdam.com\\\/tr\\\/#website\"},\"primaryImageOfPage\":{\"@id\":\"https:\\\/\\\/thingstodoinamsterdam.com\\\/tr\\\/amsterdamdaki-aktiviteler\\\/amsterdamdaki-en-iyi-vr-deneyimleri\\\/#primaryimage\"},\"image\":{\"@id\":\"https:\\\/\\\/thingstodoinamsterdam.com\\\/tr\\\/amsterdamdaki-aktiviteler\\\/amsterdamdaki-en-iyi-vr-deneyimleri\\\/#primaryimage\"},\"thumbnailUrl\":\"https:\\\/\\\/thingstodoinamsterdam.com\\\/wp-content\\\/uploads\\\/2025\\\/04\\\/ADAM-VR-2-1.jpg\",\"datePublished\":\"2026-03-27T20:18:12+00:00\",\"dateModified\":\"2026-03-28T00:40:19+00:00\",\"description\":\"Amsterdam'daki en iyi VR oyun mekanlar\u0131n\u0131 ke\u015ffet! Serbest dola\u015f\u0131m maceralar\u0131ndan VR oyunlar\u0131na kadar, nerede oynayaca\u011f\u0131n\u0131, rekabet edece\u011fini ve ger\u00e7eklikten ka\u00e7aca\u011f\u0131n\u0131 ke\u015ffet.\",\"breadcrumb\":{\"@id\":\"https:\\\/\\\/thingstodoinamsterdam.com\\\/tr\\\/amsterdamdaki-aktiviteler\\\/amsterdamdaki-en-iyi-vr-deneyimleri\\\/#breadcrumb\"},\"inLanguage\":\"tr\",\"potentialAction\":[{\"@type\":\"ReadAction\",\"target\":[\"https:\\\/\\\/thingstodoinamsterdam.com\\\/tr\\\/amsterdamdaki-aktiviteler\\\/amsterdamdaki-en-iyi-vr-deneyimleri\\\/\"]}]},{\"@type\":\"ImageObject\",\"inLanguage\":\"tr\",\"@id\":\"https:\\\/\\\/thingstodoinamsterdam.com\\\/tr\\\/amsterdamdaki-aktiviteler\\\/amsterdamdaki-en-iyi-vr-deneyimleri\\\/#primaryimage\",\"url\":\"https:\\\/\\\/thingstodoinamsterdam.com\\\/wp-content\\\/uploads\\\/2025\\\/04\\\/ADAM-VR-2-1.jpg\",\"contentUrl\":\"https:\\\/\\\/thingstodoinamsterdam.com\\\/wp-content\\\/uploads\\\/2025\\\/04\\\/ADAM-VR-2-1.jpg\",\"width\":1200,\"height\":900,\"caption\":\"A'DAM VR oyun Amsterdam\"},{\"@type\":\"BreadcrumbList\",\"@id\":\"https:\\\/\\\/thingstodoinamsterdam.com\\\/tr\\\/amsterdamdaki-aktiviteler\\\/amsterdamdaki-en-iyi-vr-deneyimleri\\\/#breadcrumb\",\"itemListElement\":[{\"@type\":\"ListItem\",\"position\":1,\"name\":\"Amsterdam\u2019da yap\u0131lacak \u015feyler\",\"item\":\"https:\\\/\\\/thingstodoinamsterdam.com\\\/tr\\\/\"},{\"@type\":\"ListItem\",\"position\":2,\"name\":\"Amsterdam\u2019daki en pop\u00fcler aktiviteler ve deneyimler\",\"item\":\"https:\\\/\\\/thingstodoinamsterdam.com\\\/tr\\\/amsterdamdaki-aktiviteler\\\/\"},{\"@type\":\"ListItem\",\"position\":3,\"name\":\"Amsterdam&#8217;daki en iyi VR deneyimleri\"}]},{\"@type\":\"WebSite\",\"@id\":\"https:\\\/\\\/thingstodoinamsterdam.com\\\/tr\\\/#website\",\"url\":\"https:\\\/\\\/thingstodoinamsterdam.com\\\/tr\\\/\",\"name\":\"ThingstodoinAmsterdam.com\",\"description\":\"Amsterdam&#039;s highlights and hidden secrets\",\"publisher\":{\"@id\":\"https:\\\/\\\/thingstodoinamsterdam.com\\\/tr\\\/#organization\"},\"potentialAction\":[{\"@type\":\"SearchAction\",\"target\":{\"@type\":\"EntryPoint\",\"urlTemplate\":\"https:\\\/\\\/thingstodoinamsterdam.com\\\/tr\\\/?s={search_term_string}\"},\"query-input\":{\"@type\":\"PropertyValueSpecification\",\"valueRequired\":true,\"valueName\":\"search_term_string\"}}],\"inLanguage\":\"tr\"},{\"@type\":\"Organization\",\"@id\":\"https:\\\/\\\/thingstodoinamsterdam.com\\\/tr\\\/#organization\",\"name\":\"Amsterdam\u2019da yap\u0131lacak \u015feyler\",\"url\":\"https:\\\/\\\/thingstodoinamsterdam.com\\\/tr\\\/\",\"logo\":{\"@type\":\"ImageObject\",\"inLanguage\":\"tr\",\"@id\":\"https:\\\/\\\/thingstodoinamsterdam.com\\\/tr\\\/#\\\/schema\\\/logo\\\/image\\\/\",\"url\":\"https:\\\/\\\/thingstodoinamsterdam.com\\\/wp-content\\\/uploads\\\/2025\\\/02\\\/ThingsToDoInAmsterdam-Favicon-logo.png\",\"contentUrl\":\"https:\\\/\\\/thingstodoinamsterdam.com\\\/wp-content\\\/uploads\\\/2025\\\/02\\\/ThingsToDoInAmsterdam-Favicon-logo.png\",\"width\":512,\"height\":512,\"caption\":\"Amsterdam\u2019da yap\u0131lacak \u015feyler\"},\"image\":{\"@id\":\"https:\\\/\\\/thingstodoinamsterdam.com\\\/tr\\\/#\\\/schema\\\/logo\\\/image\\\/\"},\"sameAs\":[\"https:\\\/\\\/www.facebook.com\\\/thingstodoinamsterdamcom\"]}]}<\/script>\n<!-- \/ Yoast SEO plugin. -->","yoast_head_json":{"title":"Amsterdam'daki en iyi VR deneyimleri - ThingstodoinAmsterdam.com","description":"Amsterdam'daki en iyi VR oyun mekanlar\u0131n\u0131 ke\u015ffet! Serbest dola\u015f\u0131m maceralar\u0131ndan VR oyunlar\u0131na kadar, nerede oynayaca\u011f\u0131n\u0131, rekabet edece\u011fini ve ger\u00e7eklikten ka\u00e7aca\u011f\u0131n\u0131 ke\u015ffet.","robots":{"index":"index","follow":"follow","max-snippet":"max-snippet:-1","max-image-preview":"max-image-preview:large","max-video-preview":"max-video-preview:-1"},"canonical":"https:\/\/thingstodoinamsterdam.com\/tr\/amsterdamdaki-aktiviteler\/amsterdamdaki-en-iyi-vr-deneyimleri\/","og_locale":"tr_TR","og_type":"article","og_title":"Amsterdam'daki en iyi VR deneyimleri - ThingstodoinAmsterdam.com","og_description":"Amsterdam'daki en iyi VR oyun mekanlar\u0131n\u0131 ke\u015ffet! Serbest dola\u015f\u0131m maceralar\u0131ndan VR oyunlar\u0131na kadar, nerede oynayaca\u011f\u0131n\u0131, rekabet edece\u011fini ve ger\u00e7eklikten ka\u00e7aca\u011f\u0131n\u0131 ke\u015ffet.","og_url":"https:\/\/thingstodoinamsterdam.com\/tr\/amsterdamdaki-aktiviteler\/amsterdamdaki-en-iyi-vr-deneyimleri\/","og_site_name":"ThingstodoinAmsterdam.com","article_publisher":"https:\/\/www.facebook.com\/thingstodoinamsterdamcom","article_modified_time":"2026-03-28T00:40:19+00:00","og_image":[{"width":1200,"height":900,"url":"https:\/\/thingstodoinamsterdam.com\/wp-content\/uploads\/2025\/04\/ADAM-VR-2-1.jpg","type":"image\/jpeg"}],"twitter_card":"summary_large_image","twitter_misc":{"Tahmini okuma s\u00fcresi":"7 dakika"},"schema":{"@context":"https:\/\/schema.org","@graph":[{"@type":"WebPage","@id":"https:\/\/thingstodoinamsterdam.com\/tr\/amsterdamdaki-aktiviteler\/amsterdamdaki-en-iyi-vr-deneyimleri\/","url":"https:\/\/thingstodoinamsterdam.com\/tr\/amsterdamdaki-aktiviteler\/amsterdamdaki-en-iyi-vr-deneyimleri\/","name":"Amsterdam'daki en iyi VR deneyimleri - ThingstodoinAmsterdam.com","isPartOf":{"@id":"https:\/\/thingstodoinamsterdam.com\/tr\/#website"},"primaryImageOfPage":{"@id":"https:\/\/thingstodoinamsterdam.com\/tr\/amsterdamdaki-aktiviteler\/amsterdamdaki-en-iyi-vr-deneyimleri\/#primaryimage"},"image":{"@id":"https:\/\/thingstodoinamsterdam.com\/tr\/amsterdamdaki-aktiviteler\/amsterdamdaki-en-iyi-vr-deneyimleri\/#primaryimage"},"thumbnailUrl":"https:\/\/thingstodoinamsterdam.com\/wp-content\/uploads\/2025\/04\/ADAM-VR-2-1.jpg","datePublished":"2026-03-27T20:18:12+00:00","dateModified":"2026-03-28T00:40:19+00:00","description":"Amsterdam'daki en iyi VR oyun mekanlar\u0131n\u0131 ke\u015ffet! Serbest dola\u015f\u0131m maceralar\u0131ndan VR oyunlar\u0131na kadar, nerede oynayaca\u011f\u0131n\u0131, rekabet edece\u011fini ve ger\u00e7eklikten ka\u00e7aca\u011f\u0131n\u0131 ke\u015ffet.","breadcrumb":{"@id":"https:\/\/thingstodoinamsterdam.com\/tr\/amsterdamdaki-aktiviteler\/amsterdamdaki-en-iyi-vr-deneyimleri\/#breadcrumb"},"inLanguage":"tr","potentialAction":[{"@type":"ReadAction","target":["https:\/\/thingstodoinamsterdam.com\/tr\/amsterdamdaki-aktiviteler\/amsterdamdaki-en-iyi-vr-deneyimleri\/"]}]},{"@type":"ImageObject","inLanguage":"tr","@id":"https:\/\/thingstodoinamsterdam.com\/tr\/amsterdamdaki-aktiviteler\/amsterdamdaki-en-iyi-vr-deneyimleri\/#primaryimage","url":"https:\/\/thingstodoinamsterdam.com\/wp-content\/uploads\/2025\/04\/ADAM-VR-2-1.jpg","contentUrl":"https:\/\/thingstodoinamsterdam.com\/wp-content\/uploads\/2025\/04\/ADAM-VR-2-1.jpg","width":1200,"height":900,"caption":"A'DAM VR oyun Amsterdam"},{"@type":"BreadcrumbList","@id":"https:\/\/thingstodoinamsterdam.com\/tr\/amsterdamdaki-aktiviteler\/amsterdamdaki-en-iyi-vr-deneyimleri\/#breadcrumb","itemListElement":[{"@type":"ListItem","position":1,"name":"Amsterdam\u2019da yap\u0131lacak \u015feyler","item":"https:\/\/thingstodoinamsterdam.com\/tr\/"},{"@type":"ListItem","position":2,"name":"Amsterdam\u2019daki en pop\u00fcler aktiviteler ve deneyimler","item":"https:\/\/thingstodoinamsterdam.com\/tr\/amsterdamdaki-aktiviteler\/"},{"@type":"ListItem","position":3,"name":"Amsterdam&#8217;daki en iyi VR deneyimleri"}]},{"@type":"WebSite","@id":"https:\/\/thingstodoinamsterdam.com\/tr\/#website","url":"https:\/\/thingstodoinamsterdam.com\/tr\/","name":"ThingstodoinAmsterdam.com","description":"Amsterdam&#039;s highlights and hidden secrets","publisher":{"@id":"https:\/\/thingstodoinamsterdam.com\/tr\/#organization"},"potentialAction":[{"@type":"SearchAction","target":{"@type":"EntryPoint","urlTemplate":"https:\/\/thingstodoinamsterdam.com\/tr\/?s={search_term_string}"},"query-input":{"@type":"PropertyValueSpecification","valueRequired":true,"valueName":"search_term_string"}}],"inLanguage":"tr"},{"@type":"Organization","@id":"https:\/\/thingstodoinamsterdam.com\/tr\/#organization","name":"Amsterdam\u2019da yap\u0131lacak \u015feyler","url":"https:\/\/thingstodoinamsterdam.com\/tr\/","logo":{"@type":"ImageObject","inLanguage":"tr","@id":"https:\/\/thingstodoinamsterdam.com\/tr\/#\/schema\/logo\/image\/","url":"https:\/\/thingstodoinamsterdam.com\/wp-content\/uploads\/2025\/02\/ThingsToDoInAmsterdam-Favicon-logo.png","contentUrl":"https:\/\/thingstodoinamsterdam.com\/wp-content\/uploads\/2025\/02\/ThingsToDoInAmsterdam-Favicon-logo.png","width":512,"height":512,"caption":"Amsterdam\u2019da yap\u0131lacak \u015feyler"},"image":{"@id":"https:\/\/thingstodoinamsterdam.com\/tr\/#\/schema\/logo\/image\/"},"sameAs":["https:\/\/www.facebook.com\/thingstodoinamsterdamcom"]}]}},"_links":{"self":[{"href":"https:\/\/thingstodoinamsterdam.com\/tr\/wp-json\/wp\/v2\/pages\/2537416","targetHints":{"allow":["GET"]}}],"collection":[{"href":"https:\/\/thingstodoinamsterdam.com\/tr\/wp-json\/wp\/v2\/pages"}],"about":[{"href":"https:\/\/thingstodoinamsterdam.com\/tr\/wp-json\/wp\/v2\/types\/page"}],"author":[{"embeddable":true,"href":"https:\/\/thingstodoinamsterdam.com\/tr\/wp-json\/wp\/v2\/users\/33"}],"replies":[{"embeddable":true,"href":"https:\/\/thingstodoinamsterdam.com\/tr\/wp-json\/wp\/v2\/comments?post=2537416"}],"version-history":[{"count":5,"href":"https:\/\/thingstodoinamsterdam.com\/tr\/wp-json\/wp\/v2\/pages\/2537416\/revisions"}],"predecessor-version":[{"id":2537974,"href":"https:\/\/thingstodoinamsterdam.com\/tr\/wp-json\/wp\/v2\/pages\/2537416\/revisions\/2537974"}],"up":[{"embeddable":true,"href":"https:\/\/thingstodoinamsterdam.com\/tr\/wp-json\/wp\/v2\/pages\/2536009"}],"wp:featuredmedia":[{"embeddable":true,"href":"https:\/\/thingstodoinamsterdam.com\/tr\/wp-json\/wp\/v2\/media\/2537420"}],"wp:attachment":[{"href":"https:\/\/thingstodoinamsterdam.com\/tr\/wp-json\/wp\/v2\/media?parent=2537416"}],"curies":[{"name":"wp","href":"https:\/\/api.w.org\/{rel}","templated":true}]}}