{"id":2537469,"date":"2026-03-27T21:27:06","date_gmt":"2026-03-27T20:27:06","guid":{"rendered":"https:\/\/thingstodoinamsterdam.com\/gezilecek-yerler\/amsterdamin-begijnhofunu-kesfet-bir-huzur-vahasi\/"},"modified":"2026-03-30T13:39:51","modified_gmt":"2026-03-30T11:39:51","slug":"begijnhof","status":"publish","type":"page","link":"https:\/\/thingstodoinamsterdam.com\/tr\/gezilecek-yerler\/begijnhof\/","title":{"rendered":"Amsterdam&#8217;\u0131n Begijnhof&#8217;unu Ke\u015ffet &#8211; Bir Huzur Vahas\u0131!"},"content":{"rendered":"<div class=\"wpb-content-wrapper\"><p>[vc_row][vc_column][vc_column_text]<a href=\"https:\/\/thingstodoinamsterdam.com\/tr\/\">Amsterdam<\/a>, ziyaret\u00e7ilerini \u015fa\u015f\u0131rtmaktan asla vazge\u00e7meyen bir \u015fehir. Eski kiliselerden (<a href=\"https:\/\/thingstodoinamsterdam.com\/places-sightseeing-amsterdam\/de-oude-kerk\/\">Oude Kerk<\/a> ve <a href=\"https:\/\/thingstodoinamsterdam.com\/places-sightseeing-amsterdam\/nieuwe-kerk\/\">Nieuwe Kerk<\/a>) <a href=\"https:\/\/thingstodoinamsterdam.com\/tr\/kirmizi-fener-sokagi\/\">Red Light District<\/a>&#8216;e ve g\u00fczel <a href=\"https:\/\/thingstodoinamsterdam.com\/tr\/kanal-turu\/\">kanal ku\u015fa\u011f\u0131na<\/a> kadar, bu \u015fehir hem eski hem de ziyaret etmeye de\u011fer. Amsterdam Begijnhof, hareketli Amsterdam \u015fehir merkezinde bir huzur vahas\u0131. Amsterdam&#8217;daki en eski &#8216;hofje&#8217;lerden biri. &#8216;Hofje&#8217;, etraf\u0131nda d\u00fc\u015fk\u00fcnler evi bulunan bir avlu i\u00e7in kullan\u0131lan Hollandaca bir kelime. Orta \u00c7a\u011f&#8217;dan beri varlar ve ya\u015fl\u0131 insanlara (\u00e7o\u011funlukla kad\u0131nlara) bar\u0131nma sa\u011fl\u0131yorlard\u0131. \u00d6zel olarak finanse ediliyorlard\u0131 ve bir t\u00fcr sosyal g\u00fcvenlik g\u00f6revi g\u00f6r\u00fcyorlard\u0131.<\/p><div id=\"ez-toc-container\" class=\"ez-toc-v2_0_82_2 counter-hierarchy ez-toc-counter ez-toc-custom ez-toc-container-direction\">\n<div class=\"ez-toc-title-container\">\n<span class=\"ez-toc-title-toggle\"><a href=\"#\" class=\"ez-toc-pull-right ez-toc-btn ez-toc-btn-xs ez-toc-btn-default ez-toc-toggle\" aria-label=\"\u0130\u00e7indekiler Tablosunu A\u00e7\/Kapat\"><span class=\"ez-toc-js-icon-con\"><span class=\"\"><span class=\"eztoc-hide\" style=\"display:none;\">Toggle<\/span><span class=\"ez-toc-icon-toggle-span\"><svg style=\"fill: #999;color:#999\" xmlns=\"http:\/\/www.w3.org\/2000\/svg\" class=\"list-377408\" width=\"20px\" height=\"20px\" viewBox=\"0 0 24 24\" fill=\"none\"><path d=\"M6 6H4v2h2V6zm14 0H8v2h12V6zM4 11h2v2H4v-2zm16 0H8v2h12v-2zM4 16h2v2H4v-2zm16 0H8v2h12v-2z\" fill=\"currentColor\"><\/path><\/svg><svg style=\"fill: #999;color:#999\" class=\"arrow-unsorted-368013\" xmlns=\"http:\/\/www.w3.org\/2000\/svg\" width=\"10px\" height=\"10px\" viewBox=\"0 0 24 24\" version=\"1.2\" baseProfile=\"tiny\"><path d=\"M18.2 9.3l-6.2-6.3-6.2 6.3c-.2.2-.3.4-.3.7s.1.5.3.7c.2.2.4.3.7.3h11c.3 0 .5-.1.7-.3.2-.2.3-.5.3-.7s-.1-.5-.3-.7zM5.8 14.7l6.2 6.3 6.2-6.3c.2-.2.3-.5.3-.7s-.1-.5-.3-.7c-.2-.2-.4-.3-.7-.3h-11c-.3 0-.5.1-.7.3-.2.2-.3.5-.3.7s.1.5.3.7z\"\/><\/svg><\/span><\/span><\/span><\/a><\/span><\/div>\n<nav><ul class='ez-toc-list ez-toc-list-level-1 ' ><li class='ez-toc-page-1 ez-toc-heading-level-2'><a class=\"ez-toc-link ez-toc-heading-1\" href=\"https:\/\/thingstodoinamsterdam.com\/tr\/gezilecek-yerler\/begijnhof\/#amsterdam-begijnhofun-tarihi\" >Amsterdam Begijnhof&#8217;un Tarihi<\/a><\/li><li class='ez-toc-page-1 ez-toc-heading-level-2'><a class=\"ez-toc-link ez-toc-heading-2\" href=\"https:\/\/thingstodoinamsterdam.com\/tr\/gezilecek-yerler\/begijnhof\/#amsterdam-begijnhof-adresi-ve-acilis-saatleri\" >Amsterdam Begijnhof Adresi ve A\u00e7\u0131l\u0131\u015f Saatleri<\/a><\/li><li class='ez-toc-page-1 ez-toc-heading-level-2'><a class=\"ez-toc-link ez-toc-heading-3\" href=\"https:\/\/thingstodoinamsterdam.com\/tr\/gezilecek-yerler\/begijnhof\/#amsterdam-begijnhofa-nasil-gidilir\" >Amsterdam Begijnhof&#8217;a Nas\u0131l Gidilir<\/a><\/li><li class='ez-toc-page-1 ez-toc-heading-level-2'><a class=\"ez-toc-link ez-toc-heading-4\" href=\"https:\/\/thingstodoinamsterdam.com\/tr\/gezilecek-yerler\/begijnhof\/#yuruyerek\" >Y\u00fcr\u00fcyerek<\/a><\/li><\/ul><\/nav><\/div>\n\n<p>Ad\u0131ndan da anla\u015f\u0131laca\u011f\u0131 gibi, Begijnhof aslen on d\u00f6rd\u00fcnc\u00fc y\u00fczy\u0131lda kurulmu\u015f bir beguinage idi. Frans\u0131zca b\u00e9guinage teriminden gelen beguinage, beguin&#8217;lere ev sahipli\u011fi yapmak i\u00e7in olu\u015fturulmu\u015f mimari bir kompleksti: yemin etmeden veya d\u00fcnyadan el \u00e7ekmeden bir topluluk i\u00e7inde ya\u015fayan dindar kad\u0131nlar. Ba\u015flang\u0131\u00e7ta Begijnhof&#8217;un arka cepheleri sudayd\u0131. Spui ve Begijnensloot&#8217;un kurutulmas\u0131 gibi nedenlerle \u00e7evredeki su kayboldu.<\/p>\n<h2><img decoding=\"async\" class=\"aligncenter wp-image-7247 size-full\" src=\"https:\/\/thingstodoinamsterdam.com\/wp-content\/uploads\/2019\/08\/Begijnhof-Amsterdam.jpg\" alt=\"Amsterdam Begijnhof\" width=\"1024\" height=\"768\" \/><\/h2>\n<h2><\/h2>\n<h2><span class=\"ez-toc-section\" id=\"amsterdam-begijnhofun-tarihi\"><\/span>Amsterdam Begijnhof&#8217;un Tarihi<span class=\"ez-toc-section-end\"><\/span><\/h2>\n<p>1150 y\u0131l\u0131 civar\u0131nda, bir grup dindar kad\u0131n, \u00f6ncelikli olarak hastalara bakmak ve e\u011fitim sa\u011flamak amac\u0131yla dini bir toplulukta bir araya gelmeye karar verdi. Bunlar ilk &#8216;beguine&#8217;lerdi, ancak o zamanlar bu isimle an\u0131lm\u0131yorlard\u0131. Kad\u0131nlar rahibe de\u011fildi ve t\u00fcm hayatlar\u0131n\u0131 bir manast\u0131r\u0131n inzivas\u0131nda ge\u00e7irmiyorlard\u0131. Evli olmamalar\u0131 gerekse de, evlenmek veya aileleriyle olmak gibi nedenlerle yeminlerini istedikleri zaman bozabilir ve beguinage&#8217;den ayr\u0131labilirlerdi.<\/p>\n<p>Amsterdam Begijnhof&#8217;un avlusunun k\u00f6kenleri on d\u00f6rd\u00fcnc\u00fc y\u00fczy\u0131l\u0131n ikinci yar\u0131s\u0131na kadar uzan\u0131yor. Kesin kurulu\u015f y\u0131l\u0131 bilinmiyor. <a href=\"https:\/\/thingstodoinamsterdam.com\/museum-amsterdam\/amsterdam-museum\/\">Amsterdam \u015eehir M\u00fczesi<\/a>&#8216;nin hemen arkas\u0131nda yer alan beguinage, \u015fimdi \u015fehir merkezinin hareketli kalbinde bir huzur vahas\u0131 haline geldi. Begijnhof, k\u00fc\u00e7\u00fck evlerden ve bir kiliseden olu\u015fuyordu, etraf\u0131 her ak\u015fam kapat\u0131lan bir avlu vard\u0131. Reformasyon s\u0131ras\u0131nda, beguin&#8217;ler kiliselerini \u0130ngilizlere devretmek zorunda kald\u0131lar ve o zamandan beri &#8216;\u0130ngiliz Kilisesi&#8217; olarak an\u0131l\u0131yor. Zamanla, orta\u00e7a\u011f evleri yeniden in\u015fa edildi veya de\u011fi\u015ftirildi, ancak 34 numaral\u0131 evin cephesi korunmu\u015f. Ev 15. y\u00fczy\u0131l\u0131n ikinci yar\u0131s\u0131ndan kalma ve 1957&#8217;de orijinal malzemeler kullan\u0131larak yeniden in\u015fa edildi.<\/p>\n<p>Begijnhof Amsterdam b\u00fcy\u00fck \u00f6l\u00e7\u00fcde ziyaret\u00e7ilere a\u00e7\u0131k. Sadece evlerin bulundu\u011fu kuzey k\u0131sm\u0131, yaln\u0131zca ev sakinleri ve misafirleri i\u00e7in eri\u015filebilir. Bah\u00e7ede, di\u011fer \u015feylerin yan\u0131 s\u0131ra, bir Beguine heykeli bulunuyor. Beguinage&#8217;deki \u00e7o\u011fu cephe 17. ve 18. y\u00fczy\u0131llardan kalma. Evlerin kendileri genellikle cephelerden daha eski. Begijnhof 34&#8217;teki ah\u015fap evin cephesi hepsinin en e\u015fsiz olan\u0131. \u0130ngiliz Reform Kilisesi ve Beguinage \u015eapeli avlunun i\u00e7inde bulunuyor.[\/vc_column_text][\/vc_column][\/vc_row][vc_row][vc_column][vc_video link=&#8221;https:\/\/www.youtube.com\/watch?v=DOijtdMUPGo&#8221; title=&#8221;Amsterdam Begijnhof Hakk\u0131nda Bir Video&#8221;][\/vc_column][\/vc_row][vc_row][vc_column][vc_column_text]<\/p>\n<h2><span class=\"ez-toc-section\" id=\"amsterdam-begijnhof-adresi-ve-acilis-saatleri\"><\/span>Amsterdam Begijnhof Adresi ve A\u00e7\u0131l\u0131\u015f Saatleri<span class=\"ez-toc-section-end\"><\/span><\/h2>\n<p>Beguinage, ziyaret\u00e7ilere her g\u00fcn <strong>sabah 9&#8217;dan<\/strong> <strong>ak\u015fam 5&#8217;e<\/strong> kadar a\u00e7\u0131k ve Pazar g\u00fcnleri kapal\u0131. \u0130ki giri\u015fi var: Spui&#8217;nin kuzey taraf\u0131nda ve Gedempte Begijnensloot&#8217;ta (Schuttersgalerij&#8217;nin devam\u0131nda).<\/p>\n<p><strong>Adres<br \/>\n<\/strong>Beguinage Amsterdam<br \/>\nNieuwezijds voorburgwal 371<br \/>\n1012 AB Amsterdam<br \/>\n+31 (0)20 622 1918<br \/>\n<a href=\"https:\/\/begijnhofkapelamsterdam.nl\/english-information\/\">https:\/\/begijnhofkapelamsterdam.nl\/<\/a><\/p>\n<p>Giri\u015f \u00fccretsizdir.[\/vc_column_text][\/vc_column][\/vc_row][vc_row][vc_column][vc_column_text]<\/p>\n<h2><span class=\"ez-toc-section\" id=\"amsterdam-begijnhofa-nasil-gidilir\"><\/span>Amsterdam Begijnhof&#8217;a Nas\u0131l Gidilir<span class=\"ez-toc-section-end\"><\/span><\/h2>\n<p>Begijnhof avlusu Kalverstraat, Spui ve Nieuwezijds Voorburgwal ile \u00e7evrili. Spui&#8217;nin kuzey taraf\u0131nda ve Gedempte Begijnensloot&#8217;ta giri\u015fler var. Begijnhof&#8217;a <a href=\"https:\/\/thingstodoinamsterdam.com\/tr\/amsterdam-ulasimi\/amsterdam-merkez-istasyonu\/\">Amsterdam Merkez \u0130stasyonu<\/a>&#8216;ndan ve <a href=\"https:\/\/thingstodoinamsterdam.com\/tr\/gezilecek-yerler\/leidseplein\/\">Leidseplein<\/a>&#8216;den tramvayla ve y\u00fcr\u00fcyerek ula\u015f\u0131labilir.<\/p>\n<p><strong>Amsterdam Merkez \u0130stasyonu&#8217;ndan Tramvayla:<\/strong> Tramvay 4, 12, 14 ve 24 &#8211; <strong>SPUI<\/strong> Tramvay Dura\u011f\u0131&#8217;nda in ve <strong>Nieuwezijds Voorburgwal<\/strong>&#8216;a y\u00fcr\u00fc.<\/p>\n<p><strong>Leidseplein&#8217;den Tramvayla:<\/strong> Tramvay 2, 11 ve 12 &#8211; <strong>SPUI<\/strong> Tramvay Dura\u011f\u0131&#8217;nda in ve <strong>Nieuwezijds Voorburgwal<\/strong>&#8216;a y\u00fcr\u00fc.<\/p>\n<h2><span class=\"ez-toc-section\" id=\"yuruyerek\"><\/span>Y\u00fcr\u00fcyerek<span class=\"ez-toc-section-end\"><\/span><\/h2>\n<p>Amsterdam Merkez \u0130stasyonu&#8217;ndan y\u00fcr\u00fcmek istersen, Kalverstraat al\u0131\u015fveri\u015f caddesinden <a href=\"https:\/\/thingstodoinamsterdam.com\/tr\/dam-meydani\/\">Dam Meydan\u0131<\/a>, <a href=\"https:\/\/thingstodoinamsterdam.com\/museum-amsterdam\/madame-tussauds-wax-museum-amsterdam\/\">Madame Tussauds<\/a> ve <a href=\"https:\/\/thingstodoinamsterdam.com\/tr\/amsterdamdaki-muzeler\/ripleys-believe-it-or-not-amsterdam\/\">Ripleys Believe It or Not!<\/a>&#8216;a do\u011fru y\u00fcr\u00fcmen gerekiyor. Kalverstraat, Spui&#8217;ye kadar uzan\u0131r ve Begijnhof, <a href=\"https:\/\/thingstodoinamsterdam.com\/museum-amsterdam\/amsterdam-museum\/\">Amsterdam M\u00fczesi<\/a>&#8216;nin hemen arkas\u0131nda bulunabilir.[\/vc_column_text][\/vc_column][\/vc_row][vc_row][vc_column][g_map heading=&#8221;Begijnhof Amsterdam on the City Map&#8221; el_id=&#8221;1565191969222-4f3be406-d955&#8243;]<iframe style=\"border: 0;\" src=\"https:\/\/www.google.com\/maps\/embed?pb=!1m18!1m12!1m3!1d2436.044164868093!2d4.887961015801877!3d52.369619179786014!2m3!1f0!2f0!3f0!3m2!1i1024!2i768!4f13.1!3m3!1m2!1s0x47c609c10ab92779%3A0xdb03cc5fdb4c1975!2sBegijnhof!5e0!3m2!1sen!2snl!4v1551972200833\" width=\"600\" height=\"450\" frameborder=\"0\" allowfullscreen=\"allowfullscreen\"><\/iframe>[\/g_map][\/vc_column][\/vc_row][vc_row][vc_column][promo_block style_var=&#8221;style2&#8243; el_id=&#8221;1565192062938-e350daa9-35a8&#8243;][promo link=&#8221;url:https%3A%2F%2Fthingstodoinamsterdam.com%2Fmuseum-amsterdam%2Famsterdam-museum%2F|title:Amsterdam%20City%20Museum|&#8221; text=&#8221;\u015eehrin m\u00fczesini ziyaret ederek Amsterdam hakk\u0131nda her \u015feyi ke\u015ffet!&#8221; img=&#8221;2614&#8243;][promo link=&#8221;url:https%3A%2F%2Fthingstodoinamsterdam.com%2Fmuseum-amsterdam%2Fripleys-believe-it-or-not%2F|title:Ripley%E2%80%99s%20Believe%20It%20or%20Not%21|&#8221; text=&#8221;Ripley&#8217;s Believe It or Not!&#8217;ta tuhaf ve acayip \u015feylerin harika d\u00fcnyas\u0131na g\u00f6z at!&#8221; img=&#8221;2400&#8243;][promo link=&#8221;url:https%3A%2F%2Fthingstodoinamsterdam.com%2Fmuseum-amsterdam%2Fmadame-tussauds-wax-museum-amsterdam%2F|title:Madame%20Tussauds|&#8221; text=&#8221;Hollanda Kraliyet ailesiyle selfie \u00e7ek!&#8221; img=&#8221;2233&#8243;][\/promo_block][\/vc_column][\/vc_row][vc_row][vc_column][reviews item_name=&#8221;Begijnhof Amsterdam&#8221; item_image=&#8221;1575&#8243; item_tel=&#8221;+31 (0)20 622 1918&#8243; item_web=&#8221;https:\/\/www.amsterdamoudestad.nl\/bezienswaardigheden\/bezienswaardigheden-oude-binnenstad\/begijnhof&#8221; item_address=&#8221;Nieuwezijds Voorburgwal 371&#8243; item_city=&#8221;Amsterdam&#8221; item_postal_code=&#8221;1012 RS&#8221; item_country=&#8221;NL&#8221; el_id=&#8221;1565191985801-17005e04-1855&#8243;][\/reviews][\/vc_column][\/vc_row]<\/p>\n<\/div>","protected":false},"excerpt":{"rendered":"<p>[vc_row][vc_column][vc_column_text]Amsterdam, ziyaret\u00e7ilerini \u015fa\u015f\u0131rtmaktan asla vazge\u00e7meyen bir \u015fehir. Eski kiliselerden (Oude Kerk ve Nieuwe Kerk) Red Light District&#8216;e ve g\u00fczel kanal ku\u015fa\u011f\u0131na kadar, bu \u015fehir hem\u2026<\/p>\n","protected":false},"author":3,"featured_media":2537470,"parent":2535302,"menu_order":0,"comment_status":"closed","ping_status":"closed","template":"","meta":{"footnotes":""},"class_list":["post-2537469","page","type-page","status-publish","has-post-thumbnail","hentry"],"yoast_head":"<!-- This site is optimized with the Yoast SEO plugin v27.4 - https:\/\/yoast.com\/product\/yoast-seo-wordpress\/ -->\n<title>Amsterdam&#039;\u0131n Begijnhof&#039;unu Ke\u015ffet - \u015eehir merkezinde bir huzur vahas\u0131<\/title>\n<meta name=\"description\" content=\"Amsterdam Begijnhof \u015fehrin kalbinde yer al\u0131yor. Aslen 14. y\u00fczy\u0131lda kurulmu\u015f bir beguinage idi ve dindar kad\u0131nlara ev sahipli\u011fi yap\u0131yordu.\" \/>\n<meta name=\"robots\" content=\"index, follow, max-snippet:-1, max-image-preview:large, max-video-preview:-1\" \/>\n<link rel=\"canonical\" href=\"https:\/\/thingstodoinamsterdam.com\/tr\/gezilecek-yerler\/begijnhof\/\" \/>\n<meta property=\"og:locale\" content=\"tr_TR\" \/>\n<meta property=\"og:type\" content=\"article\" \/>\n<meta property=\"og:title\" content=\"Amsterdam&#039;\u0131n Begijnhof&#039;unu Ke\u015ffet - \u015eehir merkezinde bir huzur vahas\u0131\" \/>\n<meta property=\"og:description\" content=\"Amsterdam Begijnhof \u015fehrin kalbinde yer al\u0131yor. Aslen 14. y\u00fczy\u0131lda kurulmu\u015f bir beguinage idi ve dindar kad\u0131nlara ev sahipli\u011fi yap\u0131yordu.\" \/>\n<meta property=\"og:url\" content=\"https:\/\/thingstodoinamsterdam.com\/tr\/gezilecek-yerler\/begijnhof\/\" \/>\n<meta property=\"og:site_name\" content=\"ThingstodoinAmsterdam.com\" \/>\n<meta property=\"article:publisher\" content=\"https:\/\/www.facebook.com\/thingstodoinamsterdamcom\" \/>\n<meta property=\"article:modified_time\" content=\"2026-03-30T11:39:51+00:00\" \/>\n<meta property=\"og:image\" content=\"https:\/\/thingstodoinamsterdam.com\/wp-content\/uploads\/2019\/08\/Amsterdams-Begijnhof.jpg\" \/>\n\t<meta property=\"og:image:width\" content=\"2048\" \/>\n\t<meta property=\"og:image:height\" content=\"1365\" \/>\n\t<meta property=\"og:image:type\" content=\"image\/jpeg\" \/>\n<meta name=\"twitter:card\" content=\"summary_large_image\" \/>\n<meta name=\"twitter:label1\" content=\"Tahmini okuma s\u00fcresi\" \/>\n\t<meta name=\"twitter:data1\" content=\"3 dakika\" \/>\n<script type=\"application\/ld+json\" class=\"yoast-schema-graph\">{\"@context\":\"https:\\\/\\\/schema.org\",\"@graph\":[{\"@type\":\"WebPage\",\"@id\":\"https:\\\/\\\/thingstodoinamsterdam.com\\\/tr\\\/gezilecek-yerler\\\/begijnhof\\\/\",\"url\":\"https:\\\/\\\/thingstodoinamsterdam.com\\\/tr\\\/gezilecek-yerler\\\/begijnhof\\\/\",\"name\":\"Amsterdam'\u0131n Begijnhof'unu Ke\u015ffet - \u015eehir merkezinde bir huzur vahas\u0131\",\"isPartOf\":{\"@id\":\"https:\\\/\\\/thingstodoinamsterdam.com\\\/tr\\\/#website\"},\"primaryImageOfPage\":{\"@id\":\"https:\\\/\\\/thingstodoinamsterdam.com\\\/tr\\\/gezilecek-yerler\\\/begijnhof\\\/#primaryimage\"},\"image\":{\"@id\":\"https:\\\/\\\/thingstodoinamsterdam.com\\\/tr\\\/gezilecek-yerler\\\/begijnhof\\\/#primaryimage\"},\"thumbnailUrl\":\"https:\\\/\\\/thingstodoinamsterdam.com\\\/wp-content\\\/uploads\\\/2019\\\/08\\\/Amsterdams-Begijnhof.jpg\",\"datePublished\":\"2026-03-27T20:27:06+00:00\",\"dateModified\":\"2026-03-30T11:39:51+00:00\",\"description\":\"Amsterdam Begijnhof \u015fehrin kalbinde yer al\u0131yor. Aslen 14. y\u00fczy\u0131lda kurulmu\u015f bir beguinage idi ve dindar kad\u0131nlara ev sahipli\u011fi yap\u0131yordu.\",\"breadcrumb\":{\"@id\":\"https:\\\/\\\/thingstodoinamsterdam.com\\\/tr\\\/gezilecek-yerler\\\/begijnhof\\\/#breadcrumb\"},\"inLanguage\":\"tr\",\"potentialAction\":[{\"@type\":\"ReadAction\",\"target\":[\"https:\\\/\\\/thingstodoinamsterdam.com\\\/tr\\\/gezilecek-yerler\\\/begijnhof\\\/\"]}]},{\"@type\":\"ImageObject\",\"inLanguage\":\"tr\",\"@id\":\"https:\\\/\\\/thingstodoinamsterdam.com\\\/tr\\\/gezilecek-yerler\\\/begijnhof\\\/#primaryimage\",\"url\":\"https:\\\/\\\/thingstodoinamsterdam.com\\\/wp-content\\\/uploads\\\/2019\\\/08\\\/Amsterdams-Begijnhof.jpg\",\"contentUrl\":\"https:\\\/\\\/thingstodoinamsterdam.com\\\/wp-content\\\/uploads\\\/2019\\\/08\\\/Amsterdams-Begijnhof.jpg\",\"width\":2048,\"height\":1365},{\"@type\":\"BreadcrumbList\",\"@id\":\"https:\\\/\\\/thingstodoinamsterdam.com\\\/tr\\\/gezilecek-yerler\\\/begijnhof\\\/#breadcrumb\",\"itemListElement\":[{\"@type\":\"ListItem\",\"position\":1,\"name\":\"Amsterdam\u2019da yap\u0131lacak \u015feyler\",\"item\":\"https:\\\/\\\/thingstodoinamsterdam.com\\\/tr\\\/\"},{\"@type\":\"ListItem\",\"position\":2,\"name\":\"Amsterdam&#8217;da Gezilecek Yerler &amp; G\u00f6r\u00fclecek Noktalar\",\"item\":\"https:\\\/\\\/thingstodoinamsterdam.com\\\/tr\\\/gezilecek-yerler\\\/\"},{\"@type\":\"ListItem\",\"position\":3,\"name\":\"Amsterdam&#8217;\u0131n Begijnhof&#8217;unu Ke\u015ffet &#8211; Bir Huzur Vahas\u0131!\"}]},{\"@type\":\"WebSite\",\"@id\":\"https:\\\/\\\/thingstodoinamsterdam.com\\\/tr\\\/#website\",\"url\":\"https:\\\/\\\/thingstodoinamsterdam.com\\\/tr\\\/\",\"name\":\"ThingstodoinAmsterdam.com\",\"description\":\"Amsterdam&#039;s highlights and hidden secrets\",\"publisher\":{\"@id\":\"https:\\\/\\\/thingstodoinamsterdam.com\\\/tr\\\/#organization\"},\"potentialAction\":[{\"@type\":\"SearchAction\",\"target\":{\"@type\":\"EntryPoint\",\"urlTemplate\":\"https:\\\/\\\/thingstodoinamsterdam.com\\\/tr\\\/?s={search_term_string}\"},\"query-input\":{\"@type\":\"PropertyValueSpecification\",\"valueRequired\":true,\"valueName\":\"search_term_string\"}}],\"inLanguage\":\"tr\"},{\"@type\":\"Organization\",\"@id\":\"https:\\\/\\\/thingstodoinamsterdam.com\\\/tr\\\/#organization\",\"name\":\"Amsterdam\u2019da yap\u0131lacak \u015feyler\",\"url\":\"https:\\\/\\\/thingstodoinamsterdam.com\\\/tr\\\/\",\"logo\":{\"@type\":\"ImageObject\",\"inLanguage\":\"tr\",\"@id\":\"https:\\\/\\\/thingstodoinamsterdam.com\\\/tr\\\/#\\\/schema\\\/logo\\\/image\\\/\",\"url\":\"https:\\\/\\\/thingstodoinamsterdam.com\\\/wp-content\\\/uploads\\\/2025\\\/02\\\/ThingsToDoInAmsterdam-Favicon-logo.png\",\"contentUrl\":\"https:\\\/\\\/thingstodoinamsterdam.com\\\/wp-content\\\/uploads\\\/2025\\\/02\\\/ThingsToDoInAmsterdam-Favicon-logo.png\",\"width\":512,\"height\":512,\"caption\":\"Amsterdam\u2019da yap\u0131lacak \u015feyler\"},\"image\":{\"@id\":\"https:\\\/\\\/thingstodoinamsterdam.com\\\/tr\\\/#\\\/schema\\\/logo\\\/image\\\/\"},\"sameAs\":[\"https:\\\/\\\/www.facebook.com\\\/thingstodoinamsterdamcom\"]}]}<\/script>\n<!-- \/ Yoast SEO plugin. -->","yoast_head_json":{"title":"Amsterdam'\u0131n Begijnhof'unu Ke\u015ffet - \u015eehir merkezinde bir huzur vahas\u0131","description":"Amsterdam Begijnhof \u015fehrin kalbinde yer al\u0131yor. Aslen 14. y\u00fczy\u0131lda kurulmu\u015f bir beguinage idi ve dindar kad\u0131nlara ev sahipli\u011fi yap\u0131yordu.","robots":{"index":"index","follow":"follow","max-snippet":"max-snippet:-1","max-image-preview":"max-image-preview:large","max-video-preview":"max-video-preview:-1"},"canonical":"https:\/\/thingstodoinamsterdam.com\/tr\/gezilecek-yerler\/begijnhof\/","og_locale":"tr_TR","og_type":"article","og_title":"Amsterdam'\u0131n Begijnhof'unu Ke\u015ffet - \u015eehir merkezinde bir huzur vahas\u0131","og_description":"Amsterdam Begijnhof \u015fehrin kalbinde yer al\u0131yor. Aslen 14. y\u00fczy\u0131lda kurulmu\u015f bir beguinage idi ve dindar kad\u0131nlara ev sahipli\u011fi yap\u0131yordu.","og_url":"https:\/\/thingstodoinamsterdam.com\/tr\/gezilecek-yerler\/begijnhof\/","og_site_name":"ThingstodoinAmsterdam.com","article_publisher":"https:\/\/www.facebook.com\/thingstodoinamsterdamcom","article_modified_time":"2026-03-30T11:39:51+00:00","og_image":[{"width":2048,"height":1365,"url":"https:\/\/thingstodoinamsterdam.com\/wp-content\/uploads\/2019\/08\/Amsterdams-Begijnhof.jpg","type":"image\/jpeg"}],"twitter_card":"summary_large_image","twitter_misc":{"Tahmini okuma s\u00fcresi":"3 dakika"},"schema":{"@context":"https:\/\/schema.org","@graph":[{"@type":"WebPage","@id":"https:\/\/thingstodoinamsterdam.com\/tr\/gezilecek-yerler\/begijnhof\/","url":"https:\/\/thingstodoinamsterdam.com\/tr\/gezilecek-yerler\/begijnhof\/","name":"Amsterdam'\u0131n Begijnhof'unu Ke\u015ffet - \u015eehir merkezinde bir huzur vahas\u0131","isPartOf":{"@id":"https:\/\/thingstodoinamsterdam.com\/tr\/#website"},"primaryImageOfPage":{"@id":"https:\/\/thingstodoinamsterdam.com\/tr\/gezilecek-yerler\/begijnhof\/#primaryimage"},"image":{"@id":"https:\/\/thingstodoinamsterdam.com\/tr\/gezilecek-yerler\/begijnhof\/#primaryimage"},"thumbnailUrl":"https:\/\/thingstodoinamsterdam.com\/wp-content\/uploads\/2019\/08\/Amsterdams-Begijnhof.jpg","datePublished":"2026-03-27T20:27:06+00:00","dateModified":"2026-03-30T11:39:51+00:00","description":"Amsterdam Begijnhof \u015fehrin kalbinde yer al\u0131yor. Aslen 14. y\u00fczy\u0131lda kurulmu\u015f bir beguinage idi ve dindar kad\u0131nlara ev sahipli\u011fi yap\u0131yordu.","breadcrumb":{"@id":"https:\/\/thingstodoinamsterdam.com\/tr\/gezilecek-yerler\/begijnhof\/#breadcrumb"},"inLanguage":"tr","potentialAction":[{"@type":"ReadAction","target":["https:\/\/thingstodoinamsterdam.com\/tr\/gezilecek-yerler\/begijnhof\/"]}]},{"@type":"ImageObject","inLanguage":"tr","@id":"https:\/\/thingstodoinamsterdam.com\/tr\/gezilecek-yerler\/begijnhof\/#primaryimage","url":"https:\/\/thingstodoinamsterdam.com\/wp-content\/uploads\/2019\/08\/Amsterdams-Begijnhof.jpg","contentUrl":"https:\/\/thingstodoinamsterdam.com\/wp-content\/uploads\/2019\/08\/Amsterdams-Begijnhof.jpg","width":2048,"height":1365},{"@type":"BreadcrumbList","@id":"https:\/\/thingstodoinamsterdam.com\/tr\/gezilecek-yerler\/begijnhof\/#breadcrumb","itemListElement":[{"@type":"ListItem","position":1,"name":"Amsterdam\u2019da yap\u0131lacak \u015feyler","item":"https:\/\/thingstodoinamsterdam.com\/tr\/"},{"@type":"ListItem","position":2,"name":"Amsterdam&#8217;da Gezilecek Yerler &amp; G\u00f6r\u00fclecek Noktalar","item":"https:\/\/thingstodoinamsterdam.com\/tr\/gezilecek-yerler\/"},{"@type":"ListItem","position":3,"name":"Amsterdam&#8217;\u0131n Begijnhof&#8217;unu Ke\u015ffet &#8211; Bir Huzur Vahas\u0131!"}]},{"@type":"WebSite","@id":"https:\/\/thingstodoinamsterdam.com\/tr\/#website","url":"https:\/\/thingstodoinamsterdam.com\/tr\/","name":"ThingstodoinAmsterdam.com","description":"Amsterdam&#039;s highlights and hidden secrets","publisher":{"@id":"https:\/\/thingstodoinamsterdam.com\/tr\/#organization"},"potentialAction":[{"@type":"SearchAction","target":{"@type":"EntryPoint","urlTemplate":"https:\/\/thingstodoinamsterdam.com\/tr\/?s={search_term_string}"},"query-input":{"@type":"PropertyValueSpecification","valueRequired":true,"valueName":"search_term_string"}}],"inLanguage":"tr"},{"@type":"Organization","@id":"https:\/\/thingstodoinamsterdam.com\/tr\/#organization","name":"Amsterdam\u2019da yap\u0131lacak \u015feyler","url":"https:\/\/thingstodoinamsterdam.com\/tr\/","logo":{"@type":"ImageObject","inLanguage":"tr","@id":"https:\/\/thingstodoinamsterdam.com\/tr\/#\/schema\/logo\/image\/","url":"https:\/\/thingstodoinamsterdam.com\/wp-content\/uploads\/2025\/02\/ThingsToDoInAmsterdam-Favicon-logo.png","contentUrl":"https:\/\/thingstodoinamsterdam.com\/wp-content\/uploads\/2025\/02\/ThingsToDoInAmsterdam-Favicon-logo.png","width":512,"height":512,"caption":"Amsterdam\u2019da yap\u0131lacak \u015feyler"},"image":{"@id":"https:\/\/thingstodoinamsterdam.com\/tr\/#\/schema\/logo\/image\/"},"sameAs":["https:\/\/www.facebook.com\/thingstodoinamsterdamcom"]}]}},"_links":{"self":[{"href":"https:\/\/thingstodoinamsterdam.com\/tr\/wp-json\/wp\/v2\/pages\/2537469","targetHints":{"allow":["GET"]}}],"collection":[{"href":"https:\/\/thingstodoinamsterdam.com\/tr\/wp-json\/wp\/v2\/pages"}],"about":[{"href":"https:\/\/thingstodoinamsterdam.com\/tr\/wp-json\/wp\/v2\/types\/page"}],"author":[{"embeddable":true,"href":"https:\/\/thingstodoinamsterdam.com\/tr\/wp-json\/wp\/v2\/users\/3"}],"replies":[{"embeddable":true,"href":"https:\/\/thingstodoinamsterdam.com\/tr\/wp-json\/wp\/v2\/comments?post=2537469"}],"version-history":[{"count":5,"href":"https:\/\/thingstodoinamsterdam.com\/tr\/wp-json\/wp\/v2\/pages\/2537469\/revisions"}],"predecessor-version":[{"id":2538497,"href":"https:\/\/thingstodoinamsterdam.com\/tr\/wp-json\/wp\/v2\/pages\/2537469\/revisions\/2538497"}],"up":[{"embeddable":true,"href":"https:\/\/thingstodoinamsterdam.com\/tr\/wp-json\/wp\/v2\/pages\/2535302"}],"wp:featuredmedia":[{"embeddable":true,"href":"https:\/\/thingstodoinamsterdam.com\/tr\/wp-json\/wp\/v2\/media\/2537470"}],"wp:attachment":[{"href":"https:\/\/thingstodoinamsterdam.com\/tr\/wp-json\/wp\/v2\/media?parent=2537469"}],"curies":[{"name":"wp","href":"https:\/\/api.w.org\/{rel}","templated":true}]}}