{"id":2538179,"date":"2026-03-28T11:49:11","date_gmt":"2026-03-28T10:49:11","guid":{"rendered":"https:\/\/thingstodoinamsterdam.com\/pratik-bilgiler\/"},"modified":"2026-04-07T15:01:30","modified_gmt":"2026-04-07T13:01:30","slug":"pratik-bilgiler","status":"publish","type":"page","link":"https:\/\/thingstodoinamsterdam.com\/tr\/pratik-bilgiler\/","title":{"rendered":"Pratik bilgiler"},"content":{"rendered":"<div class=\"wpb-content-wrapper\"><p>[vc_row][vc_column][vc_column_text css=&#8221;&#8221;]Bu listede, en yayg\u0131n pratik bilgi konular\u0131na h\u0131zl\u0131 bir genel bak\u0131\u015f bulabilirsin.<\/p>\n<ul>\n<li><strong>Acil durum numaras\u0131<\/strong>: Hayat\u0131 tehdit eden bir durumda <strong>112<\/strong>&#8216;yi ara.<\/li>\n<li><strong>Hollandaca<\/strong>: Hollanda&#8217;da insanlar Hollandaca konu\u015fur. Yine de, \u0130ngilizce bir\u00e7ok ki\u015fi taraf\u0131ndan ikinci dil olarak benimsenmi\u015ftir. Bu, temel \u0130ngilizce ile kolayca anla\u015fabilece\u011fin anlam\u0131na gelir. Bir\u00e7ok Hollandal\u0131n\u0131n konu\u015ftu\u011fu di\u011fer diller Frans\u0131zca ve Almanca&#8217;d\u0131r.   <\/li>\n<li><strong>Para ve d\u00f6viz<\/strong>: \u00dclkenin tamam\u0131nda para birimi olarak Euro (EUR, \u20ac) kullan\u0131l\u0131r. Yabanc\u0131 para birimleri bozdurulabilir ancak kabul edilmez. Ya da bir\u00e7ok ATM&#8217;den birinde kendi banka kart\u0131n\u0131 kullanabilirsin. Kredi kartlar\u0131 genellikle otellerde, restoranlarda ve benzin istasyonlar\u0131nda kabul edilir. Ancak, \u00e7o\u011fu s\u00fcpermarketin kredi kart\u0131 \u00f6demelerini kabul etmedi\u011fini unutma.    <\/li>\n<li><strong>\u0130ndirim kartlar\u0131<\/strong>: Amsterdam&#8217;\u0131n en yayg\u0131n kullan\u0131lan indirim kartlar\u0131 <a href=\"https:\/\/thingstodoinamsterdam.com\/tr\/pratik-bilgiler\/i-amsterdam-city-card\/\">I Amsterdam City Card<\/a> ve Museumkaart&#8217;t\u0131r.<\/li>\n<li><b>\u00c7ocuklarla<\/b> <strong>Amsterdam&#8217;\u0131 ziyaret etmek<\/strong>: Amsterdam \u00e7ok g\u00fcvenli bir \u015fehir olarak kabul edilir. \u00c7ok fazla trafik olmas\u0131na ra\u011fmen, bir\u00e7ok ki\u015fi trafik \u0131\u015f\u0131klar\u0131nda durmaz. Baz\u0131 yerel halk, k\u0131rm\u0131z\u0131 trafik \u0131\u015f\u0131\u011f\u0131 i\u00e7in &#8216;Amsterdam ye\u015fili&#8217; terimini kullan\u0131r. Bununla birlikte, k\u00fc\u00e7\u00fck \u00e7ocuklarla veya gen\u00e7lerle yap\u0131lacak bir\u00e7ok aktivite vard\u0131r.   <\/li>\n<li><strong>El\u00e7ilikler<\/strong>: <a href=\"https:\/\/www.government.nl\/topics\/embassies-consulates-and-other-representations\">D\u0131\u015fi\u015fleri Bakanl\u0131\u011f\u0131<\/a> web sitesi arac\u0131l\u0131\u011f\u0131yla \u00fclkeni se\u00e7erek el\u00e7ili\u011finin tam olarak nerede bulundu\u011funu g\u00f6rebilirsin. Baz\u0131lar\u0131n\u0131z\u0131n seyahatiniz i\u00e7in vizenin zorunlu olup olmad\u0131\u011f\u0131n\u0131 da bilmesi gerekebilir. <\/li>\n<li><strong>Priz ve fi\u015fler<\/strong>: Hollanda&#8217;da Europlug yayg\u0131n olarak kullan\u0131l\u0131r. Bu, 250 V&#8217;a kadar voltaj ve 2.5 A&#8217;e kadar ak\u0131m i\u00e7in derecelendirilmi\u015f, d\u00fcz, yeniden kablolanamayan, iki kutuplu, yuvarlak pimli bir AC g\u00fc\u00e7 fi\u015fidir. <\/li>\n<\/ul>\n<p>[\/vc_column_text][vc_column_text]Amsterdam&#8217;\u0131 ziyaret ediyor ve iyi haz\u0131rlanmak m\u0131 istiyorsun? A\u015fa\u011f\u0131da bu web sitesinde ele al\u0131nan \u00e7e\u015fitli konulara g\u00f6z at![\/vc_column_text][\/vc_column][\/vc_row][vc_row][vc_column][promo_block style_var=&#8221;style2&#8243; el_id=&#8221;1565265736520-ebffa72c-0349&#8243;][promo link=&#8221;url:https%3A%2F%2Fthingstodoinamsterdam.com%2Ftr%2Fpratik-bilgiler%2Fi-amsterdam-city-card%2F|title:I%20Amsterdam%20City%20Card|&#8221; text=&#8221;I Amsterdam City Card ile Amsterdam&apos;\u0131 ke\u015ffet! Bu kart bir\u00e7ok \u00f6nemli cazibe merkezine \u00fccretsiz eri\u015fim sa\u011flar ve daha fazlas\u0131nda indirimler sunar. Bunun d\u0131\u015f\u0131nda, toplu ta\u015f\u0131mada da kullan\u0131labilir, daha fazlas\u0131n\u0131 buradan \u00f6\u011fren!  &#8221; img=&#8221;2945&#8243;][promo link=&#8221;url:https%3A%2F%2Fthingstodoinamsterdam.com%2Ftr%2Famsterdam-ulasimi%2Famsterdam-otopark%2F|title:Amsterdam%27da%20Park%20Etme|&#8221; text=&#8221;Amsterdam&apos;da park etme ba\u015fl\u0131 ba\u015f\u0131na bir konudur. Sokak park \u00fccretleri pahal\u0131d\u0131r ve yer bulmak s\u0131n\u0131rl\u0131d\u0131r. Bu nedenle, park etme konusunda biraz planlama sana \u00e7ok zaman ve para kazand\u0131rabilir!  &#8221; img=&#8221;2703&#8243;][promo link=&#8221;url:https%3A%2F%2Fthingstodoinamsterdam.com%2Ftr%2Fpratik-bilgiler%2Famsterdamdaki-en-iyi-yemek-dagitim-hizmetleri-uygulamalari%2F|title:Amsterdam%27daki%20En%20%C4%B0yi%20Yemek%20Teslimat%20Hizmetleri|&#8221; text=&#8221;Amsterdam&apos;\u0131n mutfak sahnesinin en iyilerini konaklama yerinin konforunda deneyimle! \u0130ster yerel Hollanda yemekleri, ister taze su\u015fi veya gurme burgerler can\u0131n \u00e7eksin, \u015fehrin yemek teslimat hizmetleri bir d\u00fcnya lezzeti kap\u0131na getiriyor. Evden \u00e7\u0131kmadan i\u015ftah\u0131n\u0131 tatmin etmek i\u00e7in en g\u00fcvenilir platformlar\u0131, en h\u0131zl\u0131 teslimat se\u00e7eneklerini ve en iyi f\u0131rsatlar\u0131 ke\u015ffet.  &#8221; img=&#8221;2028370&#8243;][promo link=&#8221;url:https%3A%2F%2Fthingstodoinamsterdam.com%2Ftr%2Famsterdam-hava-durumu-ve-iklimi%2F|title:Amsterdam%20Hava%20Durumu|&#8221; text=&#8221;Sadece birka\u00e7 dakika i\u00e7inde Amsterdam hava durumu hakk\u0131nda tamamen bilgi sahibi olabilir ve haz\u0131rlanabilirsin&#8221; img=&#8221;2697&#8243;][promo link=&#8221;url:https%3A%2F%2Fthingstodoinamsterdam.com%2Ftr%2Famsterdam-ulasimi%2F|title:Amsterdam%20Ula%C5%9F%C4%B1m|&#8221; text=&#8221;Amsterdam i\u00e7inde ve Amsterdam&apos;a seyahat hakk\u0131nda her \u015feyi oku! Toplu ta\u015f\u0131ma altyap\u0131s\u0131 harika! U\u00e7maktan araba s\u00fcrmeye ve tabii ki bisiklet kiralamaya kadar t\u00fcm se\u00e7eneklerini incele  &#8221; img=&#8221;2695&#8243;][promo link=&#8221;url:https%3A%2F%2Fthingstodoinamsterdam.com%2Ftr%2Famsterdamda-nerede-kalinir-dogru-bolgeyi-secmek-icin-pratik-bir-rehber%2F|title:Amsterdam%27da%20nerede%20kal%C4%B1n%C4%B1r|&#8221; text=&#8221;Hen\u00fcz otelini ay\u0131rtmad\u0131ysan, bu makale otel\/konaklama rezervasyonu yaparken neleri g\u00f6z \u00f6n\u00fcnde bulundurman gerekti\u011fini anlamana yard\u0131mc\u0131 olacak.&#8221; img=&#8221;1971&#8243;][promo link=&#8221;url:https%3A%2F%2Fthingstodoinamsterdam.com%2Fpractical-information%2Fodido-esim%2F|title:Odido%20ESIM|&#8221; text=&#8221;Amsterdam&apos;\u0131 veya Hollanda&apos;n\u0131n herhangi bir yerini ziyaret ederken ba\u011flant\u0131da kalmak her zamankinden daha kolay. Gezginlerin d\u00fc\u015f\u00fcnebilece\u011fi bir se\u00e7enek Odido SimWallet eSIM&apos;dir. &#8221; img=&#8221;2529175&#8243;][promo link=&#8221;url:https%3A%2F%2Fthingstodoinamsterdam.com%2Fbest-time-visit-amsterdam%2F|title:Amsterdam%27%C4%B1%20ziyaret%20etmek%20i%C3%A7in%20en%20iyi%20zaman|&#8221; text=&#8221;\u0130htiya\u00e7lar\u0131na g\u00f6re Amsterdam&apos;\u0131 ziyaret etmek i\u00e7in en iyi zaman\u0131 \u00f6\u011fren&#8221; img=&#8221;1087&#8243;][promo link=&#8221;url:https%3A%2F%2Fthingstodoinamsterdam.com%2Fpractical-information%2Ftourist-information-center-amsterdam%2F|title:Amsterdam%20Turist%20Ofisi|&#8221; text=&#8221;Turist ofislerinin nerede oldu\u011funu ve sana neler sunabileceklerini \u00f6\u011fren!&#8221; img=&#8221;2693&#8243;][promo link=&#8221;url:https%3A%2F%2Fthingstodoinamsterdam.com%2Fpractical-information%2Ffaq-amsterdam%2F|title:SSS%20Amsterdam|&#8221; text=&#8221;thingstodoinamsterdam.com&apos;un en s\u0131k sorulan sorular\u0131n\u0131n \u00e7o\u011funun cevab\u0131n\u0131 bul&#8221; img=&#8221;2701&#8243;][promo link=&#8221;url:https%3A%2F%2Fthingstodoinamsterdam.com%2Fpractical-information%2Famsterdam-maps%2F|title:Amsterdam%20haritas%C4%B1|&#8221; text=&#8221;Amsterdam \u015fehir haritas\u0131 ile ke\u015ffet ve kendini haz\u0131rla&#8221; img=&#8221;2699&#8243;][promo link=&#8221;url:https%3A%2F%2Fthingstodoinamsterdam.com%2Fpractical-information%2Famsterdam-apps%2F|title:Amsterdam%20Uygulamalar%C4%B1|&#8221; text=&#8221;Amsterdam i\u00e7in en \u00e7ok kullan\u0131lan seyahat uygulamalar\u0131n\u0131 burada bul&#8221; img=&#8221;2691&#8243;][\/promo_block][\/vc_column][\/vc_row]<\/p>\n<\/div>","protected":false},"excerpt":{"rendered":"<p>[vc_row][vc_column][vc_column_text css=&#8221;&#8221;]Bu listede, en yayg\u0131n pratik bilgi konular\u0131na h\u0131zl\u0131 bir genel bak\u0131\u015f bulabilirsin. Acil durum numaras\u0131: Hayat\u0131 tehdit eden bir durumda 112&#8216;yi ara. Hollandaca: Hollanda&#8217;da\u2026<\/p>\n","protected":false},"author":1,"featured_media":0,"parent":0,"menu_order":0,"comment_status":"closed","ping_status":"closed","template":"","meta":{"footnotes":""},"class_list":["post-2538179","page","type-page","status-publish","hentry"],"yoast_head":"<!-- This site is optimized with the Yoast SEO plugin v27.4 - https:\/\/yoast.com\/product\/yoast-seo-wordpress\/ -->\n<title>Pratik bilgiler - thingstodoinamsterdam.com<\/title>\n<meta name=\"description\" content=\"Amsterdam gezin i\u00e7in pratik bilgilere g\u00f6z at. Bu bilgiler sana \u00e7ok para ve zaman kazand\u0131racak. Haz\u0131rl\u0131kl\u0131 ol!\" \/>\n<meta name=\"robots\" content=\"index, follow, max-snippet:-1, max-image-preview:large, max-video-preview:-1\" \/>\n<link rel=\"canonical\" href=\"https:\/\/thingstodoinamsterdam.com\/tr\/pratik-bilgiler\/\" \/>\n<meta property=\"og:locale\" content=\"tr_TR\" \/>\n<meta property=\"og:type\" content=\"article\" \/>\n<meta property=\"og:title\" content=\"Pratik bilgiler - thingstodoinamsterdam.com\" \/>\n<meta property=\"og:description\" content=\"Amsterdam gezin i\u00e7in pratik bilgilere g\u00f6z at. Bu bilgiler sana \u00e7ok para ve zaman kazand\u0131racak. Haz\u0131rl\u0131kl\u0131 ol!\" \/>\n<meta property=\"og:url\" content=\"https:\/\/thingstodoinamsterdam.com\/tr\/pratik-bilgiler\/\" \/>\n<meta property=\"og:site_name\" content=\"ThingstodoinAmsterdam.com\" \/>\n<meta property=\"article:publisher\" content=\"https:\/\/www.facebook.com\/thingstodoinamsterdamcom\" \/>\n<meta property=\"article:modified_time\" content=\"2026-04-07T13:01:30+00:00\" \/>\n<meta name=\"twitter:card\" content=\"summary_large_image\" \/>\n<meta name=\"twitter:label1\" content=\"Tahmini okuma s\u00fcresi\" \/>\n\t<meta name=\"twitter:data1\" content=\"4 dakika\" \/>\n<script type=\"application\/ld+json\" class=\"yoast-schema-graph\">{\"@context\":\"https:\\\/\\\/schema.org\",\"@graph\":[{\"@type\":\"WebPage\",\"@id\":\"https:\\\/\\\/thingstodoinamsterdam.com\\\/tr\\\/pratik-bilgiler\\\/\",\"url\":\"https:\\\/\\\/thingstodoinamsterdam.com\\\/tr\\\/pratik-bilgiler\\\/\",\"name\":\"Pratik bilgiler - thingstodoinamsterdam.com\",\"isPartOf\":{\"@id\":\"https:\\\/\\\/thingstodoinamsterdam.com\\\/tr\\\/#website\"},\"datePublished\":\"2026-03-28T10:49:11+00:00\",\"dateModified\":\"2026-04-07T13:01:30+00:00\",\"description\":\"Amsterdam gezin i\u00e7in pratik bilgilere g\u00f6z at. Bu bilgiler sana \u00e7ok para ve zaman kazand\u0131racak. Haz\u0131rl\u0131kl\u0131 ol!\",\"breadcrumb\":{\"@id\":\"https:\\\/\\\/thingstodoinamsterdam.com\\\/tr\\\/pratik-bilgiler\\\/#breadcrumb\"},\"inLanguage\":\"tr\",\"potentialAction\":[{\"@type\":\"ReadAction\",\"target\":[\"https:\\\/\\\/thingstodoinamsterdam.com\\\/tr\\\/pratik-bilgiler\\\/\"]}]},{\"@type\":\"BreadcrumbList\",\"@id\":\"https:\\\/\\\/thingstodoinamsterdam.com\\\/tr\\\/pratik-bilgiler\\\/#breadcrumb\",\"itemListElement\":[{\"@type\":\"ListItem\",\"position\":1,\"name\":\"Amsterdam\u2019da yap\u0131lacak \u015feyler\",\"item\":\"https:\\\/\\\/thingstodoinamsterdam.com\\\/tr\\\/\"},{\"@type\":\"ListItem\",\"position\":2,\"name\":\"Pratik bilgiler\"}]},{\"@type\":\"WebSite\",\"@id\":\"https:\\\/\\\/thingstodoinamsterdam.com\\\/tr\\\/#website\",\"url\":\"https:\\\/\\\/thingstodoinamsterdam.com\\\/tr\\\/\",\"name\":\"ThingstodoinAmsterdam.com\",\"description\":\"Amsterdam&#039;s highlights and hidden secrets\",\"publisher\":{\"@id\":\"https:\\\/\\\/thingstodoinamsterdam.com\\\/tr\\\/#organization\"},\"potentialAction\":[{\"@type\":\"SearchAction\",\"target\":{\"@type\":\"EntryPoint\",\"urlTemplate\":\"https:\\\/\\\/thingstodoinamsterdam.com\\\/tr\\\/?s={search_term_string}\"},\"query-input\":{\"@type\":\"PropertyValueSpecification\",\"valueRequired\":true,\"valueName\":\"search_term_string\"}}],\"inLanguage\":\"tr\"},{\"@type\":\"Organization\",\"@id\":\"https:\\\/\\\/thingstodoinamsterdam.com\\\/tr\\\/#organization\",\"name\":\"Amsterdam\u2019da yap\u0131lacak \u015feyler\",\"url\":\"https:\\\/\\\/thingstodoinamsterdam.com\\\/tr\\\/\",\"logo\":{\"@type\":\"ImageObject\",\"inLanguage\":\"tr\",\"@id\":\"https:\\\/\\\/thingstodoinamsterdam.com\\\/tr\\\/#\\\/schema\\\/logo\\\/image\\\/\",\"url\":\"https:\\\/\\\/thingstodoinamsterdam.com\\\/wp-content\\\/uploads\\\/2025\\\/02\\\/ThingsToDoInAmsterdam-Favicon-logo.png\",\"contentUrl\":\"https:\\\/\\\/thingstodoinamsterdam.com\\\/wp-content\\\/uploads\\\/2025\\\/02\\\/ThingsToDoInAmsterdam-Favicon-logo.png\",\"width\":512,\"height\":512,\"caption\":\"Amsterdam\u2019da yap\u0131lacak \u015feyler\"},\"image\":{\"@id\":\"https:\\\/\\\/thingstodoinamsterdam.com\\\/tr\\\/#\\\/schema\\\/logo\\\/image\\\/\"},\"sameAs\":[\"https:\\\/\\\/www.facebook.com\\\/thingstodoinamsterdamcom\"]}]}<\/script>\n<!-- \/ Yoast SEO plugin. -->","yoast_head_json":{"title":"Pratik bilgiler - thingstodoinamsterdam.com","description":"Amsterdam gezin i\u00e7in pratik bilgilere g\u00f6z at. Bu bilgiler sana \u00e7ok para ve zaman kazand\u0131racak. Haz\u0131rl\u0131kl\u0131 ol!","robots":{"index":"index","follow":"follow","max-snippet":"max-snippet:-1","max-image-preview":"max-image-preview:large","max-video-preview":"max-video-preview:-1"},"canonical":"https:\/\/thingstodoinamsterdam.com\/tr\/pratik-bilgiler\/","og_locale":"tr_TR","og_type":"article","og_title":"Pratik bilgiler - thingstodoinamsterdam.com","og_description":"Amsterdam gezin i\u00e7in pratik bilgilere g\u00f6z at. Bu bilgiler sana \u00e7ok para ve zaman kazand\u0131racak. Haz\u0131rl\u0131kl\u0131 ol!","og_url":"https:\/\/thingstodoinamsterdam.com\/tr\/pratik-bilgiler\/","og_site_name":"ThingstodoinAmsterdam.com","article_publisher":"https:\/\/www.facebook.com\/thingstodoinamsterdamcom","article_modified_time":"2026-04-07T13:01:30+00:00","twitter_card":"summary_large_image","twitter_misc":{"Tahmini okuma s\u00fcresi":"4 dakika"},"schema":{"@context":"https:\/\/schema.org","@graph":[{"@type":"WebPage","@id":"https:\/\/thingstodoinamsterdam.com\/tr\/pratik-bilgiler\/","url":"https:\/\/thingstodoinamsterdam.com\/tr\/pratik-bilgiler\/","name":"Pratik bilgiler - thingstodoinamsterdam.com","isPartOf":{"@id":"https:\/\/thingstodoinamsterdam.com\/tr\/#website"},"datePublished":"2026-03-28T10:49:11+00:00","dateModified":"2026-04-07T13:01:30+00:00","description":"Amsterdam gezin i\u00e7in pratik bilgilere g\u00f6z at. Bu bilgiler sana \u00e7ok para ve zaman kazand\u0131racak. Haz\u0131rl\u0131kl\u0131 ol!","breadcrumb":{"@id":"https:\/\/thingstodoinamsterdam.com\/tr\/pratik-bilgiler\/#breadcrumb"},"inLanguage":"tr","potentialAction":[{"@type":"ReadAction","target":["https:\/\/thingstodoinamsterdam.com\/tr\/pratik-bilgiler\/"]}]},{"@type":"BreadcrumbList","@id":"https:\/\/thingstodoinamsterdam.com\/tr\/pratik-bilgiler\/#breadcrumb","itemListElement":[{"@type":"ListItem","position":1,"name":"Amsterdam\u2019da yap\u0131lacak \u015feyler","item":"https:\/\/thingstodoinamsterdam.com\/tr\/"},{"@type":"ListItem","position":2,"name":"Pratik bilgiler"}]},{"@type":"WebSite","@id":"https:\/\/thingstodoinamsterdam.com\/tr\/#website","url":"https:\/\/thingstodoinamsterdam.com\/tr\/","name":"ThingstodoinAmsterdam.com","description":"Amsterdam&#039;s highlights and hidden secrets","publisher":{"@id":"https:\/\/thingstodoinamsterdam.com\/tr\/#organization"},"potentialAction":[{"@type":"SearchAction","target":{"@type":"EntryPoint","urlTemplate":"https:\/\/thingstodoinamsterdam.com\/tr\/?s={search_term_string}"},"query-input":{"@type":"PropertyValueSpecification","valueRequired":true,"valueName":"search_term_string"}}],"inLanguage":"tr"},{"@type":"Organization","@id":"https:\/\/thingstodoinamsterdam.com\/tr\/#organization","name":"Amsterdam\u2019da yap\u0131lacak \u015feyler","url":"https:\/\/thingstodoinamsterdam.com\/tr\/","logo":{"@type":"ImageObject","inLanguage":"tr","@id":"https:\/\/thingstodoinamsterdam.com\/tr\/#\/schema\/logo\/image\/","url":"https:\/\/thingstodoinamsterdam.com\/wp-content\/uploads\/2025\/02\/ThingsToDoInAmsterdam-Favicon-logo.png","contentUrl":"https:\/\/thingstodoinamsterdam.com\/wp-content\/uploads\/2025\/02\/ThingsToDoInAmsterdam-Favicon-logo.png","width":512,"height":512,"caption":"Amsterdam\u2019da yap\u0131lacak \u015feyler"},"image":{"@id":"https:\/\/thingstodoinamsterdam.com\/tr\/#\/schema\/logo\/image\/"},"sameAs":["https:\/\/www.facebook.com\/thingstodoinamsterdamcom"]}]}},"_links":{"self":[{"href":"https:\/\/thingstodoinamsterdam.com\/tr\/wp-json\/wp\/v2\/pages\/2538179","targetHints":{"allow":["GET"]}}],"collection":[{"href":"https:\/\/thingstodoinamsterdam.com\/tr\/wp-json\/wp\/v2\/pages"}],"about":[{"href":"https:\/\/thingstodoinamsterdam.com\/tr\/wp-json\/wp\/v2\/types\/page"}],"author":[{"embeddable":true,"href":"https:\/\/thingstodoinamsterdam.com\/tr\/wp-json\/wp\/v2\/users\/1"}],"replies":[{"embeddable":true,"href":"https:\/\/thingstodoinamsterdam.com\/tr\/wp-json\/wp\/v2\/comments?post=2538179"}],"version-history":[{"count":5,"href":"https:\/\/thingstodoinamsterdam.com\/tr\/wp-json\/wp\/v2\/pages\/2538179\/revisions"}],"predecessor-version":[{"id":2539288,"href":"https:\/\/thingstodoinamsterdam.com\/tr\/wp-json\/wp\/v2\/pages\/2538179\/revisions\/2539288"}],"wp:attachment":[{"href":"https:\/\/thingstodoinamsterdam.com\/tr\/wp-json\/wp\/v2\/media?parent=2538179"}],"curies":[{"name":"wp","href":"https:\/\/api.w.org\/{rel}","templated":true}]}}