{"id":2538275,"date":"2026-03-28T11:50:23","date_gmt":"2026-03-28T10:50:23","guid":{"rendered":"https:\/\/thingstodoinamsterdam.com\/de-poezenboot-kedi-teknesi\/"},"modified":"2026-03-28T11:51:52","modified_gmt":"2026-03-28T10:51:52","slug":"de-poezenboot-kedi-teknesi","status":"publish","type":"page","link":"https:\/\/thingstodoinamsterdam.com\/tr\/de-poezenboot-kedi-teknesi\/","title":{"rendered":"De Poezenboot (Kedi Teknesi)"},"content":{"rendered":"<div class=\"wpb-content-wrapper\"><p>[vc_row][vc_column width=&#8221;2\/3&#8243;][vc_column_text]Amsterdam&#8217;a giden herkes bilir ki \u015fehir kanallar ve y\u00fczen evlerle doludur. De Poezenboot, hayvan bar\u0131na\u011f\u0131na d\u00f6n\u00fc\u015ft\u00fcr\u00fclm\u00fc\u015f e\u015fsiz bir y\u00fczen evdir. G\u00f6n\u00fcll\u00fcler, hayvanlara ve kedilere b\u00fcy\u00fck bir sevgiyle buray\u0131 i\u015fletiyor. Muhtemelen tahmin etti\u011fin gibi, y\u00fczen bir kedi cennetinin ne kadar e\u015fsiz oldu\u011funu a\u00e7\u0131klamaya bile gerek duymayaca\u011f\u0131z. En iyi yan\u0131 ise De Poezenboot&#8217;un halka a\u00e7\u0131k olmas\u0131. Bu y\u00fczden, Amsterdam&#8217;\u0131 ziyaret eden bir kedi seversen ve yo\u011fun \u015fehirden uzakta rahatlat\u0131c\u0131 bir an ge\u00e7irmek istersen, De Poezenboot Kedi Teknesi&#8217;ni ziyaret et. Giri\u015f \u00fccreti diye bir \u015fey yok, ama tabii ki kedilerin kuru ve mutlu kalmas\u0131 i\u00e7in bir ba\u011f\u0131\u015f b\u0131rakacaks\u0131n!      <\/p><div id=\"ez-toc-container\" class=\"ez-toc-v2_0_82_2 counter-hierarchy ez-toc-counter ez-toc-custom ez-toc-container-direction\">\n<div class=\"ez-toc-title-container\">\n<span class=\"ez-toc-title-toggle\"><a href=\"#\" class=\"ez-toc-pull-right ez-toc-btn ez-toc-btn-xs ez-toc-btn-default ez-toc-toggle\" aria-label=\"\u0130\u00e7indekiler Tablosunu A\u00e7\/Kapat\"><span class=\"ez-toc-js-icon-con\"><span class=\"\"><span class=\"eztoc-hide\" style=\"display:none;\">Toggle<\/span><span class=\"ez-toc-icon-toggle-span\"><svg style=\"fill: #999;color:#999\" xmlns=\"http:\/\/www.w3.org\/2000\/svg\" class=\"list-377408\" width=\"20px\" height=\"20px\" viewBox=\"0 0 24 24\" fill=\"none\"><path d=\"M6 6H4v2h2V6zm14 0H8v2h12V6zM4 11h2v2H4v-2zm16 0H8v2h12v-2zM4 16h2v2H4v-2zm16 0H8v2h12v-2z\" fill=\"currentColor\"><\/path><\/svg><svg style=\"fill: #999;color:#999\" class=\"arrow-unsorted-368013\" xmlns=\"http:\/\/www.w3.org\/2000\/svg\" width=\"10px\" height=\"10px\" viewBox=\"0 0 24 24\" version=\"1.2\" baseProfile=\"tiny\"><path d=\"M18.2 9.3l-6.2-6.3-6.2 6.3c-.2.2-.3.4-.3.7s.1.5.3.7c.2.2.4.3.7.3h11c.3 0 .5-.1.7-.3.2-.2.3-.5.3-.7s-.1-.5-.3-.7zM5.8 14.7l6.2 6.3 6.2-6.3c.2-.2.3-.5.3-.7s-.1-.5-.3-.7c-.2-.2-.4-.3-.7-.3h-11c-.3 0-.5.1-.7.3-.2.2-.3.5-.3.7s.1.5.3.7z\"\/><\/svg><\/span><\/span><\/span><\/a><\/span><\/div>\n<nav><ul class='ez-toc-list ez-toc-list-level-1 ' ><li class='ez-toc-page-1 ez-toc-heading-level-2'><a class=\"ez-toc-link ez-toc-heading-1\" href=\"https:\/\/thingstodoinamsterdam.com\/tr\/de-poezenboot-kedi-teknesi\/#de-poezenbootun-tarihi\" >De Poezenboot&#8217;un Tarihi<\/a><\/li><li class='ez-toc-page-1 ez-toc-heading-level-2'><a class=\"ez-toc-link ez-toc-heading-2\" href=\"https:\/\/thingstodoinamsterdam.com\/tr\/de-poezenboot-kedi-teknesi\/#poezenboot-acilis-saatleri\" >Poezenboot a\u00e7\u0131l\u0131\u015f saatleri<\/a><\/li><li class='ez-toc-page-1 ez-toc-heading-level-2'><a class=\"ez-toc-link ez-toc-heading-3\" href=\"https:\/\/thingstodoinamsterdam.com\/tr\/de-poezenboot-kedi-teknesi\/#biletler-ve-fiyatlar\" >Biletler ve fiyatlar<\/a><\/li><li class='ez-toc-page-1 ez-toc-heading-level-2'><a class=\"ez-toc-link ez-toc-heading-4\" href=\"https:\/\/thingstodoinamsterdam.com\/tr\/de-poezenboot-kedi-teknesi\/#adres-iletisim-bilgileri-ve-yol-tarifi\" >Adres, ileti\u015fim bilgileri ve yol tarifi<\/a><\/li><\/ul><\/nav><\/div>\n\n<p><em><strong>G\u00fcncelleme; 45 y\u0131ll\u0131k hizmetin ard\u0131ndan, eski Poezenboot emekliye ayr\u0131l\u0131yor. G\u00f6n\u00fcll\u00fclerin ve ba\u011f\u0131\u015flar\u0131n yard\u0131m\u0131yla yeni bir y\u00fczen bar\u0131nak in\u015fa etmek i\u00e7in \u00e7al\u0131\u015fmalar yap\u0131l\u0131yor. Tahmin edebilece\u011fin gibi bu \u00e7ok para ve \u00e7aba gerektiriyor. Her t\u00fcrl\u00fc <a href=\"https:\/\/www.denieuwepoezenboot.nl\/the-new-amsterdam-catboat\/\">destek memnuniyetle kar\u015f\u0131lan\u0131r, yard\u0131m etmek i\u00e7in bu web sitesini incele<\/a>.   <\/strong><\/em>[\/vc_column_text][\/vc_column][vc_column width=&#8221;1\/3&#8243;][vc_single_image image=&#8221;2538283&#8243; img_size=&#8221;full&#8221; alignment=&#8221;center&#8221; onclick=&#8221;link_image&#8221;][\/vc_column][\/vc_row][vc_row][vc_column][vc_column_text]<\/p>\n<h2><span class=\"ez-toc-section\" id=\"de-poezenbootun-tarihi\"><\/span>De Poezenboot&#8217;un Tarihi<span class=\"ez-toc-section-end\"><\/span><\/h2>\n<p>&#8216;De Poezenboot&#8217; veya Kedi Teknesi&#8217;nin hikayesi, kurucusu Henriette van Weelde&#8217;nin bir a\u011fac\u0131n alt\u0131nda bar\u0131nak arayan evsiz bir kedi ailesi buldu\u011fu 1966 y\u0131l\u0131na dayan\u0131yor. Kedileri yan\u0131na almaya ve Herengracht&#8217;taki evinde onlara bakmaya karar verdi. Bu ilk kedi ailesinden k\u0131sa bir s\u00fcre sonra, ba\u015fka bir sokak kedisi de onlar\u0131 takip etti. Henriette fark\u0131na bile varmadan, dedikodular yay\u0131ld\u0131 ve insanlar art\u0131k bakamad\u0131klar\u0131 kedileri ona getirmeye ba\u015flad\u0131. 1968&#8217;e gelindi\u011finde, Henriette &#8220;kedi han\u0131m&#8221; olarak da biliniyordu ve t\u00fcm kedilerini bar\u0131nd\u0131rmak i\u00e7in evinin her yerine ihtiyac\u0131 vard\u0131. Bir noktada, t\u00fcm evi, bah\u00e7esi ve \u00e7at\u0131 teras\u0131 kedilerle doluydu ve insanlar hala yeni kediler getiriyordu. Henriette bir \u00e7\u00f6z\u00fcm bulmal\u0131yd\u0131 ve buldu, sadece penceresinden d\u0131\u015far\u0131 bakarak. Herengracht&#8217;taki bir y\u00fczen eve bakarken, kedileri i\u00e7in bir bar\u0131nak olarak y\u00fczen ev fikri ortaya \u00e7\u0131kt\u0131. Eski bir Hollanda yelkenli mavnas\u0131 sat\u0131n al\u0131nd\u0131 ve g\u00f6n\u00fcll\u00fclerin yard\u0131m\u0131yla i\u00e7i, yeni i\u015flevine uygun olarak yeniden in\u015fa edildi: y\u00fczen bir kedi bar\u0131na\u011f\u0131. Tekne, 1979&#8217;da de\u011fi\u015ftirilene kadar on y\u0131ldan fazla bir s\u00fcre bu amaca hizmet etti.         <\/p>\n<p>Ne yaz\u0131k ki, Henriette 2005 y\u0131l\u0131nda vefat etti. Ancak, onun \u00e7al\u0131\u015fmalar\u0131, Henriette&#8217;in yak\u0131n arkada\u015f\u0131 Judith&#8217;in liderli\u011findeki sad\u0131k g\u00f6n\u00fcll\u00fclerden baz\u0131lar\u0131 taraf\u0131ndan s\u00fcrd\u00fcr\u00fcl\u00fcyor. Onlara kocaman bir alk\u0131\u015f!  <\/p>\n<p><img decoding=\"async\" class=\"aligncenter wp-image-2607 size-medium\" src=\"https:\/\/thingstodoinamsterdam.com\/wp-content\/uploads\/2019\/08\/The-Catboat-judith-300x225.jpg\" alt=\"Kedi Teknesi judith\" width=\"300\" height=\"225\">[\/vc_column_text][vc_column_text]<img decoding=\"async\" class=\"size-full wp-image-2609 aligncenter\" src=\"https:\/\/thingstodoinamsterdam.com\/wp-content\/uploads\/2019\/08\/The-Catboat-rebel.jpg\" alt=\"\" width=\"900\" height=\"600\"><\/p>\n<p style=\"text-align: center;\">Kedi Teknesi&#8217;nde zorlu bir hayat!<\/p>\n<p style=\"text-align: center;\"><img decoding=\"async\" class=\"aligncenter size-full wp-image-2610\" src=\"https:\/\/thingstodoinamsterdam.com\/wp-content\/uploads\/2019\/08\/The-Catboat-rooie.jpg\" alt=\"\" width=\"900\" height=\"675\"><\/p>\n<p style=\"text-align: center;\">Sadece tak\u0131l\u0131yor<\/p>\n<p style=\"text-align: center;\"><img decoding=\"async\" class=\"aligncenter size-full wp-image-2579\" src=\"https:\/\/thingstodoinamsterdam.com\/wp-content\/uploads\/2019\/08\/Catboat-feeding.jpg\" alt=\"\" width=\"900\" height=\"675\"><\/p>\n<p style=\"text-align: center;\">G\u00fcn\u00fcn o saati, her kedi bir anl\u0131\u011f\u0131na uyan\u0131r<\/p>\n<p style=\"text-align: center;\"><img decoding=\"async\" class=\"aligncenter size-full wp-image-2608\" src=\"https:\/\/thingstodoinamsterdam.com\/wp-content\/uploads\/2019\/08\/The-Catboat-mr-big.jpg\" alt=\"\" width=\"900\" height=\"675\">Bay B\u00fcy\u00fck g\u00fcne\u015fte tak\u0131lmay\u0131 sever!<\/p>\n<p>[\/vc_column_text][vc_column_text]<\/p>\n<h2><span class=\"ez-toc-section\" id=\"poezenboot-acilis-saatleri\"><\/span>Poezenboot a\u00e7\u0131l\u0131\u015f saatleri<span class=\"ez-toc-section-end\"><\/span><\/h2>\n<p>Kedi Teknesi haftada \u00fc\u00e7 g\u00fcn ziyarete a\u00e7\u0131kt\u0131r. Ancak, tamamen g\u00f6n\u00fcll\u00fclere ba\u011fl\u0131 oldu\u011fu i\u00e7in a\u00e7\u0131l\u0131\u015f saatleri s\u0131n\u0131rl\u0131d\u0131r. <\/p>\n<table style=\"width: 100%;\">\n<tbody>\n<tr>\n<td>Pazartesi<\/td>\n<td>Kapal\u0131<\/td>\n<\/tr>\n<tr>\n<td>Sal\u0131<\/td>\n<td>13:00 &#8211; 15:00<\/td>\n<\/tr>\n<tr>\n<td>\u00c7ar\u015famba<\/td>\n<td>Kapal\u0131<\/td>\n<\/tr>\n<tr>\n<td>Per\u015fembe<\/td>\n<td>Kapal\u0131<\/td>\n<\/tr>\n<tr>\n<td>Cuma<\/td>\n<td>13:00 &#8211; 15:00<\/td>\n<\/tr>\n<tr>\n<td>Cumartesi<\/td>\n<td>13:00 &#8211; 15:00<\/td>\n<\/tr>\n<tr>\n<td>Pazar<\/td>\n<td>Kapal\u0131<\/td>\n<\/tr>\n<\/tbody>\n<\/table>\n<p>[\/vc_column_text][vc_column_text]<\/p>\n<h2><span class=\"ez-toc-section\" id=\"biletler-ve-fiyatlar\"><\/span>Biletler ve fiyatlar<span class=\"ez-toc-section-end\"><\/span><\/h2>\n<p>Kedi Teknesi&#8217;ni (De Poezenboot) ziyaret etmek tamamen \u00fccretsizdir. Ancak, g\u00f6n\u00fcll\u00fclerin iyi i\u015flerine devam edebilmesi i\u00e7in bizim yapt\u0131\u011f\u0131m\u0131z gibi <strong>c\u00f6mert bir ba\u011f\u0131\u015f<\/strong> b\u0131rakaca\u011f\u0131n\u0131 biliyoruz! <\/p>\n<p>Amsterdam&#8217;daki hayvanlarla ilgili di\u011fer aktiviteler aras\u0131nda <a href=\"https:\/\/thingstodoinamsterdam.com\/tr\/artis-hayvanat-bahcesi-amsterdam\/\">Artis&#8217;i ziyaret<\/a> etmek veya <a href=\"https:\/\/thingstodoinamsterdam.com\/museum-amsterdam\/kattenkabinet\/\">Kattenkabinet&#8217;i<\/a> g\u00f6rmek yer al\u0131yor.[\/vc_column_text][vc_column_text]<\/p>\n<h2><span class=\"ez-toc-section\" id=\"adres-iletisim-bilgileri-ve-yol-tarifi\"><\/span>Adres, ileti\u015fim bilgileri ve yol tarifi<span class=\"ez-toc-section-end\"><\/span><\/h2>\n<p>Kedi Teknesi, Singel&#8217;in en ba\u015f\u0131nda yer al\u0131yor. Merkez \u0130stasyon&#8217;dan birka\u00e7 dakika i\u00e7inde y\u00fcr\u00fcyerek ula\u015fabilirsin. <a href=\"https:\/\/thingstodoinamsterdam.com\/tr\/amsterdam-ulasimi\/amsterdam-merkez-istasyonu\/\">Merkez \u0130stasyon&#8217;dan<\/a> \u00f6n taraftan \u00e7\u0131k\u0131p ilk kanala ula\u015fana kadar sa\u011fa do\u011fru devam et. Kedi Teknesi suyun sa\u011f taraf\u0131nda bulunuyor.   <\/p>\n<p><strong>Adres<\/strong><br \/>\nDe Poezenboot &#8211; Kedi Teknesi<br \/>\nSingel 38.G<br \/>\n1015 AB Amsterdam<br \/>\nHollanda<br \/>\n+31 (0) 20 625 8794<br \/>\n<a href=\"http:\/\/depoezenboot.nl\/en\/\">http:\/\/depoezenboot.nl\/en\/<\/a>[\/vc_column_text][g_map heading=&#8221;The Catboat Amsterdam&#8221; el_id=&#8221;1565338426982-f62d40ab-f6d7&#8243;]<iframe style=\"border: 0;\" src=\"https:\/\/www.google.com\/maps\/embed?pb=!1m18!1m12!1m3!1d2435.57417675237!2d4.8909062155863126!3d52.378140854485345!2m3!1f0!2f0!3f0!3m2!1i1024!2i768!4f13.1!3m3!1m2!1s0x47c609c889013aad%3A0x22fbd4af1537b2e6!2sPoezenboot!5e0!3m2!1sen!2snl!4v1487438763120\" width=\"600\" height=\"450\" frameborder=\"0\" allowfullscreen=\"allowfullscreen\"><\/iframe>[\/g_map][\/vc_column][\/vc_row][vc_row][vc_column][reviews heading=&#8221;De Poezenboot Yorumlar\u0131&#8221; description=&#8221;D\u00fcnyan\u0131n tek y\u00fczen kedi bar\u0131na\u011f\u0131na tan\u0131k olmay\u0131 nas\u0131l buldun? Amsterdam&apos;dayken ziyaret etmeyi tavsiye eder misin? A\u015fa\u011f\u0131ya bir yorum b\u0131rak.  &#8221; item_name=&#8221;Poezenboot&#8221; item_image=&#8221;1575&#8243; item_web=&#8221;http:\/\/depoezenboot.nl\/&#8221; item_address=&#8221;Singel 38G&#8221; item_city=&#8221;Amsterdam&#8221; item_postal_code=&#8221;1015 AB&#8221; item_country=&#8221;NL&#8221; el_id=&#8221;1565340080872-32660518-7713&#8243;][\/reviews][vc_column_text]<strong>A\u015fa\u011f\u0131daki m\u00fczelerden birine g\u00f6z at veya genel <a href=\"https:\/\/thingstodoinamsterdam.com\/tr\/amsterdamdaki-muzeler\/\">Amsterdam m\u00fczeleri<\/a> sayfas\u0131na geri d\u00f6n.<\/strong>[\/vc_column_text][\/vc_column][\/vc_row][vc_row][vc_column][promo_block style_var=&#8221;style2&#8243; el_id=&#8221;1565340218783-2884dd7c-107e&#8221;][promo link=&#8221;url:https%3A%2F%2Fthingstodoinamsterdam.com%2Ftr%2Fartis-hayvanat-bahcesi-amsterdam%2F|title:Artis%20Amsterdam%20Zoo|&#8221; text=&#8221;Avrupa&apos;n\u0131n en eski, en b\u00fcy\u00fcleyici hayvanat bah\u00e7elerinden birini ziyaret et!&#8221; img=&#8221;84&#8243;][promo link=&#8221;url:https%3A%2F%2Fthingstodoinamsterdam.com%2Ftr%2Fkanal-turu%2F|title:Canal%20cruises|&#8221; text=&#8221;Amsterdam&apos;\u0131 g\u00fczel kanallar\u0131ndan hayranl\u0131kla izle&#8221; img=&#8221;13723&#8243;][promo link=&#8221;url:https%3A%2F%2Fthingstodoinamsterdam.com%2Ftr%2Famsterdamdaki-muzeler%2Fvan-gogh-muzesi%2F|title:Van%20Gogh%20Museum|&#8221; text=&#8221;Van Gogh&apos;un ikonik sanat eserlerine g\u00f6z at&#8221; img=&#8221;591&#8243;][\/promo_block][\/vc_column][\/vc_row]<\/p>\n<\/div>","protected":false},"excerpt":{"rendered":"<p>[vc_row][vc_column width=&#8221;2\/3&#8243;][vc_column_text]Amsterdam&#8217;a giden herkes bilir ki \u015fehir kanallar ve y\u00fczen evlerle doludur. De Poezenboot, hayvan bar\u0131na\u011f\u0131na d\u00f6n\u00fc\u015ft\u00fcr\u00fclm\u00fc\u015f e\u015fsiz bir y\u00fczen evdir. G\u00f6n\u00fcll\u00fcler, hayvanlara ve kedilere\u2026<\/p>\n","protected":false},"author":1,"featured_media":2538279,"parent":0,"menu_order":0,"comment_status":"closed","ping_status":"closed","template":"","meta":{"footnotes":""},"class_list":["post-2538275","page","type-page","status-publish","has-post-thumbnail","hentry"],"yoast_head":"<!-- This site is optimized with the Yoast SEO plugin v27.4 - https:\/\/yoast.com\/product\/yoast-seo-wordpress\/ -->\n<title>Kedi Teknesi - Amsterdam&#039;daki De Poezenboot - thingstodoinamsterdam.com<\/title>\n<meta name=\"description\" content=\"Amsterdam&#039;daki Kedi Teknesi&#039;ni ziyaret et. D\u00fcnyadaki tek y\u00fczen kedi bar\u0131na\u011f\u0131. Resimleri, a\u00e7\u0131l\u0131\u015f saatlerini ve yorumlar\u0131 buradan incele!\" \/>\n<meta name=\"robots\" content=\"index, follow, max-snippet:-1, max-image-preview:large, max-video-preview:-1\" \/>\n<link rel=\"canonical\" href=\"https:\/\/thingstodoinamsterdam.com\/tr\/de-poezenboot-kedi-teknesi\/\" \/>\n<meta property=\"og:locale\" content=\"tr_TR\" \/>\n<meta property=\"og:type\" content=\"article\" \/>\n<meta property=\"og:title\" content=\"Kedi Teknesi - Amsterdam&#039;daki De Poezenboot - thingstodoinamsterdam.com\" \/>\n<meta property=\"og:description\" content=\"Amsterdam&#039;daki Kedi Teknesi&#039;ni ziyaret et. D\u00fcnyadaki tek y\u00fczen kedi bar\u0131na\u011f\u0131. Resimleri, a\u00e7\u0131l\u0131\u015f saatlerini ve yorumlar\u0131 buradan incele!\" \/>\n<meta property=\"og:url\" content=\"https:\/\/thingstodoinamsterdam.com\/tr\/de-poezenboot-kedi-teknesi\/\" \/>\n<meta property=\"og:site_name\" content=\"ThingstodoinAmsterdam.com\" \/>\n<meta property=\"article:publisher\" content=\"https:\/\/www.facebook.com\/thingstodoinamsterdamcom\" \/>\n<meta property=\"article:modified_time\" content=\"2026-03-28T10:51:52+00:00\" \/>\n<meta property=\"og:image\" content=\"https:\/\/thingstodoinamsterdam.com\/wp-content\/uploads\/2019\/08\/The-Catboat-judith-300x225.jpg\" \/>\n\t<meta property=\"og:image:width\" content=\"300\" \/>\n\t<meta property=\"og:image:height\" content=\"225\" \/>\n\t<meta property=\"og:image:type\" content=\"image\/jpeg\" \/>\n<meta name=\"twitter:card\" content=\"summary_large_image\" \/>\n<meta name=\"twitter:label1\" content=\"Tahmini okuma s\u00fcresi\" \/>\n\t<meta name=\"twitter:data1\" content=\"5 dakika\" \/>\n<script type=\"application\/ld+json\" class=\"yoast-schema-graph\">{\"@context\":\"https:\\\/\\\/schema.org\",\"@graph\":[{\"@type\":\"WebPage\",\"@id\":\"https:\\\/\\\/thingstodoinamsterdam.com\\\/tr\\\/de-poezenboot-kedi-teknesi\\\/\",\"url\":\"https:\\\/\\\/thingstodoinamsterdam.com\\\/tr\\\/de-poezenboot-kedi-teknesi\\\/\",\"name\":\"Kedi Teknesi - Amsterdam'daki De Poezenboot - thingstodoinamsterdam.com\",\"isPartOf\":{\"@id\":\"https:\\\/\\\/thingstodoinamsterdam.com\\\/tr\\\/#website\"},\"primaryImageOfPage\":{\"@id\":\"https:\\\/\\\/thingstodoinamsterdam.com\\\/tr\\\/de-poezenboot-kedi-teknesi\\\/#primaryimage\"},\"image\":{\"@id\":\"https:\\\/\\\/thingstodoinamsterdam.com\\\/tr\\\/de-poezenboot-kedi-teknesi\\\/#primaryimage\"},\"thumbnailUrl\":\"https:\\\/\\\/thingstodoinamsterdam.com\\\/wp-content\\\/uploads\\\/2019\\\/08\\\/The-Catboat-judith-300x225.jpg\",\"datePublished\":\"2026-03-28T10:50:23+00:00\",\"dateModified\":\"2026-03-28T10:51:52+00:00\",\"description\":\"Amsterdam'daki Kedi Teknesi'ni ziyaret et. D\u00fcnyadaki tek y\u00fczen kedi bar\u0131na\u011f\u0131. Resimleri, a\u00e7\u0131l\u0131\u015f saatlerini ve yorumlar\u0131 buradan incele!\",\"breadcrumb\":{\"@id\":\"https:\\\/\\\/thingstodoinamsterdam.com\\\/tr\\\/de-poezenboot-kedi-teknesi\\\/#breadcrumb\"},\"inLanguage\":\"tr\",\"potentialAction\":[{\"@type\":\"ReadAction\",\"target\":[\"https:\\\/\\\/thingstodoinamsterdam.com\\\/tr\\\/de-poezenboot-kedi-teknesi\\\/\"]}]},{\"@type\":\"ImageObject\",\"inLanguage\":\"tr\",\"@id\":\"https:\\\/\\\/thingstodoinamsterdam.com\\\/tr\\\/de-poezenboot-kedi-teknesi\\\/#primaryimage\",\"url\":\"https:\\\/\\\/thingstodoinamsterdam.com\\\/wp-content\\\/uploads\\\/2019\\\/08\\\/The-Catboat-judith-300x225.jpg\",\"contentUrl\":\"https:\\\/\\\/thingstodoinamsterdam.com\\\/wp-content\\\/uploads\\\/2019\\\/08\\\/The-Catboat-judith-300x225.jpg\",\"width\":300,\"height\":225},{\"@type\":\"BreadcrumbList\",\"@id\":\"https:\\\/\\\/thingstodoinamsterdam.com\\\/tr\\\/de-poezenboot-kedi-teknesi\\\/#breadcrumb\",\"itemListElement\":[{\"@type\":\"ListItem\",\"position\":1,\"name\":\"Amsterdam\u2019da yap\u0131lacak \u015feyler\",\"item\":\"https:\\\/\\\/thingstodoinamsterdam.com\\\/tr\\\/\"},{\"@type\":\"ListItem\",\"position\":2,\"name\":\"De Poezenboot (Kedi Teknesi)\"}]},{\"@type\":\"WebSite\",\"@id\":\"https:\\\/\\\/thingstodoinamsterdam.com\\\/tr\\\/#website\",\"url\":\"https:\\\/\\\/thingstodoinamsterdam.com\\\/tr\\\/\",\"name\":\"ThingstodoinAmsterdam.com\",\"description\":\"Amsterdam&#039;s highlights and hidden secrets\",\"publisher\":{\"@id\":\"https:\\\/\\\/thingstodoinamsterdam.com\\\/tr\\\/#organization\"},\"potentialAction\":[{\"@type\":\"SearchAction\",\"target\":{\"@type\":\"EntryPoint\",\"urlTemplate\":\"https:\\\/\\\/thingstodoinamsterdam.com\\\/tr\\\/?s={search_term_string}\"},\"query-input\":{\"@type\":\"PropertyValueSpecification\",\"valueRequired\":true,\"valueName\":\"search_term_string\"}}],\"inLanguage\":\"tr\"},{\"@type\":\"Organization\",\"@id\":\"https:\\\/\\\/thingstodoinamsterdam.com\\\/tr\\\/#organization\",\"name\":\"Amsterdam\u2019da yap\u0131lacak \u015feyler\",\"url\":\"https:\\\/\\\/thingstodoinamsterdam.com\\\/tr\\\/\",\"logo\":{\"@type\":\"ImageObject\",\"inLanguage\":\"tr\",\"@id\":\"https:\\\/\\\/thingstodoinamsterdam.com\\\/tr\\\/#\\\/schema\\\/logo\\\/image\\\/\",\"url\":\"https:\\\/\\\/thingstodoinamsterdam.com\\\/wp-content\\\/uploads\\\/2025\\\/02\\\/ThingsToDoInAmsterdam-Favicon-logo.png\",\"contentUrl\":\"https:\\\/\\\/thingstodoinamsterdam.com\\\/wp-content\\\/uploads\\\/2025\\\/02\\\/ThingsToDoInAmsterdam-Favicon-logo.png\",\"width\":512,\"height\":512,\"caption\":\"Amsterdam\u2019da yap\u0131lacak \u015feyler\"},\"image\":{\"@id\":\"https:\\\/\\\/thingstodoinamsterdam.com\\\/tr\\\/#\\\/schema\\\/logo\\\/image\\\/\"},\"sameAs\":[\"https:\\\/\\\/www.facebook.com\\\/thingstodoinamsterdamcom\"]}]}<\/script>\n<!-- \/ Yoast SEO plugin. -->","yoast_head_json":{"title":"Kedi Teknesi - Amsterdam'daki De Poezenboot - thingstodoinamsterdam.com","description":"Amsterdam'daki Kedi Teknesi'ni ziyaret et. D\u00fcnyadaki tek y\u00fczen kedi bar\u0131na\u011f\u0131. Resimleri, a\u00e7\u0131l\u0131\u015f saatlerini ve yorumlar\u0131 buradan incele!","robots":{"index":"index","follow":"follow","max-snippet":"max-snippet:-1","max-image-preview":"max-image-preview:large","max-video-preview":"max-video-preview:-1"},"canonical":"https:\/\/thingstodoinamsterdam.com\/tr\/de-poezenboot-kedi-teknesi\/","og_locale":"tr_TR","og_type":"article","og_title":"Kedi Teknesi - Amsterdam'daki De Poezenboot - thingstodoinamsterdam.com","og_description":"Amsterdam'daki Kedi Teknesi'ni ziyaret et. D\u00fcnyadaki tek y\u00fczen kedi bar\u0131na\u011f\u0131. Resimleri, a\u00e7\u0131l\u0131\u015f saatlerini ve yorumlar\u0131 buradan incele!","og_url":"https:\/\/thingstodoinamsterdam.com\/tr\/de-poezenboot-kedi-teknesi\/","og_site_name":"ThingstodoinAmsterdam.com","article_publisher":"https:\/\/www.facebook.com\/thingstodoinamsterdamcom","article_modified_time":"2026-03-28T10:51:52+00:00","og_image":[{"width":300,"height":225,"url":"https:\/\/thingstodoinamsterdam.com\/wp-content\/uploads\/2019\/08\/The-Catboat-judith-300x225.jpg","type":"image\/jpeg"}],"twitter_card":"summary_large_image","twitter_misc":{"Tahmini okuma s\u00fcresi":"5 dakika"},"schema":{"@context":"https:\/\/schema.org","@graph":[{"@type":"WebPage","@id":"https:\/\/thingstodoinamsterdam.com\/tr\/de-poezenboot-kedi-teknesi\/","url":"https:\/\/thingstodoinamsterdam.com\/tr\/de-poezenboot-kedi-teknesi\/","name":"Kedi Teknesi - Amsterdam'daki De Poezenboot - thingstodoinamsterdam.com","isPartOf":{"@id":"https:\/\/thingstodoinamsterdam.com\/tr\/#website"},"primaryImageOfPage":{"@id":"https:\/\/thingstodoinamsterdam.com\/tr\/de-poezenboot-kedi-teknesi\/#primaryimage"},"image":{"@id":"https:\/\/thingstodoinamsterdam.com\/tr\/de-poezenboot-kedi-teknesi\/#primaryimage"},"thumbnailUrl":"https:\/\/thingstodoinamsterdam.com\/wp-content\/uploads\/2019\/08\/The-Catboat-judith-300x225.jpg","datePublished":"2026-03-28T10:50:23+00:00","dateModified":"2026-03-28T10:51:52+00:00","description":"Amsterdam'daki Kedi Teknesi'ni ziyaret et. D\u00fcnyadaki tek y\u00fczen kedi bar\u0131na\u011f\u0131. Resimleri, a\u00e7\u0131l\u0131\u015f saatlerini ve yorumlar\u0131 buradan incele!","breadcrumb":{"@id":"https:\/\/thingstodoinamsterdam.com\/tr\/de-poezenboot-kedi-teknesi\/#breadcrumb"},"inLanguage":"tr","potentialAction":[{"@type":"ReadAction","target":["https:\/\/thingstodoinamsterdam.com\/tr\/de-poezenboot-kedi-teknesi\/"]}]},{"@type":"ImageObject","inLanguage":"tr","@id":"https:\/\/thingstodoinamsterdam.com\/tr\/de-poezenboot-kedi-teknesi\/#primaryimage","url":"https:\/\/thingstodoinamsterdam.com\/wp-content\/uploads\/2019\/08\/The-Catboat-judith-300x225.jpg","contentUrl":"https:\/\/thingstodoinamsterdam.com\/wp-content\/uploads\/2019\/08\/The-Catboat-judith-300x225.jpg","width":300,"height":225},{"@type":"BreadcrumbList","@id":"https:\/\/thingstodoinamsterdam.com\/tr\/de-poezenboot-kedi-teknesi\/#breadcrumb","itemListElement":[{"@type":"ListItem","position":1,"name":"Amsterdam\u2019da yap\u0131lacak \u015feyler","item":"https:\/\/thingstodoinamsterdam.com\/tr\/"},{"@type":"ListItem","position":2,"name":"De Poezenboot (Kedi Teknesi)"}]},{"@type":"WebSite","@id":"https:\/\/thingstodoinamsterdam.com\/tr\/#website","url":"https:\/\/thingstodoinamsterdam.com\/tr\/","name":"ThingstodoinAmsterdam.com","description":"Amsterdam&#039;s highlights and hidden secrets","publisher":{"@id":"https:\/\/thingstodoinamsterdam.com\/tr\/#organization"},"potentialAction":[{"@type":"SearchAction","target":{"@type":"EntryPoint","urlTemplate":"https:\/\/thingstodoinamsterdam.com\/tr\/?s={search_term_string}"},"query-input":{"@type":"PropertyValueSpecification","valueRequired":true,"valueName":"search_term_string"}}],"inLanguage":"tr"},{"@type":"Organization","@id":"https:\/\/thingstodoinamsterdam.com\/tr\/#organization","name":"Amsterdam\u2019da yap\u0131lacak \u015feyler","url":"https:\/\/thingstodoinamsterdam.com\/tr\/","logo":{"@type":"ImageObject","inLanguage":"tr","@id":"https:\/\/thingstodoinamsterdam.com\/tr\/#\/schema\/logo\/image\/","url":"https:\/\/thingstodoinamsterdam.com\/wp-content\/uploads\/2025\/02\/ThingsToDoInAmsterdam-Favicon-logo.png","contentUrl":"https:\/\/thingstodoinamsterdam.com\/wp-content\/uploads\/2025\/02\/ThingsToDoInAmsterdam-Favicon-logo.png","width":512,"height":512,"caption":"Amsterdam\u2019da yap\u0131lacak \u015feyler"},"image":{"@id":"https:\/\/thingstodoinamsterdam.com\/tr\/#\/schema\/logo\/image\/"},"sameAs":["https:\/\/www.facebook.com\/thingstodoinamsterdamcom"]}]}},"_links":{"self":[{"href":"https:\/\/thingstodoinamsterdam.com\/tr\/wp-json\/wp\/v2\/pages\/2538275","targetHints":{"allow":["GET"]}}],"collection":[{"href":"https:\/\/thingstodoinamsterdam.com\/tr\/wp-json\/wp\/v2\/pages"}],"about":[{"href":"https:\/\/thingstodoinamsterdam.com\/tr\/wp-json\/wp\/v2\/types\/page"}],"author":[{"embeddable":true,"href":"https:\/\/thingstodoinamsterdam.com\/tr\/wp-json\/wp\/v2\/users\/1"}],"replies":[{"embeddable":true,"href":"https:\/\/thingstodoinamsterdam.com\/tr\/wp-json\/wp\/v2\/comments?post=2538275"}],"version-history":[{"count":5,"href":"https:\/\/thingstodoinamsterdam.com\/tr\/wp-json\/wp\/v2\/pages\/2538275\/revisions"}],"predecessor-version":[{"id":2538358,"href":"https:\/\/thingstodoinamsterdam.com\/tr\/wp-json\/wp\/v2\/pages\/2538275\/revisions\/2538358"}],"wp:featuredmedia":[{"embeddable":true,"href":"https:\/\/thingstodoinamsterdam.com\/tr\/wp-json\/wp\/v2\/media\/2538279"}],"wp:attachment":[{"href":"https:\/\/thingstodoinamsterdam.com\/tr\/wp-json\/wp\/v2\/media?parent=2538275"}],"curies":[{"name":"wp","href":"https:\/\/api.w.org\/{rel}","templated":true}]}}