{"id":2538436,"date":"2026-03-28T12:22:01","date_gmt":"2026-03-28T11:22:01","guid":{"rendered":"https:\/\/thingstodoinamsterdam.com\/reklam-ver\/"},"modified":"2026-03-28T12:22:06","modified_gmt":"2026-03-28T11:22:06","slug":"reklam-ver","status":"publish","type":"page","link":"https:\/\/thingstodoinamsterdam.com\/tr\/reklam-ver\/","title":{"rendered":"Reklam Ver"},"content":{"rendered":"<div class=\"wpb-content-wrapper\"><p>[vc_row][vc_column][vc_column_text css=&#8221;&#8221;]<\/p><div id=\"ez-toc-container\" class=\"ez-toc-v2_0_82_2 counter-hierarchy ez-toc-counter ez-toc-custom ez-toc-container-direction\">\n<div class=\"ez-toc-title-container\">\n<span class=\"ez-toc-title-toggle\"><a href=\"#\" class=\"ez-toc-pull-right ez-toc-btn ez-toc-btn-xs ez-toc-btn-default ez-toc-toggle\" aria-label=\"\u0130\u00e7indekiler Tablosunu A\u00e7\/Kapat\"><span class=\"ez-toc-js-icon-con\"><span class=\"\"><span class=\"eztoc-hide\" style=\"display:none;\">Toggle<\/span><span class=\"ez-toc-icon-toggle-span\"><svg style=\"fill: #999;color:#999\" xmlns=\"http:\/\/www.w3.org\/2000\/svg\" class=\"list-377408\" width=\"20px\" height=\"20px\" viewBox=\"0 0 24 24\" fill=\"none\"><path d=\"M6 6H4v2h2V6zm14 0H8v2h12V6zM4 11h2v2H4v-2zm16 0H8v2h12v-2zM4 16h2v2H4v-2zm16 0H8v2h12v-2z\" fill=\"currentColor\"><\/path><\/svg><svg style=\"fill: #999;color:#999\" class=\"arrow-unsorted-368013\" xmlns=\"http:\/\/www.w3.org\/2000\/svg\" width=\"10px\" height=\"10px\" viewBox=\"0 0 24 24\" version=\"1.2\" baseProfile=\"tiny\"><path d=\"M18.2 9.3l-6.2-6.3-6.2 6.3c-.2.2-.3.4-.3.7s.1.5.3.7c.2.2.4.3.7.3h11c.3 0 .5-.1.7-.3.2-.2.3-.5.3-.7s-.1-.5-.3-.7zM5.8 14.7l6.2 6.3 6.2-6.3c.2-.2.3-.5.3-.7s-.1-.5-.3-.7c-.2-.2-.4-.3-.7-.3h-11c-.3 0-.5.1-.7.3-.2.2-.3.5-.3.7s.1.5.3.7z\"\/><\/svg><\/span><\/span><\/span><\/a><\/span><\/div>\n<nav><ul class='ez-toc-list ez-toc-list-level-1 ' ><li class='ez-toc-page-1 ez-toc-heading-level-2'><a class=\"ez-toc-link ez-toc-heading-1\" href=\"https:\/\/thingstodoinamsterdam.com\/tr\/reklam-ver\/#thingstodoinamsterdam-ile-is-birligi\" >ThingstodoinAmsterdam ile \u0130\u015f Birli\u011fi<\/a><\/li><li class='ez-toc-page-1 ez-toc-heading-level-2'><a class=\"ez-toc-link ez-toc-heading-2\" href=\"https:\/\/thingstodoinamsterdam.com\/tr\/reklam-ver\/#sirket-sayfasi\" >\u015eirket sayfas\u0131<\/a><\/li><li class='ez-toc-page-1 ez-toc-heading-level-2'><a class=\"ez-toc-link ez-toc-heading-3\" href=\"https:\/\/thingstodoinamsterdam.com\/tr\/reklam-ver\/#ozellestirilmis-markali-icerik-teklifi-icin-bizimle-iletisime-gec\" >\u00d6zelle\u015ftirilmi\u015f markal\u0131 i\u00e7erik teklifi i\u00e7in bizimle ileti\u015fime ge\u00e7<\/a><\/li><li class='ez-toc-page-1 ez-toc-heading-level-2'><a class=\"ez-toc-link ez-toc-heading-4\" href=\"https:\/\/thingstodoinamsterdam.com\/tr\/reklam-ver\/#daha-fazlasini-ogrenmek-ister-misin\" >Daha fazlas\u0131n\u0131 \u00f6\u011frenmek ister misin?<\/a><\/li><li class='ez-toc-page-1 ez-toc-heading-level-2'><a class=\"ez-toc-link ez-toc-heading-5\" href=\"https:\/\/thingstodoinamsterdam.com\/tr\/reklam-ver\/#bize-ulas\" >Bize ula\u015f<\/a><\/li><\/ul><\/nav><\/div>\n\n<h2 id=\"collaborate-with-thingstodoinamsterdam\"><span class=\"ez-toc-section\" id=\"thingstodoinamsterdam-ile-is-birligi\"><\/span>ThingstodoinAmsterdam ile \u0130\u015f Birli\u011fi<span class=\"ez-toc-section-end\"><\/span><\/h2>\n<p>ThingstodoinAmsterdam.com, Dani ve Floris ile bir <strong>i\u015f birli\u011fi<\/strong> ile ilgilenmene sevindik. 2017&#8217;nin sonunda kafelerden ve \u00e7at\u0131 kat\u0131 odalar\u0131ndan yazarak ba\u015flayan bu ser\u00fcven, \u015fimdi Amsterdam&#8217;\u0131n dijital \u015fehir rehberi haline geldi. Her ay, <strong>54.589&#8217;dan fazla tekil ziyaret\u00e7i<\/strong> ThingstodoinAmsterdam&#8217;\u0131 ziyaret ediyor ve birlikte <strong>829.789 sayfa g\u00f6r\u00fcnt\u00fcl\u00fcyorlar<\/strong> (Google Analytics 2025 verilerine g\u00f6re).  <\/p>\n<p><a href=\"https:\/\/thingstodoinamsterdam.com\/wp-content\/uploads\/2026\/01\/ThingsToDo_Presentation_2026.pptx.pdf\">2026 medya kitimizi<\/a> hemen incele. Sana \u00f6zel bir\u00e7ok imkan var. <\/p>\n<p>Bizimle i\u015f birli\u011fi yapmak sana \u015funlar\u0131 sa\u011flar:<\/p>\n<ul>\n<li>Marka bilinirli\u011fi<\/li>\n<li>Yeni ilgili ziyaret\u00e7iler<\/li>\n<li>Google&#8217;da daha y\u00fcksek s\u0131ralamalar<\/li>\n<li>Daha fazla gelir.<\/li>\n<\/ul>\n<p>[\/vc_column_text][vc_single_image image=&#8221;2538438&#8243; img_size=&#8221;full&#8221; alignment=&#8221;center&#8221;][vc_column_text css=&#8221;&#8221;]<\/p>\n<h2 id=\"company-page\"><span class=\"ez-toc-section\" id=\"sirket-sayfasi\"><\/span>\u015eirket sayfas\u0131<span class=\"ez-toc-section-end\"><\/span><\/h2>\n<p>Hedef kitlemize en uygun sayfalar \u015firket sayfalar\u0131d\u0131r. Bu sayfalarda \u015firketinin hikayesini anlat\u0131yoruz ve hedef kitlenle kolayca ileti\u015fime ge\u00e7ebilirsin. Bu sayfalar arama motorlar\u0131nda iyi performans g\u00f6sterir, bu da sitemizden gelen ziyaret\u00e7ilere ek olarak arama motorundan da trafik gelece\u011fi anlam\u0131na gelir. Bu sayfalar foto\u011fraflar, video materyalleri ve yap\u0131land\u0131r\u0131lm\u0131\u015f verilerle optimize edilmi\u015f ve zenginle\u015ftirilmi\u015ftir.   <\/p>\n<p>\u015eirket sayfalar\u0131 hakk\u0131nda daha fazla bilgi i\u00e7in bizimle ileti\u015fime ge\u00e7 veya <a href=\"https:\/\/thingstodoinamsterdam.com\/wp-content\/uploads\/2026\/01\/ThingsToDo_Presentation_2026.pptx.pdf\">2026 medya kitini<\/a> incele.<\/p>\n<h2 id=\"contact-us-for-a-customized-branded-content-proposal\"><span class=\"ez-toc-section\" id=\"ozellestirilmis-markali-icerik-teklifi-icin-bizimle-iletisime-gec\"><\/span>\u00d6zelle\u015ftirilmi\u015f markal\u0131 i\u00e7erik teklifi i\u00e7in bizimle ileti\u015fime ge\u00e7<span class=\"ez-toc-section-end\"><\/span><\/h2>\n<p>\u0130\u00e7eri\u011fi okuyucular\u0131m\u0131z i\u00e7in benzersiz ve ilgi \u00e7ekici tutmak amac\u0131yla, ThingstodoinAmsterdam ile yap\u0131lan (neredeyse) t\u00fcm i\u015f birlikleri \u00f6zel olarak haz\u0131rlan\u0131r. Bu nedenle seninle ki\u015fisel olarak g\u00f6r\u00fc\u015fmeyi veya bir strateji tart\u0131\u015fmak i\u00e7in bir g\u00f6r\u00fc\u015fme ayarlamay\u0131 tercih ederiz. ThingstodoinAmsterdam&#8217;da hem bizim hem de d\u00fczenli yazarlar\u0131m\u0131z\u0131n takip etti\u011fi <strong>net bir \u00fcslup<\/strong> kullan\u0131yoruz. SEO, Dan\u0131\u015fmanl\u0131k ve Sat\u0131\u015f Ortakl\u0131\u011f\u0131 alanlar\u0131nda <strong>19 y\u0131l\u0131 a\u015fk\u0131n \u00e7evrimi\u00e7i pazarlama deneyimi<\/strong> ile Dani ve Floris, ileti\u015fim ve pazarlama hedeflerini sonu\u00e7 veren \u00e7ekici i\u00e7eri\u011fe nas\u0131l d\u00f6n\u00fc\u015ft\u00fcrece\u011fini h\u0131zla \u00e7\u00f6zebilir. Reklam f\u0131rsatlar\u0131 i\u00e7in bookings@thingstodoinamsterdam.com adresine e-posta g\u00f6nderebilirsin.    <\/p>\n<h2 id=\"want-to-know-more-\"><span class=\"ez-toc-section\" id=\"daha-fazlasini-ogrenmek-ister-misin\"><\/span>Daha fazlas\u0131n\u0131 \u00f6\u011frenmek ister misin?<span class=\"ez-toc-section-end\"><\/span><\/h2>\n<p>\u015eirketin i\u00e7in neler yapabilece\u011fimizi ve Amsterdam&#8217;da reklam vermenin maliyetlerini \u00f6\u011frenmek ister misin? O zaman bookings@thingstodoinamsterdam.com adresine bir e-posta g\u00f6nder.[\/vc_column_text][\/vc_column][\/vc_row][vc_row equal_height=&#8221;yes&#8221;][vc_column width=&#8221;1\/2&#8243;][vc_single_image image=&#8221;2537790&#8243; img_size=&#8221;large&#8221; alignment=&#8221;center&#8221; style=&#8221;vc_box_circle_2&#8243;][vc_column_text]<\/p>\n<p style=\"text-align: center;\"><strong>Floris Broekmeulen<\/strong><\/p>\n<p>[\/vc_column_text][\/vc_column][vc_column width=&#8221;1\/2&#8243;][vc_single_image image=&#8221;2537789&#8243; img_size=&#8221;large&#8221; alignment=&#8221;center&#8221; style=&#8221;vc_box_circle_2&#8243;][vc_column_text]<\/p>\n<p style=\"text-align: center;\"><strong>Dani van Rooij<\/strong><\/p>\n<p>[\/vc_column_text][\/vc_column][\/vc_row][vc_row][vc_column][vc_column_text]<\/p>\n<h2><span class=\"ez-toc-section\" id=\"bize-ulas\"><\/span>Bize ula\u015f<span class=\"ez-toc-section-end\"><\/span><\/h2>\n<p>Do\u011frudan ileti\u015fim i\u00e7in l\u00fctfen a\u015fa\u011f\u0131daki ileti\u015fim formunu kullan veya bookings[at]thingstodoinamsterdam.com adresinden bize e-posta g\u00f6ndererek ileti\u015fim bilgilerini b\u0131rak. Sana en k\u0131sa s\u00fcrede geri d\u00f6nece\u011fiz!<\/p>\n<div class=\"wpcf7 no-js\" id=\"wpcf7-f895-o1\" lang=\"\" dir=\"ltr\" data-wpcf7-id=\"895\">\n<div class=\"screen-reader-response\"><p role=\"status\" aria-live=\"polite\" aria-atomic=\"true\"><\/p> <ul><\/ul><\/div>\n<form action=\"\/tr\/wp-json\/wp\/v2\/pages\/2538436#wpcf7-f895-o1\" method=\"post\" class=\"wpcf7-form init\" aria-label=\"\u0130leti\u015fim Formu\" novalidate=\"novalidate\" data-status=\"init\">\n<fieldset class=\"hidden-fields-container\"><input type=\"hidden\" name=\"_wpcf7\" value=\"895\" \/><input type=\"hidden\" name=\"_wpcf7_version\" value=\"6.1.5\" \/><input type=\"hidden\" name=\"_wpcf7_locale\" value=\"\" \/><input type=\"hidden\" name=\"_wpcf7_unit_tag\" value=\"wpcf7-f895-o1\" \/><input type=\"hidden\" name=\"_wpcf7_container_post\" value=\"0\" \/><input type=\"hidden\" name=\"_wpcf7_posted_data_hash\" value=\"\" \/>\n<\/fieldset>\n<p><label> Name:<br \/>\n<span class=\"wpcf7-form-control-wrap\" data-name=\"your-name\"><input size=\"40\" maxlength=\"400\" class=\"wpcf7-form-control wpcf7-text wpcf7-validates-as-required\" aria-required=\"true\" aria-invalid=\"false\" placeholder=\"Your Name\" value=\"\" type=\"text\" name=\"your-name\" \/><\/span> <\/label>\n<\/p>\n<p><label> Email Adress:<br \/>\n<span class=\"wpcf7-form-control-wrap\" data-name=\"your-email\"><input size=\"40\" maxlength=\"400\" class=\"wpcf7-form-control wpcf7-email wpcf7-validates-as-required wpcf7-text wpcf7-validates-as-email\" aria-required=\"true\" aria-invalid=\"false\" value=\"Your Email Adress\" type=\"email\" name=\"your-email\" \/><\/span> <\/label>\n<\/p>\n<p><label> Message:<br \/>\n<span class=\"wpcf7-form-control-wrap\" data-name=\"your-subject\"><input size=\"40\" maxlength=\"400\" class=\"wpcf7-form-control wpcf7-text\" aria-invalid=\"false\" placeholder=\"Your Message\" value=\"\" type=\"text\" name=\"your-subject\" \/><\/span> <\/label>\n<\/p>\n<p><label> Your Message<br \/>\n<span class=\"wpcf7-form-control-wrap\" data-name=\"your-message\"><textarea cols=\"40\" rows=\"10\" maxlength=\"2000\" class=\"wpcf7-form-control wpcf7-textarea wpcf7-validates-as-required\" aria-required=\"true\" aria-invalid=\"false\" name=\"your-message\"><\/textarea><\/span> <\/label>\n<\/p>\n<p><span class=\"wpcf7-form-control-wrap\" data-name=\"acceptance-433\"><span class=\"wpcf7-form-control wpcf7-acceptance\"><span class=\"wpcf7-list-item\"><label><input type=\"checkbox\" name=\"acceptance-433\" value=\"1\" aria-invalid=\"false\" \/><span class=\"wpcf7-list-item-label\">I accept the processing of my personal data and would like ThingstodoinAmsterdam.com to contact me<\/span><\/label><\/span><\/span><\/span>\n<\/p>\n<p><input class=\"wpcf7-form-control wpcf7-submit has-spinner\" type=\"submit\" value=\"Send Message\" \/>\n<\/p><p style=\"display: none !important;\" class=\"akismet-fields-container\" data-prefix=\"_wpcf7_ak_\"><label>&#916;<textarea name=\"_wpcf7_ak_hp_textarea\" cols=\"45\" rows=\"8\" maxlength=\"100\"><\/textarea><\/label><input type=\"hidden\" id=\"ak_js_1\" name=\"_wpcf7_ak_js\" value=\"109\"\/><script type=\"text\/javascript\">\n\/* <![CDATA[ *\/\ndocument.getElementById( \"ak_js_1\" ).setAttribute( \"value\", ( new Date() ).getTime() );\n\/* ]]> *\/\n<\/script>\n<\/p><div class=\"wpcf7-response-output\" aria-hidden=\"true\"><\/div>\n<\/form>\n<\/div>\n[\/vc_column_text][\/vc_column][\/vc_row][vc_row][vc_column][buttonsticky title=&#8221;bookings@thingstodoinamsterdam.com adresine e-posta g\u00f6nder&#8221; el_id=&#8221;1699002149496-6cf28cc4-67a5&#8243;][\/vc_column][\/vc_row]<\/p>\n<\/div>","protected":false},"excerpt":{"rendered":"<p>[vc_row][vc_column][vc_column_text css=&#8221;&#8221;] ThingstodoinAmsterdam ile \u0130\u015f Birli\u011fi ThingstodoinAmsterdam.com, Dani ve Floris ile bir i\u015f birli\u011fi ile ilgilenmene sevindik. 2017&#8217;nin sonunda kafelerden ve \u00e7at\u0131 kat\u0131 odalar\u0131ndan yazarak\u2026<\/p>\n","protected":false},"author":33,"featured_media":2538437,"parent":0,"menu_order":0,"comment_status":"closed","ping_status":"closed","template":"","meta":{"footnotes":""},"class_list":["post-2538436","page","type-page","status-publish","has-post-thumbnail","hentry"],"yoast_head":"<!-- This site is optimized with the Yoast SEO plugin v27.4 - https:\/\/yoast.com\/product\/yoast-seo-wordpress\/ -->\n<title>Reklam Ver - ThingstodoinAmsterdam.com<\/title>\n<meta name=\"description\" content=\"Bizimle i\u015f birli\u011fi yap. Amsterdam&#039;\u0131 ziyaret eden binlerce ki\u015fi aras\u0131nda i\u015fletmeni tan\u0131tmak i\u00e7in bir\u00e7ok se\u00e7ene\u011fimiz var.\" \/>\n<meta name=\"robots\" content=\"index, follow, max-snippet:-1, max-image-preview:large, max-video-preview:-1\" \/>\n<link rel=\"canonical\" href=\"https:\/\/thingstodoinamsterdam.com\/tr\/reklam-ver\/\" \/>\n<meta property=\"og:locale\" content=\"tr_TR\" \/>\n<meta property=\"og:type\" content=\"article\" \/>\n<meta property=\"og:title\" content=\"Reklam Ver - ThingstodoinAmsterdam.com\" \/>\n<meta property=\"og:description\" content=\"Bizimle i\u015f birli\u011fi yap. Amsterdam&#039;\u0131 ziyaret eden binlerce ki\u015fi aras\u0131nda i\u015fletmeni tan\u0131tmak i\u00e7in bir\u00e7ok se\u00e7ene\u011fimiz var.\" \/>\n<meta property=\"og:url\" content=\"https:\/\/thingstodoinamsterdam.com\/tr\/reklam-ver\/\" \/>\n<meta property=\"og:site_name\" content=\"ThingstodoinAmsterdam.com\" \/>\n<meta property=\"article:publisher\" content=\"https:\/\/www.facebook.com\/thingstodoinamsterdamcom\" \/>\n<meta property=\"article:modified_time\" content=\"2026-03-28T11:22:06+00:00\" \/>\n<meta property=\"og:image\" content=\"https:\/\/thingstodoinamsterdam.com\/wp-content\/uploads\/2023\/08\/cropped-ThingsToDo_favicon.png\" \/>\n\t<meta property=\"og:image:width\" content=\"512\" \/>\n\t<meta property=\"og:image:height\" content=\"512\" \/>\n\t<meta property=\"og:image:type\" content=\"image\/png\" \/>\n<meta name=\"twitter:card\" content=\"summary_large_image\" \/>\n<meta name=\"twitter:label1\" content=\"Tahmini okuma s\u00fcresi\" \/>\n\t<meta name=\"twitter:data1\" content=\"3 dakika\" \/>\n<script type=\"application\/ld+json\" class=\"yoast-schema-graph\">{\"@context\":\"https:\\\/\\\/schema.org\",\"@graph\":[{\"@type\":\"WebPage\",\"@id\":\"https:\\\/\\\/thingstodoinamsterdam.com\\\/tr\\\/reklam-ver\\\/\",\"url\":\"https:\\\/\\\/thingstodoinamsterdam.com\\\/tr\\\/reklam-ver\\\/\",\"name\":\"Reklam Ver - ThingstodoinAmsterdam.com\",\"isPartOf\":{\"@id\":\"https:\\\/\\\/thingstodoinamsterdam.com\\\/tr\\\/#website\"},\"primaryImageOfPage\":{\"@id\":\"https:\\\/\\\/thingstodoinamsterdam.com\\\/tr\\\/reklam-ver\\\/#primaryimage\"},\"image\":{\"@id\":\"https:\\\/\\\/thingstodoinamsterdam.com\\\/tr\\\/reklam-ver\\\/#primaryimage\"},\"thumbnailUrl\":\"https:\\\/\\\/thingstodoinamsterdam.com\\\/wp-content\\\/uploads\\\/2023\\\/08\\\/cropped-ThingsToDo_favicon.png\",\"datePublished\":\"2026-03-28T11:22:01+00:00\",\"dateModified\":\"2026-03-28T11:22:06+00:00\",\"description\":\"Bizimle i\u015f birli\u011fi yap. Amsterdam'\u0131 ziyaret eden binlerce ki\u015fi aras\u0131nda i\u015fletmeni tan\u0131tmak i\u00e7in bir\u00e7ok se\u00e7ene\u011fimiz var.\",\"breadcrumb\":{\"@id\":\"https:\\\/\\\/thingstodoinamsterdam.com\\\/tr\\\/reklam-ver\\\/#breadcrumb\"},\"inLanguage\":\"tr\",\"potentialAction\":[{\"@type\":\"ReadAction\",\"target\":[\"https:\\\/\\\/thingstodoinamsterdam.com\\\/tr\\\/reklam-ver\\\/\"]}]},{\"@type\":\"ImageObject\",\"inLanguage\":\"tr\",\"@id\":\"https:\\\/\\\/thingstodoinamsterdam.com\\\/tr\\\/reklam-ver\\\/#primaryimage\",\"url\":\"https:\\\/\\\/thingstodoinamsterdam.com\\\/wp-content\\\/uploads\\\/2023\\\/08\\\/cropped-ThingsToDo_favicon.png\",\"contentUrl\":\"https:\\\/\\\/thingstodoinamsterdam.com\\\/wp-content\\\/uploads\\\/2023\\\/08\\\/cropped-ThingsToDo_favicon.png\",\"width\":512,\"height\":512},{\"@type\":\"BreadcrumbList\",\"@id\":\"https:\\\/\\\/thingstodoinamsterdam.com\\\/tr\\\/reklam-ver\\\/#breadcrumb\",\"itemListElement\":[{\"@type\":\"ListItem\",\"position\":1,\"name\":\"Amsterdam\u2019da yap\u0131lacak \u015feyler\",\"item\":\"https:\\\/\\\/thingstodoinamsterdam.com\\\/tr\\\/\"},{\"@type\":\"ListItem\",\"position\":2,\"name\":\"Reklam Ver\"}]},{\"@type\":\"WebSite\",\"@id\":\"https:\\\/\\\/thingstodoinamsterdam.com\\\/tr\\\/#website\",\"url\":\"https:\\\/\\\/thingstodoinamsterdam.com\\\/tr\\\/\",\"name\":\"ThingstodoinAmsterdam.com\",\"description\":\"Amsterdam&#039;s highlights and hidden secrets\",\"publisher\":{\"@id\":\"https:\\\/\\\/thingstodoinamsterdam.com\\\/tr\\\/#organization\"},\"potentialAction\":[{\"@type\":\"SearchAction\",\"target\":{\"@type\":\"EntryPoint\",\"urlTemplate\":\"https:\\\/\\\/thingstodoinamsterdam.com\\\/tr\\\/?s={search_term_string}\"},\"query-input\":{\"@type\":\"PropertyValueSpecification\",\"valueRequired\":true,\"valueName\":\"search_term_string\"}}],\"inLanguage\":\"tr\"},{\"@type\":\"Organization\",\"@id\":\"https:\\\/\\\/thingstodoinamsterdam.com\\\/tr\\\/#organization\",\"name\":\"Amsterdam\u2019da yap\u0131lacak \u015feyler\",\"url\":\"https:\\\/\\\/thingstodoinamsterdam.com\\\/tr\\\/\",\"logo\":{\"@type\":\"ImageObject\",\"inLanguage\":\"tr\",\"@id\":\"https:\\\/\\\/thingstodoinamsterdam.com\\\/tr\\\/#\\\/schema\\\/logo\\\/image\\\/\",\"url\":\"https:\\\/\\\/thingstodoinamsterdam.com\\\/wp-content\\\/uploads\\\/2025\\\/02\\\/ThingsToDoInAmsterdam-Favicon-logo.png\",\"contentUrl\":\"https:\\\/\\\/thingstodoinamsterdam.com\\\/wp-content\\\/uploads\\\/2025\\\/02\\\/ThingsToDoInAmsterdam-Favicon-logo.png\",\"width\":512,\"height\":512,\"caption\":\"Amsterdam\u2019da yap\u0131lacak \u015feyler\"},\"image\":{\"@id\":\"https:\\\/\\\/thingstodoinamsterdam.com\\\/tr\\\/#\\\/schema\\\/logo\\\/image\\\/\"},\"sameAs\":[\"https:\\\/\\\/www.facebook.com\\\/thingstodoinamsterdamcom\"]}]}<\/script>\n<!-- \/ Yoast SEO plugin. -->","yoast_head_json":{"title":"Reklam Ver - ThingstodoinAmsterdam.com","description":"Bizimle i\u015f birli\u011fi yap. Amsterdam'\u0131 ziyaret eden binlerce ki\u015fi aras\u0131nda i\u015fletmeni tan\u0131tmak i\u00e7in bir\u00e7ok se\u00e7ene\u011fimiz var.","robots":{"index":"index","follow":"follow","max-snippet":"max-snippet:-1","max-image-preview":"max-image-preview:large","max-video-preview":"max-video-preview:-1"},"canonical":"https:\/\/thingstodoinamsterdam.com\/tr\/reklam-ver\/","og_locale":"tr_TR","og_type":"article","og_title":"Reklam Ver - ThingstodoinAmsterdam.com","og_description":"Bizimle i\u015f birli\u011fi yap. Amsterdam'\u0131 ziyaret eden binlerce ki\u015fi aras\u0131nda i\u015fletmeni tan\u0131tmak i\u00e7in bir\u00e7ok se\u00e7ene\u011fimiz var.","og_url":"https:\/\/thingstodoinamsterdam.com\/tr\/reklam-ver\/","og_site_name":"ThingstodoinAmsterdam.com","article_publisher":"https:\/\/www.facebook.com\/thingstodoinamsterdamcom","article_modified_time":"2026-03-28T11:22:06+00:00","og_image":[{"width":512,"height":512,"url":"https:\/\/thingstodoinamsterdam.com\/wp-content\/uploads\/2023\/08\/cropped-ThingsToDo_favicon.png","type":"image\/png"}],"twitter_card":"summary_large_image","twitter_misc":{"Tahmini okuma s\u00fcresi":"3 dakika"},"schema":{"@context":"https:\/\/schema.org","@graph":[{"@type":"WebPage","@id":"https:\/\/thingstodoinamsterdam.com\/tr\/reklam-ver\/","url":"https:\/\/thingstodoinamsterdam.com\/tr\/reklam-ver\/","name":"Reklam Ver - ThingstodoinAmsterdam.com","isPartOf":{"@id":"https:\/\/thingstodoinamsterdam.com\/tr\/#website"},"primaryImageOfPage":{"@id":"https:\/\/thingstodoinamsterdam.com\/tr\/reklam-ver\/#primaryimage"},"image":{"@id":"https:\/\/thingstodoinamsterdam.com\/tr\/reklam-ver\/#primaryimage"},"thumbnailUrl":"https:\/\/thingstodoinamsterdam.com\/wp-content\/uploads\/2023\/08\/cropped-ThingsToDo_favicon.png","datePublished":"2026-03-28T11:22:01+00:00","dateModified":"2026-03-28T11:22:06+00:00","description":"Bizimle i\u015f birli\u011fi yap. Amsterdam'\u0131 ziyaret eden binlerce ki\u015fi aras\u0131nda i\u015fletmeni tan\u0131tmak i\u00e7in bir\u00e7ok se\u00e7ene\u011fimiz var.","breadcrumb":{"@id":"https:\/\/thingstodoinamsterdam.com\/tr\/reklam-ver\/#breadcrumb"},"inLanguage":"tr","potentialAction":[{"@type":"ReadAction","target":["https:\/\/thingstodoinamsterdam.com\/tr\/reklam-ver\/"]}]},{"@type":"ImageObject","inLanguage":"tr","@id":"https:\/\/thingstodoinamsterdam.com\/tr\/reklam-ver\/#primaryimage","url":"https:\/\/thingstodoinamsterdam.com\/wp-content\/uploads\/2023\/08\/cropped-ThingsToDo_favicon.png","contentUrl":"https:\/\/thingstodoinamsterdam.com\/wp-content\/uploads\/2023\/08\/cropped-ThingsToDo_favicon.png","width":512,"height":512},{"@type":"BreadcrumbList","@id":"https:\/\/thingstodoinamsterdam.com\/tr\/reklam-ver\/#breadcrumb","itemListElement":[{"@type":"ListItem","position":1,"name":"Amsterdam\u2019da yap\u0131lacak \u015feyler","item":"https:\/\/thingstodoinamsterdam.com\/tr\/"},{"@type":"ListItem","position":2,"name":"Reklam Ver"}]},{"@type":"WebSite","@id":"https:\/\/thingstodoinamsterdam.com\/tr\/#website","url":"https:\/\/thingstodoinamsterdam.com\/tr\/","name":"ThingstodoinAmsterdam.com","description":"Amsterdam&#039;s highlights and hidden secrets","publisher":{"@id":"https:\/\/thingstodoinamsterdam.com\/tr\/#organization"},"potentialAction":[{"@type":"SearchAction","target":{"@type":"EntryPoint","urlTemplate":"https:\/\/thingstodoinamsterdam.com\/tr\/?s={search_term_string}"},"query-input":{"@type":"PropertyValueSpecification","valueRequired":true,"valueName":"search_term_string"}}],"inLanguage":"tr"},{"@type":"Organization","@id":"https:\/\/thingstodoinamsterdam.com\/tr\/#organization","name":"Amsterdam\u2019da yap\u0131lacak \u015feyler","url":"https:\/\/thingstodoinamsterdam.com\/tr\/","logo":{"@type":"ImageObject","inLanguage":"tr","@id":"https:\/\/thingstodoinamsterdam.com\/tr\/#\/schema\/logo\/image\/","url":"https:\/\/thingstodoinamsterdam.com\/wp-content\/uploads\/2025\/02\/ThingsToDoInAmsterdam-Favicon-logo.png","contentUrl":"https:\/\/thingstodoinamsterdam.com\/wp-content\/uploads\/2025\/02\/ThingsToDoInAmsterdam-Favicon-logo.png","width":512,"height":512,"caption":"Amsterdam\u2019da yap\u0131lacak \u015feyler"},"image":{"@id":"https:\/\/thingstodoinamsterdam.com\/tr\/#\/schema\/logo\/image\/"},"sameAs":["https:\/\/www.facebook.com\/thingstodoinamsterdamcom"]}]}},"_links":{"self":[{"href":"https:\/\/thingstodoinamsterdam.com\/tr\/wp-json\/wp\/v2\/pages\/2538436","targetHints":{"allow":["GET"]}}],"collection":[{"href":"https:\/\/thingstodoinamsterdam.com\/tr\/wp-json\/wp\/v2\/pages"}],"about":[{"href":"https:\/\/thingstodoinamsterdam.com\/tr\/wp-json\/wp\/v2\/types\/page"}],"author":[{"embeddable":true,"href":"https:\/\/thingstodoinamsterdam.com\/tr\/wp-json\/wp\/v2\/users\/33"}],"replies":[{"embeddable":true,"href":"https:\/\/thingstodoinamsterdam.com\/tr\/wp-json\/wp\/v2\/comments?post=2538436"}],"version-history":[{"count":5,"href":"https:\/\/thingstodoinamsterdam.com\/tr\/wp-json\/wp\/v2\/pages\/2538436\/revisions"}],"predecessor-version":[{"id":2538444,"href":"https:\/\/thingstodoinamsterdam.com\/tr\/wp-json\/wp\/v2\/pages\/2538436\/revisions\/2538444"}],"wp:featuredmedia":[{"embeddable":true,"href":"https:\/\/thingstodoinamsterdam.com\/tr\/wp-json\/wp\/v2\/media\/2538437"}],"wp:attachment":[{"href":"https:\/\/thingstodoinamsterdam.com\/tr\/wp-json\/wp\/v2\/media?parent=2538436"}],"curies":[{"name":"wp","href":"https:\/\/api.w.org\/{rel}","templated":true}]}}